{"id":34584,"date":"2022-04-07T07:57:48","date_gmt":"2022-04-07T07:57:48","guid":{"rendered":"https:\/\/partners.sngular.com\/atlassian\/?page_id=34584"},"modified":"2026-04-24T08:34:40","modified_gmt":"2026-04-24T06:34:40","slug":"eventos","status":"publish","type":"page","link":"https:\/\/partners.sngular.com\/atlassian\/eventos\/","title":{"rendered":"Eventos"},"content":{"rendered":"<div class=\"wpb-content-wrapper\"><section data-vc-full-width=\"true\" data-vc-full-width-init=\"false\" data-vc-stretch-content=\"true\" class=\"vc_row wpb_row vc_row-fluid brand22 hero22 heroslider cerrando em22 darkbg  pofo-stretch-content vc_row-no-padding\"><div class=\"wpb_column vc_column_container vc_col-sm-12  col-xs-mobile-fullwidth\"><div class=\"vc_column-inner \"><div class=\"wpb_wrapper\"><div class=\"vc_row wpb_row vc_inner vc_row-fluid slide  vc_row-o-equal-height vc_row-o-content-middle vc_row-flex\"><div class=\"wpb_column vc_column_container ptb22-sm vc_col-sm-6  col-xs-mobile-fullwidth\"><div class=\"vc_column-inner \"><div class=\"wpb_wrapper\"><div class=\"pb22-xs last-paragraph-no-margin\"><h1>Eventos<\/h1>\n<\/div><div class=\"pb22-xs last-paragraph-no-margin\"><p>Descubre los eventos que hemos preparado para compartir las \u00faltimas novedades de Atlassian<\/p>\n<\/div><\/div><\/div><\/div><div class=\"wpb_column vc_column_container vc_col-sm-6  col-xs-mobile-fullwidth\"><div class=\"vc_column-inner \"><div class=\"wpb_wrapper\">[vc_single_image image=&#8221;52883&#8243; img_size=&#8221;full&#8221; css=&#8221;&#8221;]<\/div><\/div><\/div><\/div>[vc_raw_html css=&#8221;&#8221;]JTVCc25nJTIwaGVybyU1RA==[\/vc_raw_html]<\/div><\/div><\/div><\/section><div class=\"vc_row-full-width vc_clearfix\"><\/div><section class=\"vc_row wpb_row vc_row-fluid brand22\"><div class=\"wpb_column vc_column_container vc_col-sm-12  col-xs-mobile-fullwidth\"><div class=\"vc_column-inner \"><div class=\"wpb_wrapper\">[vc_raw_html]JTVCdG5mX3NlcGFyYWRvciU1RA==[\/vc_raw_html][vc_empty_space height=&#8221;64px&#8221;]<\/div><\/div><\/div><\/section><section class=\"vc_row wpb_row vc_row-fluid brand22 pb22 titulo22\"><div class=\"wpb_column vc_column_container vc_col-sm-12  col-xs-mobile-fullwidth\"><div class=\"vc_column-inner \"><div class=\"wpb_wrapper\"><div class=\"last-paragraph-no-margin\"><h2 style=\"text-align: center;\">Los pr\u00f3ximos eventos <em>sngulares<br \/>\n<\/em>de Atlassian<\/h2>\n<\/div><\/div><\/div><\/div><\/section><section data-vc-full-width=\"true\" data-vc-full-width-init=\"false\" class=\"vc_row wpb_row vc_row-fluid brand22 pb22-sm  pofo-stretch-content pofo-stretch-row-container\"><div class=\"wpb_column vc_column_container vc_col-sm-12 vc_col-sm-offset-0 col-xs-mobile-fullwidth\"><div class=\"vc_column-inner \"><div class=\"wpb_wrapper\"><div class=\"vc_row wpb_row vc_inner vc_row-fluid  vc_custom_1770215755218 vc_row-has-fill vc_column-gap-30 vc_row-o-equal-height vc_row-o-content-middle vc_row-flex\"><div class=\"wpb_column vc_column_container vc_col-has-fill vc_col-sm-6  col-xs-mobile-fullwidth\"><div class=\"vc_column-inner bg-position-center-center vc_custom_1777012466199\"><div class=\"wpb_wrapper\"><\/div><\/div><\/div><div class=\"wpb_column vc_column_container ptb22-sm vc_col-sm-6  col-xs-mobile-fullwidth\"><div class=\"vc_column-inner \"><div class=\"wpb_wrapper\"><div class=\"brand22 last-paragraph-no-margin\"><p><strong><em>Evento h\u00edbrido &#8211; Madrid | Jueves 21 de mayo<\/em><\/strong><\/p>\n<\/div><div class=\"brand22 pb22-xxs last-paragraph-no-margin\"><h4>RECAP | Atlassian Team &#8217;26<strong><em><br \/>\n<\/em><\/strong><\/h4>\n<\/div><div class=\"brand22 last-paragraph-no-margin\"><div id=\"lp-pom-text-3410\" class=\"lp-element lp-pom-text nlh\">\n<div id=\"lp-pom-text-3076\" class=\"lp-element lp-pom-text nlh\">\n<p>Te traemos lo mejor del Atlassian Team &#8217;26, sin salir de tu ciudad. Ent\u00e9rate de todas las novedades en el recap de referencia en Espa\u00f1a, donde condensamos los principales lanzamientos, aprendizajes y tendencias de Atlassian Team \u201926 en una experiencia cercana, pr\u00e1ctica y directamente aplicable.<\/p>\n<\/div>\n<p>&nbsp;<\/p>\n<\/div>\n<\/div><a  href=\"https:\/\/events.atlassian.com\/team?code=T26sponsored20&#038;utm_medium=event-partner-referral&#038;utm_source=partner_name&#038;event_context=701qb00000pbqkqyar&#038;utm_campaign=K:event%7CH:any%7CN:team_26%7CP:agnostic%7CO:event-marketing%7CF:pre-event%7CC:event-home&#038;utm_content=0010O00001lLEJyQAO&#038;event_id=288640\" target=\"_blank\" class=\"btn btn22 followinternalutm pt22-lg pofo-button-1 button-style1  btn-dark-gray  btn-small \" >M\u00e1s info<\/a><\/div><\/div><\/div><\/div><\/div><\/div><\/div><\/section><div class=\"vc_row-full-width vc_clearfix\"><\/div><section data-vc-full-width=\"true\" data-vc-full-width-init=\"false\" class=\"vc_row wpb_row vc_row-fluid brand22 pb22-sm  pofo-stretch-content pofo-stretch-row-container\"><div class=\"wpb_column vc_column_container vc_col-sm-12 vc_col-sm-offset-0 col-xs-mobile-fullwidth\"><div class=\"vc_column-inner \"><div class=\"wpb_wrapper\"><div class=\"vc_row wpb_row vc_inner vc_row-fluid  vc_custom_1770215755218 vc_row-has-fill vc_column-gap-30 vc_row-o-equal-height vc_row-o-content-middle vc_row-flex\"><div class=\"wpb_column vc_column_container vc_col-has-fill vc_col-sm-6  col-xs-mobile-fullwidth\"><div class=\"vc_column-inner bg-position-center-center vc_custom_1770217622024\"><div class=\"wpb_wrapper\"><\/div><\/div><\/div><div class=\"wpb_column vc_column_container ptb22-sm vc_col-sm-6  col-xs-mobile-fullwidth\"><div class=\"vc_column-inner \"><div class=\"wpb_wrapper\"><div class=\"brand22 last-paragraph-no-margin\"><p><strong><em>Evento presencial, Anaheim | 5 a 7 de mayo<\/em><\/strong><\/p>\n<\/div><div class=\"brand22 pb22-xxs last-paragraph-no-margin\"><h4>Atlassian Team &#8217;26<strong><em><br \/>\n<\/em><\/strong><\/h4>\n<\/div><div class=\"brand22 last-paragraph-no-margin\"><div id=\"lp-pom-text-3410\" class=\"lp-element lp-pom-text nlh\">\n<div id=\"lp-pom-text-3076\" class=\"lp-element lp-pom-text nlh\">\n<p>Un a\u00f1o m\u00e1s, en Sngular cruzamos el charco para asistir a la cita anual m\u00e1s importante del ecosistema: Atlassian Team &#8217;26.<\/p>\n<p>Este a\u00f1o, la conferencia girar\u00e1 alrededor del concepto &#8220;Human-AI collaboration at scale&#8221;.<\/p>\n<\/div>\n<div id=\"lp-pom-text-3081\" class=\"lp-element lp-pom-text nlh\">\u00a1Reg\u00edstrate ahora y disfruta nuestro descuento exclusivo del 20%!<\/div>\n<p>&nbsp;<\/p>\n<\/div>\n<\/div><a  href=\"https:\/\/events.atlassian.com\/team?code=T26sponsored20&#038;utm_medium=event-partner-referral&#038;utm_source=partner_name&#038;event_context=701qb00000pbqkqyar&#038;utm_campaign=K:event%7CH:any%7CN:team_26%7CP:agnostic%7CO:event-marketing%7CF:pre-event%7CC:event-home&#038;utm_content=0010O00001lLEJyQAO&#038;event_id=288640\" target=\"_blank\" class=\"btn btn22 followinternalutm pt22-lg pofo-button-2 button-style1  btn-dark-gray  btn-small \" >M\u00e1s info<\/a><\/div><\/div><\/div><\/div><\/div><\/div><\/div><\/section><div class=\"vc_row-full-width vc_clearfix\"><\/div><section data-vc-full-width=\"true\" data-vc-full-width-init=\"false\" class=\"vc_row wpb_row vc_row-fluid brand22 pb22-sm  pofo-stretch-content pofo-stretch-row-container\"><div class=\"wpb_column vc_column_container vc_col-sm-12 vc_col-sm-offset-0 col-xs-mobile-fullwidth\"><div class=\"vc_column-inner \"><div class=\"wpb_wrapper\"><div class=\"vc_row wpb_row vc_inner vc_row-fluid  vc_custom_1770215755218 vc_row-has-fill vc_column-gap-30 vc_row-o-equal-height vc_row-o-content-middle vc_row-flex\"><div class=\"wpb_column vc_column_container vc_col-has-fill vc_col-sm-6  col-xs-mobile-fullwidth\"><div class=\"vc_column-inner bg-position-center-center vc_custom_1770216605157\"><div class=\"wpb_wrapper\"><\/div><\/div><\/div><div class=\"wpb_column vc_column_container ptb22-sm vc_col-sm-6  col-xs-mobile-fullwidth\"><div class=\"vc_column-inner \"><div class=\"wpb_wrapper\"><div class=\"brand22 last-paragraph-no-margin\"><p><strong><em>Evento presencial, Madrid | Martes, 17 de marzo<\/em><\/strong><\/p>\n<\/div><div class=\"brand22 pb22-xxs last-paragraph-no-margin\"><h4>Atlassian ITSM Day: Next Generation Service Management<strong><em><br \/>\n<\/em><\/strong><\/h4>\n<\/div><div class=\"brand22 last-paragraph-no-margin\"><div id=\"lp-pom-text-3410\" class=\"lp-element lp-pom-text nlh\">\n<div id=\"lp-pom-text-3076\" class=\"lp-element lp-pom-text nlh\">\n<p>Nos adentramos en el ecosistema de Atlassian y sus \u00faltimas novedades para aplicar ITSM y ESM m\u00e1s all\u00e1 de IT, incorporando IA aplicada a servicios y llevando el Service Management a todos los equipos, en un evento m\u00e1s pr\u00e1ctico que nunca.<\/p>\n<\/div>\n<div id=\"lp-pom-text-3081\" class=\"lp-element lp-pom-text nlh\"><\/div>\n<p>&nbsp;<\/p>\n<\/div>\n<\/div><a  href=\"https:\/\/youtu.be\/GNNEh1MzOX0?si=FPXPSuvYMXp43C57\" target=\"_blank\" class=\"btn btn22 followinternalutm pt22-lg pofo-button-3 button-style1  btn-dark-gray  btn-small \" >Ver la grabaci\u00f3n del evento<\/a><\/div><\/div><\/div><\/div><\/div><\/div><\/div><\/section><div class=\"vc_row-full-width vc_clearfix\"><\/div><section data-vc-full-width=\"true\" data-vc-full-width-init=\"false\" class=\"vc_row wpb_row vc_row-fluid brand22 pb22-sm  pofo-stretch-content pofo-stretch-row-container\"><div class=\"wpb_column vc_column_container vc_col-sm-12 vc_col-sm-offset-0 col-xs-mobile-fullwidth\"><div class=\"vc_column-inner \"><div class=\"wpb_wrapper\"><div class=\"vc_row wpb_row vc_inner vc_row-fluid  vc_custom_1770215755218 vc_row-has-fill vc_column-gap-30 vc_row-o-equal-height vc_row-o-content-middle vc_row-flex\"><div class=\"wpb_column vc_column_container vc_col-has-fill vc_col-sm-6  col-xs-mobile-fullwidth\"><div class=\"vc_column-inner bg-position-center-center vc_custom_1770285679013\"><div class=\"wpb_wrapper\"><\/div><\/div><\/div><div class=\"wpb_column vc_column_container ptb22-sm vc_col-sm-6  col-xs-mobile-fullwidth\"><div class=\"vc_column-inner \"><div class=\"wpb_wrapper\"><div class=\"brand22 last-paragraph-no-margin\"><p><strong><em>Evento online | Mi\u00e9rcoles, 25 de febrero<\/em><\/strong><\/p>\n<\/div><div class=\"brand22 pb22-xxs last-paragraph-no-margin\"><h4>Customer Service Management: unifica la atenci\u00f3n al cliente con IA<strong><em><br \/>\n<\/em><\/strong><\/h4>\n<\/div><div class=\"brand22 last-paragraph-no-margin\"><div id=\"lp-pom-text-3410\" class=\"lp-element lp-pom-text nlh\">\n<p>Descubre Customer Service Management: c\u00f3mo la IA de Atlassian ayuda a tus equipos elevar la experiencia del cliente desde el primer contacto, ofreciendo un servicio m\u00e1s inteligente y mejorar con cada interacci\u00f3n.<\/p>\n<p>&nbsp;<\/p>\n<\/div>\n<\/div><a  href=\"https:\/\/business.sngular.com\/atlassian-customer-service-management\/?utm_source=sngular&#038;utm_medium=web-subdomain&#038;utm_campaign=webinar-csm\" target=\"_blank\" class=\"btn btn22 followinternalutm pt22-lg pofo-button-4 button-style1  btn-dark-gray  btn-small \" >Ver la grabaci\u00f3n del evento<\/a><\/div><\/div><\/div><\/div><\/div><\/div><\/div><\/section><div class=\"vc_row-full-width vc_clearfix\"><\/div>\n<\/div>","protected":false},"excerpt":{"rendered":"Eventos Descubre los eventos que hemos preparado para compartir las \u00faltimas novedades de Atlassian [vc_single_image image=\"52883\" img_size=\"full\" css=\"\"][vc_raw_html css=\"\"]JTVCc25nJTIwaGVybyU1RA==[\/vc_raw_html][vc_raw_html]JTVCdG5mX3NlcGFyYWRvciU1RA==[\/vc_raw_html][vc_empty_space height=\"64px\"]Los pr\u00f3ximos eventos sngulares de Atlassian Evento h\u00edbrido - Madrid | Jueves 21 de mayo RECAP | Atlassian Team '26 Te traemos lo mejor del Atlassian Team '26, sin salir de tu ciudad. Ent\u00e9rate de todas las novedades en el recap de referencia en Espa\u00f1a, donde condensamos los principales lanzamientos, aprendizajes y tendencias de Atlassian Team \u201926 en una experiencia cercana, pr\u00e1ctica y directamente aplicable. &nbsp; M\u00e1s infoEvento presencial, Anaheim | 5 a 7 de mayo Atlassian Team '26 Un a\u00f1o m\u00e1s, en Sngular cruzamos el charco para asistir a la cita anual m\u00e1s importante del ecosistema: Atlassian Team '26. Este a\u00f1o, la conferencia girar\u00e1 alrededor del concepto \"Human-AI collaboration at scale\". \u00a1Reg\u00edstrate ahora y disfruta nuestro descuento exclusivo del 20%! &nbsp; M\u00e1s infoEvento presencial, Madrid | Martes, 17 de marzo Atlassian ITSM Day: Next Generation Service Management Nos adentramos en el ecosistema de Atlassian y sus \u00faltimas novedades para aplicar ITSM y ESM m\u00e1s all\u00e1 de IT, incorporando IA aplicada a servicios y llevando el Service Management a todos los equipos, en un evento m\u00e1s pr\u00e1ctico que nunca. &nbsp; Ver...","protected":false},"author":3,"featured_media":52904,"parent":0,"menu_order":0,"comment_status":"closed","ping_status":"closed","template":"","meta":{"inline_featured_image":false,"footnotes":""},"class_list":["post-34584","page","type-page","status-publish","has-post-thumbnail","hentry"],"yoast_head":"<!-- This site is optimized with the Yoast SEO plugin v26.9 - https:\/\/yoast.com\/product\/yoast-seo-wordpress\/ -->\n<title>Eventos - Atlassian Sngular<\/title>\n<meta name=\"description\" content=\"Consulta la lista completa de pr\u00f3ximos eventos y webinars que organizaremos o en los que estaremos presentes. \u00bfNos vemos?\" \/>\n<meta name=\"robots\" content=\"index, follow, max-snippet:-1, max-image-preview:large, max-video-preview:-1\" \/>\n<link rel=\"canonical\" href=\"https:\/\/partners.sngular.com\/atlassian\/eventos\/\" \/>\n<meta property=\"og:locale\" content=\"es_ES\" \/>\n<meta property=\"og:type\" content=\"article\" \/>\n<meta property=\"og:title\" content=\"Eventos - Atlassian Sngular\" \/>\n<meta property=\"og:description\" content=\"Consulta la lista completa de pr\u00f3ximos eventos y webinars que organizaremos o en los que estaremos presentes. \u00bfNos vemos?\" \/>\n<meta property=\"og:url\" content=\"https:\/\/partners.sngular.com\/atlassian\/eventos\/\" \/>\n<meta property=\"og:site_name\" content=\"Atlassian Sngular\" \/>\n<meta property=\"article:modified_time\" content=\"2026-04-24T06:34:40+00:00\" \/>\n<meta property=\"og:image\" content=\"https:\/\/partners.sngular.com\/atlassian\/wp-content\/uploads\/2026\/02\/imagen-destacada-eventos.webp\" \/>\n\t<meta property=\"og:image:width\" content=\"1920\" \/>\n\t<meta property=\"og:image:height\" content=\"1067\" \/>\n\t<meta property=\"og:image:type\" content=\"image\/webp\" \/>\n<meta name=\"twitter:card\" content=\"summary_large_image\" \/>\n<script type=\"application\/ld+json\" class=\"yoast-schema-graph\">{\"@context\":\"https:\/\/schema.org\",\"@graph\":[{\"@type\":\"WebPage\",\"@id\":\"https:\/\/partners.sngular.com\/atlassian\/eventos\/\",\"url\":\"https:\/\/partners.sngular.com\/atlassian\/eventos\/\",\"name\":\"Eventos - Atlassian Sngular\",\"isPartOf\":{\"@id\":\"https:\/\/partners.sngular.com\/atlassian\/#website\"},\"primaryImageOfPage\":{\"@id\":\"https:\/\/partners.sngular.com\/atlassian\/eventos\/#primaryimage\"},\"image\":{\"@id\":\"https:\/\/partners.sngular.com\/atlassian\/eventos\/#primaryimage\"},\"thumbnailUrl\":\"https:\/\/partners.sngular.com\/atlassian\/wp-content\/uploads\/2026\/02\/imagen-destacada-eventos.webp\",\"datePublished\":\"2022-04-07T07:57:48+00:00\",\"dateModified\":\"2026-04-24T06:34:40+00:00\",\"description\":\"Consulta la lista completa de pr\u00f3ximos eventos y webinars que organizaremos o en los que estaremos presentes. \u00bfNos vemos?\",\"breadcrumb\":{\"@id\":\"https:\/\/partners.sngular.com\/atlassian\/eventos\/#breadcrumb\"},\"inLanguage\":\"es-ES\",\"potentialAction\":[{\"@type\":\"ReadAction\",\"target\":[\"https:\/\/partners.sngular.com\/atlassian\/eventos\/\"]}]},{\"@type\":\"ImageObject\",\"inLanguage\":\"es-ES\",\"@id\":\"https:\/\/partners.sngular.com\/atlassian\/eventos\/#primaryimage\",\"url\":\"https:\/\/partners.sngular.com\/atlassian\/wp-content\/uploads\/2026\/02\/imagen-destacada-eventos.webp\",\"contentUrl\":\"https:\/\/partners.sngular.com\/atlassian\/wp-content\/uploads\/2026\/02\/imagen-destacada-eventos.webp\",\"width\":1920,\"height\":1067},{\"@type\":\"BreadcrumbList\",\"@id\":\"https:\/\/partners.sngular.com\/atlassian\/eventos\/#breadcrumb\",\"itemListElement\":[{\"@type\":\"ListItem\",\"position\":1,\"name\":\"Portada\",\"item\":\"https:\/\/partners.sngular.com\/atlassian\/\"},{\"@type\":\"ListItem\",\"position\":2,\"name\":\"Eventos\"}]},{\"@type\":\"WebSite\",\"@id\":\"https:\/\/partners.sngular.com\/atlassian\/#website\",\"url\":\"https:\/\/partners.sngular.com\/atlassian\/\",\"name\":\"Atlassian Sngular\",\"description\":\"\",\"publisher\":{\"@id\":\"https:\/\/partners.sngular.com\/atlassian\/#organization\"},\"potentialAction\":[{\"@type\":\"SearchAction\",\"target\":{\"@type\":\"EntryPoint\",\"urlTemplate\":\"https:\/\/partners.sngular.com\/atlassian\/?s={search_term_string}\"},\"query-input\":{\"@type\":\"PropertyValueSpecification\",\"valueRequired\":true,\"valueName\":\"search_term_string\"}}],\"inLanguage\":\"es-ES\"},{\"@type\":\"Organization\",\"@id\":\"https:\/\/partners.sngular.com\/atlassian\/#organization\",\"name\":\"TecnoFor\",\"url\":\"https:\/\/partners.sngular.com\/atlassian\/\",\"logo\":{\"@type\":\"ImageObject\",\"inLanguage\":\"es-ES\",\"@id\":\"https:\/\/partners.sngular.com\/atlassian\/#\/schema\/logo\/image\/\",\"url\":\"https:\/\/partners.sngular.com\/atlassian\/wp-content\/uploads\/2022\/03\/Logo-Tecnofor-2022-grande-color-transparente-16-9.png\",\"contentUrl\":\"https:\/\/partners.sngular.com\/atlassian\/wp-content\/uploads\/2022\/03\/Logo-Tecnofor-2022-grande-color-transparente-16-9.png\",\"width\":1123,\"height\":632,\"caption\":\"TecnoFor\"},\"image\":{\"@id\":\"https:\/\/partners.sngular.com\/atlassian\/#\/schema\/logo\/image\/\"}}]}<\/script>\n<!-- \/ Yoast SEO plugin. -->","yoast_head_json":{"title":"Eventos - Atlassian Sngular","description":"Consulta la lista completa de pr\u00f3ximos eventos y webinars que organizaremos o en los que estaremos presentes. \u00bfNos vemos?","robots":{"index":"index","follow":"follow","max-snippet":"max-snippet:-1","max-image-preview":"max-image-preview:large","max-video-preview":"max-video-preview:-1"},"canonical":"https:\/\/partners.sngular.com\/atlassian\/eventos\/","og_locale":"es_ES","og_type":"article","og_title":"Eventos - Atlassian Sngular","og_description":"Consulta la lista completa de pr\u00f3ximos eventos y webinars que organizaremos o en los que estaremos presentes. \u00bfNos vemos?","og_url":"https:\/\/partners.sngular.com\/atlassian\/eventos\/","og_site_name":"Atlassian Sngular","article_modified_time":"2026-04-24T06:34:40+00:00","og_image":[{"width":1920,"height":1067,"url":"https:\/\/partners.sngular.com\/atlassian\/wp-content\/uploads\/2026\/02\/imagen-destacada-eventos.webp","type":"image\/webp"}],"twitter_card":"summary_large_image","schema":{"@context":"https:\/\/schema.org","@graph":[{"@type":"WebPage","@id":"https:\/\/partners.sngular.com\/atlassian\/eventos\/","url":"https:\/\/partners.sngular.com\/atlassian\/eventos\/","name":"Eventos - Atlassian Sngular","isPartOf":{"@id":"https:\/\/partners.sngular.com\/atlassian\/#website"},"primaryImageOfPage":{"@id":"https:\/\/partners.sngular.com\/atlassian\/eventos\/#primaryimage"},"image":{"@id":"https:\/\/partners.sngular.com\/atlassian\/eventos\/#primaryimage"},"thumbnailUrl":"https:\/\/partners.sngular.com\/atlassian\/wp-content\/uploads\/2026\/02\/imagen-destacada-eventos.webp","datePublished":"2022-04-07T07:57:48+00:00","dateModified":"2026-04-24T06:34:40+00:00","description":"Consulta la lista completa de pr\u00f3ximos eventos y webinars que organizaremos o en los que estaremos presentes. \u00bfNos vemos?","breadcrumb":{"@id":"https:\/\/partners.sngular.com\/atlassian\/eventos\/#breadcrumb"},"inLanguage":"es-ES","potentialAction":[{"@type":"ReadAction","target":["https:\/\/partners.sngular.com\/atlassian\/eventos\/"]}]},{"@type":"ImageObject","inLanguage":"es-ES","@id":"https:\/\/partners.sngular.com\/atlassian\/eventos\/#primaryimage","url":"https:\/\/partners.sngular.com\/atlassian\/wp-content\/uploads\/2026\/02\/imagen-destacada-eventos.webp","contentUrl":"https:\/\/partners.sngular.com\/atlassian\/wp-content\/uploads\/2026\/02\/imagen-destacada-eventos.webp","width":1920,"height":1067},{"@type":"BreadcrumbList","@id":"https:\/\/partners.sngular.com\/atlassian\/eventos\/#breadcrumb","itemListElement":[{"@type":"ListItem","position":1,"name":"Portada","item":"https:\/\/partners.sngular.com\/atlassian\/"},{"@type":"ListItem","position":2,"name":"Eventos"}]},{"@type":"WebSite","@id":"https:\/\/partners.sngular.com\/atlassian\/#website","url":"https:\/\/partners.sngular.com\/atlassian\/","name":"Atlassian Sngular","description":"","publisher":{"@id":"https:\/\/partners.sngular.com\/atlassian\/#organization"},"potentialAction":[{"@type":"SearchAction","target":{"@type":"EntryPoint","urlTemplate":"https:\/\/partners.sngular.com\/atlassian\/?s={search_term_string}"},"query-input":{"@type":"PropertyValueSpecification","valueRequired":true,"valueName":"search_term_string"}}],"inLanguage":"es-ES"},{"@type":"Organization","@id":"https:\/\/partners.sngular.com\/atlassian\/#organization","name":"TecnoFor","url":"https:\/\/partners.sngular.com\/atlassian\/","logo":{"@type":"ImageObject","inLanguage":"es-ES","@id":"https:\/\/partners.sngular.com\/atlassian\/#\/schema\/logo\/image\/","url":"https:\/\/partners.sngular.com\/atlassian\/wp-content\/uploads\/2022\/03\/Logo-Tecnofor-2022-grande-color-transparente-16-9.png","contentUrl":"https:\/\/partners.sngular.com\/atlassian\/wp-content\/uploads\/2022\/03\/Logo-Tecnofor-2022-grande-color-transparente-16-9.png","width":1123,"height":632,"caption":"TecnoFor"},"image":{"@id":"https:\/\/partners.sngular.com\/atlassian\/#\/schema\/logo\/image\/"}}]}},"meta_box":[],"_links":{"self":[{"href":"https:\/\/partners.sngular.com\/atlassian\/wp-json\/wp\/v2\/pages\/34584","targetHints":{"allow":["GET"]}}],"collection":[{"href":"https:\/\/partners.sngular.com\/atlassian\/wp-json\/wp\/v2\/pages"}],"about":[{"href":"https:\/\/partners.sngular.com\/atlassian\/wp-json\/wp\/v2\/types\/page"}],"author":[{"embeddable":true,"href":"https:\/\/partners.sngular.com\/atlassian\/wp-json\/wp\/v2\/users\/3"}],"replies":[{"embeddable":true,"href":"https:\/\/partners.sngular.com\/atlassian\/wp-json\/wp\/v2\/comments?post=34584"}],"version-history":[{"count":274,"href":"https:\/\/partners.sngular.com\/atlassian\/wp-json\/wp\/v2\/pages\/34584\/revisions"}],"predecessor-version":[{"id":53312,"href":"https:\/\/partners.sngular.com\/atlassian\/wp-json\/wp\/v2\/pages\/34584\/revisions\/53312"}],"wp:featuredmedia":[{"embeddable":true,"href":"https:\/\/partners.sngular.com\/atlassian\/wp-json\/wp\/v2\/media\/52904"}],"wp:attachment":[{"href":"https:\/\/partners.sngular.com\/atlassian\/wp-json\/wp\/v2\/media?parent=34584"}],"curies":[{"name":"wp","href":"https:\/\/api.w.org\/{rel}","templated":true}]}}