{"id":34667,"date":"2022-04-08T12:27:26","date_gmt":"2022-04-08T12:27:26","guid":{"rendered":"https:\/\/partners.sngular.com\/atlassian\/?page_id=34667"},"modified":"2026-02-10T12:33:06","modified_gmt":"2026-02-10T11:33:06","slug":"caso-de-exito-masmovil","status":"publish","type":"page","link":"https:\/\/partners.sngular.com\/atlassian\/caso-de-exito-masmovil\/","title":{"rendered":"MASMOVIL redise\u00f1a sus procesos de soporte sobre Jira Data Center"},"content":{"rendered":"<div class=\"wpb-content-wrapper\"><section data-vc-full-width=\"true\" data-vc-full-width-init=\"false\" data-vc-stretch-content=\"true\" class=\"vc_row wpb_row vc_row-fluid brand22 hero22 heroslider cerrando em22 darkbg pb22-lg  pofo-stretch-content vc_row-no-padding\"><div class=\"wpb_column vc_column_container vc_col-sm-12  col-xs-mobile-fullwidth\"><div class=\"vc_column-inner \"><div class=\"wpb_wrapper\"><div class=\"vc_row wpb_row vc_inner vc_row-fluid slide  vc_row-o-equal-height vc_row-o-content-middle vc_row-flex\"><div class=\"wpb_column vc_column_container ptb22-sm vc_col-sm-8  col-xs-mobile-fullwidth\"><div class=\"vc_column-inner \"><div class=\"wpb_wrapper\"><div class=\"pb22-xs last-paragraph-no-margin\"><h1>Caso de \u00e9xito<\/h1>\n<\/div><div class=\"pb22-xs last-paragraph-no-margin\"><p>Grupo MASMOVIL redise\u00f1a sus procesos de soporte a cliente sobre Jira Data Center<\/p>\n<\/div><a  href=\"https:\/\/partners.sngular.com\/atlassian\/contacto\/#origen=caso-exito-masmovil\" target=\"_blank\" class=\"btn pofo-button-1 button-style1  btn-dark-gray\" >Quiero ser el siguiente caso de \u00e9xito<\/a><\/div><\/div><\/div><div class=\"wpb_column vc_column_container vc_col-sm-4  col-xs-mobile-fullwidth\"><div class=\"vc_column-inner \"><div class=\"wpb_wrapper\">[vc_single_image image=\u00bb52931&#8243; img_size=\u00bbfull\u00bb css=\u00bb\u00bb]<\/div><\/div><\/div><\/div>[vc_raw_html css=\u00bb\u00bb]JTVCc25nJTIwaGVybyU1RA==[\/vc_raw_html]<\/div><\/div><\/div><\/section><div class=\"vc_row-full-width vc_clearfix\"><\/div><section class=\"vc_row wpb_row vc_row-fluid brand22 pb22-sm em22 pt22-lg\"><div class=\"wpb_column vc_column_container vc_col-sm-6 vc_col-lg-offset-2 vc_col-lg-4 vc_col-md-offset-1 vc_col-md-5 vc_col-sm-offset-3 vc_col-xs-offset-2 vc_col-xs-8\"><div class=\"vc_column-inner \"><div class=\"wpb_wrapper\">[vc_single_image image=\u00bb34835&#8243; img_size=\u00bbfull\u00bb]<\/div><\/div><\/div><div class=\"wpb_column vc_column_container vc_col-sm-8 vc_col-lg-offset-0 vc_col-lg-4 vc_col-md-offset-0 vc_col-md-5 vc_col-sm-offset-2 vc_col-xs-offset-1 vc_col-xs-10\"><div class=\"vc_column-inner \"><div class=\"wpb_wrapper\"><div class=\"last-paragraph-no-margin\"><p>Grupo <strong>MASMOVIL es el operador que lidera el crecimiento de los servicios de telecomunicaciones en Espa\u00f1a<\/strong> durante los \u00faltimos a\u00f1os. Su velocidad de crecimiento, su alta vocaci\u00f3n de ingenier\u00eda y eficiencia, y su caracter\u00edstico servicio al cliente son un reto en s\u00ed mismo.<\/p>\n<p><strong>MASMOVIL<\/strong> es un grupo formado por la adquisici\u00f3n e integraci\u00f3n en menos de 10 a\u00f1os de marcas como Pepephone, Yoigo, Lebara, LLamaya, Lyca o Euskaltel, empresas que en muchos casos ya contaban con un Jira y al que se un\u00eda la propia plataforma de MASMOVIL, que es cliente de Atlassian desde hace muchos a\u00f1os.<\/p>\n<\/div><\/div><\/div><\/div><div class=\"wpb_column vc_column_container pt22-sm vc_col-sm-8 vc_col-sm-offset-2 vc_col-xs-offset-1 vc_col-xs-10\"><div class=\"vc_column-inner \"><div class=\"wpb_wrapper\"><div class=\"last-paragraph-no-margin\"><p>Obviamente, un sistema dise\u00f1ado para dar soporte a las operaciones de una compa\u00f1\u00eda con menos de un mill\u00f3n de clientes, no puede responder a los retos que supone crecer hasta m\u00e1s de 14 millones de clientes. Ante esta situaci\u00f3n, <strong>MASMOVIL<\/strong> recurre a <strong>Sngular<\/strong> (antes TecnoFor) para que le ayude a <em>dise\u00f1ar y desplegar su nuevo Jira<\/em>.<\/p>\n<p>Cuando aterrizamos y conocimos al equipo de <strong>Grupo MASMOVIL<\/strong> en pleno marzo de 2020, supimos que el proyecto ser\u00eda todo un reto: gente muy din\u00e1mica, con gran conocimiento de Jira, que hab\u00eda estado a\u00f1os exprimiendo el rendimiento de las diferentes plataformas que hab\u00edan heredado. Esta gente era capaz de gestionar <em>300.000 tickets mensuales en un Jira Service Desk Server mono-nodo<\/em>. Obviamente estaba al l\u00edmite de su rendimiento, pero era fascinante solo verlo funcionar. Pero eso precisamente nos empuj\u00f3 enseguida hacia la idea de <strong>An\u00edbal Gonz\u00e1lez, <\/strong>responsable de estrategia tecnol\u00f3gica en Sngular (antes TecnoFor), que dio lugar al proyecto:<\/p>\n<\/div><\/div><\/div><\/div><div class=\"wpb_column vc_column_container vc_col-sm-8 vc_col-sm-offset-2 vc_col-xs-offset-1 vc_col-xs-10\"><div class=\"vc_column-inner \"><div class=\"wpb_wrapper\"><div class=\"last-paragraph-no-margin\"><blockquote><p>\n\u201cMASMOVIL no necesitaba ayuda con Jira, sino con la forma de trasladar sus procesos a Jira\u201d.\n<\/p><\/blockquote>\n<\/div><\/div><\/div><\/div><\/section><section data-vc-full-width=\"true\" data-vc-full-width-init=\"false\" class=\"vc_row wpb_row vc_row-fluid brand22 pt22-sm pb22 cta22 em22 vc_custom_1770722436474 wow fadeIn vc_row-has-fill pofo-stretch-content pofo-stretch-row-container\"><div class=\"wpb_column vc_column_container vc_col-sm-8 vc_col-sm-offset-2 vc_col-xs-offset-1 vc_col-xs-10\"><div class=\"vc_column-inner \"><div class=\"wpb_wrapper\"><div class=\"last-paragraph-no-margin\"><h4>Migra a Atlassian Cloud<\/h4>\n<\/div><div class=\"last-paragraph-no-margin\"><p>Transforma tu migraci\u00f3n a Cloud en una oportunidad de \u00e9xito.<\/p>\n<\/div><a  href=\"https:\/\/partners.sngular.com\/atlassian\/migraciones\/\" target=\"_blank\" class=\"btn btn22 followutm pofo-button-2 button-style1  btn-dark-gray  btn-medium \" >Quiero migrar<\/a><\/div><\/div><\/div><\/section><div class=\"vc_row-full-width vc_clearfix\"><\/div><section class=\"vc_row wpb_row vc_row-fluid brand22 pb22-sm em22 pt22-lg\"><div class=\"wpb_column vc_column_container vc_col-sm-8 vc_col-sm-offset-2 vc_col-xs-offset-1 vc_col-xs-10\"><div class=\"vc_column-inner \"><div class=\"wpb_wrapper\"><div class=\"last-paragraph-no-margin\"><blockquote><p>\n\u201cMASMOVIL no necesitaba ayuda con Jira, sino con la forma de trasladar sus procesos a Jira\u201d.\n<\/p><\/blockquote>\n<\/div><\/div><\/div><\/div><div class=\"wpb_column vc_column_container pb22-sm vc_col-sm-8 vc_col-lg-offset-2 vc_col-lg-4 vc_col-md-offset-1 vc_col-md-5 vc_col-sm-offset-2 vc_col-xs-offset-1 vc_col-xs-10\"><div class=\"vc_column-inner \"><div class=\"wpb_wrapper\"><div class=\"last-paragraph-no-margin\"><p>Un error muy com\u00fan en los clientes corporativos es ver Jira como una plataforma \u00fanica. Es habitual escuchar: <em>\u201chemos montado un Jira, y ya que lo tenemos, vamos metiendo en la plataforma todo lo que nos van pidiendo\u201d<\/em>. Sin embargo, las propias caracter\u00edsticas que hacen de Jira una plataforma d\u00factil y r\u00e1pida de personalizar, hacen muy complicado que convivan las diferentes filosof\u00edas con que desarrollamos los sistemas que dan soporte a una empresa: si tu prioridad es la estabilidad del sistema, no aplicas el mismo dise\u00f1o que si lo es la velocidad de respuesta.<\/p>\n<p>Tampoco todos los sistemas tienen los mismos requisitos de compliance, anal\u00edtica de datos, necesidad de evoluci\u00f3n funcional\u2026<\/p>\n<\/div><\/div><\/div><\/div><div class=\"wpb_column vc_column_container pb22-sm vc_col-sm-6 vc_col-lg-offset-0 vc_col-lg-4 vc_col-md-offset-0 vc_col-md-5 vc_col-sm-offset-3 vc_col-xs-offset-2 vc_col-xs-8\"><div class=\"vc_column-inner \"><div class=\"wpb_wrapper\">[vc_single_image image=\u00bb34848&#8243; img_size=\u00bbfull\u00bb]<\/div><\/div><\/div><div class=\"wpb_column vc_column_container vc_col-sm-8 vc_col-sm-offset-2 vc_col-xs-offset-1 vc_col-xs-10\"><div class=\"vc_column-inner \"><div class=\"wpb_wrapper\"><div class=\"last-paragraph-no-margin\"><p>De forma que nuestra primera aportaci\u00f3n fue identificar los dominios funcionales en que se divide <em>Grupo MASMOVIL<\/em> y dise\u00f1ar una plataforma Jira Software Data Center, multientorno y escalable horizontalmente, para cada uno de ellos. Cada uno mantendr\u00eda una arquitectura t\u00e9cnica id\u00e9ntica, para facilitar su gesti\u00f3n desde el \u00e1rea de infraestructura, pero con la suficiente autonom\u00eda para evolucionar funcionalmente de la forma en que lo necesitan sin interferir en el resto.<\/p>\n<p>Obviamente en la cultura de <em>MASMOVIL<\/em> es implanteable reducir la colaboraci\u00f3n de todas las \u00e1reas, por lo que la soluci\u00f3n no pod\u00eda generar silos organizacionales, de manera que todas las instancias de Jira est\u00e1n integradas, con diferentes m\u00e9todos seg\u00fan la necesidad.<\/p>\n<p>Con la arquitectura base planteada, arranc\u00f3 la fase cr\u00edtica para el \u00e9xito de este proyecto. <em>Ravin Dhalani, CIO de MASMOVIL<\/em>, lo defini\u00f3 perfectamente:<\/p>\n<\/div><\/div><\/div><\/div><div class=\"wpb_column vc_column_container vc_col-sm-8 vc_col-sm-offset-2 vc_col-xs-offset-1 vc_col-xs-10\"><div class=\"vc_column-inner \"><div class=\"wpb_wrapper\"><div class=\"last-paragraph-no-margin\"><blockquote><p>\n\u201cArrancamos el proyecto de redise\u00f1o de Jira con una perspectiva t\u00e9cnica, pero descubrimos que este era un proyecto de procesos. Ah\u00ed es donde el equipo de Sngular (antes TecnoFor) nos aport\u00f3 mayor valor\u201d.\n<\/p><\/blockquote>\n<\/div><\/div><\/div><\/div><div class=\"wpb_column vc_column_container vc_col-sm-8 vc_col-sm-offset-2 vc_col-xs-offset-1 vc_col-xs-10\"><div class=\"vc_column-inner \"><div class=\"wpb_wrapper\"><div class=\"last-paragraph-no-margin\"><p>La parte m\u00e1s cr\u00edtica estaba en los procesos relacionados con la atenci\u00f3n al cliente. <em>Grupo MASMOVIL<\/em> siempre ha puesto un gran foco en esta materia, y con el volumen exponencial de clientes la carga se estaba disparando por momentos. Adem\u00e1s, cuando compran una compa\u00f1\u00eda la integran en tiempo r\u00e9cord, y durante el propio proyecto ampliaron su actividad hacia las alarmas, la electricidad o los seguros, por lo que llegamos a encontrarnos con m\u00e1s de 300 procesos diferentes.<\/p>\n<\/div><\/div><\/div><\/div><div class=\"wpb_column vc_column_container pt22-sm pb22-sm vc_col-sm-8 vc_col-sm-offset-2 vc_col-xs-offset-1 vc_col-xs-10\"><div class=\"vc_column-inner \"><div class=\"wpb_wrapper\">[vc_single_image image=\u00bb34866&#8243; img_size=\u00bbfull\u00bb]<\/div><\/div><\/div><div class=\"wpb_column vc_column_container vc_col-sm-8 vc_col-sm-offset-2 vc_col-xs-offset-1 vc_col-xs-10\"><div class=\"vc_column-inner \"><div class=\"wpb_wrapper\"><div class=\"last-paragraph-no-margin\"><p>Tras m\u00e1s de un a\u00f1o de trabajo de nuestro equipo, con una intens\u00edsima colaboraci\u00f3n con decenas de profesionales de Grupo MASMOVIL aquellos 300 se convirtieron en solo 3 procesos, integrando flujos extremo a extremo con los sistemas de los proveedores mayoristas de red.<\/p>\n<p>Hab\u00edamos simplificado hasta donde era posible sin afectar a la operaci\u00f3n, lo que proporcionaba mejoras de rendimiento a nivel tecnol\u00f3gico, pero sobre todo <em>eficiencia y escalabilidad a nivel de negocio<\/em>.<\/p>\n<\/div><\/div><\/div><\/div><div class=\"wpb_column vc_column_container vc_col-sm-8 vc_col-sm-offset-2 vc_col-xs-offset-1 vc_col-xs-10\"><div class=\"vc_column-inner \"><div class=\"wpb_wrapper\"><div class=\"last-paragraph-no-margin\"><blockquote><p>\n\u201cEverything should be made as simple as possible, but not simpler\u201d, <em>seg\u00fan Einstein<\/em>.\n<\/p><\/blockquote>\n<\/div><\/div><\/div><\/div><\/section><section data-vc-full-width=\"true\" data-vc-full-width-init=\"false\" class=\"vc_row wpb_row vc_row-fluid brand22 em22 softbg pt22 pb22 vc_custom_1770722738192 vc_row-has-fill pofo-stretch-content pofo-stretch-row-container\"><div class=\"wpb_column vc_column_container vc_col-sm-8 vc_col-sm-offset-2 vc_col-xs-offset-1 vc_col-xs-10\"><div class=\"vc_column-inner \"><div class=\"wpb_wrapper\"><div class=\"last-paragraph-no-margin\"><p><strong>Tras esto, el proyecto contin\u00faa, resolviendo los m\u00faltiples retos que en una empresa como <em>Grupo MASMOVIL<\/em> nunca dejan de surgir:<\/strong><\/p>\n<ul>\n<li>Integraci\u00f3n del soporte a usuarios internos, portales para Negocio y Tecnolog\u00eda del grupo, con el dise\u00f1o e implantaci\u00f3n de SLAs.<\/li>\n<li>Migraci\u00f3n desde otros Jira al nuevo ecosistema federado de Jira a los equipos de Innovaci\u00f3n y Transformaci\u00f3n, unificando UX y mantenibilidad.<\/li>\n<li>Dise\u00f1o e implementaci\u00f3n de una capa de metadatos que permite a Grupo MASMOVIL ser aut\u00f3nomo en la evoluci\u00f3n, sin afectar a la estabilidad.<\/li>\n<li>Integraci\u00f3n de Jira con el resto de elementos comunes del mapa de aplicaciones: gesti\u00f3n de usuarios, CMDB\u2026<\/li>\n<li>Soporte al dise\u00f1o de la arquitectura de Microservicios que integra Jira con el resto de aplicaciones, adquiriendo la posibilidad de sustituir Jira por otra herramienta en caso necesario.<\/li>\n<li>Dise\u00f1o, despliegue y soporte a infraestructura y servicios comunes, para ofrecer escalabilidad, mantenibilidad y colaboraci\u00f3n entre los diferentes procesos y equipos.<\/li>\n<li>Dise\u00f1o de la integraci\u00f3n de gesti\u00f3n de alertas en Opsgenie en el proceso de soporte.<\/li>\n<\/ul>\n<\/div><\/div><\/div><\/div><\/section><div class=\"vc_row-full-width vc_clearfix\"><\/div><section data-vc-full-width=\"true\" data-vc-full-width-init=\"false\" class=\"vc_row wpb_row vc_row-fluid brand22 pt22-sm pb22 cta22 em22 vc_custom_1770722436474 wow fadeIn vc_row-has-fill pofo-stretch-content pofo-stretch-row-container\"><div class=\"wpb_column vc_column_container vc_col-sm-8 vc_col-sm-offset-2 vc_col-xs-offset-1 vc_col-xs-10\"><div class=\"vc_column-inner \"><div class=\"wpb_wrapper\"><div class=\"last-paragraph-no-margin\"><h4>\u00bfHablamos de tu caso?<\/h4>\n<\/div><div class=\"last-paragraph-no-margin\"><p>Con el anuncio del fin de Data Center, migrar a Cloud ya no es una opci\u00f3n. Conf\u00eda en un Atlassian Platinum Partner experto en Migraciones para dar el paso.<\/p>\n<\/div><a  href=\"https:\/\/partners.sngular.com\/atlassian\/contacto\/#origen=caso-exito-masmovil\" target=\"_blank\" class=\"btn btn22 followutm pofo-button-3 button-style1  btn-dark-gray  btn-medium \" >\u00a1Escr\u00edbenos!<\/a><\/div><\/div><\/div><\/section><div class=\"vc_row-full-width vc_clearfix\"><\/div>\n<\/div>","protected":false},"excerpt":{"rendered":"Caso de \u00e9xito Grupo MASMOVIL redise\u00f1a sus procesos de soporte a cliente sobre Jira Data Center Quiero ser el siguiente caso de \u00e9xito[vc_single_image image=\"52931\" img_size=\"full\" css=\"\"][vc_raw_html css=\"\"]JTVCc25nJTIwaGVybyU1RA==[\/vc_raw_html][vc_single_image image=\"34835\" img_size=\"full\"]Grupo MASMOVIL es el operador que lidera el crecimiento de los servicios de telecomunicaciones en Espa\u00f1a durante los \u00faltimos a\u00f1os. Su velocidad de crecimiento, su alta vocaci\u00f3n de ingenier\u00eda y eficiencia, y su caracter\u00edstico servicio al cliente son un reto en s\u00ed mismo. MASMOVIL es un grupo formado por la adquisici\u00f3n e integraci\u00f3n en menos de 10 a\u00f1os de marcas como Pepephone, Yoigo, Lebara, LLamaya, Lyca o Euskaltel, empresas que en muchos casos ya contaban con un Jira y al que se un\u00eda la propia plataforma de MASMOVIL, que es cliente de Atlassian desde hace muchos a\u00f1os. Obviamente, un sistema dise\u00f1ado para dar soporte a las operaciones de una compa\u00f1\u00eda con menos de un mill\u00f3n de clientes, no puede responder a los retos que supone crecer hasta m\u00e1s de 14 millones de clientes. Ante esta situaci\u00f3n, MASMOVIL recurre a Sngular (antes TecnoFor) para que le ayude a dise\u00f1ar y desplegar su nuevo Jira. Cuando aterrizamos y conocimos al equipo de Grupo MASMOVIL en pleno marzo de 2020, supimos que el proyecto ser\u00eda...","protected":false},"author":3,"featured_media":42212,"parent":0,"menu_order":0,"comment_status":"closed","ping_status":"closed","template":"","meta":{"inline_featured_image":false,"footnotes":""},"class_list":["post-34667","page","type-page","status-publish","has-post-thumbnail","hentry"],"yoast_head":"<!-- This site is optimized with the Yoast SEO plugin v26.9 - https:\/\/yoast.com\/product\/yoast-seo-wordpress\/ -->\n<title>MASMOVIL redise\u00f1a sus procesos de soporte sobre Jira Data Center - Atlassian Sngular<\/title>\n<meta name=\"description\" content=\"Caso de \u00e9xito MASMOVIL: Redise\u00f1o integral de sus procesos sobre la plataforma Atlassian.\" \/>\n<meta name=\"robots\" content=\"index, follow, max-snippet:-1, max-image-preview:large, max-video-preview:-1\" \/>\n<link rel=\"canonical\" href=\"https:\/\/partners.sngular.com\/atlassian\/caso-de-exito-masmovil\/\" \/>\n<meta property=\"og:locale\" content=\"es_ES\" \/>\n<meta property=\"og:type\" content=\"article\" \/>\n<meta property=\"og:title\" content=\"MASMOVIL redise\u00f1a sus procesos de soporte sobre Jira Data Center - Atlassian Sngular\" \/>\n<meta property=\"og:description\" content=\"Caso de \u00e9xito MASMOVIL: Redise\u00f1o integral de sus procesos sobre la plataforma Atlassian.\" \/>\n<meta property=\"og:url\" content=\"https:\/\/partners.sngular.com\/atlassian\/caso-de-exito-masmovil\/\" \/>\n<meta property=\"og:site_name\" content=\"Atlassian Sngular\" \/>\n<meta property=\"article:modified_time\" content=\"2026-02-10T11:33:06+00:00\" \/>\n<meta property=\"og:image\" content=\"https:\/\/partners.sngular.com\/atlassian\/wp-content\/uploads\/2023\/11\/Caso-de-exito-MasMovil-rrss.png\" \/>\n\t<meta property=\"og:image:width\" content=\"1920\" \/>\n\t<meta property=\"og:image:height\" content=\"1080\" \/>\n\t<meta property=\"og:image:type\" content=\"image\/png\" \/>\n<meta name=\"twitter:card\" content=\"summary_large_image\" \/>\n<script type=\"application\/ld+json\" class=\"yoast-schema-graph\">{\"@context\":\"https:\/\/schema.org\",\"@graph\":[{\"@type\":\"WebPage\",\"@id\":\"https:\/\/partners.sngular.com\/atlassian\/caso-de-exito-masmovil\/\",\"url\":\"https:\/\/partners.sngular.com\/atlassian\/caso-de-exito-masmovil\/\",\"name\":\"MASMOVIL redise\u00f1a sus procesos de soporte sobre Jira Data Center - Atlassian Sngular\",\"isPartOf\":{\"@id\":\"https:\/\/partners.sngular.com\/atlassian\/#website\"},\"primaryImageOfPage\":{\"@id\":\"https:\/\/partners.sngular.com\/atlassian\/caso-de-exito-masmovil\/#primaryimage\"},\"image\":{\"@id\":\"https:\/\/partners.sngular.com\/atlassian\/caso-de-exito-masmovil\/#primaryimage\"},\"thumbnailUrl\":\"https:\/\/partners.sngular.com\/atlassian\/wp-content\/uploads\/2023\/11\/Caso-de-exito-MasMovil-rrss.png\",\"datePublished\":\"2022-04-08T12:27:26+00:00\",\"dateModified\":\"2026-02-10T11:33:06+00:00\",\"description\":\"Caso de \u00e9xito MASMOVIL: Redise\u00f1o integral de sus procesos sobre la plataforma Atlassian.\",\"breadcrumb\":{\"@id\":\"https:\/\/partners.sngular.com\/atlassian\/caso-de-exito-masmovil\/#breadcrumb\"},\"inLanguage\":\"es\",\"potentialAction\":[{\"@type\":\"ReadAction\",\"target\":[\"https:\/\/partners.sngular.com\/atlassian\/caso-de-exito-masmovil\/\"]}]},{\"@type\":\"ImageObject\",\"inLanguage\":\"es\",\"@id\":\"https:\/\/partners.sngular.com\/atlassian\/caso-de-exito-masmovil\/#primaryimage\",\"url\":\"https:\/\/partners.sngular.com\/atlassian\/wp-content\/uploads\/2023\/11\/Caso-de-exito-MasMovil-rrss.png\",\"contentUrl\":\"https:\/\/partners.sngular.com\/atlassian\/wp-content\/uploads\/2023\/11\/Caso-de-exito-MasMovil-rrss.png\",\"width\":1920,\"height\":1080},{\"@type\":\"BreadcrumbList\",\"@id\":\"https:\/\/partners.sngular.com\/atlassian\/caso-de-exito-masmovil\/#breadcrumb\",\"itemListElement\":[{\"@type\":\"ListItem\",\"position\":1,\"name\":\"Portada\",\"item\":\"https:\/\/partners.sngular.com\/atlassian\/\"},{\"@type\":\"ListItem\",\"position\":2,\"name\":\"MASMOVIL redise\u00f1a sus procesos de soporte sobre Jira Data Center\"}]},{\"@type\":\"WebSite\",\"@id\":\"https:\/\/partners.sngular.com\/atlassian\/#website\",\"url\":\"https:\/\/partners.sngular.com\/atlassian\/\",\"name\":\"Atlassian Sngular\",\"description\":\"\",\"publisher\":{\"@id\":\"https:\/\/partners.sngular.com\/atlassian\/#organization\"},\"potentialAction\":[{\"@type\":\"SearchAction\",\"target\":{\"@type\":\"EntryPoint\",\"urlTemplate\":\"https:\/\/partners.sngular.com\/atlassian\/?s={search_term_string}\"},\"query-input\":{\"@type\":\"PropertyValueSpecification\",\"valueRequired\":true,\"valueName\":\"search_term_string\"}}],\"inLanguage\":\"es\"},{\"@type\":\"Organization\",\"@id\":\"https:\/\/partners.sngular.com\/atlassian\/#organization\",\"name\":\"TecnoFor\",\"url\":\"https:\/\/partners.sngular.com\/atlassian\/\",\"logo\":{\"@type\":\"ImageObject\",\"inLanguage\":\"es\",\"@id\":\"https:\/\/partners.sngular.com\/atlassian\/#\/schema\/logo\/image\/\",\"url\":\"https:\/\/partners.sngular.com\/atlassian\/wp-content\/uploads\/2022\/03\/Logo-Tecnofor-2022-grande-color-transparente-16-9.png\",\"contentUrl\":\"https:\/\/partners.sngular.com\/atlassian\/wp-content\/uploads\/2022\/03\/Logo-Tecnofor-2022-grande-color-transparente-16-9.png\",\"width\":1123,\"height\":632,\"caption\":\"TecnoFor\"},\"image\":{\"@id\":\"https:\/\/partners.sngular.com\/atlassian\/#\/schema\/logo\/image\/\"}}]}<\/script>\n<!-- \/ Yoast SEO plugin. -->","yoast_head_json":{"title":"MASMOVIL redise\u00f1a sus procesos de soporte sobre Jira Data Center - Atlassian Sngular","description":"Caso de \u00e9xito MASMOVIL: Redise\u00f1o integral de sus procesos sobre la plataforma Atlassian.","robots":{"index":"index","follow":"follow","max-snippet":"max-snippet:-1","max-image-preview":"max-image-preview:large","max-video-preview":"max-video-preview:-1"},"canonical":"https:\/\/partners.sngular.com\/atlassian\/caso-de-exito-masmovil\/","og_locale":"es_ES","og_type":"article","og_title":"MASMOVIL redise\u00f1a sus procesos de soporte sobre Jira Data Center - Atlassian Sngular","og_description":"Caso de \u00e9xito MASMOVIL: Redise\u00f1o integral de sus procesos sobre la plataforma Atlassian.","og_url":"https:\/\/partners.sngular.com\/atlassian\/caso-de-exito-masmovil\/","og_site_name":"Atlassian Sngular","article_modified_time":"2026-02-10T11:33:06+00:00","og_image":[{"width":1920,"height":1080,"url":"https:\/\/partners.sngular.com\/atlassian\/wp-content\/uploads\/2023\/11\/Caso-de-exito-MasMovil-rrss.png","type":"image\/png"}],"twitter_card":"summary_large_image","schema":{"@context":"https:\/\/schema.org","@graph":[{"@type":"WebPage","@id":"https:\/\/partners.sngular.com\/atlassian\/caso-de-exito-masmovil\/","url":"https:\/\/partners.sngular.com\/atlassian\/caso-de-exito-masmovil\/","name":"MASMOVIL redise\u00f1a sus procesos de soporte sobre Jira Data Center - Atlassian Sngular","isPartOf":{"@id":"https:\/\/partners.sngular.com\/atlassian\/#website"},"primaryImageOfPage":{"@id":"https:\/\/partners.sngular.com\/atlassian\/caso-de-exito-masmovil\/#primaryimage"},"image":{"@id":"https:\/\/partners.sngular.com\/atlassian\/caso-de-exito-masmovil\/#primaryimage"},"thumbnailUrl":"https:\/\/partners.sngular.com\/atlassian\/wp-content\/uploads\/2023\/11\/Caso-de-exito-MasMovil-rrss.png","datePublished":"2022-04-08T12:27:26+00:00","dateModified":"2026-02-10T11:33:06+00:00","description":"Caso de \u00e9xito MASMOVIL: Redise\u00f1o integral de sus procesos sobre la plataforma Atlassian.","breadcrumb":{"@id":"https:\/\/partners.sngular.com\/atlassian\/caso-de-exito-masmovil\/#breadcrumb"},"inLanguage":"es","potentialAction":[{"@type":"ReadAction","target":["https:\/\/partners.sngular.com\/atlassian\/caso-de-exito-masmovil\/"]}]},{"@type":"ImageObject","inLanguage":"es","@id":"https:\/\/partners.sngular.com\/atlassian\/caso-de-exito-masmovil\/#primaryimage","url":"https:\/\/partners.sngular.com\/atlassian\/wp-content\/uploads\/2023\/11\/Caso-de-exito-MasMovil-rrss.png","contentUrl":"https:\/\/partners.sngular.com\/atlassian\/wp-content\/uploads\/2023\/11\/Caso-de-exito-MasMovil-rrss.png","width":1920,"height":1080},{"@type":"BreadcrumbList","@id":"https:\/\/partners.sngular.com\/atlassian\/caso-de-exito-masmovil\/#breadcrumb","itemListElement":[{"@type":"ListItem","position":1,"name":"Portada","item":"https:\/\/partners.sngular.com\/atlassian\/"},{"@type":"ListItem","position":2,"name":"MASMOVIL redise\u00f1a sus procesos de soporte sobre Jira Data Center"}]},{"@type":"WebSite","@id":"https:\/\/partners.sngular.com\/atlassian\/#website","url":"https:\/\/partners.sngular.com\/atlassian\/","name":"Atlassian Sngular","description":"","publisher":{"@id":"https:\/\/partners.sngular.com\/atlassian\/#organization"},"potentialAction":[{"@type":"SearchAction","target":{"@type":"EntryPoint","urlTemplate":"https:\/\/partners.sngular.com\/atlassian\/?s={search_term_string}"},"query-input":{"@type":"PropertyValueSpecification","valueRequired":true,"valueName":"search_term_string"}}],"inLanguage":"es"},{"@type":"Organization","@id":"https:\/\/partners.sngular.com\/atlassian\/#organization","name":"TecnoFor","url":"https:\/\/partners.sngular.com\/atlassian\/","logo":{"@type":"ImageObject","inLanguage":"es","@id":"https:\/\/partners.sngular.com\/atlassian\/#\/schema\/logo\/image\/","url":"https:\/\/partners.sngular.com\/atlassian\/wp-content\/uploads\/2022\/03\/Logo-Tecnofor-2022-grande-color-transparente-16-9.png","contentUrl":"https:\/\/partners.sngular.com\/atlassian\/wp-content\/uploads\/2022\/03\/Logo-Tecnofor-2022-grande-color-transparente-16-9.png","width":1123,"height":632,"caption":"TecnoFor"},"image":{"@id":"https:\/\/partners.sngular.com\/atlassian\/#\/schema\/logo\/image\/"}}]}},"meta_box":[],"_links":{"self":[{"href":"https:\/\/partners.sngular.com\/atlassian\/wp-json\/wp\/v2\/pages\/34667","targetHints":{"allow":["GET"]}}],"collection":[{"href":"https:\/\/partners.sngular.com\/atlassian\/wp-json\/wp\/v2\/pages"}],"about":[{"href":"https:\/\/partners.sngular.com\/atlassian\/wp-json\/wp\/v2\/types\/page"}],"author":[{"embeddable":true,"href":"https:\/\/partners.sngular.com\/atlassian\/wp-json\/wp\/v2\/users\/3"}],"replies":[{"embeddable":true,"href":"https:\/\/partners.sngular.com\/atlassian\/wp-json\/wp\/v2\/comments?post=34667"}],"version-history":[{"count":32,"href":"https:\/\/partners.sngular.com\/atlassian\/wp-json\/wp\/v2\/pages\/34667\/revisions"}],"predecessor-version":[{"id":52950,"href":"https:\/\/partners.sngular.com\/atlassian\/wp-json\/wp\/v2\/pages\/34667\/revisions\/52950"}],"wp:featuredmedia":[{"embeddable":true,"href":"https:\/\/partners.sngular.com\/atlassian\/wp-json\/wp\/v2\/media\/42212"}],"wp:attachment":[{"href":"https:\/\/partners.sngular.com\/atlassian\/wp-json\/wp\/v2\/media?parent=34667"}],"curies":[{"name":"wp","href":"https:\/\/api.w.org\/{rel}","templated":true}]}}