{"id":36952,"date":"2022-11-22T17:29:13","date_gmt":"2022-11-22T17:29:13","guid":{"rendered":"https:\/\/partners.sngular.com\/atlassian\/?page_id=36952"},"modified":"2026-02-10T12:59:47","modified_gmt":"2026-02-10T11:59:47","slug":"caso-de-exito-mediaset","status":"publish","type":"page","link":"https:\/\/partners.sngular.com\/atlassian\/caso-de-exito-mediaset\/","title":{"rendered":"MEDIASET unifica sus procesos sobre Jira Service Management"},"content":{"rendered":"<div class=\"wpb-content-wrapper\"><section data-vc-full-width=\"true\" data-vc-full-width-init=\"false\" data-vc-stretch-content=\"true\" class=\"vc_row wpb_row vc_row-fluid brand22 hero22 heroslider cerrando em22 darkbg pb22-lg  pofo-stretch-content vc_row-no-padding\"><div class=\"wpb_column vc_column_container vc_col-sm-12  col-xs-mobile-fullwidth\"><div class=\"vc_column-inner \"><div class=\"wpb_wrapper\"><div class=\"vc_row wpb_row vc_inner vc_row-fluid slide  vc_row-o-equal-height vc_row-o-content-middle vc_row-flex\"><div class=\"wpb_column vc_column_container ptb22-sm vc_col-sm-8  col-xs-mobile-fullwidth\"><div class=\"vc_column-inner \"><div class=\"wpb_wrapper\"><div class=\"pb22-xs last-paragraph-no-margin\"><h1>Caso de \u00e9xito<\/h1>\n<\/div><div class=\"pb22-xs last-paragraph-no-margin\"><p>Mediaset Espa\u00f1a unifica sus procesos y crea un Portal de Servicio para sus usuarios sobre Jira Service Management<\/p>\n<\/div><a  href=\"https:\/\/partners.sngular.com\/atlassian\/contacto\/#origen=caso-exito-mediaset\" target=\"_blank\" class=\"btn pofo-button-1 button-style1  btn-dark-gray\" >Quiero ser el siguiente caso de \u00e9xito<\/a><\/div><\/div><\/div><div class=\"wpb_column vc_column_container vc_col-sm-4  col-xs-mobile-fullwidth\"><div class=\"vc_column-inner \"><div class=\"wpb_wrapper\">[vc_single_image image=\u00bb52931&#8243; img_size=\u00bbfull\u00bb css=\u00bb\u00bb]<\/div><\/div><\/div><\/div>[vc_raw_html css=\u00bb\u00bb]JTVCc25nJTIwaGVybyU1RA==[\/vc_raw_html]<\/div><\/div><\/div><\/section><div class=\"vc_row-full-width vc_clearfix\"><\/div><section class=\"vc_row wpb_row vc_row-fluid brand22 pb22-sm em22\"><div class=\"wpb_column vc_column_container vc_col-sm-8 vc_col-sm-offset-2 vc_col-xs-offset-1 vc_col-xs-10\"><div class=\"vc_column-inner \"><div class=\"wpb_wrapper\"><div class=\"last-paragraph-no-margin\"><p><strong>Mediaset Espa\u00f1a<\/strong> es un grupo de comunicaci\u00f3n espa\u00f1ol cuya actividad se centra, esencialmente, en la adquisici\u00f3n, producci\u00f3n, distribuci\u00f3n, venta y exhibici\u00f3n de contenidos televisivos. Actualmente opera en los canales de televisi\u00f3n Telecinco, Cuatro, Factor\u00eda de Ficci\u00f3n, Boing, Divinity, Energy y Be Mad, adem\u00e1s de Telecinco HD y Cuatro HD que son las se\u00f1ales en alta definici\u00f3n de las principales cadenas del grupo.<\/p>\n<p>El grupo Mediaset posee adem\u00e1s la agencia de noticias Atlas, la gestora de publicidad Publiespa\u00f1a o la productora audiovisual de cine y televisi\u00f3n Telecinco Cinema.<\/p>\n<\/div>[vc_single_image image=\u00bb36958&#8243; img_size=\u00bbfull\u00bb alignment=\u00bbcenter\u00bb el_class=\u00bbptb22-sm\u00bb]<div class=\"last-paragraph-no-margin\"><p>En el mes de octubre de 2020 Mediaset solicit\u00f3 a Sngular (antes TecnoFor) asesoramiento sobre la situaci\u00f3n funcional y t\u00e9cnica de su binomio Jira\/Confluence, as\u00ed como un plan de evaluaci\u00f3n y optimizaci\u00f3n del mismo. El resultado de dicho trabajo verific\u00f3 la necesidad de un proceso de normalizaci\u00f3n en procesos, datos y tareas de trabajo de los equipos t\u00e9cnicos, as\u00ed como la evoluci\u00f3n a un modelo Jira Data Center en alta disponibilidad. El reto: hacerlo en tiempo real y sin interrupciones del servicio.<\/p>\n<p>El trabajo conjunto durante meses entre Sngular (antes TecnoFor) y Mediaset permiti\u00f3, en septiembre de 2022, no solo la activaci\u00f3n de un modelo \u00fanico de trabajo, sino la creaci\u00f3n de un Portal de Servicio dirigido al registro de necesidades por parte del usuario de negocio final y una mayor facilidad en procesos de report\u00edstica y monitorizaci\u00f3n de toda la informaci\u00f3n relacionada.<\/p>\n<\/div><\/div><\/div><\/div><div class=\"wpb_column vc_column_container vc_col-sm-8 vc_col-sm-offset-2 vc_col-xs-offset-1 vc_col-xs-10\"><div class=\"vc_column-inner \"><div class=\"wpb_wrapper\"><div class=\"last-paragraph-no-margin\"><blockquote><p>\n\u201cNo solo se optimiz\u00f3 su binomio Jira\/Confluence sino que se cre\u00f3 un portal de Servicio para su usuario final \u201d.\n<\/p><\/blockquote>\n<\/div><\/div><\/div><\/div><div class=\"wpb_column vc_column_container pb22-sm vc_col-sm-8 vc_col-lg-offset-2 vc_col-lg-4 vc_col-md-offset-1 vc_col-md-5 vc_col-sm-offset-2 vc_col-xs-offset-1 vc_col-xs-10\"><div class=\"vc_column-inner \"><div class=\"wpb_wrapper\"><div class=\"last-paragraph-no-margin\"><p>A destacar en este nuevo modelo de trabajo la introducci\u00f3n en los diferentes flujos del trabajo automatizados, del concepto de Seguridad Inform\u00e1tica, tan importante hoy en d\u00eda y prioritario en Mediaset Espa\u00f1a. Con el nuevo modelo se asegura y facilita el registro y seguimiento de todas aquellas actividades relacionadas con la seguridad tanto del dato como del proceso, de una forma intuitiva en su registro, as\u00ed como de f\u00e1cil resoluci\u00f3n por todos aquellos equipos t\u00e9cnicos implicados.<\/p>\n<\/div><\/div><\/div><\/div><div class=\"wpb_column vc_column_container pb22-sm vc_col-sm-6 vc_col-lg-offset-0 vc_col-lg-4 vc_col-md-offset-0 vc_col-md-5 vc_col-sm-offset-3 vc_col-xs-offset-2 vc_col-xs-8\"><div class=\"vc_column-inner \"><div class=\"wpb_wrapper\">[vc_single_image image=\u00bb36957&#8243; img_size=\u00bbfull\u00bb]<\/div><\/div><\/div><div class=\"wpb_column vc_column_container vc_col-sm-8 vc_col-sm-offset-2 vc_col-xs-offset-1 vc_col-xs-10\"><div class=\"vc_column-inner \"><div class=\"wpb_wrapper\">[vc_single_image image=\u00bb36959&#8243; img_size=\u00bbfull\u00bb alignment=\u00bbcenter\u00bb]<\/div><\/div><\/div><div class=\"wpb_column vc_column_container vc_col-sm-8 vc_col-sm-offset-2 vc_col-xs-offset-1 vc_col-xs-10\"><div class=\"vc_column-inner \"><div class=\"wpb_wrapper\"><div class=\"last-paragraph-no-margin\"><blockquote><p>\n\u201cQueda todav\u00eda camino por recorrer y evolucionar, pero partimos ya de un modelo s\u00f3lido, compartido, y de una relaci\u00f3n de confianza con Sngular (antes TecnoFor) \u00a1Variables seguras para alcanzar el \u00e9xito!\u201d &#8211; <em>Nuria P\u00e9rez S\u00e1nchez<\/em>.\n<\/p><\/blockquote>\n<\/div><\/div><\/div><\/div><\/section><section data-vc-full-width=\"true\" data-vc-full-width-init=\"false\" class=\"vc_row wpb_row vc_row-fluid brand22 pt22-sm pb22 cta22 em22 vc_custom_1770722436474 wow fadeIn vc_row-has-fill pofo-stretch-content pofo-stretch-row-container\"><div class=\"wpb_column vc_column_container vc_col-sm-8 vc_col-sm-offset-2 vc_col-xs-offset-1 vc_col-xs-10\"><div class=\"vc_column-inner \"><div class=\"wpb_wrapper\"><div class=\"last-paragraph-no-margin\"><h4>Ahora, Jira Service Management es parte de la Service Collection<\/h4>\n<\/div><div class=\"last-paragraph-no-margin\"><p>Una suite de apps dise\u00f1ada para aplicar los principios de la gesti\u00f3n ITSM a todos los equipos empresariales<\/p>\n<\/div><a  href=\"https:\/\/partners.sngular.com\/atlassian\/service-collection-2\/\" target=\"_blank\" class=\"btn btn22 followutm pofo-button-2 button-style1  btn-dark-gray  btn-medium \" >M\u00e1s sobre la Service Collection<\/a><\/div><\/div><\/div><\/section><div class=\"vc_row-full-width vc_clearfix\"><\/div><section data-vc-full-width=\"true\" data-vc-full-width-init=\"false\" class=\"vc_row wpb_row vc_row-fluid brand22 em22 softbg pt22 pb22 vc_custom_1770724150958 vc_row-has-fill pofo-stretch-content pofo-stretch-row-container\"><div class=\"wpb_column vc_column_container vc_col-sm-8 vc_col-sm-offset-2 vc_col-xs-offset-1 vc_col-xs-10\"><div class=\"vc_column-inner \"><div class=\"wpb_wrapper\"><div class=\"last-paragraph-no-margin\"><p><strong>Tras la implantaci\u00f3n del nuevo portal, los logros m\u00e1s inmediatos que ya se pueden percibir son:<\/strong><\/p>\n<ul>\n<li><strong>\u00danico punto de entrada<\/strong> para incidencias, peticiones y consultas<\/li>\n<li><strong>Redise\u00f1o del flujo de trabajo<\/strong> acorde al procedimiento de gesti\u00f3n de incidencias y peticiones<\/li>\n<li><strong>Integraci\u00f3n de SOL<\/strong> para la gesti\u00f3n de peticiones dentro del portal<\/li>\n<li><strong>Colaboraci\u00f3n de varios equipos<\/strong> en la resoluci\u00f3n de tickets de trabajo<\/li>\n<li><strong>Creaci\u00f3n autom\u00e1tica<\/strong> <strong>de solicitudes de desarrollo<\/strong> de correctivos y evolutivos<\/li>\n<li><strong>Simplificaci\u00f3n<\/strong> de categor\u00edas<\/li>\n<li><strong>Escalado<\/strong> a equipos sin p\u00e9rdida de informaci\u00f3n<\/li>\n<li><strong>Asignaci\u00f3n autom\u00e1tica<\/strong> al grupo de soporte responsable de la resoluci\u00f3n<\/li>\n<li>Integraci\u00f3n de <strong>incidencias de seguridad<\/strong> y procedimientos para su gesti\u00f3n en el portal<\/li>\n<li><strong>Procesos autom\u00e1ticos para el seguimiento de solicitudes<\/strong><\/li>\n<li><strong>Comunicaci\u00f3n entre usuario y agente,<\/strong> entre distintos grupos de soporte<\/li>\n<\/ul>\n<\/div><\/div><\/div><\/div><\/section><div class=\"vc_row-full-width vc_clearfix\"><\/div><section data-vc-full-width=\"true\" data-vc-full-width-init=\"false\" class=\"vc_row wpb_row vc_row-fluid brand22 pt22-sm pb22 cta22 em22 vc_custom_1770724111094 wow fadeIn vc_row-has-fill pofo-stretch-content pofo-stretch-row-container\"><div class=\"wpb_column vc_column_container vc_col-sm-8 vc_col-sm-offset-2 vc_col-xs-offset-1 vc_col-xs-10\"><div class=\"vc_column-inner \"><div class=\"wpb_wrapper\"><div class=\"last-paragraph-no-margin\"><h4>\u00bfHablamos de tu caso?<\/h4>\n<\/div><a  href=\"https:\/\/partners.sngular.com\/atlassian\/contacto\/#origen=caso-exito-mediaset\" target=\"_blank\" class=\"btn btn22 followutm pofo-button-3 button-style1  btn-dark-gray  btn-medium \" >\u00a1Escr\u00edbenos!<\/a><\/div><\/div><\/div><\/section><div class=\"vc_row-full-width vc_clearfix\"><\/div>\n<\/div>","protected":false},"excerpt":{"rendered":"Caso de \u00e9xito Mediaset Espa\u00f1a unifica sus procesos y crea un Portal de Servicio para sus usuarios sobre Jira Service Management Quiero ser el siguiente caso de \u00e9xito[vc_single_image image=\"52931\" img_size=\"full\" css=\"\"][vc_raw_html css=\"\"]JTVCc25nJTIwaGVybyU1RA==[\/vc_raw_html]Mediaset Espa\u00f1a es un grupo de comunicaci\u00f3n espa\u00f1ol cuya actividad se centra, esencialmente, en la adquisici\u00f3n, producci\u00f3n, distribuci\u00f3n, venta y exhibici\u00f3n de contenidos televisivos. Actualmente opera en los canales de televisi\u00f3n Telecinco, Cuatro, Factor\u00eda de Ficci\u00f3n, Boing, Divinity, Energy y Be Mad, adem\u00e1s de Telecinco HD y Cuatro HD que son las se\u00f1ales en alta definici\u00f3n de las principales cadenas del grupo. El grupo Mediaset posee adem\u00e1s la agencia de noticias Atlas, la gestora de publicidad Publiespa\u00f1a o la productora audiovisual de cine y televisi\u00f3n Telecinco Cinema. [vc_single_image image=\"36958\" img_size=\"full\" alignment=\"center\" el_class=\"ptb22-sm\"]En el mes de octubre de 2020 Mediaset solicit\u00f3 a Sngular (antes TecnoFor) asesoramiento sobre la situaci\u00f3n funcional y t\u00e9cnica de su binomio Jira\/Confluence, as\u00ed como un plan de evaluaci\u00f3n y optimizaci\u00f3n del mismo. El resultado de dicho trabajo verific\u00f3 la necesidad de un proceso de normalizaci\u00f3n en procesos, datos y tareas de trabajo de los equipos t\u00e9cnicos, as\u00ed como la evoluci\u00f3n a un modelo Jira Data Center en alta disponibilidad. El reto: hacerlo en tiempo real y...","protected":false},"author":6,"featured_media":51447,"parent":0,"menu_order":0,"comment_status":"closed","ping_status":"closed","template":"","meta":{"inline_featured_image":false,"footnotes":""},"class_list":["post-36952","page","type-page","status-publish","has-post-thumbnail","hentry"],"yoast_head":"<!-- This site is optimized with the Yoast SEO plugin v26.9 - https:\/\/yoast.com\/product\/yoast-seo-wordpress\/ -->\n<title>MEDIASET unifica sus procesos sobre Jira Service Management - Atlassian Sngular<\/title>\n<meta name=\"description\" content=\"MEDIASET Espa\u00f1a unifica sus procesos sobre Jira Service Management, parte de la nueva Atlassian Service Collection.\" \/>\n<meta name=\"robots\" content=\"index, follow, max-snippet:-1, max-image-preview:large, max-video-preview:-1\" \/>\n<link rel=\"canonical\" href=\"https:\/\/partners.sngular.com\/atlassian\/caso-de-exito-mediaset\/\" \/>\n<meta property=\"og:locale\" content=\"es_ES\" \/>\n<meta property=\"og:type\" content=\"article\" \/>\n<meta property=\"og:title\" content=\"MEDIASET unifica sus procesos sobre Jira Service Management - Atlassian Sngular\" \/>\n<meta property=\"og:description\" content=\"MEDIASET Espa\u00f1a unifica sus procesos sobre Jira Service Management, parte de la nueva Atlassian Service Collection.\" \/>\n<meta property=\"og:url\" content=\"https:\/\/partners.sngular.com\/atlassian\/caso-de-exito-mediaset\/\" \/>\n<meta property=\"og:site_name\" content=\"Atlassian Sngular\" \/>\n<meta property=\"article:modified_time\" content=\"2026-02-10T11:59:47+00:00\" \/>\n<meta property=\"og:image\" content=\"https:\/\/partners.sngular.com\/atlassian\/wp-content\/uploads\/2025\/10\/imagen-destacada-casos-exito.jpg\" \/>\n\t<meta property=\"og:image:width\" content=\"1920\" \/>\n\t<meta property=\"og:image:height\" content=\"1067\" \/>\n\t<meta property=\"og:image:type\" content=\"image\/jpeg\" \/>\n<meta name=\"twitter:card\" content=\"summary_large_image\" \/>\n<script type=\"application\/ld+json\" class=\"yoast-schema-graph\">{\"@context\":\"https:\/\/schema.org\",\"@graph\":[{\"@type\":\"WebPage\",\"@id\":\"https:\/\/partners.sngular.com\/atlassian\/caso-de-exito-mediaset\/\",\"url\":\"https:\/\/partners.sngular.com\/atlassian\/caso-de-exito-mediaset\/\",\"name\":\"MEDIASET unifica sus procesos sobre Jira Service Management - Atlassian Sngular\",\"isPartOf\":{\"@id\":\"https:\/\/partners.sngular.com\/atlassian\/#website\"},\"primaryImageOfPage\":{\"@id\":\"https:\/\/partners.sngular.com\/atlassian\/caso-de-exito-mediaset\/#primaryimage\"},\"image\":{\"@id\":\"https:\/\/partners.sngular.com\/atlassian\/caso-de-exito-mediaset\/#primaryimage\"},\"thumbnailUrl\":\"https:\/\/partners.sngular.com\/atlassian\/wp-content\/uploads\/2025\/10\/imagen-destacada-casos-exito.jpg\",\"datePublished\":\"2022-11-22T17:29:13+00:00\",\"dateModified\":\"2026-02-10T11:59:47+00:00\",\"description\":\"MEDIASET Espa\u00f1a unifica sus procesos sobre Jira Service Management, parte de la nueva Atlassian Service Collection.\",\"breadcrumb\":{\"@id\":\"https:\/\/partners.sngular.com\/atlassian\/caso-de-exito-mediaset\/#breadcrumb\"},\"inLanguage\":\"es\",\"potentialAction\":[{\"@type\":\"ReadAction\",\"target\":[\"https:\/\/partners.sngular.com\/atlassian\/caso-de-exito-mediaset\/\"]}]},{\"@type\":\"ImageObject\",\"inLanguage\":\"es\",\"@id\":\"https:\/\/partners.sngular.com\/atlassian\/caso-de-exito-mediaset\/#primaryimage\",\"url\":\"https:\/\/partners.sngular.com\/atlassian\/wp-content\/uploads\/2025\/10\/imagen-destacada-casos-exito.jpg\",\"contentUrl\":\"https:\/\/partners.sngular.com\/atlassian\/wp-content\/uploads\/2025\/10\/imagen-destacada-casos-exito.jpg\",\"width\":1920,\"height\":1067},{\"@type\":\"BreadcrumbList\",\"@id\":\"https:\/\/partners.sngular.com\/atlassian\/caso-de-exito-mediaset\/#breadcrumb\",\"itemListElement\":[{\"@type\":\"ListItem\",\"position\":1,\"name\":\"Portada\",\"item\":\"https:\/\/partners.sngular.com\/atlassian\/\"},{\"@type\":\"ListItem\",\"position\":2,\"name\":\"MEDIASET unifica sus procesos sobre Jira Service Management\"}]},{\"@type\":\"WebSite\",\"@id\":\"https:\/\/partners.sngular.com\/atlassian\/#website\",\"url\":\"https:\/\/partners.sngular.com\/atlassian\/\",\"name\":\"Atlassian Sngular\",\"description\":\"\",\"publisher\":{\"@id\":\"https:\/\/partners.sngular.com\/atlassian\/#organization\"},\"potentialAction\":[{\"@type\":\"SearchAction\",\"target\":{\"@type\":\"EntryPoint\",\"urlTemplate\":\"https:\/\/partners.sngular.com\/atlassian\/?s={search_term_string}\"},\"query-input\":{\"@type\":\"PropertyValueSpecification\",\"valueRequired\":true,\"valueName\":\"search_term_string\"}}],\"inLanguage\":\"es\"},{\"@type\":\"Organization\",\"@id\":\"https:\/\/partners.sngular.com\/atlassian\/#organization\",\"name\":\"TecnoFor\",\"url\":\"https:\/\/partners.sngular.com\/atlassian\/\",\"logo\":{\"@type\":\"ImageObject\",\"inLanguage\":\"es\",\"@id\":\"https:\/\/partners.sngular.com\/atlassian\/#\/schema\/logo\/image\/\",\"url\":\"https:\/\/partners.sngular.com\/atlassian\/wp-content\/uploads\/2022\/03\/Logo-Tecnofor-2022-grande-color-transparente-16-9.png\",\"contentUrl\":\"https:\/\/partners.sngular.com\/atlassian\/wp-content\/uploads\/2022\/03\/Logo-Tecnofor-2022-grande-color-transparente-16-9.png\",\"width\":1123,\"height\":632,\"caption\":\"TecnoFor\"},\"image\":{\"@id\":\"https:\/\/partners.sngular.com\/atlassian\/#\/schema\/logo\/image\/\"}}]}<\/script>\n<!-- \/ Yoast SEO plugin. -->","yoast_head_json":{"title":"MEDIASET unifica sus procesos sobre Jira Service Management - Atlassian Sngular","description":"MEDIASET Espa\u00f1a unifica sus procesos sobre Jira Service Management, parte de la nueva Atlassian Service Collection.","robots":{"index":"index","follow":"follow","max-snippet":"max-snippet:-1","max-image-preview":"max-image-preview:large","max-video-preview":"max-video-preview:-1"},"canonical":"https:\/\/partners.sngular.com\/atlassian\/caso-de-exito-mediaset\/","og_locale":"es_ES","og_type":"article","og_title":"MEDIASET unifica sus procesos sobre Jira Service Management - Atlassian Sngular","og_description":"MEDIASET Espa\u00f1a unifica sus procesos sobre Jira Service Management, parte de la nueva Atlassian Service Collection.","og_url":"https:\/\/partners.sngular.com\/atlassian\/caso-de-exito-mediaset\/","og_site_name":"Atlassian Sngular","article_modified_time":"2026-02-10T11:59:47+00:00","og_image":[{"width":1920,"height":1067,"url":"https:\/\/partners.sngular.com\/atlassian\/wp-content\/uploads\/2025\/10\/imagen-destacada-casos-exito.jpg","type":"image\/jpeg"}],"twitter_card":"summary_large_image","schema":{"@context":"https:\/\/schema.org","@graph":[{"@type":"WebPage","@id":"https:\/\/partners.sngular.com\/atlassian\/caso-de-exito-mediaset\/","url":"https:\/\/partners.sngular.com\/atlassian\/caso-de-exito-mediaset\/","name":"MEDIASET unifica sus procesos sobre Jira Service Management - Atlassian Sngular","isPartOf":{"@id":"https:\/\/partners.sngular.com\/atlassian\/#website"},"primaryImageOfPage":{"@id":"https:\/\/partners.sngular.com\/atlassian\/caso-de-exito-mediaset\/#primaryimage"},"image":{"@id":"https:\/\/partners.sngular.com\/atlassian\/caso-de-exito-mediaset\/#primaryimage"},"thumbnailUrl":"https:\/\/partners.sngular.com\/atlassian\/wp-content\/uploads\/2025\/10\/imagen-destacada-casos-exito.jpg","datePublished":"2022-11-22T17:29:13+00:00","dateModified":"2026-02-10T11:59:47+00:00","description":"MEDIASET Espa\u00f1a unifica sus procesos sobre Jira Service Management, parte de la nueva Atlassian Service Collection.","breadcrumb":{"@id":"https:\/\/partners.sngular.com\/atlassian\/caso-de-exito-mediaset\/#breadcrumb"},"inLanguage":"es","potentialAction":[{"@type":"ReadAction","target":["https:\/\/partners.sngular.com\/atlassian\/caso-de-exito-mediaset\/"]}]},{"@type":"ImageObject","inLanguage":"es","@id":"https:\/\/partners.sngular.com\/atlassian\/caso-de-exito-mediaset\/#primaryimage","url":"https:\/\/partners.sngular.com\/atlassian\/wp-content\/uploads\/2025\/10\/imagen-destacada-casos-exito.jpg","contentUrl":"https:\/\/partners.sngular.com\/atlassian\/wp-content\/uploads\/2025\/10\/imagen-destacada-casos-exito.jpg","width":1920,"height":1067},{"@type":"BreadcrumbList","@id":"https:\/\/partners.sngular.com\/atlassian\/caso-de-exito-mediaset\/#breadcrumb","itemListElement":[{"@type":"ListItem","position":1,"name":"Portada","item":"https:\/\/partners.sngular.com\/atlassian\/"},{"@type":"ListItem","position":2,"name":"MEDIASET unifica sus procesos sobre Jira Service Management"}]},{"@type":"WebSite","@id":"https:\/\/partners.sngular.com\/atlassian\/#website","url":"https:\/\/partners.sngular.com\/atlassian\/","name":"Atlassian Sngular","description":"","publisher":{"@id":"https:\/\/partners.sngular.com\/atlassian\/#organization"},"potentialAction":[{"@type":"SearchAction","target":{"@type":"EntryPoint","urlTemplate":"https:\/\/partners.sngular.com\/atlassian\/?s={search_term_string}"},"query-input":{"@type":"PropertyValueSpecification","valueRequired":true,"valueName":"search_term_string"}}],"inLanguage":"es"},{"@type":"Organization","@id":"https:\/\/partners.sngular.com\/atlassian\/#organization","name":"TecnoFor","url":"https:\/\/partners.sngular.com\/atlassian\/","logo":{"@type":"ImageObject","inLanguage":"es","@id":"https:\/\/partners.sngular.com\/atlassian\/#\/schema\/logo\/image\/","url":"https:\/\/partners.sngular.com\/atlassian\/wp-content\/uploads\/2022\/03\/Logo-Tecnofor-2022-grande-color-transparente-16-9.png","contentUrl":"https:\/\/partners.sngular.com\/atlassian\/wp-content\/uploads\/2022\/03\/Logo-Tecnofor-2022-grande-color-transparente-16-9.png","width":1123,"height":632,"caption":"TecnoFor"},"image":{"@id":"https:\/\/partners.sngular.com\/atlassian\/#\/schema\/logo\/image\/"}}]}},"meta_box":[],"_links":{"self":[{"href":"https:\/\/partners.sngular.com\/atlassian\/wp-json\/wp\/v2\/pages\/36952","targetHints":{"allow":["GET"]}}],"collection":[{"href":"https:\/\/partners.sngular.com\/atlassian\/wp-json\/wp\/v2\/pages"}],"about":[{"href":"https:\/\/partners.sngular.com\/atlassian\/wp-json\/wp\/v2\/types\/page"}],"author":[{"embeddable":true,"href":"https:\/\/partners.sngular.com\/atlassian\/wp-json\/wp\/v2\/users\/6"}],"replies":[{"embeddable":true,"href":"https:\/\/partners.sngular.com\/atlassian\/wp-json\/wp\/v2\/comments?post=36952"}],"version-history":[{"count":22,"href":"https:\/\/partners.sngular.com\/atlassian\/wp-json\/wp\/v2\/pages\/36952\/revisions"}],"predecessor-version":[{"id":52944,"href":"https:\/\/partners.sngular.com\/atlassian\/wp-json\/wp\/v2\/pages\/36952\/revisions\/52944"}],"wp:featuredmedia":[{"embeddable":true,"href":"https:\/\/partners.sngular.com\/atlassian\/wp-json\/wp\/v2\/media\/51447"}],"wp:attachment":[{"href":"https:\/\/partners.sngular.com\/atlassian\/wp-json\/wp\/v2\/media?parent=36952"}],"curies":[{"name":"wp","href":"https:\/\/api.w.org\/{rel}","templated":true}]}}