{"id":37079,"date":"2022-11-29T15:43:15","date_gmt":"2022-11-29T15:43:15","guid":{"rendered":"https:\/\/partners.sngular.com\/atlassian\/?page_id=37079"},"modified":"2023-11-06T09:00:39","modified_gmt":"2023-11-06T09:00:39","slug":"caso-de-exito-antolin","status":"publish","type":"page","link":"https:\/\/partners.sngular.com\/atlassian\/caso-de-exito-antolin\/","title":{"rendered":"Jira, clave en el proceso de transformaci\u00f3n digital de Antolin"},"content":{"rendered":"<div class=\"wpb-content-wrapper\"><section data-vc-full-width=\"true\" data-vc-full-width-init=\"false\" class=\"vc_row wpb_row vc_row-fluid brand22 hero22 em22 blanco vc_custom_1649434518979 bg-position-center-center vc_row-has-fill pofo-stretch-content pofo-stretch-row-container\"><div class=\"wpb_column vc_column_container pt22 pb22 vc_col-sm-12  col-xs-mobile-fullwidth\"><div class=\"vc_column-inner \"><div class=\"wpb_wrapper\"><div class=\"for-x for-x-inv last-paragraph-no-margin\"><p style=\"text-align: center;\">CASO DE<br \/>\n<em>\u00c9XITO<\/em><\/p>\n<\/div><\/div><\/div><\/div><\/section><div class=\"vc_row-full-width vc_clearfix\"><\/div><section class=\"vc_row wpb_row vc_row-fluid brand22\"><div class=\"wpb_column vc_column_container vc_col-sm-12  col-xs-mobile-fullwidth\"><div class=\"vc_column-inner \"><div class=\"wpb_wrapper\">[vc_raw_html]JTVCdG5mX3NlcGFyYWRvciU1RA==[\/vc_raw_html]<\/div><\/div><\/div><\/section><section class=\"vc_row wpb_row vc_row-fluid brand22 pb22 titulo22\"><div class=\"wpb_column vc_column_container vc_col-sm-12  col-xs-mobile-fullwidth\"><div class=\"vc_column-inner \"><div class=\"wpb_wrapper\"><div class=\"last-paragraph-no-margin\"><h1>Jira ser\u00e1 clave en el proceso de Transformaci\u00f3n Digital en<em> Antolin<\/em><\/h1>\n<\/div><\/div><\/div><\/div><\/section><section class=\"vc_row wpb_row vc_row-fluid brand22 pb22-sm em22  vc_row-o-content-middle vc_row-flex\"><div class=\"wpb_column vc_column_container vc_col-sm-8 vc_col-lg-offset-2 vc_col-lg-4 vc_col-md-offset-1 vc_col-md-5 vc_col-sm-offset-2 vc_col-xs-offset-1 vc_col-xs-10\"><div class=\"vc_column-inner \"><div class=\"wpb_wrapper\">[vc_single_image image=\u00bb38505&#8243; img_size=\u00bbmedium\u00bb alignment=\u00bbcenter\u00bb el_class=\u00bbptb22-xs\u00bb]<\/div><\/div><\/div><div class=\"wpb_column vc_column_container vc_col-sm-8 vc_col-lg-offset-0 vc_col-lg-4 vc_col-md-offset-0 vc_col-md-5 vc_col-sm-offset-2 vc_col-xs-offset-1 vc_col-xs-10\"><div class=\"vc_column-inner \"><div class=\"wpb_wrapper\"><div class=\"last-paragraph-no-margin\"><p><strong>Antolin<\/strong> es uno de los <strong>mayores fabricantes de componentes para el autom\u00f3vil del mundo y proveedor global de soluciones tecnol\u00f3gicas del interior del veh\u00edculo<\/strong>. La compa\u00f1\u00eda cuenta con cerca de 140 f\u00e1bricas en 26 pa\u00edses con 25.000 empleados.<\/p>\n<\/div><\/div><\/div><\/div><div class=\"wpb_column vc_column_container vc_col-sm-8 vc_col-sm-offset-2 vc_col-xs-offset-1 vc_col-xs-10\"><div class=\"vc_column-inner \"><div class=\"wpb_wrapper\"><div class=\"pb22-xs last-paragraph-no-margin\"><p>Ofrece productos de alto valor a\u00f1adido para equipar el interior de coche a trav\u00e9s de sus actividades de iluminaci\u00f3n, sistemas electr\u00f3nicos y HMI, cockpits, puertas y techos. Su larga tradici\u00f3n industrial, su amplio conocimiento y la apuesta por la innovaci\u00f3n, la digitalizaci\u00f3n y la calidad, han hecho de <strong>Antolin<\/strong> un socio clave de los fabricantes en el desarrollo de veh\u00edculos m\u00e1s tecnol\u00f3gicos, confortables y sostenibles.<\/p>\n<\/div><div class=\"pb22-xs last-paragraph-no-margin\"><p>Dentro de las iniciativas de transformaci\u00f3n tecnol\u00f3gica, <strong>Antolin<\/strong> analiz\u00f3 diferentes soluciones para <em>evolucionar los procesos de gesti\u00f3n interna<\/em> en la Direcci\u00f3n de Sistemas de Informaci\u00f3n. Dentro del amplio abanico de posibilidades disponibles en el mercado, se encontraron m\u00faltiples sinergias apostando por una soluci\u00f3n basada en los productos Jira Software y Jira Service Management del portfolio de soluciones de Atlassian.<\/p>\n<\/div><\/div><\/div><\/div><div class=\"wpb_column vc_column_container vc_col-sm-8 vc_col-lg-offset-2 vc_col-lg-4 vc_col-md-offset-1 vc_col-md-5 vc_col-sm-offset-2 vc_col-xs-offset-1 vc_col-xs-10\"><div class=\"vc_column-inner \"><div class=\"wpb_wrapper\"><div class=\"last-paragraph-no-margin\"><p>De esta manera, bajo una \u00fanica plataforma basada en la nube de Atlassian, los equipos IT de <strong>Antolin<\/strong> pasar\u00edan a beneficiarse de una gesti\u00f3n integrada tanto de la parte de proyectos como de servicios ofrecidos a la Organizaci\u00f3n, ofreciendo adem\u00e1s una experiencia unificada para todos los agentes involucrados en estos procesos y a un coste \u00f3ptimo.<\/p>\n<\/div><\/div><\/div><\/div><div class=\"wpb_column vc_column_container vc_col-sm-6 vc_col-lg-offset-0 vc_col-lg-4 vc_col-md-offset-0 vc_col-md-5 vc_col-sm-offset-3 vc_col-xs-offset-2 vc_col-xs-8\"><div class=\"vc_column-inner \"><div class=\"wpb_wrapper\">[vc_single_image image=\u00bb37091&#8243; img_size=\u00bbfull\u00bb alignment=\u00bbcenter\u00bb]<\/div><\/div><\/div><div class=\"wpb_column vc_column_container vc_col-sm-8 vc_col-sm-offset-2 vc_col-xs-offset-1 vc_col-xs-10\"><div class=\"vc_column-inner \"><div class=\"wpb_wrapper\"><div class=\"last-paragraph-no-margin\"><blockquote>\n<p>\u00ab<strong>TecnoFor<\/strong>, como Atlassian Platinum Partner, ha acompa\u00f1ado a <strong>Antolin<\/strong> a trav\u00e9s del largo y detallado proceso de an\u00e1lisis de herramientas, ayudando en el proceso de toma de decisi\u00f3n mediante la realizaci\u00f3n de demostraciones personalizadas, la ejecuci\u00f3n de m\u00faltiples dise\u00f1os y enfoques sobre los propios procesos de Antolin y facilitando una fluida relaci\u00f3n con el equipo comercial de Atlassian para cerrar un acuerdo de licenciamiento a largo plazo\u00bb<\/p>\n<p>&#8211; <em>Katy Garc\u00eda Urien, IT Operation Director en Antolin.<\/em><\/p>\n<\/blockquote>\n<\/div><\/div><\/div><\/div><div class=\"wpb_column vc_column_container vc_col-sm-8 vc_col-sm-offset-2 vc_col-xs-offset-1 vc_col-xs-10\"><div class=\"vc_column-inner \"><div class=\"wpb_wrapper\"><div class=\"last-paragraph-no-margin\"><p>Para cuando el proceso de transici\u00f3n concluya, ya se han identificado nuevas potenciales oportunidades de crecimiento dentro de la plataforma de Atlassian que convertir\u00e1n a Jira en una <em>herramienta clave<\/em> del proceso de <em>Transformaci\u00f3n Digital<\/em> en <strong>Antolin<\/strong>.<\/p>\n<\/div>[vc_single_image image=\u00bb37092&#8243; img_size=\u00bbfull\u00bb alignment=\u00bbcenter\u00bb el_class=\u00bbptb22-sm\u00bb]<\/div><\/div><\/div><\/section><section data-vc-full-width=\"true\" data-vc-full-width-init=\"false\" class=\"vc_row wpb_row vc_row-fluid brand22 pt22-sm pb22 cta22 em22 softbg  wow fadeIn pofo-stretch-content pofo-stretch-row-container\"><div class=\"wpb_column vc_column_container vc_col-sm-8 vc_col-sm-offset-2 vc_col-xs-offset-1 vc_col-xs-10\"><div class=\"vc_column-inner \"><div class=\"wpb_wrapper\">[vc_raw_html]JTVCdG5mX3NlcGFyYWRvciUyMGhvcml6b250YWwlM0QxJTVE[\/vc_raw_html]<div class=\"last-paragraph-no-margin\"><h4>\u00bfHablamos de tu caso?<\/h4>\n<\/div><a  href=\"https:\/\/tecnofor.es\/contacto\/?utm_medium=web&#038;utm_source=caso-exito&#038;utm_content=caso-exito-antolin#formulario\" target=\"_blank\" class=\"btn btn22 followutm pofo-button-1 button-style1  btn-dark-gray  btn-medium \" >\u00a1Escr\u00edbenos!<\/a><\/div><\/div><\/div><\/section><div class=\"vc_row-full-width vc_clearfix\"><\/div>\n<\/div>","protected":false},"excerpt":{"rendered":"CASO DE \u00c9XITO [vc_raw_html]JTVCdG5mX3NlcGFyYWRvciU1RA==[\/vc_raw_html]Jira ser\u00e1 clave en el proceso de Transformaci\u00f3n Digital en Antolin [vc_single_image image=\"38505\" img_size=\"medium\" alignment=\"center\" el_class=\"ptb22-xs\"]Antolin es uno de los mayores fabricantes de componentes para el autom\u00f3vil del mundo y proveedor global de soluciones tecnol\u00f3gicas del interior del veh\u00edculo. La compa\u00f1\u00eda cuenta con cerca de 140 f\u00e1bricas en 26 pa\u00edses con 25.000 empleados. Ofrece productos de alto valor a\u00f1adido para equipar el interior de coche a trav\u00e9s de sus actividades de iluminaci\u00f3n, sistemas electr\u00f3nicos y HMI, cockpits, puertas y techos. Su larga tradici\u00f3n industrial, su amplio conocimiento y la apuesta por la innovaci\u00f3n, la digitalizaci\u00f3n y la calidad, han hecho de Antolin un socio clave de los fabricantes en el desarrollo de veh\u00edculos m\u00e1s tecnol\u00f3gicos, confortables y sostenibles. Dentro de las iniciativas de transformaci\u00f3n tecnol\u00f3gica, Antolin analiz\u00f3 diferentes soluciones para evolucionar los procesos de gesti\u00f3n interna en la Direcci\u00f3n de Sistemas de Informaci\u00f3n. Dentro del amplio abanico de posibilidades disponibles en el mercado, se encontraron m\u00faltiples sinergias apostando por una soluci\u00f3n basada en los productos Jira Software y Jira Service Management del portfolio de soluciones de Atlassian. De esta manera, bajo una \u00fanica plataforma basada en la nube de Atlassian, los equipos IT de Antolin pasar\u00edan a...","protected":false},"author":10,"featured_media":42206,"parent":0,"menu_order":0,"comment_status":"closed","ping_status":"closed","template":"","meta":{"inline_featured_image":false,"footnotes":""},"class_list":["post-37079","page","type-page","status-publish","has-post-thumbnail","hentry"],"yoast_head":"<!-- This site is optimized with the Yoast SEO plugin v26.9 - https:\/\/yoast.com\/product\/yoast-seo-wordpress\/ -->\n<title>Jira, clave en el proceso de transformaci\u00f3n digital de Antolin - Atlassian Sngular<\/title>\n<meta name=\"description\" content=\"Jira, clave en el proceso de transformaci\u00f3n digital de grupo Antolin\" \/>\n<meta name=\"robots\" content=\"index, follow, max-snippet:-1, max-image-preview:large, max-video-preview:-1\" \/>\n<link rel=\"canonical\" href=\"https:\/\/partners.sngular.com\/atlassian\/caso-de-exito-antolin\/\" \/>\n<meta property=\"og:locale\" content=\"es_ES\" \/>\n<meta property=\"og:type\" content=\"article\" \/>\n<meta property=\"og:title\" content=\"Jira, clave en el proceso de transformaci\u00f3n digital de Antolin - Atlassian Sngular\" \/>\n<meta property=\"og:description\" content=\"Jira, clave en el proceso de transformaci\u00f3n digital de grupo Antolin\" \/>\n<meta property=\"og:url\" content=\"https:\/\/partners.sngular.com\/atlassian\/caso-de-exito-antolin\/\" \/>\n<meta property=\"og:site_name\" content=\"Atlassian Sngular\" \/>\n<meta property=\"article:modified_time\" content=\"2023-11-06T09:00:39+00:00\" \/>\n<meta property=\"og:image\" content=\"https:\/\/partners.sngular.com\/atlassian\/wp-content\/uploads\/2023\/11\/Caso-de-exito-Antolin-rrss.png\" \/>\n\t<meta property=\"og:image:width\" content=\"1920\" \/>\n\t<meta property=\"og:image:height\" content=\"1080\" \/>\n\t<meta property=\"og:image:type\" content=\"image\/png\" \/>\n<meta name=\"twitter:card\" content=\"summary_large_image\" \/>\n<script type=\"application\/ld+json\" class=\"yoast-schema-graph\">{\"@context\":\"https:\/\/schema.org\",\"@graph\":[{\"@type\":\"WebPage\",\"@id\":\"https:\/\/partners.sngular.com\/atlassian\/caso-de-exito-antolin\/\",\"url\":\"https:\/\/partners.sngular.com\/atlassian\/caso-de-exito-antolin\/\",\"name\":\"Jira, clave en el proceso de transformaci\u00f3n digital de Antolin - Atlassian Sngular\",\"isPartOf\":{\"@id\":\"https:\/\/partners.sngular.com\/atlassian\/#website\"},\"primaryImageOfPage\":{\"@id\":\"https:\/\/partners.sngular.com\/atlassian\/caso-de-exito-antolin\/#primaryimage\"},\"image\":{\"@id\":\"https:\/\/partners.sngular.com\/atlassian\/caso-de-exito-antolin\/#primaryimage\"},\"thumbnailUrl\":\"https:\/\/partners.sngular.com\/atlassian\/wp-content\/uploads\/2023\/11\/Caso-de-exito-Antolin-rrss.png\",\"datePublished\":\"2022-11-29T15:43:15+00:00\",\"dateModified\":\"2023-11-06T09:00:39+00:00\",\"description\":\"Jira, clave en el proceso de transformaci\u00f3n digital de grupo Antolin\",\"breadcrumb\":{\"@id\":\"https:\/\/partners.sngular.com\/atlassian\/caso-de-exito-antolin\/#breadcrumb\"},\"inLanguage\":\"es\",\"potentialAction\":[{\"@type\":\"ReadAction\",\"target\":[\"https:\/\/partners.sngular.com\/atlassian\/caso-de-exito-antolin\/\"]}]},{\"@type\":\"ImageObject\",\"inLanguage\":\"es\",\"@id\":\"https:\/\/partners.sngular.com\/atlassian\/caso-de-exito-antolin\/#primaryimage\",\"url\":\"https:\/\/partners.sngular.com\/atlassian\/wp-content\/uploads\/2023\/11\/Caso-de-exito-Antolin-rrss.png\",\"contentUrl\":\"https:\/\/partners.sngular.com\/atlassian\/wp-content\/uploads\/2023\/11\/Caso-de-exito-Antolin-rrss.png\",\"width\":1920,\"height\":1080},{\"@type\":\"BreadcrumbList\",\"@id\":\"https:\/\/partners.sngular.com\/atlassian\/caso-de-exito-antolin\/#breadcrumb\",\"itemListElement\":[{\"@type\":\"ListItem\",\"position\":1,\"name\":\"Portada\",\"item\":\"https:\/\/partners.sngular.com\/atlassian\/\"},{\"@type\":\"ListItem\",\"position\":2,\"name\":\"Jira, clave en el proceso de transformaci\u00f3n digital de Antolin\"}]},{\"@type\":\"WebSite\",\"@id\":\"https:\/\/partners.sngular.com\/atlassian\/#website\",\"url\":\"https:\/\/partners.sngular.com\/atlassian\/\",\"name\":\"Atlassian Sngular\",\"description\":\"\",\"publisher\":{\"@id\":\"https:\/\/partners.sngular.com\/atlassian\/#organization\"},\"potentialAction\":[{\"@type\":\"SearchAction\",\"target\":{\"@type\":\"EntryPoint\",\"urlTemplate\":\"https:\/\/partners.sngular.com\/atlassian\/?s={search_term_string}\"},\"query-input\":{\"@type\":\"PropertyValueSpecification\",\"valueRequired\":true,\"valueName\":\"search_term_string\"}}],\"inLanguage\":\"es\"},{\"@type\":\"Organization\",\"@id\":\"https:\/\/partners.sngular.com\/atlassian\/#organization\",\"name\":\"TecnoFor\",\"url\":\"https:\/\/partners.sngular.com\/atlassian\/\",\"logo\":{\"@type\":\"ImageObject\",\"inLanguage\":\"es\",\"@id\":\"https:\/\/partners.sngular.com\/atlassian\/#\/schema\/logo\/image\/\",\"url\":\"https:\/\/partners.sngular.com\/atlassian\/wp-content\/uploads\/2022\/03\/Logo-Tecnofor-2022-grande-color-transparente-16-9.png\",\"contentUrl\":\"https:\/\/partners.sngular.com\/atlassian\/wp-content\/uploads\/2022\/03\/Logo-Tecnofor-2022-grande-color-transparente-16-9.png\",\"width\":1123,\"height\":632,\"caption\":\"TecnoFor\"},\"image\":{\"@id\":\"https:\/\/partners.sngular.com\/atlassian\/#\/schema\/logo\/image\/\"}}]}<\/script>\n<!-- \/ Yoast SEO plugin. -->","yoast_head_json":{"title":"Jira, clave en el proceso de transformaci\u00f3n digital de Antolin - Atlassian Sngular","description":"Jira, clave en el proceso de transformaci\u00f3n digital de grupo Antolin","robots":{"index":"index","follow":"follow","max-snippet":"max-snippet:-1","max-image-preview":"max-image-preview:large","max-video-preview":"max-video-preview:-1"},"canonical":"https:\/\/partners.sngular.com\/atlassian\/caso-de-exito-antolin\/","og_locale":"es_ES","og_type":"article","og_title":"Jira, clave en el proceso de transformaci\u00f3n digital de Antolin - Atlassian Sngular","og_description":"Jira, clave en el proceso de transformaci\u00f3n digital de grupo Antolin","og_url":"https:\/\/partners.sngular.com\/atlassian\/caso-de-exito-antolin\/","og_site_name":"Atlassian Sngular","article_modified_time":"2023-11-06T09:00:39+00:00","og_image":[{"width":1920,"height":1080,"url":"https:\/\/partners.sngular.com\/atlassian\/wp-content\/uploads\/2023\/11\/Caso-de-exito-Antolin-rrss.png","type":"image\/png"}],"twitter_card":"summary_large_image","schema":{"@context":"https:\/\/schema.org","@graph":[{"@type":"WebPage","@id":"https:\/\/partners.sngular.com\/atlassian\/caso-de-exito-antolin\/","url":"https:\/\/partners.sngular.com\/atlassian\/caso-de-exito-antolin\/","name":"Jira, clave en el proceso de transformaci\u00f3n digital de Antolin - Atlassian Sngular","isPartOf":{"@id":"https:\/\/partners.sngular.com\/atlassian\/#website"},"primaryImageOfPage":{"@id":"https:\/\/partners.sngular.com\/atlassian\/caso-de-exito-antolin\/#primaryimage"},"image":{"@id":"https:\/\/partners.sngular.com\/atlassian\/caso-de-exito-antolin\/#primaryimage"},"thumbnailUrl":"https:\/\/partners.sngular.com\/atlassian\/wp-content\/uploads\/2023\/11\/Caso-de-exito-Antolin-rrss.png","datePublished":"2022-11-29T15:43:15+00:00","dateModified":"2023-11-06T09:00:39+00:00","description":"Jira, clave en el proceso de transformaci\u00f3n digital de grupo Antolin","breadcrumb":{"@id":"https:\/\/partners.sngular.com\/atlassian\/caso-de-exito-antolin\/#breadcrumb"},"inLanguage":"es","potentialAction":[{"@type":"ReadAction","target":["https:\/\/partners.sngular.com\/atlassian\/caso-de-exito-antolin\/"]}]},{"@type":"ImageObject","inLanguage":"es","@id":"https:\/\/partners.sngular.com\/atlassian\/caso-de-exito-antolin\/#primaryimage","url":"https:\/\/partners.sngular.com\/atlassian\/wp-content\/uploads\/2023\/11\/Caso-de-exito-Antolin-rrss.png","contentUrl":"https:\/\/partners.sngular.com\/atlassian\/wp-content\/uploads\/2023\/11\/Caso-de-exito-Antolin-rrss.png","width":1920,"height":1080},{"@type":"BreadcrumbList","@id":"https:\/\/partners.sngular.com\/atlassian\/caso-de-exito-antolin\/#breadcrumb","itemListElement":[{"@type":"ListItem","position":1,"name":"Portada","item":"https:\/\/partners.sngular.com\/atlassian\/"},{"@type":"ListItem","position":2,"name":"Jira, clave en el proceso de transformaci\u00f3n digital de Antolin"}]},{"@type":"WebSite","@id":"https:\/\/partners.sngular.com\/atlassian\/#website","url":"https:\/\/partners.sngular.com\/atlassian\/","name":"Atlassian Sngular","description":"","publisher":{"@id":"https:\/\/partners.sngular.com\/atlassian\/#organization"},"potentialAction":[{"@type":"SearchAction","target":{"@type":"EntryPoint","urlTemplate":"https:\/\/partners.sngular.com\/atlassian\/?s={search_term_string}"},"query-input":{"@type":"PropertyValueSpecification","valueRequired":true,"valueName":"search_term_string"}}],"inLanguage":"es"},{"@type":"Organization","@id":"https:\/\/partners.sngular.com\/atlassian\/#organization","name":"TecnoFor","url":"https:\/\/partners.sngular.com\/atlassian\/","logo":{"@type":"ImageObject","inLanguage":"es","@id":"https:\/\/partners.sngular.com\/atlassian\/#\/schema\/logo\/image\/","url":"https:\/\/partners.sngular.com\/atlassian\/wp-content\/uploads\/2022\/03\/Logo-Tecnofor-2022-grande-color-transparente-16-9.png","contentUrl":"https:\/\/partners.sngular.com\/atlassian\/wp-content\/uploads\/2022\/03\/Logo-Tecnofor-2022-grande-color-transparente-16-9.png","width":1123,"height":632,"caption":"TecnoFor"},"image":{"@id":"https:\/\/partners.sngular.com\/atlassian\/#\/schema\/logo\/image\/"}}]}},"meta_box":[],"_links":{"self":[{"href":"https:\/\/partners.sngular.com\/atlassian\/wp-json\/wp\/v2\/pages\/37079","targetHints":{"allow":["GET"]}}],"collection":[{"href":"https:\/\/partners.sngular.com\/atlassian\/wp-json\/wp\/v2\/pages"}],"about":[{"href":"https:\/\/partners.sngular.com\/atlassian\/wp-json\/wp\/v2\/types\/page"}],"author":[{"embeddable":true,"href":"https:\/\/partners.sngular.com\/atlassian\/wp-json\/wp\/v2\/users\/10"}],"replies":[{"embeddable":true,"href":"https:\/\/partners.sngular.com\/atlassian\/wp-json\/wp\/v2\/comments?post=37079"}],"version-history":[{"count":27,"href":"https:\/\/partners.sngular.com\/atlassian\/wp-json\/wp\/v2\/pages\/37079\/revisions"}],"predecessor-version":[{"id":52954,"href":"https:\/\/partners.sngular.com\/atlassian\/wp-json\/wp\/v2\/pages\/37079\/revisions\/52954"}],"wp:featuredmedia":[{"embeddable":true,"href":"https:\/\/partners.sngular.com\/atlassian\/wp-json\/wp\/v2\/media\/42206"}],"wp:attachment":[{"href":"https:\/\/partners.sngular.com\/atlassian\/wp-json\/wp\/v2\/media?parent=37079"}],"curies":[{"name":"wp","href":"https:\/\/api.w.org\/{rel}","templated":true}]}}