{"id":39671,"date":"2023-06-21T09:44:10","date_gmt":"2023-06-21T09:44:10","guid":{"rendered":"https:\/\/partners.sngular.com\/atlassian\/?page_id=39671"},"modified":"2026-02-10T16:04:24","modified_gmt":"2026-02-10T15:04:24","slug":"absoftware-migra-a-cloud-una-instancia-de-100-proyectos-170k-tareas-y-decenas-de-flujos-de-trabajo","status":"publish","type":"page","link":"https:\/\/partners.sngular.com\/atlassian\/absoftware-migra-a-cloud-una-instancia-de-100-proyectos-170k-tareas-y-decenas-de-flujos-de-trabajo\/","title":{"rendered":"ABSoftware migra a Cloud una instancia de 100 proyectos, 170k tareas y decenas de flujos de trabajo"},"content":{"rendered":"<div class=\"wpb-content-wrapper\"><section data-vc-full-width=\"true\" data-vc-full-width-init=\"false\" data-vc-stretch-content=\"true\" class=\"vc_row wpb_row vc_row-fluid brand22 hero22 heroslider cerrando em22 darkbg pb22-lg  pofo-stretch-content vc_row-no-padding\"><div class=\"wpb_column vc_column_container vc_col-sm-12  col-xs-mobile-fullwidth\"><div class=\"vc_column-inner \"><div class=\"wpb_wrapper\"><div class=\"vc_row wpb_row vc_inner vc_row-fluid slide  vc_row-o-equal-height vc_row-o-content-middle vc_row-flex\"><div class=\"wpb_column vc_column_container ptb22-sm vc_col-sm-8  col-xs-mobile-fullwidth\"><div class=\"vc_column-inner \"><div class=\"wpb_wrapper\"><div class=\"pb22-xs last-paragraph-no-margin\"><h1>Caso de \u00e9xito<\/h1>\n<\/div><div class=\"pb22-xs last-paragraph-no-margin\"><p>ABSoftware migra a Cloud una instancia de 100 proyectos, 170k tareas y decenas de flujos de trabajo personalizados<\/p>\n<\/div><a  href=\"https:\/\/partners.sngular.com\/atlassian\/contacto\/#origen=caso-exito-absoftware\" target=\"_blank\" class=\"btn pofo-button-1 button-style1  btn-dark-gray\" >Quiero ser el siguiente caso de \u00e9xito<\/a><\/div><\/div><\/div><div class=\"wpb_column vc_column_container vc_col-sm-4  col-xs-mobile-fullwidth\"><div class=\"vc_column-inner \"><div class=\"wpb_wrapper\">[vc_single_image image=&#8221;52931&#8243; img_size=&#8221;full&#8221; css=&#8221;&#8221;]<\/div><\/div><\/div><\/div>[vc_raw_html css=&#8221;&#8221;]JTVCc25nJTIwaGVybyU1RA==[\/vc_raw_html]<\/div><\/div><\/div><\/section><div class=\"vc_row-full-width vc_clearfix\"><\/div><section class=\"vc_row wpb_row vc_row-fluid brand22 pb22-sm em22 espaciado-sm\"><div class=\"wpb_column vc_column_container vc_col-sm-6 vc_col-lg-offset-2 vc_col-lg-4 vc_col-md-offset-1 vc_col-md-5 vc_col-sm-offset-3 vc_col-xs-offset-2 vc_col-xs-8\"><div class=\"vc_column-inner \"><div class=\"wpb_wrapper\">[vc_single_image image=&#8221;39675&#8243; img_size=&#8221;full&#8221;]<\/div><\/div><\/div><div class=\"wpb_column vc_column_container vc_col-sm-8 vc_col-lg-offset-0 vc_col-lg-4 vc_col-md-offset-0 vc_col-md-5 vc_col-sm-offset-2 vc_col-xs-offset-1 vc_col-xs-10\"><div class=\"vc_column-inner \"><div class=\"wpb_wrapper\"><div class=\"last-paragraph-no-margin\"><p><strong>ABSoftware<\/strong> nace en el 2013, como una iniciativa del <strong>Grupo AGBAR<\/strong> con el inter\u00e9s de desarrollar nuevos productos y proyectos tecnol\u00f3gicos que ayuden a la digitalizaci\u00f3n de la gesti\u00f3n del ciclo integral del agua. Nuestro objetivo es lograr administrar eficientemente este recurso escaso, para mejorar la calidad de vida de las personas, en equilibrio con el medio ambiente.<\/p>\n<\/div><\/div><\/div><\/div><div class=\"wpb_column vc_column_container vc_col-sm-8 vc_col-sm-offset-2 vc_col-xs-offset-1 vc_col-xs-10\"><div class=\"vc_column-inner \"><div class=\"wpb_wrapper\"><div class=\"last-paragraph-no-margin\"><p>En <strong>ABSoftware<\/strong> ya utilizaban Jira para llevar a cabo la mayor\u00eda de sus actividades: desde la planificaci\u00f3n de nuevas iniciativas y proyectos, a la puesta en marcha de nuevos desarrollos o resoluci\u00f3n de errores.<\/p>\n<\/div><\/div><\/div><\/div><div class=\"wpb_column vc_column_container vc_col-sm-8 vc_col-sm-offset-2 vc_col-xs-offset-1 vc_col-xs-10\"><div class=\"vc_column-inner \"><div class=\"wpb_wrapper\"><div class=\"pb22-xs last-paragraph-no-margin\"><p>Debido a que <strong>Atlassian<\/strong> tiene previsto descontinuar el soporte a <strong>Jira Server<\/strong> surgi\u00f3 la necesidad de migrar la actual instancia de Jira Server al ecosistema <strong>Cloud<\/strong>.<\/p>\n<\/div><div class=\"last-paragraph-no-margin\"><p>Iniciamos el proyecto con un assessment completo sobre la actual instancia de Jira Server, no solo para analizar la viabilidad de la migraci\u00f3n, sino para poder trazar el plan de migraci\u00f3n m\u00e1s adecuado.<\/p>\n<\/div><\/div><\/div><\/div><div class=\"wpb_column vc_column_container vc_col-sm-8 vc_col-sm-offset-2 vc_col-xs-offset-1 vc_col-xs-10\"><div class=\"vc_column-inner \"><div class=\"wpb_wrapper\"><div class=\"last-paragraph-no-margin\"><p>Esta <strong>instancia est\u00e1 altamente personalizada<\/strong>, tanto con c\u00f3digo propio para desarrollos en los proyectos, como por la integraci\u00f3n con aplicaciones externas. <strong>La volumetr\u00eda de esta instancia era considerable<\/strong>: ~100 proyectos, 170.000 tareas y decenas de flujos de trabajo diferentes adaptados a la necesidad de cada proyecto.<\/p>\n<\/div><\/div><\/div><\/div><div class=\"wpb_column vc_column_container vc_col-sm-8 vc_col-sm-offset-2 vc_col-xs-offset-1 vc_col-xs-10\"><div class=\"vc_column-inner \"><div class=\"wpb_wrapper\"><div class=\"last-paragraph-no-margin\"><p>A todo ello hay que sumarle que durante el proceso de migraci\u00f3n, se estaba realizando una unificaci\u00f3n de dominios corporativos, afectando al email de los usuarios y por lo tanto, a la gesti\u00f3n de accesos que habr\u00eda que realizar en la instancia de Jira.<\/p>\n<\/div><\/div><\/div><\/div><div class=\"wpb_column vc_column_container vc_col-sm-8 vc_col-sm-offset-2 vc_col-xs-offset-1 vc_col-xs-10\"><div class=\"vc_column-inner \"><div class=\"wpb_wrapper\"><div class=\"last-paragraph-no-margin\"><blockquote><p>\n\u00abDurante todo el proceso se estableci\u00f3 un equipo de trabajo entre <strong>ABSoftware<\/strong> y <strong>Sngular<\/strong> (antes TecnoFor) que ha sido clave a la hora de llevar este proyecto en tiempo y forma. El plazo era muy ajustado y como en toda migraci\u00f3n, surgieron imprevistos que hubo que resolver de forma \u00e1gil.\u00bb<\/p>\n<p>&#8211; <em>Claudio Lande. Head Of Governance at Aquae Business Software, AGBAR \/ Veolia Group\u00a0<\/em>\n<\/p><\/blockquote>\n<\/div><\/div><\/div><\/div><div class=\"wpb_column vc_column_container vc_col-sm-8 vc_col-sm-offset-2 vc_col-xs-offset-1 vc_col-xs-10\"><div class=\"vc_column-inner \"><div class=\"wpb_wrapper\"><div class=\"last-paragraph-no-margin\"><p>El hecho de que meses antes ya se trabajara en <strong>Jira Cloud<\/strong> con otros equipos del grupo de forma satisfactoria, permiti\u00f3 que muchos usuarios ya conocieran el proceso, la metodolog\u00eda de trabajo, la herramienta y sus funcionalidades.<\/p>\n<p>La clave del plan de migraci\u00f3n ha sido poder dividir al m\u00e1ximo el proceso en s\u00ed, para que los usuarios se vieran afectados el menor tiempo posible. En todo momento la <strong>comunicaci\u00f3n<\/strong> ha sido <strong>fluida<\/strong> con el equipo, para que todo el mundo tuviera muy claro los pr\u00f3ximos pasos, <strong>modificaciones en la instancia y resoluci\u00f3n de dudas<\/strong>. Realizamos sesiones de <strong>formaci\u00f3n<\/strong> con todas las personas implicadas y acompa\u00f1amos a todos los perfiles seg\u00fan sus necesidades.<\/p>\n<\/div><\/div><\/div><\/div><div class=\"wpb_column vc_column_container vc_col-sm-8 vc_col-lg-offset-2 vc_col-lg-4 vc_col-md-offset-1 vc_col-md-5 vc_col-sm-offset-2 vc_col-xs-offset-1 vc_col-xs-10\"><div class=\"vc_column-inner \"><div class=\"wpb_wrapper\"><\/div><\/div><\/div><div class=\"wpb_column vc_column_container vc_col-sm-6 vc_col-lg-offset-0 vc_col-lg-4 vc_col-md-offset-0 vc_col-md-5 vc_col-sm-offset-3 vc_col-xs-offset-2 vc_col-xs-8\"><div class=\"vc_column-inner \"><div class=\"wpb_wrapper\"><\/div><\/div><\/div><\/section><section data-vc-full-width=\"true\" data-vc-full-width-init=\"false\" class=\"vc_row wpb_row vc_row-fluid brand22 pt22-sm pb22 cta22 em22 vc_custom_1770722436474 wow fadeIn vc_row-has-fill pofo-stretch-content pofo-stretch-row-container\"><div class=\"wpb_column vc_column_container vc_col-sm-8 vc_col-sm-offset-2 vc_col-xs-offset-1 vc_col-xs-10\"><div class=\"vc_column-inner \"><div class=\"wpb_wrapper\"><div class=\"last-paragraph-no-margin\"><h4>\u00bfHablamos de tu caso?<\/h4>\n<\/div><div class=\"last-paragraph-no-margin\"><p>Con el anuncio del fin de Data Center, migrar a Cloud ya no es una opci\u00f3n. Conf\u00eda en un Atlassian Platinum Partner experto en Migraciones para dar el paso.<\/p>\n<\/div><a  href=\"https:\/\/partners.sngular.com\/atlassian\/contacto\/#origen=caso-exito-absoftware\" target=\"_blank\" class=\"btn btn22 followutm pofo-button-2 button-style1  btn-dark-gray  btn-medium \" >\u00a1Escr\u00edbenos!<\/a><\/div><\/div><\/div><\/section><div class=\"vc_row-full-width vc_clearfix\"><\/div>\n<\/div>","protected":false},"excerpt":{"rendered":"Caso de \u00e9xito ABSoftware migra a Cloud una instancia de 100 proyectos, 170k tareas y decenas de flujos de trabajo personalizados Quiero ser el siguiente caso de \u00e9xito[vc_single_image image=\"52931\" img_size=\"full\" css=\"\"][vc_raw_html css=\"\"]JTVCc25nJTIwaGVybyU1RA==[\/vc_raw_html][vc_single_image image=\"39675\" img_size=\"full\"]ABSoftware nace en el 2013, como una iniciativa del Grupo AGBAR con el inter\u00e9s de desarrollar nuevos productos y proyectos tecnol\u00f3gicos que ayuden a la digitalizaci\u00f3n de la gesti\u00f3n del ciclo integral del agua. Nuestro objetivo es lograr administrar eficientemente este recurso escaso, para mejorar la calidad de vida de las personas, en equilibrio con el medio ambiente. En ABSoftware ya utilizaban Jira para llevar a cabo la mayor\u00eda de sus actividades: desde la planificaci\u00f3n de nuevas iniciativas y proyectos, a la puesta en marcha de nuevos desarrollos o resoluci\u00f3n de errores. Debido a que Atlassian tiene previsto descontinuar el soporte a Jira Server surgi\u00f3 la necesidad de migrar la actual instancia de Jira Server al ecosistema Cloud. Iniciamos el proyecto con un assessment completo sobre la actual instancia de Jira Server, no solo para analizar la viabilidad de la migraci\u00f3n, sino para poder trazar el plan de migraci\u00f3n m\u00e1s adecuado. Esta instancia est\u00e1 altamente personalizada, tanto con c\u00f3digo propio para desarrollos en los proyectos, como por...","protected":false},"author":3,"featured_media":51447,"parent":0,"menu_order":0,"comment_status":"closed","ping_status":"closed","template":"","meta":{"inline_featured_image":false,"footnotes":""},"class_list":["post-39671","page","type-page","status-publish","has-post-thumbnail","hentry"],"yoast_head":"<!-- This site is optimized with the Yoast SEO plugin v26.9 - https:\/\/yoast.com\/product\/yoast-seo-wordpress\/ -->\n<title>ABSoftware migra a Cloud una instancia de 100 proyectos<\/title>\n<meta name=\"description\" content=\"Caso de \u00e9xito: ABSoftware conf\u00eda en Sngular para llevar a cabo la migraci\u00f3n de a Jira Cloud en tiempo y forma.\" \/>\n<meta name=\"robots\" content=\"index, follow, max-snippet:-1, max-image-preview:large, max-video-preview:-1\" \/>\n<link rel=\"canonical\" href=\"https:\/\/partners.sngular.com\/atlassian\/absoftware-migra-a-cloud-una-instancia-de-100-proyectos-170k-tareas-y-decenas-de-flujos-de-trabajo\/\" \/>\n<meta property=\"og:locale\" content=\"es_ES\" \/>\n<meta property=\"og:type\" content=\"article\" \/>\n<meta property=\"og:title\" content=\"ABSoftware migra a Cloud una instancia de 100 proyectos\" \/>\n<meta property=\"og:description\" content=\"Caso de \u00e9xito: ABSoftware conf\u00eda en Sngular para llevar a cabo la migraci\u00f3n de a Jira Cloud en tiempo y forma.\" \/>\n<meta property=\"og:url\" content=\"https:\/\/partners.sngular.com\/atlassian\/absoftware-migra-a-cloud-una-instancia-de-100-proyectos-170k-tareas-y-decenas-de-flujos-de-trabajo\/\" \/>\n<meta property=\"og:site_name\" content=\"Atlassian Sngular\" \/>\n<meta property=\"article:modified_time\" content=\"2026-02-10T15:04:24+00:00\" \/>\n<meta property=\"og:image\" content=\"https:\/\/partners.sngular.com\/atlassian\/wp-content\/uploads\/2025\/10\/imagen-destacada-casos-exito.jpg\" \/>\n\t<meta property=\"og:image:width\" content=\"1920\" \/>\n\t<meta property=\"og:image:height\" content=\"1067\" \/>\n\t<meta property=\"og:image:type\" content=\"image\/jpeg\" \/>\n<meta name=\"twitter:card\" content=\"summary_large_image\" \/>\n<script type=\"application\/ld+json\" class=\"yoast-schema-graph\">{\"@context\":\"https:\/\/schema.org\",\"@graph\":[{\"@type\":\"WebPage\",\"@id\":\"https:\/\/partners.sngular.com\/atlassian\/absoftware-migra-a-cloud-una-instancia-de-100-proyectos-170k-tareas-y-decenas-de-flujos-de-trabajo\/\",\"url\":\"https:\/\/partners.sngular.com\/atlassian\/absoftware-migra-a-cloud-una-instancia-de-100-proyectos-170k-tareas-y-decenas-de-flujos-de-trabajo\/\",\"name\":\"ABSoftware migra a Cloud una instancia de 100 proyectos\",\"isPartOf\":{\"@id\":\"https:\/\/partners.sngular.com\/atlassian\/#website\"},\"primaryImageOfPage\":{\"@id\":\"https:\/\/partners.sngular.com\/atlassian\/absoftware-migra-a-cloud-una-instancia-de-100-proyectos-170k-tareas-y-decenas-de-flujos-de-trabajo\/#primaryimage\"},\"image\":{\"@id\":\"https:\/\/partners.sngular.com\/atlassian\/absoftware-migra-a-cloud-una-instancia-de-100-proyectos-170k-tareas-y-decenas-de-flujos-de-trabajo\/#primaryimage\"},\"thumbnailUrl\":\"https:\/\/partners.sngular.com\/atlassian\/wp-content\/uploads\/2025\/10\/imagen-destacada-casos-exito.jpg\",\"datePublished\":\"2023-06-21T09:44:10+00:00\",\"dateModified\":\"2026-02-10T15:04:24+00:00\",\"description\":\"Caso de \u00e9xito: ABSoftware conf\u00eda en Sngular para llevar a cabo la migraci\u00f3n de a Jira Cloud en tiempo y forma.\",\"breadcrumb\":{\"@id\":\"https:\/\/partners.sngular.com\/atlassian\/absoftware-migra-a-cloud-una-instancia-de-100-proyectos-170k-tareas-y-decenas-de-flujos-de-trabajo\/#breadcrumb\"},\"inLanguage\":\"es-ES\",\"potentialAction\":[{\"@type\":\"ReadAction\",\"target\":[\"https:\/\/partners.sngular.com\/atlassian\/absoftware-migra-a-cloud-una-instancia-de-100-proyectos-170k-tareas-y-decenas-de-flujos-de-trabajo\/\"]}]},{\"@type\":\"ImageObject\",\"inLanguage\":\"es-ES\",\"@id\":\"https:\/\/partners.sngular.com\/atlassian\/absoftware-migra-a-cloud-una-instancia-de-100-proyectos-170k-tareas-y-decenas-de-flujos-de-trabajo\/#primaryimage\",\"url\":\"https:\/\/partners.sngular.com\/atlassian\/wp-content\/uploads\/2025\/10\/imagen-destacada-casos-exito.jpg\",\"contentUrl\":\"https:\/\/partners.sngular.com\/atlassian\/wp-content\/uploads\/2025\/10\/imagen-destacada-casos-exito.jpg\",\"width\":1920,\"height\":1067},{\"@type\":\"BreadcrumbList\",\"@id\":\"https:\/\/partners.sngular.com\/atlassian\/absoftware-migra-a-cloud-una-instancia-de-100-proyectos-170k-tareas-y-decenas-de-flujos-de-trabajo\/#breadcrumb\",\"itemListElement\":[{\"@type\":\"ListItem\",\"position\":1,\"name\":\"Portada\",\"item\":\"https:\/\/partners.sngular.com\/atlassian\/\"},{\"@type\":\"ListItem\",\"position\":2,\"name\":\"ABSoftware migra a Cloud una instancia de 100 proyectos, 170k tareas y decenas de flujos de trabajo\"}]},{\"@type\":\"WebSite\",\"@id\":\"https:\/\/partners.sngular.com\/atlassian\/#website\",\"url\":\"https:\/\/partners.sngular.com\/atlassian\/\",\"name\":\"Atlassian Sngular\",\"description\":\"\",\"publisher\":{\"@id\":\"https:\/\/partners.sngular.com\/atlassian\/#organization\"},\"potentialAction\":[{\"@type\":\"SearchAction\",\"target\":{\"@type\":\"EntryPoint\",\"urlTemplate\":\"https:\/\/partners.sngular.com\/atlassian\/?s={search_term_string}\"},\"query-input\":{\"@type\":\"PropertyValueSpecification\",\"valueRequired\":true,\"valueName\":\"search_term_string\"}}],\"inLanguage\":\"es-ES\"},{\"@type\":\"Organization\",\"@id\":\"https:\/\/partners.sngular.com\/atlassian\/#organization\",\"name\":\"TecnoFor\",\"url\":\"https:\/\/partners.sngular.com\/atlassian\/\",\"logo\":{\"@type\":\"ImageObject\",\"inLanguage\":\"es-ES\",\"@id\":\"https:\/\/partners.sngular.com\/atlassian\/#\/schema\/logo\/image\/\",\"url\":\"https:\/\/partners.sngular.com\/atlassian\/wp-content\/uploads\/2022\/03\/Logo-Tecnofor-2022-grande-color-transparente-16-9.png\",\"contentUrl\":\"https:\/\/partners.sngular.com\/atlassian\/wp-content\/uploads\/2022\/03\/Logo-Tecnofor-2022-grande-color-transparente-16-9.png\",\"width\":1123,\"height\":632,\"caption\":\"TecnoFor\"},\"image\":{\"@id\":\"https:\/\/partners.sngular.com\/atlassian\/#\/schema\/logo\/image\/\"}}]}<\/script>\n<!-- \/ Yoast SEO plugin. -->","yoast_head_json":{"title":"ABSoftware migra a Cloud una instancia de 100 proyectos","description":"Caso de \u00e9xito: ABSoftware conf\u00eda en Sngular para llevar a cabo la migraci\u00f3n de a Jira Cloud en tiempo y forma.","robots":{"index":"index","follow":"follow","max-snippet":"max-snippet:-1","max-image-preview":"max-image-preview:large","max-video-preview":"max-video-preview:-1"},"canonical":"https:\/\/partners.sngular.com\/atlassian\/absoftware-migra-a-cloud-una-instancia-de-100-proyectos-170k-tareas-y-decenas-de-flujos-de-trabajo\/","og_locale":"es_ES","og_type":"article","og_title":"ABSoftware migra a Cloud una instancia de 100 proyectos","og_description":"Caso de \u00e9xito: ABSoftware conf\u00eda en Sngular para llevar a cabo la migraci\u00f3n de a Jira Cloud en tiempo y forma.","og_url":"https:\/\/partners.sngular.com\/atlassian\/absoftware-migra-a-cloud-una-instancia-de-100-proyectos-170k-tareas-y-decenas-de-flujos-de-trabajo\/","og_site_name":"Atlassian Sngular","article_modified_time":"2026-02-10T15:04:24+00:00","og_image":[{"width":1920,"height":1067,"url":"https:\/\/partners.sngular.com\/atlassian\/wp-content\/uploads\/2025\/10\/imagen-destacada-casos-exito.jpg","type":"image\/jpeg"}],"twitter_card":"summary_large_image","schema":{"@context":"https:\/\/schema.org","@graph":[{"@type":"WebPage","@id":"https:\/\/partners.sngular.com\/atlassian\/absoftware-migra-a-cloud-una-instancia-de-100-proyectos-170k-tareas-y-decenas-de-flujos-de-trabajo\/","url":"https:\/\/partners.sngular.com\/atlassian\/absoftware-migra-a-cloud-una-instancia-de-100-proyectos-170k-tareas-y-decenas-de-flujos-de-trabajo\/","name":"ABSoftware migra a Cloud una instancia de 100 proyectos","isPartOf":{"@id":"https:\/\/partners.sngular.com\/atlassian\/#website"},"primaryImageOfPage":{"@id":"https:\/\/partners.sngular.com\/atlassian\/absoftware-migra-a-cloud-una-instancia-de-100-proyectos-170k-tareas-y-decenas-de-flujos-de-trabajo\/#primaryimage"},"image":{"@id":"https:\/\/partners.sngular.com\/atlassian\/absoftware-migra-a-cloud-una-instancia-de-100-proyectos-170k-tareas-y-decenas-de-flujos-de-trabajo\/#primaryimage"},"thumbnailUrl":"https:\/\/partners.sngular.com\/atlassian\/wp-content\/uploads\/2025\/10\/imagen-destacada-casos-exito.jpg","datePublished":"2023-06-21T09:44:10+00:00","dateModified":"2026-02-10T15:04:24+00:00","description":"Caso de \u00e9xito: ABSoftware conf\u00eda en Sngular para llevar a cabo la migraci\u00f3n de a Jira Cloud en tiempo y forma.","breadcrumb":{"@id":"https:\/\/partners.sngular.com\/atlassian\/absoftware-migra-a-cloud-una-instancia-de-100-proyectos-170k-tareas-y-decenas-de-flujos-de-trabajo\/#breadcrumb"},"inLanguage":"es-ES","potentialAction":[{"@type":"ReadAction","target":["https:\/\/partners.sngular.com\/atlassian\/absoftware-migra-a-cloud-una-instancia-de-100-proyectos-170k-tareas-y-decenas-de-flujos-de-trabajo\/"]}]},{"@type":"ImageObject","inLanguage":"es-ES","@id":"https:\/\/partners.sngular.com\/atlassian\/absoftware-migra-a-cloud-una-instancia-de-100-proyectos-170k-tareas-y-decenas-de-flujos-de-trabajo\/#primaryimage","url":"https:\/\/partners.sngular.com\/atlassian\/wp-content\/uploads\/2025\/10\/imagen-destacada-casos-exito.jpg","contentUrl":"https:\/\/partners.sngular.com\/atlassian\/wp-content\/uploads\/2025\/10\/imagen-destacada-casos-exito.jpg","width":1920,"height":1067},{"@type":"BreadcrumbList","@id":"https:\/\/partners.sngular.com\/atlassian\/absoftware-migra-a-cloud-una-instancia-de-100-proyectos-170k-tareas-y-decenas-de-flujos-de-trabajo\/#breadcrumb","itemListElement":[{"@type":"ListItem","position":1,"name":"Portada","item":"https:\/\/partners.sngular.com\/atlassian\/"},{"@type":"ListItem","position":2,"name":"ABSoftware migra a Cloud una instancia de 100 proyectos, 170k tareas y decenas de flujos de trabajo"}]},{"@type":"WebSite","@id":"https:\/\/partners.sngular.com\/atlassian\/#website","url":"https:\/\/partners.sngular.com\/atlassian\/","name":"Atlassian Sngular","description":"","publisher":{"@id":"https:\/\/partners.sngular.com\/atlassian\/#organization"},"potentialAction":[{"@type":"SearchAction","target":{"@type":"EntryPoint","urlTemplate":"https:\/\/partners.sngular.com\/atlassian\/?s={search_term_string}"},"query-input":{"@type":"PropertyValueSpecification","valueRequired":true,"valueName":"search_term_string"}}],"inLanguage":"es-ES"},{"@type":"Organization","@id":"https:\/\/partners.sngular.com\/atlassian\/#organization","name":"TecnoFor","url":"https:\/\/partners.sngular.com\/atlassian\/","logo":{"@type":"ImageObject","inLanguage":"es-ES","@id":"https:\/\/partners.sngular.com\/atlassian\/#\/schema\/logo\/image\/","url":"https:\/\/partners.sngular.com\/atlassian\/wp-content\/uploads\/2022\/03\/Logo-Tecnofor-2022-grande-color-transparente-16-9.png","contentUrl":"https:\/\/partners.sngular.com\/atlassian\/wp-content\/uploads\/2022\/03\/Logo-Tecnofor-2022-grande-color-transparente-16-9.png","width":1123,"height":632,"caption":"TecnoFor"},"image":{"@id":"https:\/\/partners.sngular.com\/atlassian\/#\/schema\/logo\/image\/"}}]}},"meta_box":[],"_links":{"self":[{"href":"https:\/\/partners.sngular.com\/atlassian\/wp-json\/wp\/v2\/pages\/39671","targetHints":{"allow":["GET"]}}],"collection":[{"href":"https:\/\/partners.sngular.com\/atlassian\/wp-json\/wp\/v2\/pages"}],"about":[{"href":"https:\/\/partners.sngular.com\/atlassian\/wp-json\/wp\/v2\/types\/page"}],"author":[{"embeddable":true,"href":"https:\/\/partners.sngular.com\/atlassian\/wp-json\/wp\/v2\/users\/3"}],"replies":[{"embeddable":true,"href":"https:\/\/partners.sngular.com\/atlassian\/wp-json\/wp\/v2\/comments?post=39671"}],"version-history":[{"count":24,"href":"https:\/\/partners.sngular.com\/atlassian\/wp-json\/wp\/v2\/pages\/39671\/revisions"}],"predecessor-version":[{"id":52990,"href":"https:\/\/partners.sngular.com\/atlassian\/wp-json\/wp\/v2\/pages\/39671\/revisions\/52990"}],"wp:featuredmedia":[{"embeddable":true,"href":"https:\/\/partners.sngular.com\/atlassian\/wp-json\/wp\/v2\/media\/51447"}],"wp:attachment":[{"href":"https:\/\/partners.sngular.com\/atlassian\/wp-json\/wp\/v2\/media?parent=39671"}],"curies":[{"name":"wp","href":"https:\/\/api.w.org\/{rel}","templated":true}]}}