{"id":40774,"date":"2023-09-14T10:27:25","date_gmt":"2023-09-14T10:27:25","guid":{"rendered":"https:\/\/partners.sngular.com\/atlassian\/?page_id=40774"},"modified":"2026-01-30T17:40:14","modified_gmt":"2026-01-30T16:40:14","slug":"licencias-atlassian","status":"publish","type":"page","link":"https:\/\/partners.sngular.com\/atlassian\/licencias-atlassian\/","title":{"rendered":"Licencias"},"content":{"rendered":"<div class=\"wpb-content-wrapper\"><section data-vc-full-width=\"true\" data-vc-full-width-init=\"false\" data-vc-stretch-content=\"true\" class=\"vc_row wpb_row vc_row-fluid brand22 hero22 heroslider cerrando em22 darkbg  pofo-stretch-content vc_row-no-padding\"><div class=\"wpb_column vc_column_container vc_col-sm-12  col-xs-mobile-fullwidth\"><div class=\"vc_column-inner \"><div class=\"wpb_wrapper\"><div class=\"vc_row wpb_row vc_inner vc_row-fluid slide  vc_row-o-equal-height vc_row-o-content-middle vc_row-flex\"><div class=\"wpb_column vc_column_container ptb22-sm vc_col-sm-6  col-xs-mobile-fullwidth\"><div class=\"vc_column-inner \"><div class=\"wpb_wrapper\"><div class=\"pb22-xs last-paragraph-no-margin\"><h1>Licencias<\/h1>\n<\/div><div class=\"pb22-xs last-paragraph-no-margin\"><p>Delega tu gesti\u00f3n de tus licencias Atlassian y obt\u00e9n el mejor precio en los productos y las colecciones de Atlassian: <a href=\"https:\/\/partners.sngular.com\/atlassian\/service-collection-2\/\">Service Collection<\/a>, <a href=\"https:\/\/partners.sngular.com\/atlassian\/teamwork-collection\/\">Teamwork Collection<\/a>, Strategy Collection y m\u00e1s.<\/p>\n<\/div><\/div><\/div><\/div><div class=\"wpb_column vc_column_container vc_col-sm-6  col-xs-mobile-fullwidth\"><div class=\"vc_column-inner \"><div class=\"wpb_wrapper\">[vc_single_image image=\u00bb51218&#8243; img_size=\u00bbfull\u00bb css=\u00bb\u00bb]<\/div><\/div><\/div><\/div>[vc_raw_html css=\u00bb\u00bb]JTVCc25nJTIwaGVybyU1RA==[\/vc_raw_html]<\/div><\/div><\/div><\/section><div class=\"vc_row-full-width vc_clearfix\"><\/div><section class=\"vc_row wpb_row vc_row-fluid brand22 ptb22-sm list-tick-azul\"><div class=\"wpb_column vc_column_container vc_col-sm-10  col-xs-mobile-fullwidth\"><div class=\"vc_column-inner \"><div class=\"wpb_wrapper\"><div class=\"last-paragraph-no-margin\"><p>Gestionar tus licencias a trav\u00e9s de un partner local es la mejor decisi\u00f3n: facturar\u00e1s en euros, con facilidades de pago, en tu mismo idioma y en tu franja horaria.<\/p>\n<p>Pagar\u00e1s solo por lo que realmente necesitas, gracias a la optimizaci\u00f3n de tus productos, apps y usuarios.<\/p>\n<\/div><\/div><\/div><\/div><\/section><section data-vc-full-width=\"true\" data-vc-full-width-init=\"false\" class=\"vc_row wpb_row vc_row-fluid brand22 pb22-sm  pofo-stretch-content pofo-stretch-row-container\"><div class=\"wpb_column vc_column_container vc_col-sm-offset-0 col-xs-mobile-fullwidth\"><div class=\"vc_column-inner \"><div class=\"wpb_wrapper\"><div class=\"vc_row wpb_row vc_inner vc_row-fluid iconos-caracteristicas iconos-caracteristicas-ancho\"><div class=\"wpb_column vc_column_container softbg vc_col-sm-2  col-xs-mobile-fullwidth\"><div class=\"vc_column-inner \"><div class=\"wpb_wrapper\">[vc_single_image image=\u00bb51524&#8243; img_size=\u00bbfull\u00bb css=\u00bb\u00bb]<div class=\"last-paragraph-no-margin\"><h3>Compramos tus licencias<\/h3>\n<p>Te asesoramos sobre el n\u00famero de usuarios y la mejor configuraci\u00f3n para el tama\u00f1o de tus equipos. De esta manera, asegurar\u00e1s un plan optimizado al m\u00e1ximo por expertos de Atlassian.<\/p>\n<\/div><\/div><\/div><\/div><div class=\"wpb_column vc_column_container softbg vc_col-sm-2  col-xs-mobile-fullwidth\"><div class=\"vc_column-inner \"><div class=\"wpb_wrapper\">[vc_single_image image=\u00bb51526&#8243; img_size=\u00bbfull\u00bb css=\u00bb\u00bb]<div class=\"last-paragraph-no-margin\"><h3>Renovamos tus licencias<\/h3>\n<p>Nos encargamos de hacer el seguimiento de tus licencias para renovarlas a tiempo. Aseg\u00farate de que no caduquen, que est\u00e9n en correcto mantenimiento para no entorpecer el trabajo de tus equipos y\u2026. \u00a1Ded\u00edcate a lo que realmente importa!<\/p>\n<\/div><\/div><\/div><\/div><div class=\"wpb_column vc_column_container softbg vc_col-sm-2  col-xs-mobile-fullwidth\"><div class=\"vc_column-inner \"><div class=\"wpb_wrapper\">[vc_single_image image=\u00bb51528&#8243; img_size=\u00bbfull\u00bb css=\u00bb\u00bb]<div class=\"last-paragraph-no-margin\"><h3>Hacemos tu upgrade o downgrade<\/h3>\n<p>\u00bfTu equipo crece o disminuye? Ning\u00fan problema. Te ayudamos a cambiar tu suscripci\u00f3n, ampliar o reducir el n\u00famero de usuarios en funci\u00f3n de tus necesidades.<\/p>\n<\/div><\/div><\/div><\/div><div class=\"wpb_column vc_column_container softbg vc_col-sm-2  col-xs-mobile-fullwidth\"><div class=\"vc_column-inner \"><div class=\"wpb_wrapper\">[vc_single_image image=\u00bb51527&#8243; img_size=\u00bbfull\u00bb css=\u00bb\u00bb]<div class=\"last-paragraph-no-margin\"><h3>Ent\u00e9rate de posibles cambios en tu suscripci\u00f3n<\/h3>\n<p>A trav\u00e9s de nuestro servicio exclusivo Sngular Atlassian Alert, te informamos de cualquier movimiento, ya sea de Atlassian o de proveedores del Marketplace, que pueda afectar a tus productos.<\/p>\n<\/div><\/div><\/div><\/div><div class=\"wpb_column vc_column_container softbg vc_col-sm-2  col-xs-mobile-fullwidth\"><div class=\"vc_column-inner \"><div class=\"wpb_wrapper\">[vc_single_image image=\u00bb51525&#8243; img_size=\u00bbfull\u00bb css=\u00bb\u00bb]<div class=\"last-paragraph-no-margin\"><h3>Aprovecha el co-terming<\/h3>\n<p>Unifica las renovaciones de todos tus productos de Atlassian en una \u00fanica fecha si as\u00ed lo deseas. Nosotros nos encargaremos de tramitarlo para simplificar todo el proceso.<\/p>\n<\/div><\/div><\/div><\/div><div class=\"wpb_column vc_column_container softbg vc_col-sm-2  col-xs-mobile-fullwidth\"><div class=\"vc_column-inner \"><div class=\"wpb_wrapper\">[vc_single_image image=\u00bb51523&#8243; img_size=\u00bbfull\u00bb css=\u00bb\u00bb]<div class=\"last-paragraph-no-margin\"><h3>Gestionamos tu compra de apps<\/h3>\n<p>Nuestro equipo te ayudar\u00e1 a sacar el m\u00e1ximo partido de las apps del Marketplace, seleccionando las que mejor se adapten a tus necesidades.<\/p>\n<\/div><\/div><\/div><\/div><\/div><\/div><\/div><\/div><\/section><div class=\"vc_row-full-width vc_clearfix\"><\/div><section class=\"vc_row wpb_row vc_row-fluid brand22 pt22 pb22-sm\"><div class=\"wpb_column vc_column_container  col-xs-mobile-fullwidth\"><div class=\"vc_column-inner \"><div class=\"wpb_wrapper\"><div class=\"pb22-sm last-paragraph-no-margin\"><h2>Optimiza la rentabilidad de tus licencias<\/h2>\n<\/div><div class=\"last-paragraph-no-margin\"><p>Nuestros expertos llevan casi una d\u00e9cada a\u00f1os asesorando y gestionando las licencias Atlassian de todo tipo de empresas a nivel internacional, experiencia que aplicaremos para dise\u00f1ar tu modelo de licenciamiento. Adem\u00e1s, contamos con planes y descuentos exclusivos por ser Atlassian Platinum Partner, lo que te ayudar\u00e1 a reducir significativamente el coste anual de tus licencias.<\/p>\n<p><a href=\"https:\/\/partners.sngular.com\/atlassian\/contacto\/\">Contacta<\/a> con el equipo de Sngular Atlassian Licensing para sacar el m\u00e1ximo beneficio de tus productos Atlassian.<\/p>\n<\/div><\/div><\/div><\/div><\/section><section data-vc-full-width=\"true\" data-vc-full-width-init=\"false\" class=\"vc_row wpb_row vc_row-fluid brand22 ptb22-sm cta22 sizq-dark  wow fadeIn pofo-stretch-content pofo-stretch-row-container\"><div class=\"wpb_column vc_column_container in-ptb-sm  col-xs-mobile-fullwidth\"><div class=\"vc_column-inner \"><div class=\"wpb_wrapper\"><div class=\"last-paragraph-no-margin\"><h4><em>\u00bfDudas con tu Migraci\u00f3n a Cloud?<br \/>\n<\/em>Te gestionamos todo, licencias incluidas.<\/h4>\n<\/div><a  href=\"https:\/\/partners.sngular.com\/atlassian\/contacto\/?origen=Licencias&#038;tema=Licencias\" target=\"_blank\" class=\"btn btn22 followutm pofo-button-1 button-style1  btn-dark-gray  btn-medium \" >\u00a1Escr\u00edbenos!<\/a><\/div><\/div><\/div><\/section><div class=\"vc_row-full-width vc_clearfix\"><\/div>\n<\/div>","protected":false},"excerpt":{"rendered":"Licencias Delega tu gesti\u00f3n de tus licencias Atlassian y obt\u00e9n el mejor precio en los productos y las colecciones de Atlassian: Service Collection, Teamwork Collection, Strategy Collection y m\u00e1s. [vc_single_image image=\"51218\" img_size=\"full\" css=\"\"][vc_raw_html css=\"\"]JTVCc25nJTIwaGVybyU1RA==[\/vc_raw_html]Gestionar tus licencias a trav\u00e9s de un partner local es la mejor decisi\u00f3n: facturar\u00e1s en euros, con facilidades de pago, en tu mismo idioma y en tu franja horaria. Pagar\u00e1s solo por lo que realmente necesitas, gracias a la optimizaci\u00f3n de tus productos, apps y usuarios. [vc_single_image image=\"51524\" img_size=\"full\" css=\"\"]Compramos tus licencias Te asesoramos sobre el n\u00famero de usuarios y la mejor configuraci\u00f3n para el tama\u00f1o de tus equipos. De esta manera, asegurar\u00e1s un plan optimizado al m\u00e1ximo por expertos de Atlassian. [vc_single_image image=\"51526\" img_size=\"full\" css=\"\"]Renovamos tus licencias Nos encargamos de hacer el seguimiento de tus licencias para renovarlas a tiempo. Aseg\u00farate de que no caduquen, que est\u00e9n en correcto mantenimiento para no entorpecer el trabajo de tus equipos y\u2026. \u00a1Ded\u00edcate a lo que realmente importa! [vc_single_image image=\"51528\" img_size=\"full\" css=\"\"]Hacemos tu upgrade o downgrade \u00bfTu equipo crece o disminuye? Ning\u00fan problema. Te ayudamos a cambiar tu suscripci\u00f3n, ampliar o reducir el n\u00famero de usuarios en funci\u00f3n de tus necesidades. [vc_single_image image=\"51527\" img_size=\"full\" css=\"\"]Ent\u00e9rate de posibles cambios en...","protected":false},"author":3,"featured_media":51456,"parent":0,"menu_order":0,"comment_status":"closed","ping_status":"closed","template":"","meta":{"inline_featured_image":false,"footnotes":""},"class_list":["post-40774","page","type-page","status-publish","has-post-thumbnail","hentry"],"yoast_head":"<!-- This site is optimized with the Yoast SEO plugin v26.9 - https:\/\/yoast.com\/product\/yoast-seo-wordpress\/ -->\n<title>Licencias Atlassian - Sngular<\/title>\n<meta name=\"description\" content=\"Somos expertos en Atlassian. Te ayudamos en la gesti\u00f3n de tus licencias Atlassian: las compramos, renovamos y tramitamos por ti.\" \/>\n<meta name=\"robots\" content=\"index, follow, max-snippet:-1, max-image-preview:large, max-video-preview:-1\" \/>\n<link rel=\"canonical\" href=\"https:\/\/partners.sngular.com\/atlassian\/licencias-atlassian\/\" \/>\n<meta property=\"og:locale\" content=\"es_ES\" \/>\n<meta property=\"og:type\" content=\"article\" \/>\n<meta property=\"og:title\" content=\"Licencias Atlassian - Sngular\" \/>\n<meta property=\"og:description\" content=\"Somos expertos en Atlassian. Te ayudamos en la gesti\u00f3n de tus licencias Atlassian: las compramos, renovamos y tramitamos por ti.\" \/>\n<meta property=\"og:url\" content=\"https:\/\/partners.sngular.com\/atlassian\/licencias-atlassian\/\" \/>\n<meta property=\"og:site_name\" content=\"Atlassian Sngular\" \/>\n<meta property=\"article:modified_time\" content=\"2026-01-30T16:40:14+00:00\" \/>\n<meta property=\"og:image\" content=\"https:\/\/partners.sngular.com\/atlassian\/wp-content\/uploads\/2025\/10\/imagen-destacada-licencias.jpg\" \/>\n\t<meta property=\"og:image:width\" content=\"1920\" \/>\n\t<meta property=\"og:image:height\" content=\"1067\" \/>\n\t<meta property=\"og:image:type\" content=\"image\/jpeg\" \/>\n<meta name=\"twitter:card\" content=\"summary_large_image\" \/>\n<script type=\"application\/ld+json\" class=\"yoast-schema-graph\">{\"@context\":\"https:\/\/schema.org\",\"@graph\":[{\"@type\":\"WebPage\",\"@id\":\"https:\/\/partners.sngular.com\/atlassian\/licencias-atlassian\/\",\"url\":\"https:\/\/partners.sngular.com\/atlassian\/licencias-atlassian\/\",\"name\":\"Licencias Atlassian - Sngular\",\"isPartOf\":{\"@id\":\"https:\/\/partners.sngular.com\/atlassian\/#website\"},\"primaryImageOfPage\":{\"@id\":\"https:\/\/partners.sngular.com\/atlassian\/licencias-atlassian\/#primaryimage\"},\"image\":{\"@id\":\"https:\/\/partners.sngular.com\/atlassian\/licencias-atlassian\/#primaryimage\"},\"thumbnailUrl\":\"https:\/\/partners.sngular.com\/atlassian\/wp-content\/uploads\/2025\/10\/imagen-destacada-licencias.jpg\",\"datePublished\":\"2023-09-14T10:27:25+00:00\",\"dateModified\":\"2026-01-30T16:40:14+00:00\",\"description\":\"Somos expertos en Atlassian. Te ayudamos en la gesti\u00f3n de tus licencias Atlassian: las compramos, renovamos y tramitamos por ti.\",\"breadcrumb\":{\"@id\":\"https:\/\/partners.sngular.com\/atlassian\/licencias-atlassian\/#breadcrumb\"},\"inLanguage\":\"es\",\"potentialAction\":[{\"@type\":\"ReadAction\",\"target\":[\"https:\/\/partners.sngular.com\/atlassian\/licencias-atlassian\/\"]}]},{\"@type\":\"ImageObject\",\"inLanguage\":\"es\",\"@id\":\"https:\/\/partners.sngular.com\/atlassian\/licencias-atlassian\/#primaryimage\",\"url\":\"https:\/\/partners.sngular.com\/atlassian\/wp-content\/uploads\/2025\/10\/imagen-destacada-licencias.jpg\",\"contentUrl\":\"https:\/\/partners.sngular.com\/atlassian\/wp-content\/uploads\/2025\/10\/imagen-destacada-licencias.jpg\",\"width\":1920,\"height\":1067},{\"@type\":\"BreadcrumbList\",\"@id\":\"https:\/\/partners.sngular.com\/atlassian\/licencias-atlassian\/#breadcrumb\",\"itemListElement\":[{\"@type\":\"ListItem\",\"position\":1,\"name\":\"Portada\",\"item\":\"https:\/\/partners.sngular.com\/atlassian\/\"},{\"@type\":\"ListItem\",\"position\":2,\"name\":\"Licencias\"}]},{\"@type\":\"WebSite\",\"@id\":\"https:\/\/partners.sngular.com\/atlassian\/#website\",\"url\":\"https:\/\/partners.sngular.com\/atlassian\/\",\"name\":\"Atlassian Sngular\",\"description\":\"\",\"publisher\":{\"@id\":\"https:\/\/partners.sngular.com\/atlassian\/#organization\"},\"potentialAction\":[{\"@type\":\"SearchAction\",\"target\":{\"@type\":\"EntryPoint\",\"urlTemplate\":\"https:\/\/partners.sngular.com\/atlassian\/?s={search_term_string}\"},\"query-input\":{\"@type\":\"PropertyValueSpecification\",\"valueRequired\":true,\"valueName\":\"search_term_string\"}}],\"inLanguage\":\"es\"},{\"@type\":\"Organization\",\"@id\":\"https:\/\/partners.sngular.com\/atlassian\/#organization\",\"name\":\"TecnoFor\",\"url\":\"https:\/\/partners.sngular.com\/atlassian\/\",\"logo\":{\"@type\":\"ImageObject\",\"inLanguage\":\"es\",\"@id\":\"https:\/\/partners.sngular.com\/atlassian\/#\/schema\/logo\/image\/\",\"url\":\"https:\/\/partners.sngular.com\/atlassian\/wp-content\/uploads\/2022\/03\/Logo-Tecnofor-2022-grande-color-transparente-16-9.png\",\"contentUrl\":\"https:\/\/partners.sngular.com\/atlassian\/wp-content\/uploads\/2022\/03\/Logo-Tecnofor-2022-grande-color-transparente-16-9.png\",\"width\":1123,\"height\":632,\"caption\":\"TecnoFor\"},\"image\":{\"@id\":\"https:\/\/partners.sngular.com\/atlassian\/#\/schema\/logo\/image\/\"}}]}<\/script>\n<!-- \/ Yoast SEO plugin. -->","yoast_head_json":{"title":"Licencias Atlassian - Sngular","description":"Somos expertos en Atlassian. Te ayudamos en la gesti\u00f3n de tus licencias Atlassian: las compramos, renovamos y tramitamos por ti.","robots":{"index":"index","follow":"follow","max-snippet":"max-snippet:-1","max-image-preview":"max-image-preview:large","max-video-preview":"max-video-preview:-1"},"canonical":"https:\/\/partners.sngular.com\/atlassian\/licencias-atlassian\/","og_locale":"es_ES","og_type":"article","og_title":"Licencias Atlassian - Sngular","og_description":"Somos expertos en Atlassian. Te ayudamos en la gesti\u00f3n de tus licencias Atlassian: las compramos, renovamos y tramitamos por ti.","og_url":"https:\/\/partners.sngular.com\/atlassian\/licencias-atlassian\/","og_site_name":"Atlassian Sngular","article_modified_time":"2026-01-30T16:40:14+00:00","og_image":[{"width":1920,"height":1067,"url":"https:\/\/partners.sngular.com\/atlassian\/wp-content\/uploads\/2025\/10\/imagen-destacada-licencias.jpg","type":"image\/jpeg"}],"twitter_card":"summary_large_image","schema":{"@context":"https:\/\/schema.org","@graph":[{"@type":"WebPage","@id":"https:\/\/partners.sngular.com\/atlassian\/licencias-atlassian\/","url":"https:\/\/partners.sngular.com\/atlassian\/licencias-atlassian\/","name":"Licencias Atlassian - Sngular","isPartOf":{"@id":"https:\/\/partners.sngular.com\/atlassian\/#website"},"primaryImageOfPage":{"@id":"https:\/\/partners.sngular.com\/atlassian\/licencias-atlassian\/#primaryimage"},"image":{"@id":"https:\/\/partners.sngular.com\/atlassian\/licencias-atlassian\/#primaryimage"},"thumbnailUrl":"https:\/\/partners.sngular.com\/atlassian\/wp-content\/uploads\/2025\/10\/imagen-destacada-licencias.jpg","datePublished":"2023-09-14T10:27:25+00:00","dateModified":"2026-01-30T16:40:14+00:00","description":"Somos expertos en Atlassian. Te ayudamos en la gesti\u00f3n de tus licencias Atlassian: las compramos, renovamos y tramitamos por ti.","breadcrumb":{"@id":"https:\/\/partners.sngular.com\/atlassian\/licencias-atlassian\/#breadcrumb"},"inLanguage":"es","potentialAction":[{"@type":"ReadAction","target":["https:\/\/partners.sngular.com\/atlassian\/licencias-atlassian\/"]}]},{"@type":"ImageObject","inLanguage":"es","@id":"https:\/\/partners.sngular.com\/atlassian\/licencias-atlassian\/#primaryimage","url":"https:\/\/partners.sngular.com\/atlassian\/wp-content\/uploads\/2025\/10\/imagen-destacada-licencias.jpg","contentUrl":"https:\/\/partners.sngular.com\/atlassian\/wp-content\/uploads\/2025\/10\/imagen-destacada-licencias.jpg","width":1920,"height":1067},{"@type":"BreadcrumbList","@id":"https:\/\/partners.sngular.com\/atlassian\/licencias-atlassian\/#breadcrumb","itemListElement":[{"@type":"ListItem","position":1,"name":"Portada","item":"https:\/\/partners.sngular.com\/atlassian\/"},{"@type":"ListItem","position":2,"name":"Licencias"}]},{"@type":"WebSite","@id":"https:\/\/partners.sngular.com\/atlassian\/#website","url":"https:\/\/partners.sngular.com\/atlassian\/","name":"Atlassian Sngular","description":"","publisher":{"@id":"https:\/\/partners.sngular.com\/atlassian\/#organization"},"potentialAction":[{"@type":"SearchAction","target":{"@type":"EntryPoint","urlTemplate":"https:\/\/partners.sngular.com\/atlassian\/?s={search_term_string}"},"query-input":{"@type":"PropertyValueSpecification","valueRequired":true,"valueName":"search_term_string"}}],"inLanguage":"es"},{"@type":"Organization","@id":"https:\/\/partners.sngular.com\/atlassian\/#organization","name":"TecnoFor","url":"https:\/\/partners.sngular.com\/atlassian\/","logo":{"@type":"ImageObject","inLanguage":"es","@id":"https:\/\/partners.sngular.com\/atlassian\/#\/schema\/logo\/image\/","url":"https:\/\/partners.sngular.com\/atlassian\/wp-content\/uploads\/2022\/03\/Logo-Tecnofor-2022-grande-color-transparente-16-9.png","contentUrl":"https:\/\/partners.sngular.com\/atlassian\/wp-content\/uploads\/2022\/03\/Logo-Tecnofor-2022-grande-color-transparente-16-9.png","width":1123,"height":632,"caption":"TecnoFor"},"image":{"@id":"https:\/\/partners.sngular.com\/atlassian\/#\/schema\/logo\/image\/"}}]}},"meta_box":[],"_links":{"self":[{"href":"https:\/\/partners.sngular.com\/atlassian\/wp-json\/wp\/v2\/pages\/40774","targetHints":{"allow":["GET"]}}],"collection":[{"href":"https:\/\/partners.sngular.com\/atlassian\/wp-json\/wp\/v2\/pages"}],"about":[{"href":"https:\/\/partners.sngular.com\/atlassian\/wp-json\/wp\/v2\/types\/page"}],"author":[{"embeddable":true,"href":"https:\/\/partners.sngular.com\/atlassian\/wp-json\/wp\/v2\/users\/3"}],"replies":[{"embeddable":true,"href":"https:\/\/partners.sngular.com\/atlassian\/wp-json\/wp\/v2\/comments?post=40774"}],"version-history":[{"count":31,"href":"https:\/\/partners.sngular.com\/atlassian\/wp-json\/wp\/v2\/pages\/40774\/revisions"}],"predecessor-version":[{"id":51793,"href":"https:\/\/partners.sngular.com\/atlassian\/wp-json\/wp\/v2\/pages\/40774\/revisions\/51793"}],"wp:featuredmedia":[{"embeddable":true,"href":"https:\/\/partners.sngular.com\/atlassian\/wp-json\/wp\/v2\/media\/51456"}],"wp:attachment":[{"href":"https:\/\/partners.sngular.com\/atlassian\/wp-json\/wp\/v2\/media?parent=40774"}],"curies":[{"name":"wp","href":"https:\/\/api.w.org\/{rel}","templated":true}]}}