{"id":41379,"date":"2023-09-22T18:13:05","date_gmt":"2023-09-22T18:13:05","guid":{"rendered":"https:\/\/partners.sngular.com\/atlassian\/?page_id=41379"},"modified":"2023-11-06T09:02:39","modified_gmt":"2023-11-06T09:02:39","slug":"bsh-inicia-su-transformacion-agil-basada-en-safe","status":"publish","type":"page","link":"https:\/\/partners.sngular.com\/atlassian\/casos-de-exito\/bsh-inicia-su-transformacion-agil-basada-en-safe\/","title":{"rendered":"BSH inicia su transformaci\u00f3n \u00e1gil basada en SAFe"},"content":{"rendered":"<div class=\"wpb-content-wrapper\"><section data-vc-full-width=\"true\" data-vc-full-width-init=\"false\" class=\"vc_row wpb_row vc_row-fluid brand22 hero22 em22 blanco vc_custom_1649434518979 bg-position-center-center vc_row-has-fill pofo-stretch-content pofo-stretch-row-container\"><div class=\"wpb_column vc_column_container pt22 pb22 vc_col-sm-12  col-xs-mobile-fullwidth\"><div class=\"vc_column-inner \"><div class=\"wpb_wrapper\"><div class=\"for-x for-x-inv last-paragraph-no-margin\"><p style=\"text-align: center;\">CASO DE<br \/>\n<em>\u00c9XITO<\/em><\/p>\n<\/div><\/div><\/div><\/div><\/section><div class=\"vc_row-full-width vc_clearfix\"><\/div><section class=\"vc_row wpb_row vc_row-fluid brand22\"><div class=\"wpb_column vc_column_container vc_col-sm-12  col-xs-mobile-fullwidth\"><div class=\"vc_column-inner \"><div class=\"wpb_wrapper\">[vc_raw_html]JTVCdG5mX3NlcGFyYWRvciU1RA==[\/vc_raw_html]<\/div><\/div><\/div><\/section><section class=\"vc_row wpb_row vc_row-fluid brand22 pb22-sm titulo22\"><div class=\"wpb_column vc_column_container vc_col-sm-12  col-xs-mobile-fullwidth\"><div class=\"vc_column-inner \"><div class=\"wpb_wrapper\"><div class=\"last-paragraph-no-margin\"><h1><em>BSH<\/em> inicia su transformaci\u00f3n \u00e1gil basada en SAFe<\/h1>\n<\/div><\/div><\/div><\/div><\/section><section class=\"vc_row wpb_row vc_row-fluid brand22 ptb22-sm em22  vc_row-o-equal-height vc_row-o-content-top vc_row-flex\"><div class=\"wpb_column vc_column_container vc_col-has-fill vc_col-sm-8 vc_col-md-offset-2 vc_col-md-4 vc_col-sm-offset-2 vc_col-xs-offset-1 vc_col-xs-10\"><div class=\"vc_column-inner vc_custom_1696321179294\"><div class=\"wpb_wrapper\">[vc_single_image image=&#8221;41508&#8243; img_size=&#8221;full&#8221;]<\/div><\/div><\/div><div class=\"wpb_column vc_column_container vc_col-sm-8 vc_col-md-offset-0 vc_col-md-4 vc_col-sm-offset-2 vc_col-xs-offset-1 vc_col-xs-10\"><div class=\"vc_column-inner \"><div class=\"wpb_wrapper\"><div class=\"last-paragraph-no-margin\"><p><strong>BSH (BSH Hausger\u00e4te GmbH)<\/strong> es el fabricante de electrodom\u00e9sticos l\u00edder en Europa. Las principales marcas bajo las que comercializa sus productos son Bosch y Siemens. El prop\u00f3sito de la compa\u00f1\u00eda es: \u201cmejoramos la calidad de vida en el hogar con nuestros electrodom\u00e9sticos innovadores, marcas excepcionales y soluciones superiores\u201d.<\/p>\n<\/div><\/div><\/div><\/div><div class=\"wpb_column vc_column_container pt22-xs vc_col-sm-8 vc_col-sm-offset-2 vc_col-xs-offset-1 vc_col-xs-10\"><div class=\"vc_column-inner \"><div class=\"wpb_wrapper\"><div class=\"last-paragraph-no-margin\"><p>El Grupo BSH desarrolla servicios corporativos de IT desde Espa\u00f1a para todo el mundo, y es aqu\u00ed donde surgi\u00f3 la necesidad de llevar a cabo una <strong>transformaci\u00f3n \u00e1gil para servicios digitales basada en SAFe<\/strong>. Los objetivos que se fijaron fueron:<\/p>\n<ul>\n<li>Servicios basados en la eficiencia, por lo tanto, productos y servicios rentables<\/li>\n<li>Poner foco en las necesidades del consumidor e incorporar ciclos de desarrollo m\u00e1s r\u00e1pidos<\/li>\n<li>Responsabilidades claras (de principio a fin, desde la idea hasta la soluci\u00f3n final)<\/li>\n<li>Cantidad necesaria de personas con las habilidades adecuadas<\/li>\n<li>Desarrollar BSH como un empleador atractivo para los &#8220;profesionales digitales&#8221;<\/li>\n<li>Retener y desarrollar a los mejores empleados, y fortalecer sus habilidades digitales<\/li>\n<\/ul>\n<p>El <strong>plan de implementaci\u00f3n, <\/strong>que incluy\u00f3 a toda el \u00e1rea de IT, <strong>fue un \u201ca por todas\u201d<\/strong>, un plan que inclu\u00eda la puesta en marcha en poco m\u00e1s de un a\u00f1o de todo un panorama de ARTs (Agile Release Trains) y Solution Trains asociados.<\/p>\n<\/div><\/div><\/div><\/div><div class=\"wpb_column vc_column_container ptb22-sm vc_col-sm-8 vc_col-sm-offset-2 vc_col-xs-offset-1 vc_col-xs-10\"><div class=\"vc_column-inner \"><div class=\"wpb_wrapper\">[vc_single_image image=&#8221;41382&#8243; img_size=&#8221;full&#8221;]<\/div><\/div><\/div><div class=\"wpb_column vc_column_container vc_col-sm-8 vc_col-sm-offset-2 vc_col-xs-offset-1 vc_col-xs-10\"><div class=\"vc_column-inner \"><div class=\"wpb_wrapper\"><div class=\"pb22-xs last-paragraph-no-margin\"><p>BSH recurri\u00f3 a TecnoFor en busca de 2 Agile Coach\/RTE para acompa\u00f1ar en el arranque de dos de los \u00faltimos ARTs. Fueron Lorena Perdomo en el de Consumer Regi\u00f3n Europa (REU) y Alex Menzinsky en el de aplicaciones de recursos humanos.<\/p>\n<\/div><div class=\"last-paragraph-no-margin\"><p>Para HR GSS la transformaci\u00f3n signific\u00f3, sobre todo, la <strong>sincronizaci\u00f3n del equipo de IT para afrontar la rigidez y las dependencias entre \u00e1reas existentes<\/strong>:<\/p>\n<ul>\n<li>Las dificultades internas a las que se enfrentaban d\u00eda a d\u00eda eran temas como la carencia de estimaciones realistas, una definici\u00f3n de equipos adecuada (multifuncionales y de especialistas) y sobre todo el pensamiento de desarrollo por proyectos<\/li>\n<li>Entre las dificultades externas estaba la carencia la de una visi\u00f3n global que fomentara la involucraci\u00f3n de Business, as\u00ed como la organizaci\u00f3n de trabajo no planificado y la gesti\u00f3n de expectativas.<\/li>\n<\/ul>\n<\/div><\/div><\/div><\/div><div class=\"wpb_column vc_column_container vc_col-sm-8 vc_col-sm-offset-2 vc_col-xs-offset-1 vc_col-xs-10\"><div class=\"vc_column-inner \"><div class=\"wpb_wrapper\"><div class=\"last-paragraph-no-margin\"><blockquote><p>\n\u201cLa metodolog\u00eda \u00e1gil nos ayuda a centrarnos en el momento actual. Nos enfocamos en entregar valor cerrando temas lo antes posible, y en preguntar continuamente que es lo m\u00e1s importante de lo que est\u00e1 pendiente cuando vamos a empezar algo. TecnoFor est\u00e1 siendo un Partner fundamental en este proceso\u201d.<\/p>\n<p>\u2013 <em>Daniel Delgado Huarte, IT HR Global Delivery responsible<\/em>\n<\/p><\/blockquote>\n<\/div><\/div><\/div><\/div><div class=\"wpb_column vc_column_container pb22-sm vc_col-sm-8 vc_col-lg-offset-2 vc_col-lg-4 vc_col-md-offset-1 vc_col-md-5 vc_col-sm-offset-2 vc_col-xs-offset-1 vc_col-xs-10\"><div class=\"vc_column-inner \"><div class=\"wpb_wrapper\"><div class=\"last-paragraph-no-margin\"><p>La introducci\u00f3n de la PI Planning signific\u00f3 una mejora muy relevante, la predictibilidad de las funcionalidades planificadas fue una de las claves para evidenciar la mejora conseguida. <strong>A lo largo de los \u00faltimos 5 PI\u2019s la predictibilidad oscil\u00f3 entre el 75 y el 86%.<\/strong><\/p>\n<\/div><\/div><\/div><\/div><div class=\"wpb_column vc_column_container pb22-sm vc_col-sm-6 vc_col-lg-offset-1 vc_col-lg-3 vc_col-md-offset-1 vc_col-md-4 vc_col-sm-offset-3 vc_col-xs-offset-2 vc_col-xs-8\"><div class=\"vc_column-inner \"><div class=\"wpb_wrapper\">[vc_single_image image=&#8221;41381&#8243; img_size=&#8221;full&#8221;]<\/div><\/div><\/div><div class=\"wpb_column vc_column_container vc_col-sm-8 vc_col-sm-offset-2 vc_col-xs-offset-1 vc_col-xs-10\"><div class=\"vc_column-inner \"><div class=\"wpb_wrapper\"><div class=\"last-paragraph-no-margin\"><p>Otros puntos muy visibles son la gesti\u00f3n de dependencias internas y externas, y una organizaci\u00f3n del trabajo sin temas \u201cperdidos\u201d. Mientras, seguimos trabajando en afinar las expectativas impl\u00edcitas de negocio en temas tradicionalmente urgentes, as\u00ed como la identificaci\u00f3n de dependencias de otras \u00e1reas.<\/p>\n<\/div><\/div><\/div><\/div><div class=\"wpb_column vc_column_container vc_col-sm-8 vc_col-sm-offset-2 vc_col-xs-offset-1 vc_col-xs-10\"><div class=\"vc_column-inner \"><div class=\"wpb_wrapper\"><\/div><\/div><\/div><\/section><section data-vc-full-width=\"true\" data-vc-full-width-init=\"false\" class=\"vc_row wpb_row vc_row-fluid brand22 em22 softbg pt22-sm pb22  pofo-stretch-content pofo-stretch-row-container\"><div class=\"wpb_column vc_column_container vc_col-sm-8 vc_col-sm-offset-2 vc_col-xs-offset-1 vc_col-xs-10\"><div class=\"vc_column-inner \"><div class=\"wpb_wrapper\"><div class=\"last-paragraph-no-margin\"><p><strong>Para Consumer de la Regi\u00f3n Europa los aciertos fueron:<\/strong><\/p>\n<ul>\n<li>Identificaci\u00f3n y alineamiento de dependencias entre equipos dentro y fuera del cluster<\/li>\n<li>Involucrar a negocio en la parte de testing de rollouts<\/li>\n<li>Desarrollo de enablers de cada \u00e1rea por PI<\/li>\n<li>Equipos cross funcionales a trav\u00e9s de sesiones constantes para compartir conocimiento<\/li>\n<li>Reducci\u00f3n del tiempo medio de resoluci\u00f3n global de Change Request<\/li>\n<\/ul>\n<p>Seguimos trabajando en la identificaci\u00f3n de prioridades y mayor refinamiento con \u00e1reas de negocio, en aumentar la predictibilidad de los entregables y en el seguimiento a compromisos de entrega con equipos externos.<\/p>\n<\/div><div class=\"pt22-xs last-paragraph-no-margin\"><p>Un punto clave para el \u00e9xito en BSH es que la compa\u00f1\u00eda entiende que una transformaci\u00f3n requiere tiempo y no admite atajos. Se hace patente su \u00e9xito en c\u00f3mo se fomenta y practica la mejora continua a todos los niveles, desde los equipos a los Solution Trains.<\/p>\n<blockquote><p>\n<strong><em>\u00abCambiar no siempre equivale a mejorar, pero para mejorar, hay que cambiar\u00bb<\/em><\/strong>, seg\u00fan Winston Churchill.\n<\/p><\/blockquote>\n<\/div><\/div><\/div><\/div><\/section><div class=\"vc_row-full-width vc_clearfix\"><\/div><section data-vc-full-width=\"true\" data-vc-full-width-init=\"false\" class=\"vc_row wpb_row vc_row-fluid brand22 pt22-sm pb22 cta22 em22  wow fadeIn pofo-stretch-content pofo-stretch-row-container\"><div class=\"wpb_column vc_column_container vc_col-sm-8 vc_col-sm-offset-2 vc_col-xs-offset-1 vc_col-xs-10\"><div class=\"vc_column-inner \"><div class=\"wpb_wrapper\">[vc_raw_html]JTVCdG5mX3NlcGFyYWRvciUyMGhvcml6b250YWwlM0QxJTVE[\/vc_raw_html]<div class=\"last-paragraph-no-margin\"><h4>\u00bfHablamos de tu caso?<\/h4>\n<\/div><a  href=\"https:\/\/tecnofor.es\/contacto\/?utm_medium=web&#038;utm_source=caso-exito&#038;utm_content=caso-exito-bsh#formulario\" target=\"_blank\" class=\"btn btn22 followutm pofo-button-1 button-style1  btn-dark-gray  btn-medium \" >\u00a1Escr\u00edbenos!<\/a><\/div><\/div><\/div><\/section><div class=\"vc_row-full-width vc_clearfix\"><\/div>\n<\/div>","protected":false},"excerpt":{"rendered":"CASO DE \u00c9XITO [vc_raw_html]JTVCdG5mX3NlcGFyYWRvciU1RA==[\/vc_raw_html]BSH inicia su transformaci\u00f3n \u00e1gil basada en SAFe [vc_single_image image=\"41508\" img_size=\"full\"]BSH (BSH Hausger\u00e4te GmbH) es el fabricante de electrodom\u00e9sticos l\u00edder en Europa. Las principales marcas bajo las que comercializa sus productos son Bosch y Siemens. El prop\u00f3sito de la compa\u00f1\u00eda es: \u201cmejoramos la calidad de vida en el hogar con nuestros electrodom\u00e9sticos innovadores, marcas excepcionales y soluciones superiores\u201d. El Grupo BSH desarrolla servicios corporativos de IT desde Espa\u00f1a para todo el mundo, y es aqu\u00ed donde surgi\u00f3 la necesidad de llevar a cabo una transformaci\u00f3n \u00e1gil para servicios digitales basada en SAFe. Los objetivos que se fijaron fueron: Servicios basados en la eficiencia, por lo tanto, productos y servicios rentables Poner foco en las necesidades del consumidor e incorporar ciclos de desarrollo m\u00e1s r\u00e1pidos Responsabilidades claras (de principio a fin, desde la idea hasta la soluci\u00f3n final) Cantidad necesaria de personas con las habilidades adecuadas Desarrollar BSH como un empleador atractivo para los \"profesionales digitales\" Retener y desarrollar a los mejores empleados, y fortalecer sus habilidades digitales El plan de implementaci\u00f3n, que incluy\u00f3 a toda el \u00e1rea de IT, fue un \u201ca por todas\u201d, un plan que inclu\u00eda la puesta en marcha en poco m\u00e1s de un...","protected":false},"author":3,"featured_media":42207,"parent":40627,"menu_order":0,"comment_status":"closed","ping_status":"closed","template":"","meta":{"inline_featured_image":false,"footnotes":""},"class_list":["post-41379","page","type-page","status-publish","has-post-thumbnail","hentry"],"yoast_head":"<!-- This site is optimized with the Yoast SEO plugin v26.9 - https:\/\/yoast.com\/product\/yoast-seo-wordpress\/ -->\n<title>BSH inicia su transformaci\u00f3n \u00e1gil basada en SAFe - Atlassian Sngular<\/title>\n<meta name=\"description\" content=\"BSH se asocia con TecnoFor para implantar con \u00e9xito SAFe en su proceso de transformaci\u00f3n \u00e1gil, mejorando la eficiencia y previsibilidad de IT\" \/>\n<meta name=\"robots\" content=\"index, follow, max-snippet:-1, max-image-preview:large, max-video-preview:-1\" \/>\n<link rel=\"canonical\" href=\"https:\/\/partners.sngular.com\/atlassian\/casos-de-exito\/bsh-inicia-su-transformacion-agil-basada-en-safe\/\" \/>\n<meta property=\"og:locale\" content=\"es_ES\" \/>\n<meta property=\"og:type\" content=\"article\" \/>\n<meta property=\"og:title\" content=\"BSH inicia su transformaci\u00f3n \u00e1gil basada en SAFe - Atlassian Sngular\" \/>\n<meta property=\"og:description\" content=\"BSH se asocia con TecnoFor para implantar con \u00e9xito SAFe en su proceso de transformaci\u00f3n \u00e1gil, mejorando la eficiencia y previsibilidad de IT\" \/>\n<meta property=\"og:url\" content=\"https:\/\/partners.sngular.com\/atlassian\/casos-de-exito\/bsh-inicia-su-transformacion-agil-basada-en-safe\/\" \/>\n<meta property=\"og:site_name\" content=\"Atlassian Sngular\" \/>\n<meta property=\"article:modified_time\" content=\"2023-11-06T09:02:39+00:00\" \/>\n<meta property=\"og:image\" content=\"https:\/\/partners.sngular.com\/atlassian\/wp-content\/uploads\/2023\/10\/Caso-de-exito-BSH-rrss.png\" \/>\n\t<meta property=\"og:image:width\" content=\"1920\" \/>\n\t<meta property=\"og:image:height\" content=\"1080\" \/>\n\t<meta property=\"og:image:type\" content=\"image\/png\" \/>\n<meta name=\"twitter:card\" content=\"summary_large_image\" \/>\n<meta name=\"twitter:image\" content=\"https:\/\/partners.sngular.com\/atlassian\/wp-content\/uploads\/2023\/10\/Caso-de-exito-BSH-rrss.png\" \/>\n<script type=\"application\/ld+json\" class=\"yoast-schema-graph\">{\"@context\":\"https:\/\/schema.org\",\"@graph\":[{\"@type\":\"WebPage\",\"@id\":\"https:\/\/partners.sngular.com\/atlassian\/casos-de-exito\/bsh-inicia-su-transformacion-agil-basada-en-safe\/\",\"url\":\"https:\/\/partners.sngular.com\/atlassian\/casos-de-exito\/bsh-inicia-su-transformacion-agil-basada-en-safe\/\",\"name\":\"BSH inicia su transformaci\u00f3n \u00e1gil basada en SAFe - Atlassian Sngular\",\"isPartOf\":{\"@id\":\"https:\/\/partners.sngular.com\/atlassian\/#website\"},\"primaryImageOfPage\":{\"@id\":\"https:\/\/partners.sngular.com\/atlassian\/casos-de-exito\/bsh-inicia-su-transformacion-agil-basada-en-safe\/#primaryimage\"},\"image\":{\"@id\":\"https:\/\/partners.sngular.com\/atlassian\/casos-de-exito\/bsh-inicia-su-transformacion-agil-basada-en-safe\/#primaryimage\"},\"thumbnailUrl\":\"https:\/\/partners.sngular.com\/atlassian\/wp-content\/uploads\/2023\/11\/Caso-de-exito-BSH-rrss.png\",\"datePublished\":\"2023-09-22T18:13:05+00:00\",\"dateModified\":\"2023-11-06T09:02:39+00:00\",\"description\":\"BSH se asocia con TecnoFor para implantar con \u00e9xito SAFe en su proceso de transformaci\u00f3n \u00e1gil, mejorando la eficiencia y previsibilidad de IT\",\"breadcrumb\":{\"@id\":\"https:\/\/partners.sngular.com\/atlassian\/casos-de-exito\/bsh-inicia-su-transformacion-agil-basada-en-safe\/#breadcrumb\"},\"inLanguage\":\"es-ES\",\"potentialAction\":[{\"@type\":\"ReadAction\",\"target\":[\"https:\/\/partners.sngular.com\/atlassian\/casos-de-exito\/bsh-inicia-su-transformacion-agil-basada-en-safe\/\"]}]},{\"@type\":\"ImageObject\",\"inLanguage\":\"es-ES\",\"@id\":\"https:\/\/partners.sngular.com\/atlassian\/casos-de-exito\/bsh-inicia-su-transformacion-agil-basada-en-safe\/#primaryimage\",\"url\":\"https:\/\/partners.sngular.com\/atlassian\/wp-content\/uploads\/2023\/11\/Caso-de-exito-BSH-rrss.png\",\"contentUrl\":\"https:\/\/partners.sngular.com\/atlassian\/wp-content\/uploads\/2023\/11\/Caso-de-exito-BSH-rrss.png\",\"width\":1920,\"height\":1080},{\"@type\":\"BreadcrumbList\",\"@id\":\"https:\/\/partners.sngular.com\/atlassian\/casos-de-exito\/bsh-inicia-su-transformacion-agil-basada-en-safe\/#breadcrumb\",\"itemListElement\":[{\"@type\":\"ListItem\",\"position\":1,\"name\":\"Portada\",\"item\":\"https:\/\/partners.sngular.com\/atlassian\/\"},{\"@type\":\"ListItem\",\"position\":2,\"name\":\"Casos de \u00e9xito\",\"item\":\"https:\/\/partners.sngular.com\/atlassian\/casos-de-exito\/\"},{\"@type\":\"ListItem\",\"position\":3,\"name\":\"BSH inicia su transformaci\u00f3n \u00e1gil basada en SAFe\"}]},{\"@type\":\"WebSite\",\"@id\":\"https:\/\/partners.sngular.com\/atlassian\/#website\",\"url\":\"https:\/\/partners.sngular.com\/atlassian\/\",\"name\":\"Atlassian Sngular\",\"description\":\"\",\"publisher\":{\"@id\":\"https:\/\/partners.sngular.com\/atlassian\/#organization\"},\"potentialAction\":[{\"@type\":\"SearchAction\",\"target\":{\"@type\":\"EntryPoint\",\"urlTemplate\":\"https:\/\/partners.sngular.com\/atlassian\/?s={search_term_string}\"},\"query-input\":{\"@type\":\"PropertyValueSpecification\",\"valueRequired\":true,\"valueName\":\"search_term_string\"}}],\"inLanguage\":\"es-ES\"},{\"@type\":\"Organization\",\"@id\":\"https:\/\/partners.sngular.com\/atlassian\/#organization\",\"name\":\"TecnoFor\",\"url\":\"https:\/\/partners.sngular.com\/atlassian\/\",\"logo\":{\"@type\":\"ImageObject\",\"inLanguage\":\"es-ES\",\"@id\":\"https:\/\/partners.sngular.com\/atlassian\/#\/schema\/logo\/image\/\",\"url\":\"https:\/\/partners.sngular.com\/atlassian\/wp-content\/uploads\/2022\/03\/Logo-Tecnofor-2022-grande-color-transparente-16-9.png\",\"contentUrl\":\"https:\/\/partners.sngular.com\/atlassian\/wp-content\/uploads\/2022\/03\/Logo-Tecnofor-2022-grande-color-transparente-16-9.png\",\"width\":1123,\"height\":632,\"caption\":\"TecnoFor\"},\"image\":{\"@id\":\"https:\/\/partners.sngular.com\/atlassian\/#\/schema\/logo\/image\/\"}}]}<\/script>\n<!-- \/ Yoast SEO plugin. -->","yoast_head_json":{"title":"BSH inicia su transformaci\u00f3n \u00e1gil basada en SAFe - Atlassian Sngular","description":"BSH se asocia con TecnoFor para implantar con \u00e9xito SAFe en su proceso de transformaci\u00f3n \u00e1gil, mejorando la eficiencia y previsibilidad de IT","robots":{"index":"index","follow":"follow","max-snippet":"max-snippet:-1","max-image-preview":"max-image-preview:large","max-video-preview":"max-video-preview:-1"},"canonical":"https:\/\/partners.sngular.com\/atlassian\/casos-de-exito\/bsh-inicia-su-transformacion-agil-basada-en-safe\/","og_locale":"es_ES","og_type":"article","og_title":"BSH inicia su transformaci\u00f3n \u00e1gil basada en SAFe - Atlassian Sngular","og_description":"BSH se asocia con TecnoFor para implantar con \u00e9xito SAFe en su proceso de transformaci\u00f3n \u00e1gil, mejorando la eficiencia y previsibilidad de IT","og_url":"https:\/\/partners.sngular.com\/atlassian\/casos-de-exito\/bsh-inicia-su-transformacion-agil-basada-en-safe\/","og_site_name":"Atlassian Sngular","article_modified_time":"2023-11-06T09:02:39+00:00","og_image":[{"width":1920,"height":1080,"url":"https:\/\/partners.sngular.com\/atlassian\/wp-content\/uploads\/2023\/10\/Caso-de-exito-BSH-rrss.png","type":"image\/png"}],"twitter_card":"summary_large_image","twitter_image":"https:\/\/partners.sngular.com\/atlassian\/wp-content\/uploads\/2023\/10\/Caso-de-exito-BSH-rrss.png","schema":{"@context":"https:\/\/schema.org","@graph":[{"@type":"WebPage","@id":"https:\/\/partners.sngular.com\/atlassian\/casos-de-exito\/bsh-inicia-su-transformacion-agil-basada-en-safe\/","url":"https:\/\/partners.sngular.com\/atlassian\/casos-de-exito\/bsh-inicia-su-transformacion-agil-basada-en-safe\/","name":"BSH inicia su transformaci\u00f3n \u00e1gil basada en SAFe - Atlassian Sngular","isPartOf":{"@id":"https:\/\/partners.sngular.com\/atlassian\/#website"},"primaryImageOfPage":{"@id":"https:\/\/partners.sngular.com\/atlassian\/casos-de-exito\/bsh-inicia-su-transformacion-agil-basada-en-safe\/#primaryimage"},"image":{"@id":"https:\/\/partners.sngular.com\/atlassian\/casos-de-exito\/bsh-inicia-su-transformacion-agil-basada-en-safe\/#primaryimage"},"thumbnailUrl":"https:\/\/partners.sngular.com\/atlassian\/wp-content\/uploads\/2023\/11\/Caso-de-exito-BSH-rrss.png","datePublished":"2023-09-22T18:13:05+00:00","dateModified":"2023-11-06T09:02:39+00:00","description":"BSH se asocia con TecnoFor para implantar con \u00e9xito SAFe en su proceso de transformaci\u00f3n \u00e1gil, mejorando la eficiencia y previsibilidad de IT","breadcrumb":{"@id":"https:\/\/partners.sngular.com\/atlassian\/casos-de-exito\/bsh-inicia-su-transformacion-agil-basada-en-safe\/#breadcrumb"},"inLanguage":"es-ES","potentialAction":[{"@type":"ReadAction","target":["https:\/\/partners.sngular.com\/atlassian\/casos-de-exito\/bsh-inicia-su-transformacion-agil-basada-en-safe\/"]}]},{"@type":"ImageObject","inLanguage":"es-ES","@id":"https:\/\/partners.sngular.com\/atlassian\/casos-de-exito\/bsh-inicia-su-transformacion-agil-basada-en-safe\/#primaryimage","url":"https:\/\/partners.sngular.com\/atlassian\/wp-content\/uploads\/2023\/11\/Caso-de-exito-BSH-rrss.png","contentUrl":"https:\/\/partners.sngular.com\/atlassian\/wp-content\/uploads\/2023\/11\/Caso-de-exito-BSH-rrss.png","width":1920,"height":1080},{"@type":"BreadcrumbList","@id":"https:\/\/partners.sngular.com\/atlassian\/casos-de-exito\/bsh-inicia-su-transformacion-agil-basada-en-safe\/#breadcrumb","itemListElement":[{"@type":"ListItem","position":1,"name":"Portada","item":"https:\/\/partners.sngular.com\/atlassian\/"},{"@type":"ListItem","position":2,"name":"Casos de \u00e9xito","item":"https:\/\/partners.sngular.com\/atlassian\/casos-de-exito\/"},{"@type":"ListItem","position":3,"name":"BSH inicia su transformaci\u00f3n \u00e1gil basada en SAFe"}]},{"@type":"WebSite","@id":"https:\/\/partners.sngular.com\/atlassian\/#website","url":"https:\/\/partners.sngular.com\/atlassian\/","name":"Atlassian Sngular","description":"","publisher":{"@id":"https:\/\/partners.sngular.com\/atlassian\/#organization"},"potentialAction":[{"@type":"SearchAction","target":{"@type":"EntryPoint","urlTemplate":"https:\/\/partners.sngular.com\/atlassian\/?s={search_term_string}"},"query-input":{"@type":"PropertyValueSpecification","valueRequired":true,"valueName":"search_term_string"}}],"inLanguage":"es-ES"},{"@type":"Organization","@id":"https:\/\/partners.sngular.com\/atlassian\/#organization","name":"TecnoFor","url":"https:\/\/partners.sngular.com\/atlassian\/","logo":{"@type":"ImageObject","inLanguage":"es-ES","@id":"https:\/\/partners.sngular.com\/atlassian\/#\/schema\/logo\/image\/","url":"https:\/\/partners.sngular.com\/atlassian\/wp-content\/uploads\/2022\/03\/Logo-Tecnofor-2022-grande-color-transparente-16-9.png","contentUrl":"https:\/\/partners.sngular.com\/atlassian\/wp-content\/uploads\/2022\/03\/Logo-Tecnofor-2022-grande-color-transparente-16-9.png","width":1123,"height":632,"caption":"TecnoFor"},"image":{"@id":"https:\/\/partners.sngular.com\/atlassian\/#\/schema\/logo\/image\/"}}]}},"meta_box":[],"_links":{"self":[{"href":"https:\/\/partners.sngular.com\/atlassian\/wp-json\/wp\/v2\/pages\/41379","targetHints":{"allow":["GET"]}}],"collection":[{"href":"https:\/\/partners.sngular.com\/atlassian\/wp-json\/wp\/v2\/pages"}],"about":[{"href":"https:\/\/partners.sngular.com\/atlassian\/wp-json\/wp\/v2\/types\/page"}],"author":[{"embeddable":true,"href":"https:\/\/partners.sngular.com\/atlassian\/wp-json\/wp\/v2\/users\/3"}],"replies":[{"embeddable":true,"href":"https:\/\/partners.sngular.com\/atlassian\/wp-json\/wp\/v2\/comments?post=41379"}],"version-history":[{"count":34,"href":"https:\/\/partners.sngular.com\/atlassian\/wp-json\/wp\/v2\/pages\/41379\/revisions"}],"predecessor-version":[{"id":41951,"href":"https:\/\/partners.sngular.com\/atlassian\/wp-json\/wp\/v2\/pages\/41379\/revisions\/41951"}],"up":[{"embeddable":true,"href":"https:\/\/partners.sngular.com\/atlassian\/wp-json\/wp\/v2\/pages\/40627"}],"wp:featuredmedia":[{"embeddable":true,"href":"https:\/\/partners.sngular.com\/atlassian\/wp-json\/wp\/v2\/media\/42207"}],"wp:attachment":[{"href":"https:\/\/partners.sngular.com\/atlassian\/wp-json\/wp\/v2\/media?parent=41379"}],"curies":[{"name":"wp","href":"https:\/\/api.w.org\/{rel}","templated":true}]}}