{"id":41794,"date":"2023-10-09T15:37:21","date_gmt":"2023-10-09T15:37:21","guid":{"rendered":"https:\/\/partners.sngular.com\/atlassian\/?page_id=41794"},"modified":"2023-11-08T12:48:18","modified_gmt":"2023-11-08T12:48:18","slug":"ing-trabaja-bajo-la-metodologia-one-agile-way-of-working","status":"publish","type":"page","link":"https:\/\/partners.sngular.com\/atlassian\/casos-de-exito\/ing-trabaja-bajo-la-metodologia-one-agile-way-of-working\/","title":{"rendered":"ING trabaja bajo la metodolog\u00eda One Agile Way of Working"},"content":{"rendered":"<div class=\"wpb-content-wrapper\"><section data-vc-full-width=\"true\" data-vc-full-width-init=\"false\" class=\"vc_row wpb_row vc_row-fluid brand22 hero22 em22 blanco vc_custom_1649434518979 bg-position-center-center vc_row-has-fill pofo-stretch-content pofo-stretch-row-container\"><div class=\"wpb_column vc_column_container pt22 pb22 vc_col-sm-12  col-xs-mobile-fullwidth\"><div class=\"vc_column-inner \"><div class=\"wpb_wrapper\"><div class=\"for-x for-x-inv last-paragraph-no-margin\"><p style=\"text-align: center;\">CASO DE<br \/>\n<em>\u00c9XITO<\/em><\/p>\n<\/div><\/div><\/div><\/div><\/section><div class=\"vc_row-full-width vc_clearfix\"><\/div><section class=\"vc_row wpb_row vc_row-fluid brand22\"><div class=\"wpb_column vc_column_container vc_col-sm-12  col-xs-mobile-fullwidth\"><div class=\"vc_column-inner \"><div class=\"wpb_wrapper\">[vc_raw_html]JTVCdG5mX3NlcGFyYWRvciU1RA==[\/vc_raw_html]<\/div><\/div><\/div><\/section><section class=\"vc_row wpb_row vc_row-fluid brand22 pb22-sm titulo22\"><div class=\"wpb_column vc_column_container vc_col-sm-12  col-xs-mobile-fullwidth\"><div class=\"vc_column-inner \"><div class=\"wpb_wrapper\"><div class=\"last-paragraph-no-margin\"><h1>ING trabaja bajo la metodolog\u00eda One Agile Way of Working<\/h1>\n<\/div><\/div><\/div><\/div><\/section><section class=\"vc_row wpb_row vc_row-fluid brand22 ptb22-sm em22  vc_row-o-equal-height vc_row-o-content-top vc_row-flex\"><div class=\"wpb_column vc_column_container vc_col-has-fill vc_col-sm-8 vc_col-md-offset-2 vc_col-md-3 vc_col-sm-offset-2 vc_col-xs-offset-1 vc_col-xs-10\"><div class=\"vc_column-inner vc_custom_1696862827136\"><div class=\"wpb_wrapper\">[vc_single_image image=\u00bb41797&#8243; img_size=\u00bbfull\u00bb]<\/div><\/div><\/div><div class=\"wpb_column vc_column_container vc_col-sm-8 vc_col-md-offset-0 vc_col-md-5 vc_col-sm-offset-2 vc_col-xs-offset-1 vc_col-xs-10\"><div class=\"vc_column-inner \"><div class=\"wpb_wrapper\"><div class=\"last-paragraph-no-margin\"><p><strong>ING <\/strong>es una instituci\u00f3n financiera presente en m\u00e1s de 40 pa\u00edses. Adem\u00e1s de ser l\u00edder en innovaci\u00f3n digital, destaca por ser una organizaci\u00f3n que fomenta el talento, la diversidad, la inclusi\u00f3n y la multiculturalidad.<\/p>\n<\/div><\/div><\/div><\/div><div class=\"wpb_column vc_column_container pt22-xs vc_col-sm-8 vc_col-sm-offset-2 vc_col-xs-offset-1 vc_col-xs-10\"><div class=\"vc_column-inner \"><div class=\"wpb_wrapper\"><div class=\"last-paragraph-no-margin\"><p><strong>ING<\/strong> lleg\u00f3 a Espa\u00f1a como el primer banco digital y con un enfoque centrado en ofrecer una experiencia diferencial a sus clientes que ha marcado el paradigma de la banca en nuestro pa\u00eds.<\/p>\n<p>Por eso en 2018 <strong>les acompa\u00f1amos en el liderazgo de su Transformaci\u00f3n Agile<\/strong>: actuamos como agentes de cambio y les ayudamos a implantar una nueva forma de trabajar basada en \u00ab<strong>One Agile Way of Working<\/strong>\u00ab, fomentando la transparencia y <strong>fortaleciendo los tres pilares de la transformaci\u00f3n: Delivery, Engagement y Resources<\/strong>. \u00abOne Agile Way of Working\u00bb es su propio camino hacia una forma de trabajar \u00e1gil y colaborativa, es un framework en constante evoluci\u00f3n y, como tal, se fue actualizando a lo largo del proyecto.<\/p>\n<\/div><\/div><\/div><\/div><div class=\"wpb_column vc_column_container vc_col-sm-8 vc_col-sm-offset-2 vc_col-xs-offset-1 vc_col-xs-10\"><div class=\"vc_column-inner \"><div class=\"wpb_wrapper\">[vc_single_image image=\u00bb41796&#8243; img_size=\u00bbfull\u00bb alignment=\u00bbcenter\u00bb]<\/div><\/div><\/div><div class=\"wpb_column vc_column_container vc_col-sm-8 vc_col-sm-offset-2 vc_col-xs-offset-1 vc_col-xs-10\"><div class=\"vc_column-inner \"><div class=\"wpb_wrapper\"><div class=\"pb22-xs last-paragraph-no-margin\"><p>Nos centramos en comprender y satisfacer las necesidades de los equipos, acompa\u00f1\u00e1ndoles en todo el proceso y asegur\u00e1ndonos de que se ofrec\u00eda un excelente servicio a sus clientes, atendiendo sus transacciones, solicitudes y quejas de manera eficiente. Para ello, usamos m\u00e9tricas y valoraciones objetivas del servicio para una toma de decisiones informada y asertiva. Adem\u00e1s, apoyamos a los empleados obteniendo informaci\u00f3n a trav\u00e9s de encuestas, para medir el engagement y poder tomar decisiones adecuadas de cara a lograr un mejor desempe\u00f1o y compromiso de todo el equipo humano.<\/p>\n<\/div><div class=\"last-paragraph-no-margin\"><p>Uno de los grandes retos a los que nos enfrentamos fue dividir las dos \u00e1reas m\u00e1s grandes del banco del \u00e1rea de IT (m\u00e1s de 300 personas) en unidades m\u00e1s peque\u00f1as, para facilitar la gesti\u00f3n de objetivos, mejorar la comunicaci\u00f3n y optimizar los tiempos de entrega.<strong> \u00bfC\u00f3mo lo hicimos?<\/strong><\/p>\n<\/div><\/div><\/div><\/div><div class=\"wpb_column vc_column_container vc_col-sm-8 vc_col-sm-offset-2 vc_col-xs-offset-1 vc_col-xs-10\"><div class=\"vc_column-inner \"><div class=\"wpb_wrapper\"><div class=\"last-paragraph-no-margin\"><ul>\n<li><strong>Definimos una misi\u00f3n y visi\u00f3n para cada \u00e1rea<\/strong>: esto nos ayud\u00f3 a asegurarnos de que todos estaban trabajando hacia el mismo objetivo y que estaban alineados con los objetivos generales del banco.<\/li>\n<li><strong>Definimos roles de liderazgo y perfiles<\/strong>: para una gesti\u00f3n del cambio amigable. Esto nos ayud\u00f3 a asegurarnos de que ten\u00edamos las personas adecuadas en los puestos adecuados para liderar la transformaci\u00f3n y garantizar un cambio positivo.<\/li>\n<li><strong>Finalizamos el proceso fundando los mencionados nuevos equipos<\/strong>: con sus respectivas misiones, objetivos, roles, identidades y acuerdos de trabajo. Repetir el proceso de orientaci\u00f3n a la misi\u00f3n nos ayud\u00f3 a asegurarnos de que los equipos estaban bien definidos y enfocados, y que ten\u00edan la capacidad de lograr sus objetivos.<\/li>\n<\/ul>\n<\/div><\/div><\/div><\/div><div class=\"wpb_column vc_column_container pb22-sm vc_col-sm-8 vc_col-lg-offset-2 vc_col-lg-4 vc_col-md-offset-1 vc_col-md-5 vc_col-sm-offset-2 vc_col-xs-offset-1 vc_col-xs-10\"><div class=\"vc_column-inner \"><div class=\"wpb_wrapper\"><div class=\"last-paragraph-no-margin\"><p>En paralelo, tambi\u00e9n fuimos parte de la transformaci\u00f3n del \u00e1rea de servicio, con equipos m\u00e1s centrados en el cliente y el negocio. El reto era seguir fortaleciendo la relaci\u00f3n con el cliente, mejorando todas la m\u00e9tricas y aline\u00e1ndose con el lenguaje, los objetivos y las formas de trabajo \u00e1giles de los equipos que soportaban sus servicios de \u00e1reas m\u00e1s tecnol\u00f3gicas.<\/p>\n<\/div><\/div><\/div><\/div><div class=\"wpb_column vc_column_container pb22-sm vc_col-sm-6 vc_col-md-offset-0 vc_col-md-4 vc_col-sm-offset-3 vc_col-xs-offset-2 vc_col-xs-8\"><div class=\"vc_column-inner \"><div class=\"wpb_wrapper\">[vc_single_image image=\u00bb41795&#8243; img_size=\u00bbfull\u00bb]<\/div><\/div><\/div><\/section><section data-vc-full-width=\"true\" data-vc-full-width-init=\"false\" class=\"vc_row wpb_row vc_row-fluid brand22 em22 softbg pt22-sm pb22-sm  pofo-stretch-content pofo-stretch-row-container\"><div class=\"wpb_column vc_column_container vc_col-sm-8 vc_col-sm-offset-2 vc_col-xs-offset-1 vc_col-xs-10\"><div class=\"vc_column-inner \"><div class=\"wpb_wrapper\"><div class=\"last-paragraph-no-margin\"><p>\u00bfC\u00f3mo lo conseguimos?<\/p>\n<ul>\n<li>Con la participaci\u00f3n de los altos directivos en la transformaci\u00f3n al contar su experiencia con los m\u00e9todos \u00e1giles, motivando que todos los equipos se alinearan con los objetivos de la transformaci\u00f3n y que estuvieran comprometidos con el cambio.<\/li>\n<li>Formalizando una nueva forma de trabajo basada en Kanban e integrada con One way of working del resto del banco.<\/li>\n<li>Fundando nuevos equipos centrados en el cliente y el negocio.<\/li>\n<\/ul>\n<\/div><\/div><\/div><\/div><\/section><div class=\"vc_row-full-width vc_clearfix\"><\/div><section data-vc-full-width=\"true\" data-vc-full-width-init=\"false\" class=\"vc_row wpb_row vc_row-fluid brand22 pt22-sm pb22 cta22 em22  wow fadeIn pofo-stretch-content pofo-stretch-row-container\"><div class=\"wpb_column vc_column_container vc_col-sm-8 vc_col-sm-offset-2 vc_col-xs-offset-1 vc_col-xs-10\"><div class=\"vc_column-inner \"><div class=\"wpb_wrapper\">[vc_raw_html]JTVCdG5mX3NlcGFyYWRvciUyMGhvcml6b250YWwlM0QxJTVE[\/vc_raw_html]<div class=\"last-paragraph-no-margin\"><h4>\u00bfHablamos de tu caso?<\/h4>\n<\/div><a  href=\"https:\/\/tecnofor.es\/contacto\/?utm_medium=web&#038;utm_source=caso-exito&#038;utm_content=caso-exito-ing#formulario\" target=\"_blank\" class=\"btn btn22 followutm pofo-button-1 button-style1  btn-dark-gray  btn-medium \" >\u00a1Escr\u00edbenos!<\/a><\/div><\/div><\/div><\/section><div class=\"vc_row-full-width vc_clearfix\"><\/div>\n<\/div>","protected":false},"excerpt":{"rendered":"CASO DE \u00c9XITO [vc_raw_html]JTVCdG5mX3NlcGFyYWRvciU1RA==[\/vc_raw_html]ING trabaja bajo la metodolog\u00eda One Agile Way of Working [vc_single_image image=\"41797\" img_size=\"full\"]ING es una instituci\u00f3n financiera presente en m\u00e1s de 40 pa\u00edses. Adem\u00e1s de ser l\u00edder en innovaci\u00f3n digital, destaca por ser una organizaci\u00f3n que fomenta el talento, la diversidad, la inclusi\u00f3n y la multiculturalidad. ING lleg\u00f3 a Espa\u00f1a como el primer banco digital y con un enfoque centrado en ofrecer una experiencia diferencial a sus clientes que ha marcado el paradigma de la banca en nuestro pa\u00eds. Por eso en 2018 les acompa\u00f1amos en el liderazgo de su Transformaci\u00f3n Agile: actuamos como agentes de cambio y les ayudamos a implantar una nueva forma de trabajar basada en \"One Agile Way of Working\", fomentando la transparencia y fortaleciendo los tres pilares de la transformaci\u00f3n: Delivery, Engagement y Resources. \"One Agile Way of Working\" es su propio camino hacia una forma de trabajar \u00e1gil y colaborativa, es un framework en constante evoluci\u00f3n y, como tal, se fue actualizando a lo largo del proyecto. [vc_single_image image=\"41796\" img_size=\"full\" alignment=\"center\"]Nos centramos en comprender y satisfacer las necesidades de los equipos, acompa\u00f1\u00e1ndoles en todo el proceso y asegur\u00e1ndonos de que se ofrec\u00eda un excelente servicio a sus clientes, atendiendo sus transacciones,...","protected":false},"author":3,"featured_media":42211,"parent":40627,"menu_order":0,"comment_status":"closed","ping_status":"closed","template":"","meta":{"inline_featured_image":false,"footnotes":""},"class_list":["post-41794","page","type-page","status-publish","has-post-thumbnail","hentry"],"yoast_head":"<!-- This site is optimized with the Yoast SEO plugin v26.9 - https:\/\/yoast.com\/product\/yoast-seo-wordpress\/ -->\n<title>ING trabaja bajo la metodolog\u00eda One Agile Way of Working - Atlassian Sngular<\/title>\n<meta name=\"description\" content=\"Acompa\u00f1amos a ING en el liderazgo de su Transformaci\u00f3n Agile, fomentando la transparencia y fortaleciendo Delivery, Engagement y Resources\" \/>\n<meta name=\"robots\" content=\"index, follow, max-snippet:-1, max-image-preview:large, max-video-preview:-1\" \/>\n<link rel=\"canonical\" href=\"https:\/\/partners.sngular.com\/atlassian\/casos-de-exito\/ing-trabaja-bajo-la-metodologia-one-agile-way-of-working\/\" \/>\n<meta property=\"og:locale\" content=\"es_ES\" \/>\n<meta property=\"og:type\" content=\"article\" \/>\n<meta property=\"og:title\" content=\"ING trabaja bajo la metodolog\u00eda One Agile Way of Working - Atlassian Sngular\" \/>\n<meta property=\"og:description\" content=\"Acompa\u00f1amos a ING en el liderazgo de su Transformaci\u00f3n Agile, fomentando la transparencia y fortaleciendo Delivery, Engagement y Resources\" \/>\n<meta property=\"og:url\" content=\"https:\/\/partners.sngular.com\/atlassian\/casos-de-exito\/ing-trabaja-bajo-la-metodologia-one-agile-way-of-working\/\" \/>\n<meta property=\"og:site_name\" content=\"Atlassian Sngular\" \/>\n<meta property=\"article:modified_time\" content=\"2023-11-08T12:48:18+00:00\" \/>\n<meta property=\"og:image\" content=\"https:\/\/partners.sngular.com\/atlassian\/wp-content\/uploads\/2023\/11\/Caso-de-exito-ING-rrss.png\" \/>\n\t<meta property=\"og:image:width\" content=\"1920\" \/>\n\t<meta property=\"og:image:height\" content=\"1080\" \/>\n\t<meta property=\"og:image:type\" content=\"image\/png\" \/>\n<meta name=\"twitter:card\" content=\"summary_large_image\" \/>\n<script type=\"application\/ld+json\" class=\"yoast-schema-graph\">{\"@context\":\"https:\/\/schema.org\",\"@graph\":[{\"@type\":\"WebPage\",\"@id\":\"https:\/\/partners.sngular.com\/atlassian\/casos-de-exito\/ing-trabaja-bajo-la-metodologia-one-agile-way-of-working\/\",\"url\":\"https:\/\/partners.sngular.com\/atlassian\/casos-de-exito\/ing-trabaja-bajo-la-metodologia-one-agile-way-of-working\/\",\"name\":\"ING trabaja bajo la metodolog\u00eda One Agile Way of Working - Atlassian Sngular\",\"isPartOf\":{\"@id\":\"https:\/\/partners.sngular.com\/atlassian\/#website\"},\"primaryImageOfPage\":{\"@id\":\"https:\/\/partners.sngular.com\/atlassian\/casos-de-exito\/ing-trabaja-bajo-la-metodologia-one-agile-way-of-working\/#primaryimage\"},\"image\":{\"@id\":\"https:\/\/partners.sngular.com\/atlassian\/casos-de-exito\/ing-trabaja-bajo-la-metodologia-one-agile-way-of-working\/#primaryimage\"},\"thumbnailUrl\":\"https:\/\/partners.sngular.com\/atlassian\/wp-content\/uploads\/2023\/11\/Caso-de-exito-ING-rrss.png\",\"datePublished\":\"2023-10-09T15:37:21+00:00\",\"dateModified\":\"2023-11-08T12:48:18+00:00\",\"description\":\"Acompa\u00f1amos a ING en el liderazgo de su Transformaci\u00f3n Agile, fomentando la transparencia y fortaleciendo Delivery, Engagement y Resources\",\"breadcrumb\":{\"@id\":\"https:\/\/partners.sngular.com\/atlassian\/casos-de-exito\/ing-trabaja-bajo-la-metodologia-one-agile-way-of-working\/#breadcrumb\"},\"inLanguage\":\"es\",\"potentialAction\":[{\"@type\":\"ReadAction\",\"target\":[\"https:\/\/partners.sngular.com\/atlassian\/casos-de-exito\/ing-trabaja-bajo-la-metodologia-one-agile-way-of-working\/\"]}]},{\"@type\":\"ImageObject\",\"inLanguage\":\"es\",\"@id\":\"https:\/\/partners.sngular.com\/atlassian\/casos-de-exito\/ing-trabaja-bajo-la-metodologia-one-agile-way-of-working\/#primaryimage\",\"url\":\"https:\/\/partners.sngular.com\/atlassian\/wp-content\/uploads\/2023\/11\/Caso-de-exito-ING-rrss.png\",\"contentUrl\":\"https:\/\/partners.sngular.com\/atlassian\/wp-content\/uploads\/2023\/11\/Caso-de-exito-ING-rrss.png\",\"width\":1920,\"height\":1080},{\"@type\":\"BreadcrumbList\",\"@id\":\"https:\/\/partners.sngular.com\/atlassian\/casos-de-exito\/ing-trabaja-bajo-la-metodologia-one-agile-way-of-working\/#breadcrumb\",\"itemListElement\":[{\"@type\":\"ListItem\",\"position\":1,\"name\":\"Portada\",\"item\":\"https:\/\/partners.sngular.com\/atlassian\/\"},{\"@type\":\"ListItem\",\"position\":2,\"name\":\"Casos de \u00e9xito\",\"item\":\"https:\/\/partners.sngular.com\/atlassian\/casos-de-exito\/\"},{\"@type\":\"ListItem\",\"position\":3,\"name\":\"ING trabaja bajo la metodolog\u00eda One Agile Way of Working\"}]},{\"@type\":\"WebSite\",\"@id\":\"https:\/\/partners.sngular.com\/atlassian\/#website\",\"url\":\"https:\/\/partners.sngular.com\/atlassian\/\",\"name\":\"Atlassian Sngular\",\"description\":\"\",\"publisher\":{\"@id\":\"https:\/\/partners.sngular.com\/atlassian\/#organization\"},\"potentialAction\":[{\"@type\":\"SearchAction\",\"target\":{\"@type\":\"EntryPoint\",\"urlTemplate\":\"https:\/\/partners.sngular.com\/atlassian\/?s={search_term_string}\"},\"query-input\":{\"@type\":\"PropertyValueSpecification\",\"valueRequired\":true,\"valueName\":\"search_term_string\"}}],\"inLanguage\":\"es\"},{\"@type\":\"Organization\",\"@id\":\"https:\/\/partners.sngular.com\/atlassian\/#organization\",\"name\":\"TecnoFor\",\"url\":\"https:\/\/partners.sngular.com\/atlassian\/\",\"logo\":{\"@type\":\"ImageObject\",\"inLanguage\":\"es\",\"@id\":\"https:\/\/partners.sngular.com\/atlassian\/#\/schema\/logo\/image\/\",\"url\":\"https:\/\/partners.sngular.com\/atlassian\/wp-content\/uploads\/2022\/03\/Logo-Tecnofor-2022-grande-color-transparente-16-9.png\",\"contentUrl\":\"https:\/\/partners.sngular.com\/atlassian\/wp-content\/uploads\/2022\/03\/Logo-Tecnofor-2022-grande-color-transparente-16-9.png\",\"width\":1123,\"height\":632,\"caption\":\"TecnoFor\"},\"image\":{\"@id\":\"https:\/\/partners.sngular.com\/atlassian\/#\/schema\/logo\/image\/\"}}]}<\/script>\n<!-- \/ Yoast SEO plugin. -->","yoast_head_json":{"title":"ING trabaja bajo la metodolog\u00eda One Agile Way of Working - Atlassian Sngular","description":"Acompa\u00f1amos a ING en el liderazgo de su Transformaci\u00f3n Agile, fomentando la transparencia y fortaleciendo Delivery, Engagement y Resources","robots":{"index":"index","follow":"follow","max-snippet":"max-snippet:-1","max-image-preview":"max-image-preview:large","max-video-preview":"max-video-preview:-1"},"canonical":"https:\/\/partners.sngular.com\/atlassian\/casos-de-exito\/ing-trabaja-bajo-la-metodologia-one-agile-way-of-working\/","og_locale":"es_ES","og_type":"article","og_title":"ING trabaja bajo la metodolog\u00eda One Agile Way of Working - Atlassian Sngular","og_description":"Acompa\u00f1amos a ING en el liderazgo de su Transformaci\u00f3n Agile, fomentando la transparencia y fortaleciendo Delivery, Engagement y Resources","og_url":"https:\/\/partners.sngular.com\/atlassian\/casos-de-exito\/ing-trabaja-bajo-la-metodologia-one-agile-way-of-working\/","og_site_name":"Atlassian Sngular","article_modified_time":"2023-11-08T12:48:18+00:00","og_image":[{"width":1920,"height":1080,"url":"https:\/\/partners.sngular.com\/atlassian\/wp-content\/uploads\/2023\/11\/Caso-de-exito-ING-rrss.png","type":"image\/png"}],"twitter_card":"summary_large_image","schema":{"@context":"https:\/\/schema.org","@graph":[{"@type":"WebPage","@id":"https:\/\/partners.sngular.com\/atlassian\/casos-de-exito\/ing-trabaja-bajo-la-metodologia-one-agile-way-of-working\/","url":"https:\/\/partners.sngular.com\/atlassian\/casos-de-exito\/ing-trabaja-bajo-la-metodologia-one-agile-way-of-working\/","name":"ING trabaja bajo la metodolog\u00eda One Agile Way of Working - Atlassian Sngular","isPartOf":{"@id":"https:\/\/partners.sngular.com\/atlassian\/#website"},"primaryImageOfPage":{"@id":"https:\/\/partners.sngular.com\/atlassian\/casos-de-exito\/ing-trabaja-bajo-la-metodologia-one-agile-way-of-working\/#primaryimage"},"image":{"@id":"https:\/\/partners.sngular.com\/atlassian\/casos-de-exito\/ing-trabaja-bajo-la-metodologia-one-agile-way-of-working\/#primaryimage"},"thumbnailUrl":"https:\/\/partners.sngular.com\/atlassian\/wp-content\/uploads\/2023\/11\/Caso-de-exito-ING-rrss.png","datePublished":"2023-10-09T15:37:21+00:00","dateModified":"2023-11-08T12:48:18+00:00","description":"Acompa\u00f1amos a ING en el liderazgo de su Transformaci\u00f3n Agile, fomentando la transparencia y fortaleciendo Delivery, Engagement y Resources","breadcrumb":{"@id":"https:\/\/partners.sngular.com\/atlassian\/casos-de-exito\/ing-trabaja-bajo-la-metodologia-one-agile-way-of-working\/#breadcrumb"},"inLanguage":"es","potentialAction":[{"@type":"ReadAction","target":["https:\/\/partners.sngular.com\/atlassian\/casos-de-exito\/ing-trabaja-bajo-la-metodologia-one-agile-way-of-working\/"]}]},{"@type":"ImageObject","inLanguage":"es","@id":"https:\/\/partners.sngular.com\/atlassian\/casos-de-exito\/ing-trabaja-bajo-la-metodologia-one-agile-way-of-working\/#primaryimage","url":"https:\/\/partners.sngular.com\/atlassian\/wp-content\/uploads\/2023\/11\/Caso-de-exito-ING-rrss.png","contentUrl":"https:\/\/partners.sngular.com\/atlassian\/wp-content\/uploads\/2023\/11\/Caso-de-exito-ING-rrss.png","width":1920,"height":1080},{"@type":"BreadcrumbList","@id":"https:\/\/partners.sngular.com\/atlassian\/casos-de-exito\/ing-trabaja-bajo-la-metodologia-one-agile-way-of-working\/#breadcrumb","itemListElement":[{"@type":"ListItem","position":1,"name":"Portada","item":"https:\/\/partners.sngular.com\/atlassian\/"},{"@type":"ListItem","position":2,"name":"Casos de \u00e9xito","item":"https:\/\/partners.sngular.com\/atlassian\/casos-de-exito\/"},{"@type":"ListItem","position":3,"name":"ING trabaja bajo la metodolog\u00eda One Agile Way of Working"}]},{"@type":"WebSite","@id":"https:\/\/partners.sngular.com\/atlassian\/#website","url":"https:\/\/partners.sngular.com\/atlassian\/","name":"Atlassian Sngular","description":"","publisher":{"@id":"https:\/\/partners.sngular.com\/atlassian\/#organization"},"potentialAction":[{"@type":"SearchAction","target":{"@type":"EntryPoint","urlTemplate":"https:\/\/partners.sngular.com\/atlassian\/?s={search_term_string}"},"query-input":{"@type":"PropertyValueSpecification","valueRequired":true,"valueName":"search_term_string"}}],"inLanguage":"es"},{"@type":"Organization","@id":"https:\/\/partners.sngular.com\/atlassian\/#organization","name":"TecnoFor","url":"https:\/\/partners.sngular.com\/atlassian\/","logo":{"@type":"ImageObject","inLanguage":"es","@id":"https:\/\/partners.sngular.com\/atlassian\/#\/schema\/logo\/image\/","url":"https:\/\/partners.sngular.com\/atlassian\/wp-content\/uploads\/2022\/03\/Logo-Tecnofor-2022-grande-color-transparente-16-9.png","contentUrl":"https:\/\/partners.sngular.com\/atlassian\/wp-content\/uploads\/2022\/03\/Logo-Tecnofor-2022-grande-color-transparente-16-9.png","width":1123,"height":632,"caption":"TecnoFor"},"image":{"@id":"https:\/\/partners.sngular.com\/atlassian\/#\/schema\/logo\/image\/"}}]}},"meta_box":[],"_links":{"self":[{"href":"https:\/\/partners.sngular.com\/atlassian\/wp-json\/wp\/v2\/pages\/41794","targetHints":{"allow":["GET"]}}],"collection":[{"href":"https:\/\/partners.sngular.com\/atlassian\/wp-json\/wp\/v2\/pages"}],"about":[{"href":"https:\/\/partners.sngular.com\/atlassian\/wp-json\/wp\/v2\/types\/page"}],"author":[{"embeddable":true,"href":"https:\/\/partners.sngular.com\/atlassian\/wp-json\/wp\/v2\/users\/3"}],"replies":[{"embeddable":true,"href":"https:\/\/partners.sngular.com\/atlassian\/wp-json\/wp\/v2\/comments?post=41794"}],"version-history":[{"count":20,"href":"https:\/\/partners.sngular.com\/atlassian\/wp-json\/wp\/v2\/pages\/41794\/revisions"}],"predecessor-version":[{"id":42264,"href":"https:\/\/partners.sngular.com\/atlassian\/wp-json\/wp\/v2\/pages\/41794\/revisions\/42264"}],"up":[{"embeddable":true,"href":"https:\/\/partners.sngular.com\/atlassian\/wp-json\/wp\/v2\/pages\/40627"}],"wp:featuredmedia":[{"embeddable":true,"href":"https:\/\/partners.sngular.com\/atlassian\/wp-json\/wp\/v2\/media\/42211"}],"wp:attachment":[{"href":"https:\/\/partners.sngular.com\/atlassian\/wp-json\/wp\/v2\/media?parent=41794"}],"curies":[{"name":"wp","href":"https:\/\/api.w.org\/{rel}","templated":true}]}}