{"id":43034,"date":"2024-03-12T12:47:39","date_gmt":"2024-03-12T12:47:39","guid":{"rendered":"https:\/\/partners.sngular.com\/atlassian\/?page_id=43034"},"modified":"2026-02-10T15:28:32","modified_gmt":"2026-02-10T14:28:32","slug":"athletic-club-caso-exito","status":"publish","type":"page","link":"https:\/\/partners.sngular.com\/atlassian\/athletic-club-caso-exito\/","title":{"rendered":"Athletic Club caso de \u00e9xito"},"content":{"rendered":"<div class=\"wpb-content-wrapper\"><section data-vc-full-width=\"true\" data-vc-full-width-init=\"false\" data-vc-stretch-content=\"true\" class=\"vc_row wpb_row vc_row-fluid brand22 hero22 heroslider cerrando em22 darkbg pb22-lg  pofo-stretch-content vc_row-no-padding\"><div class=\"wpb_column vc_column_container vc_col-sm-12  col-xs-mobile-fullwidth\"><div class=\"vc_column-inner \"><div class=\"wpb_wrapper\"><div class=\"vc_row wpb_row vc_inner vc_row-fluid slide  vc_row-o-equal-height vc_row-o-content-middle vc_row-flex\"><div class=\"wpb_column vc_column_container ptb22-sm vc_col-sm-8  col-xs-mobile-fullwidth\"><div class=\"vc_column-inner \"><div class=\"wpb_wrapper\"><div class=\"pb22-xs last-paragraph-no-margin\"><h1>Caso de \u00e9xito<\/h1>\n<\/div><div class=\"pb22-xs last-paragraph-no-margin\"><p>Athletic Club redise\u00f1a su experiencia de empleado sobre Jira Service Management<\/p>\n<\/div><a  href=\"https:\/\/partners.sngular.com\/atlassian\/contacto\/#origen=caso-exito-athletic-club\" target=\"_blank\" class=\"btn pofo-button-1 button-style1  btn-dark-gray\" >Quiero ser el siguiente caso de \u00e9xito<\/a><\/div><\/div><\/div><div class=\"wpb_column vc_column_container vc_col-sm-4  col-xs-mobile-fullwidth\"><div class=\"vc_column-inner \"><div class=\"wpb_wrapper\">[vc_single_image image=\u00bb52931&#8243; img_size=\u00bbfull\u00bb css=\u00bb\u00bb]<\/div><\/div><\/div><\/div>[vc_raw_html css=\u00bb\u00bb]JTVCc25nJTIwaGVybyU1RA==[\/vc_raw_html]<\/div><\/div><\/div><\/section><div class=\"vc_row-full-width vc_clearfix\"><\/div><section class=\"vc_row wpb_row vc_row-fluid brand22 em22 pb22-sm  vc_row-o-equal-height vc_row-flex\"><div class=\"wpb_column vc_column_container vc_col-has-fill pb22-xs vc_col-sm-8 vc_col-md-offset-2 vc_col-md-4 vc_col-sm-offset-2 vc_col-xs-offset-1 vc_col-xs-10\"><div class=\"vc_column-inner bg-position-right-center vc_custom_1710952588128\" style=\"min-height: 300px;\"><div class=\"wpb_wrapper\"><\/div><\/div><\/div><div class=\"wpb_column vc_column_container vc_col-sm-8 vc_col-md-offset-0 vc_col-md-4 vc_col-sm-offset-2 vc_col-xs-offset-1 vc_col-xs-10\"><div class=\"vc_column-inner \"><div class=\"wpb_wrapper\"><div class=\"last-paragraph-no-margin\"><p><strong>Athletic Club,<\/strong> conocido coloquialmente como <strong>Athletic de Bilbao<\/strong>, en uno de los principales clubes de futbol de Espa\u00f1a. Fundado en 1898, cuenta con una importante base social, una identidad y valores perfectamente reconocibles, y es uno de los \u00fanicos cuatro equipos deportivos profesionales que no se ha convertido en una sociedad an\u00f3nima deportiva, continuando siendo propiedad de m\u00e1s de 40.000 socios. A nivel deportivo sus logros reflejan la importancia del Athletic en la competici\u00f3n: con 36 t\u00edtulos oficiales es el tercer club m\u00e1s laureado en Espa\u00f1a y es uno de los \u00fanicos tres clubes que ha disputado desde 1928 todas las ediciones de la Primera Divisi\u00f3n espa\u00f1ola.<\/p>\n<\/div><\/div><\/div><\/div><div class=\"wpb_column vc_column_container pt22-xs vc_col-sm-8 vc_col-sm-offset-2 vc_col-xs-offset-1 vc_col-xs-10\"><div class=\"vc_column-inner \"><div class=\"wpb_wrapper\"><div class=\"no-mt pb22-sm last-paragraph-no-margin\"><h2>La misi\u00f3n<\/h2>\n<\/div><div class=\"last-paragraph-no-margin\"><p>Un equipo deportivo profesional est\u00e1 acostumbrado a objetivos ambiciosos y a actuar con decisi\u00f3n para alcanzarlos, por eso sab\u00edamos que este proyecto requerir\u00eda lo mejor de nuestro equipo y experiencia.<\/p>\n<p>El Athletic ten\u00eda como objetivo mejorar el tiempo de resoluci\u00f3n de las incidencias y peticiones que sus m\u00e1s de 300 empleados, tanto del Athletic Club como de la Fundaci\u00f3n, requieren a diario a su equipo de tecnolog\u00eda para alcanzar sus metas.<\/p>\n<\/div>[vc_empty_space]<div class=\"pb22-sm last-paragraph-no-margin\"><h2>Nuestra soluci\u00f3n<\/h2>\n<\/div><div class=\"last-paragraph-no-margin\"><p>El equipo de tecnolog\u00eda pon\u00eda a disposici\u00f3n de los usuarios una gran variedad de canales de comunicaci\u00f3n con sus usuarios, para estar lo m\u00e1s cerca de ellos, pero quer\u00edan disponer de uno m\u00e1s: un portal espec\u00edfico que centralizase la experiencia de empleado, simplificase la creaci\u00f3n de nuevas peticiones y pudiese mostrar al usuario cual es exactamente el estado de su petici\u00f3n.<\/p>\n<p>Ya hab\u00edan tenido algunas experiencias con Trello, pero su necesidades exig\u00edan de un rendimiento y funcionalidades en el tope del mercado, por lo que su elecci\u00f3n para este proyecto fue Jira Service Management Cloud Premium.<\/p>\n<p>Para la implementaci\u00f3n, que deb\u00edamos ejecutar en el menor tiempo posible y sin afectar al trabajo diario de sus empleados, que estaban en plena temporada de competici\u00f3n, acordamos con Athletic Club utilizar una soluci\u00f3n creada por Sngular (antes TecnoFor): ITSM For Jira. De esta forma podemos no solo una soluci\u00f3n que incluye los procesos ITSM cr\u00edticos para prestar un buen servicio al usuarios (Incidencia, Peticiones, Cambios, Knowledge Base), sino una soluci\u00f3n s\u00f3lida que ha sido probada y refinada a lo largo de m\u00e1s de cinco a\u00f1os, en todo tipo sectores y situaciones competitivas, y que permite ser desplegada en un tiempo r\u00e9cord.<\/p>\n<\/div>[vc_empty_space][vc_single_image image=\u00bb43037&#8243; img_size=\u00bbfull\u00bb]<\/div><\/div><\/div><\/section><section data-vc-full-width=\"true\" data-vc-full-width-init=\"false\" class=\"vc_row wpb_row vc_row-fluid brand22 pt22-sm pb22 cta22 em22 vc_custom_1770722436474 wow fadeIn vc_row-has-fill pofo-stretch-content pofo-stretch-row-container\"><div class=\"wpb_column vc_column_container vc_col-sm-8 vc_col-sm-offset-2 vc_col-xs-offset-1 vc_col-xs-10\"><div class=\"vc_column-inner \"><div class=\"wpb_wrapper\"><div class=\"last-paragraph-no-margin\"><h4>Ahora, Jira Service Management es parte de la Service Collection<\/h4>\n<\/div><div class=\"last-paragraph-no-margin\"><p>Una suite de apps dise\u00f1ada para aplicar los principios de la gesti\u00f3n ITSM a todos los equipos empresariales<\/p>\n<\/div><a  href=\"https:\/\/partners.sngular.com\/atlassian\/service-collection-2\/\" target=\"_blank\" class=\"btn btn22 followutm pofo-button-2 button-style1  btn-dark-gray  btn-medium \" >M\u00e1s sobre la Service Collection<\/a><\/div><\/div><\/div><\/section><div class=\"vc_row-full-width vc_clearfix\"><\/div><section data-vc-full-width=\"true\" data-vc-full-width-init=\"false\" class=\"vc_row wpb_row vc_row-fluid brand22 softbg pt22-sm pb22 vc_custom_1770733480131 vc_row-has-fill pofo-stretch-content pofo-stretch-row-container\"><div class=\"wpb_column vc_column_container vc_col-sm-8 vc_col-sm-offset-2 vc_col-xs-offset-1 vc_col-xs-10\"><div class=\"vc_column-inner \"><div class=\"wpb_wrapper\"><div class=\"pb22-sm last-paragraph-no-margin\"><h2>Resultados<\/h2>\n<\/div><div class=\"last-paragraph-no-margin\"><p>En el caso de Athletic Club fueron exactamente 29 d\u00edas los transcurridos desde el kick-off del proyecto hasta la entrega totalmente operativa de un nuevo sistema que incluye tanto mejoras en la experiencia de usuario, con un nuevo portal, como para los propios equipos de tecnolog\u00eda y soporte, facilitando colas de atenci\u00f3n priorizadas autom\u00e1ticamente, sistema de <strong>monitorizaci\u00f3n de SLAs<\/strong>, escalado de tickets o una <strong>CMDB<\/strong> para poder tener identificados todos los elementos de su infraestructura y las relaciones entre ellos.<\/p>\n<\/div><\/div><\/div><\/div><\/section><div class=\"vc_row-full-width vc_clearfix\"><\/div><section data-vc-full-width=\"true\" data-vc-full-width-init=\"false\" class=\"vc_row wpb_row vc_row-fluid brand22 pt22-sm pb22 cta22 em22 vc_custom_1770733625896 wow fadeIn vc_row-has-fill pofo-stretch-content pofo-stretch-row-container\"><div class=\"wpb_column vc_column_container vc_col-sm-8 vc_col-sm-offset-2 vc_col-xs-offset-1 vc_col-xs-10\"><div class=\"vc_column-inner \"><div class=\"wpb_wrapper\"><div class=\"last-paragraph-no-margin\"><h4>\u00bfHablamos de tu caso?<\/h4>\n<\/div><a  href=\"https:\/\/partners.sngular.com\/atlassian\/contacto\/#origen=caso-exito-athletic-club\" target=\"_blank\" class=\"btn btn22 followutm pofo-button-3 button-style1  btn-dark-gray  btn-medium \" >\u00a1Escr\u00edbenos!<\/a><\/div><\/div><\/div><\/section><div class=\"vc_row-full-width vc_clearfix\"><\/div><section data-vc-full-width=\"true\" data-vc-full-width-init=\"false\" class=\"vc_row wpb_row vc_row-fluid brand22 ptb22-sm  wow fadeIn pofo-stretch-content pofo-stretch-row-container\"><div class=\"wpb_column vc_column_container vc_col-sm-8 vc_col-sm-offset-2 vc_col-xs-offset-1 vc_col-xs-10\"><div class=\"vc_column-inner \"><div class=\"wpb_wrapper\"><div class=\"info-imagenes last-paragraph-no-margin\"><p>Kolforn (Wikimedia), CC BY-SA 4.0 <a class=\"fui-Link ___1rxvrpe f2hkw1w f3rmtva f1ewtqcl fyind8e f1k6fduh f1w7gpdv fk6fouc fjoy568 figsok6 f1hu3pq6 f11qmguv f19f4twv f1tyq0we f1g0x7ka fhxju0i f1qch9an f1cnd47f fqv5qza f1vmzxwi f1o700av f13mvf36 f1cmlufx f9n3di6 f1ids18y f1tx3yz7 f1deo86v f1eh06m1 f1iescvh fhgqx19 f1olyrje f1p93eir f1nev41a f1h8hb77 f1lqvz6u f10aw75t fsle3fq f17ae5zn\" title=\"https:\/\/creativecommons.org\/licenses\/by-sa\/4.0\" href=\"https:\/\/creativecommons.org\/licenses\/by-sa\/4.0\" target=\"_blank\" rel=\"noreferrer noopener\" aria-label=\"V\u00ednculo https:\/\/creativecommons.org\/licenses\/by-sa\/4.0\">https:\/\/creativecommons.org\/licenses\/by-sa\/4.0<\/a>, via Wikimedia Commons<br \/>\n\u0412\u0430\u043b\u0435\u0440\u0438\u0439 \u0414\u0435\u0434, CC BY 3.0 <a class=\"fui-Link ___1rxvrpe f2hkw1w f3rmtva f1ewtqcl fyind8e f1k6fduh f1w7gpdv fk6fouc fjoy568 figsok6 f1hu3pq6 f11qmguv f19f4twv f1tyq0we f1g0x7ka fhxju0i f1qch9an f1cnd47f fqv5qza f1vmzxwi f1o700av f13mvf36 f1cmlufx f9n3di6 f1ids18y f1tx3yz7 f1deo86v f1eh06m1 f1iescvh fhgqx19 f1olyrje f1p93eir f1nev41a f1h8hb77 f1lqvz6u f10aw75t fsle3fq f17ae5zn\" title=\"https:\/\/creativecommons.org\/licenses\/by\/3.0\" href=\"https:\/\/creativecommons.org\/licenses\/by\/3.0\" target=\"_blank\" rel=\"noreferrer noopener\" aria-label=\"V\u00ednculo https:\/\/creativecommons.org\/licenses\/by\/3.0\">https:\/\/creativecommons.org\/licenses\/by\/3.0<\/a>, via Wikimedia Commons<\/p>\n<\/div><\/div><\/div><\/div><\/section><div class=\"vc_row-full-width vc_clearfix\"><\/div>\n<\/div>","protected":false},"excerpt":{"rendered":"Caso de \u00e9xito Athletic Club redise\u00f1a su experiencia de empleado sobre Jira Service Management Quiero ser el siguiente caso de \u00e9xito[vc_single_image image=\"52931\" img_size=\"full\" css=\"\"][vc_raw_html css=\"\"]JTVCc25nJTIwaGVybyU1RA==[\/vc_raw_html]Athletic Club, conocido coloquialmente como Athletic de Bilbao, en uno de los principales clubes de futbol de Espa\u00f1a. Fundado en 1898, cuenta con una importante base social, una identidad y valores perfectamente reconocibles, y es uno de los \u00fanicos cuatro equipos deportivos profesionales que no se ha convertido en una sociedad an\u00f3nima deportiva, continuando siendo propiedad de m\u00e1s de 40.000 socios. A nivel deportivo sus logros reflejan la importancia del Athletic en la competici\u00f3n: con 36 t\u00edtulos oficiales es el tercer club m\u00e1s laureado en Espa\u00f1a y es uno de los \u00fanicos tres clubes que ha disputado desde 1928 todas las ediciones de la Primera Divisi\u00f3n espa\u00f1ola. La misi\u00f3n Un equipo deportivo profesional est\u00e1 acostumbrado a objetivos ambiciosos y a actuar con decisi\u00f3n para alcanzarlos, por eso sab\u00edamos que este proyecto requerir\u00eda lo mejor de nuestro equipo y experiencia. El Athletic ten\u00eda como objetivo mejorar el tiempo de resoluci\u00f3n de las incidencias y peticiones que sus m\u00e1s de 300 empleados, tanto del Athletic Club como de la Fundaci\u00f3n, requieren a diario a su equipo de tecnolog\u00eda...","protected":false},"author":1,"featured_media":51447,"parent":0,"menu_order":0,"comment_status":"closed","ping_status":"closed","template":"","meta":{"inline_featured_image":false,"footnotes":""},"class_list":["post-43034","page","type-page","status-publish","has-post-thumbnail","hentry"],"yoast_head":"<!-- This site is optimized with the Yoast SEO plugin v26.9 - https:\/\/yoast.com\/product\/yoast-seo-wordpress\/ -->\n<title>Athletic Club caso de \u00e9xito - Atlassian Sngular<\/title>\n<meta name=\"description\" content=\"29 d\u00edas desde el kick-off del proyecto hasta la entrega totalmente operativa de un nuevo sistema con mejoras UX, nuevo portal, priorizaci\u00f3n de colas autom\u00e1ticas, monitorizaci\u00f3n de SLAs, etc.\" \/>\n<meta name=\"robots\" content=\"index, follow, max-snippet:-1, max-image-preview:large, max-video-preview:-1\" \/>\n<link rel=\"canonical\" href=\"https:\/\/partners.sngular.com\/atlassian\/athletic-club-caso-exito\/\" \/>\n<meta property=\"og:locale\" content=\"es_ES\" \/>\n<meta property=\"og:type\" content=\"article\" \/>\n<meta property=\"og:title\" content=\"Athletic Club caso de \u00e9xito - Atlassian Sngular\" \/>\n<meta property=\"og:description\" content=\"29 d\u00edas desde el kick-off del proyecto hasta la entrega totalmente operativa de un nuevo sistema con mejoras UX, nuevo portal, priorizaci\u00f3n de colas autom\u00e1ticas, monitorizaci\u00f3n de SLAs, etc.\" \/>\n<meta property=\"og:url\" content=\"https:\/\/partners.sngular.com\/atlassian\/athletic-club-caso-exito\/\" \/>\n<meta property=\"og:site_name\" content=\"Atlassian Sngular\" \/>\n<meta property=\"article:modified_time\" content=\"2026-02-10T14:28:32+00:00\" \/>\n<meta property=\"og:image\" content=\"https:\/\/partners.sngular.com\/atlassian\/wp-content\/uploads\/2025\/10\/imagen-destacada-casos-exito.jpg\" \/>\n\t<meta property=\"og:image:width\" content=\"1920\" \/>\n\t<meta property=\"og:image:height\" content=\"1067\" \/>\n\t<meta property=\"og:image:type\" content=\"image\/jpeg\" \/>\n<meta name=\"twitter:card\" content=\"summary_large_image\" \/>\n<script type=\"application\/ld+json\" class=\"yoast-schema-graph\">{\"@context\":\"https:\/\/schema.org\",\"@graph\":[{\"@type\":\"WebPage\",\"@id\":\"https:\/\/partners.sngular.com\/atlassian\/athletic-club-caso-exito\/\",\"url\":\"https:\/\/partners.sngular.com\/atlassian\/athletic-club-caso-exito\/\",\"name\":\"Athletic Club caso de \u00e9xito - Atlassian Sngular\",\"isPartOf\":{\"@id\":\"https:\/\/partners.sngular.com\/atlassian\/#website\"},\"primaryImageOfPage\":{\"@id\":\"https:\/\/partners.sngular.com\/atlassian\/athletic-club-caso-exito\/#primaryimage\"},\"image\":{\"@id\":\"https:\/\/partners.sngular.com\/atlassian\/athletic-club-caso-exito\/#primaryimage\"},\"thumbnailUrl\":\"https:\/\/partners.sngular.com\/atlassian\/wp-content\/uploads\/2025\/10\/imagen-destacada-casos-exito.jpg\",\"datePublished\":\"2024-03-12T12:47:39+00:00\",\"dateModified\":\"2026-02-10T14:28:32+00:00\",\"description\":\"29 d\u00edas desde el kick-off del proyecto hasta la entrega totalmente operativa de un nuevo sistema con mejoras UX, nuevo portal, priorizaci\u00f3n de colas autom\u00e1ticas, monitorizaci\u00f3n de SLAs, etc.\",\"breadcrumb\":{\"@id\":\"https:\/\/partners.sngular.com\/atlassian\/athletic-club-caso-exito\/#breadcrumb\"},\"inLanguage\":\"es\",\"potentialAction\":[{\"@type\":\"ReadAction\",\"target\":[\"https:\/\/partners.sngular.com\/atlassian\/athletic-club-caso-exito\/\"]}]},{\"@type\":\"ImageObject\",\"inLanguage\":\"es\",\"@id\":\"https:\/\/partners.sngular.com\/atlassian\/athletic-club-caso-exito\/#primaryimage\",\"url\":\"https:\/\/partners.sngular.com\/atlassian\/wp-content\/uploads\/2025\/10\/imagen-destacada-casos-exito.jpg\",\"contentUrl\":\"https:\/\/partners.sngular.com\/atlassian\/wp-content\/uploads\/2025\/10\/imagen-destacada-casos-exito.jpg\",\"width\":1920,\"height\":1067},{\"@type\":\"BreadcrumbList\",\"@id\":\"https:\/\/partners.sngular.com\/atlassian\/athletic-club-caso-exito\/#breadcrumb\",\"itemListElement\":[{\"@type\":\"ListItem\",\"position\":1,\"name\":\"Portada\",\"item\":\"https:\/\/partners.sngular.com\/atlassian\/\"},{\"@type\":\"ListItem\",\"position\":2,\"name\":\"Athletic Club caso de \u00e9xito\"}]},{\"@type\":\"WebSite\",\"@id\":\"https:\/\/partners.sngular.com\/atlassian\/#website\",\"url\":\"https:\/\/partners.sngular.com\/atlassian\/\",\"name\":\"Atlassian Sngular\",\"description\":\"\",\"publisher\":{\"@id\":\"https:\/\/partners.sngular.com\/atlassian\/#organization\"},\"potentialAction\":[{\"@type\":\"SearchAction\",\"target\":{\"@type\":\"EntryPoint\",\"urlTemplate\":\"https:\/\/partners.sngular.com\/atlassian\/?s={search_term_string}\"},\"query-input\":{\"@type\":\"PropertyValueSpecification\",\"valueRequired\":true,\"valueName\":\"search_term_string\"}}],\"inLanguage\":\"es\"},{\"@type\":\"Organization\",\"@id\":\"https:\/\/partners.sngular.com\/atlassian\/#organization\",\"name\":\"TecnoFor\",\"url\":\"https:\/\/partners.sngular.com\/atlassian\/\",\"logo\":{\"@type\":\"ImageObject\",\"inLanguage\":\"es\",\"@id\":\"https:\/\/partners.sngular.com\/atlassian\/#\/schema\/logo\/image\/\",\"url\":\"https:\/\/partners.sngular.com\/atlassian\/wp-content\/uploads\/2022\/03\/Logo-Tecnofor-2022-grande-color-transparente-16-9.png\",\"contentUrl\":\"https:\/\/partners.sngular.com\/atlassian\/wp-content\/uploads\/2022\/03\/Logo-Tecnofor-2022-grande-color-transparente-16-9.png\",\"width\":1123,\"height\":632,\"caption\":\"TecnoFor\"},\"image\":{\"@id\":\"https:\/\/partners.sngular.com\/atlassian\/#\/schema\/logo\/image\/\"}}]}<\/script>\n<!-- \/ Yoast SEO plugin. -->","yoast_head_json":{"title":"Athletic Club caso de \u00e9xito - Atlassian Sngular","description":"29 d\u00edas desde el kick-off del proyecto hasta la entrega totalmente operativa de un nuevo sistema con mejoras UX, nuevo portal, priorizaci\u00f3n de colas autom\u00e1ticas, monitorizaci\u00f3n de SLAs, etc.","robots":{"index":"index","follow":"follow","max-snippet":"max-snippet:-1","max-image-preview":"max-image-preview:large","max-video-preview":"max-video-preview:-1"},"canonical":"https:\/\/partners.sngular.com\/atlassian\/athletic-club-caso-exito\/","og_locale":"es_ES","og_type":"article","og_title":"Athletic Club caso de \u00e9xito - Atlassian Sngular","og_description":"29 d\u00edas desde el kick-off del proyecto hasta la entrega totalmente operativa de un nuevo sistema con mejoras UX, nuevo portal, priorizaci\u00f3n de colas autom\u00e1ticas, monitorizaci\u00f3n de SLAs, etc.","og_url":"https:\/\/partners.sngular.com\/atlassian\/athletic-club-caso-exito\/","og_site_name":"Atlassian Sngular","article_modified_time":"2026-02-10T14:28:32+00:00","og_image":[{"width":1920,"height":1067,"url":"https:\/\/partners.sngular.com\/atlassian\/wp-content\/uploads\/2025\/10\/imagen-destacada-casos-exito.jpg","type":"image\/jpeg"}],"twitter_card":"summary_large_image","schema":{"@context":"https:\/\/schema.org","@graph":[{"@type":"WebPage","@id":"https:\/\/partners.sngular.com\/atlassian\/athletic-club-caso-exito\/","url":"https:\/\/partners.sngular.com\/atlassian\/athletic-club-caso-exito\/","name":"Athletic Club caso de \u00e9xito - Atlassian Sngular","isPartOf":{"@id":"https:\/\/partners.sngular.com\/atlassian\/#website"},"primaryImageOfPage":{"@id":"https:\/\/partners.sngular.com\/atlassian\/athletic-club-caso-exito\/#primaryimage"},"image":{"@id":"https:\/\/partners.sngular.com\/atlassian\/athletic-club-caso-exito\/#primaryimage"},"thumbnailUrl":"https:\/\/partners.sngular.com\/atlassian\/wp-content\/uploads\/2025\/10\/imagen-destacada-casos-exito.jpg","datePublished":"2024-03-12T12:47:39+00:00","dateModified":"2026-02-10T14:28:32+00:00","description":"29 d\u00edas desde el kick-off del proyecto hasta la entrega totalmente operativa de un nuevo sistema con mejoras UX, nuevo portal, priorizaci\u00f3n de colas autom\u00e1ticas, monitorizaci\u00f3n de SLAs, etc.","breadcrumb":{"@id":"https:\/\/partners.sngular.com\/atlassian\/athletic-club-caso-exito\/#breadcrumb"},"inLanguage":"es","potentialAction":[{"@type":"ReadAction","target":["https:\/\/partners.sngular.com\/atlassian\/athletic-club-caso-exito\/"]}]},{"@type":"ImageObject","inLanguage":"es","@id":"https:\/\/partners.sngular.com\/atlassian\/athletic-club-caso-exito\/#primaryimage","url":"https:\/\/partners.sngular.com\/atlassian\/wp-content\/uploads\/2025\/10\/imagen-destacada-casos-exito.jpg","contentUrl":"https:\/\/partners.sngular.com\/atlassian\/wp-content\/uploads\/2025\/10\/imagen-destacada-casos-exito.jpg","width":1920,"height":1067},{"@type":"BreadcrumbList","@id":"https:\/\/partners.sngular.com\/atlassian\/athletic-club-caso-exito\/#breadcrumb","itemListElement":[{"@type":"ListItem","position":1,"name":"Portada","item":"https:\/\/partners.sngular.com\/atlassian\/"},{"@type":"ListItem","position":2,"name":"Athletic Club caso de \u00e9xito"}]},{"@type":"WebSite","@id":"https:\/\/partners.sngular.com\/atlassian\/#website","url":"https:\/\/partners.sngular.com\/atlassian\/","name":"Atlassian Sngular","description":"","publisher":{"@id":"https:\/\/partners.sngular.com\/atlassian\/#organization"},"potentialAction":[{"@type":"SearchAction","target":{"@type":"EntryPoint","urlTemplate":"https:\/\/partners.sngular.com\/atlassian\/?s={search_term_string}"},"query-input":{"@type":"PropertyValueSpecification","valueRequired":true,"valueName":"search_term_string"}}],"inLanguage":"es"},{"@type":"Organization","@id":"https:\/\/partners.sngular.com\/atlassian\/#organization","name":"TecnoFor","url":"https:\/\/partners.sngular.com\/atlassian\/","logo":{"@type":"ImageObject","inLanguage":"es","@id":"https:\/\/partners.sngular.com\/atlassian\/#\/schema\/logo\/image\/","url":"https:\/\/partners.sngular.com\/atlassian\/wp-content\/uploads\/2022\/03\/Logo-Tecnofor-2022-grande-color-transparente-16-9.png","contentUrl":"https:\/\/partners.sngular.com\/atlassian\/wp-content\/uploads\/2022\/03\/Logo-Tecnofor-2022-grande-color-transparente-16-9.png","width":1123,"height":632,"caption":"TecnoFor"},"image":{"@id":"https:\/\/partners.sngular.com\/atlassian\/#\/schema\/logo\/image\/"}}]}},"meta_box":[],"_links":{"self":[{"href":"https:\/\/partners.sngular.com\/atlassian\/wp-json\/wp\/v2\/pages\/43034","targetHints":{"allow":["GET"]}}],"collection":[{"href":"https:\/\/partners.sngular.com\/atlassian\/wp-json\/wp\/v2\/pages"}],"about":[{"href":"https:\/\/partners.sngular.com\/atlassian\/wp-json\/wp\/v2\/types\/page"}],"author":[{"embeddable":true,"href":"https:\/\/partners.sngular.com\/atlassian\/wp-json\/wp\/v2\/users\/1"}],"replies":[{"embeddable":true,"href":"https:\/\/partners.sngular.com\/atlassian\/wp-json\/wp\/v2\/comments?post=43034"}],"version-history":[{"count":19,"href":"https:\/\/partners.sngular.com\/atlassian\/wp-json\/wp\/v2\/pages\/43034\/revisions"}],"predecessor-version":[{"id":52984,"href":"https:\/\/partners.sngular.com\/atlassian\/wp-json\/wp\/v2\/pages\/43034\/revisions\/52984"}],"wp:featuredmedia":[{"embeddable":true,"href":"https:\/\/partners.sngular.com\/atlassian\/wp-json\/wp\/v2\/media\/51447"}],"wp:attachment":[{"href":"https:\/\/partners.sngular.com\/atlassian\/wp-json\/wp\/v2\/media?parent=43034"}],"curies":[{"name":"wp","href":"https:\/\/api.w.org\/{rel}","templated":true}]}}