{"id":49323,"date":"2025-03-17T14:02:27","date_gmt":"2025-03-17T13:02:27","guid":{"rendered":"https:\/\/partners.sngular.com\/atlassian\/?page_id=49323"},"modified":"2025-11-28T18:52:07","modified_gmt":"2025-11-28T17:52:07","slug":"atlassian-team25-recap","status":"publish","type":"page","link":"https:\/\/partners.sngular.com\/atlassian\/eventos\/atlassian-team25-recap\/","title":{"rendered":"Atlassian Team&#8217;25 Recap"},"content":{"rendered":"<div class=\"wpb-content-wrapper\"><section data-vc-full-width=\"true\" data-vc-full-width-init=\"false\" class=\"vc_row wpb_row vc_row-fluid brand22 hero22 em22 heroPointer vc_custom_1742219715874 vc_row-has-fill pofo-stretch-content pofo-stretch-row-container vc_row-o-equal-height vc_row-o-content-middle vc_row-flex pofo-row-responsive-69ef34c0108bf\"><div class=\"wpb_column vc_column_container herotitle vc_col-sm-7 vc_col-md-offset-1 vc_col-md-5 vc_col-sm-offset-0 vc_col-xs-offset-1 vc_col-xs-10 wow fadeInUp\" data-wow-delay= 300ms><div class=\"vc_column-inner  no-column-padding\"><div class=\"wpb_wrapper\"><div class=\"last-paragraph-no-margin\"><p><img loading=\"lazy\" decoding=\"async\" class=\"alignnone wp-image-49353\" src=\"https:\/\/partners.sngular.com\/atlassian\/wp-content\/uploads\/2025\/03\/Team-25-Recap.png\" alt=\"\" width=\"1353\" height=\"762\" \/><\/p>\n<p><img loading=\"lazy\" decoding=\"async\" class=\"alignnone wp-image-48272\" src=\"https:\/\/partners.sngular.com\/atlassian\/wp-content\/uploads\/2025\/01\/Atlassian-Platinum-Solution-Parner-Enterprise-and-ITSM-and-Cloud-Specialized-Blanco-Transp.png\" alt=\"\" width=\"615\" height=\"97\" \/><\/p>\n<\/div><\/div><\/div><\/div><div class=\"wpb_column vc_column_container darkbg infowebinar vc_col-sm-5 vc_col-md-offset-1 vc_col-md-4 vc_col-sm-offset-0 vc_col-xs-offset-1 vc_col-xs-10 wow fadeInUp\" data-wow-delay= 800ms><div class=\"vc_column-inner  no-column-padding\"><div class=\"wpb_wrapper\"><div class=\"followutm last-paragraph-no-margin\"><h3>22 de abril<\/h3>\n<p><em>12:00h &#8211; 13:15h (CEST)<\/em><\/p>\n<p>Webinar<\/p>\n<p><a class=\"btn btn22 followutm\" href=\"https:\/\/tecnofor.typeform.com\/team25-recap?&amp;utm_medium=landing-recap\" target=\"_blank\" rel=\"nofollow noopener noreferrer\">\u00a1Me apunto!<\/a><\/p>\n<\/div><\/div><\/div><\/div><\/section><div class=\"vc_row-full-width vc_clearfix\"><\/div><section data-vc-full-width=\"true\" data-vc-full-width-init=\"false\" class=\"vc_row wpb_row vc_row-fluid brand22  pofo-stretch-content pofo-stretch-row-container\"><div class=\"wpb_column vc_column_container vc_col-sm-12  col-xs-mobile-fullwidth wow fadeIn\" data-wow-delay= 1000ms><div class=\"vc_column-inner \"><div class=\"wpb_wrapper\">[vc_raw_html]JTVCdG5mX2NvdW50ZG93biUyMGRhdGUlM0QlMjIyMDI1LTA0LTIyJTIwMTIlM0EwMCUzQTAwJTIyJTIwYWxpZ24lM0QlMjJjZW50ZXIlMjIlNUQ=[\/vc_raw_html]<\/div><\/div><\/div><\/section><div class=\"vc_row-full-width vc_clearfix\"><\/div><section class=\"vc_row wpb_row vc_row-fluid brand22\"><div class=\"wpb_column vc_column_container vc_col-sm-12  col-xs-mobile-fullwidth\"><div class=\"vc_column-inner \"><div class=\"wpb_wrapper\">[vc_raw_html]JTVCdG5mX3NlcGFyYWRvciU1RA==[\/vc_raw_html]<\/div><\/div><\/div><\/section><section class=\"vc_row wpb_row vc_row-fluid brand22 pt22-xs semicta22 titulo22 em22 pb22-xs\"><div class=\"wpb_column vc_column_container vc_col-sm-8 vc_col-md-offset-2 vc_col-md-8 vc_col-sm-offset-2 vc_col-xs-offset-1 vc_col-xs-10 wow fadeInLeft\" data-wow-delay= 200ms><div class=\"vc_column-inner \"><div class=\"wpb_wrapper\"><div class=\"last-paragraph-no-margin\"><h1 style=\"text-align: center;\" data-pm-slice=\"1 1 &#091;&#093;\">Atlassian<br \/>\n<em>Team&#8217;25 ReCap<\/em><\/h1>\n<\/div>[vc_empty_space]<div class=\"last-paragraph-no-margin\"><h3 style=\"text-align: center;\">De Los \u00c1ngeles a Madrid<br \/>\n\u00a1En Tecno<em>For<\/em> te lo contamos todo!<\/h3>\n<\/div><\/div><\/div><\/div><\/section><section class=\"vc_row wpb_row vc_row-fluid brand22 pt22-xs semicta22 em22 pb22-sm\"><div class=\"wpb_column vc_column_container vc_col-sm-8 vc_col-md-offset-3 vc_col-md-6 vc_col-sm-offset-2 vc_col-xs-offset-1 vc_col-xs-10\"><div class=\"vc_column-inner \"><div class=\"wpb_wrapper\"><div class=\"last-paragraph-no-margin\"><p>\u00bfNo puedes asistir al <a href=\"https:\/\/partners.sngular.com\/atlassian\/en\/atlassian-team25\/\"><strong>Atlassian Team\u201925<\/strong><\/a> en Los \u00c1ngeles? TecnoFor estaremos all\u00ed y volveremos con las noticias que no te puedes perder. En este <em><strong>ReCap<\/strong> <\/em>queremos ponerte al d\u00eda y contarte en profundidad todas las novedades y tendencias que se compartir\u00e1n en Anaheim.<\/p>\n<h2 style=\"text-align: center;\">Conoce lo \u00faltimo de <strong>Atlassian<\/strong><\/h2>\n<p>Nuestro equipo presente en el Team &#8217;25 te lo contar\u00e1 todo:<\/p>\n<ul>\n<li><a href=\"https:\/\/www.linkedin.com\/in\/aleix-badia\/\" target=\"_blank\" rel=\"noopener noreferrer\">Aleix Bad\u00eda<\/a>, Senior Sales Engineer en Atlassian.<\/li>\n<li><a href=\"https:\/\/www.linkedin.com\/in\/mariaferser\/\" target=\"_blank\" rel=\"noopener noreferrer\">Mar\u00eda Ferre\u00f1o<\/a>, Atlassian SME y Creator en TecnoFor.<\/li>\n<li><a href=\"https:\/\/www.linkedin.com\/in\/mgalanm\/\" target=\"_blank\" rel=\"noopener noreferrer\">Mariano Gal\u00e1n<\/a>, Atlassain Business Director en TecnoFor y una de las voces m\u00e1s reconocidas en el sector.<\/li>\n<li><a href=\"https:\/\/www.linkedin.com\/in\/flora-rubio-\/\" target=\"_blank\" rel=\"noopener noreferrer\">Flora Rubio<\/a>, Atlassian International Business Director en TecnoFor.<\/li>\n<\/ul>\n<p><strong>Ap\u00fantate al ReCap y descubre todas las novedades de Atlassian en primicia: <\/strong>Te esperamos el <strong>22 de abril online <\/strong>para\u00a0ponerte al d\u00eda, responder a todas tus preguntas y compartir aprendizajes clave.<\/p>\n<\/div><a  href=\"https:\/\/tecnofor.typeform.com\/team25-recap?&#038;utm_medium=landing-recap\" target=\"_blank\" class=\"btn btn22 followutm pofo-button-1 button-style1  btn-dark-gray\" >\u00a1Quiero asistir!<\/a><\/div><\/div><\/div><\/section><section data-vc-full-width=\"true\" data-vc-full-width-init=\"false\" class=\"vc_row wpb_row vc_row-fluid brand22 pb22 subtitulo22  pofo-stretch-content pofo-stretch-row-container\"><div class=\"wpb_column vc_column_container ptb22-sm vc_col-sm-8 vc_col-sm-offset-2 vc_col-xs-offset-1 vc_col-xs-10\"><div class=\"vc_column-inner \"><div class=\"wpb_wrapper\"><div class=\"last-paragraph-no-margin\"><h3>Speakers<\/h3>\n<\/div><\/div><\/div><\/div><div class=\"wpb_column vc_column_container vc_col-sm-8 vc_col-sm-offset-2 vc_col-xs-offset-1 vc_col-xs-10\"><div class=\"vc_column-inner vc_custom_1650269729427\"><div class=\"wpb_wrapper\"><div class=\"vc_row wpb_row vc_inner vc_row-fluid speaker pt22-sm\"><div class=\"wpb_column vc_column_container speaker vc_col-sm-4  col-xs-mobile-fullwidth wow fadeInUp\" data-wow-delay= 200ms><div class=\"vc_column-inner \"><div class=\"wpb_wrapper\">[vc_single_image image=\u00bb49535&#8243; img_size=\u00bbfull\u00bb]<div class=\"last-paragraph-no-margin\"><p><strong>Aleix Badia<\/strong><\/p>\n<p><em>Atlassian<\/em><\/p>\n<p>Senior Sales Engineer<\/p>\n<\/div><a  href=\"https:\/\/www.linkedin.com\/in\/aleix-badia\/\" target=\"_blank\" class=\"btn pofo-button-2 button-style9  btn-link text-extra-dark-gray text-deep-pink-hover\" ><img decoding=\"async\" src=\"https:\/\/partners.sngular.com\/atlassian\/wp-content\/uploads\/2021\/03\/landing-eventosMesa-de-trabajo-8.png\" alt=\"LinkedIn\" class=\"icon-image margin-5px-right no-margin-left\" style=\"max-width: 24px;\"\/><\/a><\/div><\/div><\/div><div class=\"wpb_column vc_column_container speaker vc_col-sm-4  col-xs-mobile-fullwidth wow fadeInUp\" data-wow-delay= 400ms><div class=\"vc_column-inner \"><div class=\"wpb_wrapper\">[vc_single_image image=\u00bb49415&#8243; img_size=\u00bbfull\u00bb]<div class=\"last-paragraph-no-margin\"><p><strong>Mariano Gal\u00e1n<\/strong><\/p>\n<p><em>TecnoFor<\/em><\/p>\n<p>Atlassian Business Director<\/p>\n<\/div><a  href=\"https:\/\/www.linkedin.com\/in\/mgalanm\/\" target=\"_blank\" class=\"btn pofo-button-3 button-style9  btn-link text-extra-dark-gray text-deep-pink-hover\" ><img decoding=\"async\" src=\"https:\/\/partners.sngular.com\/atlassian\/wp-content\/uploads\/2021\/03\/landing-eventosMesa-de-trabajo-8.png\" alt=\"LinkedIn\" class=\"icon-image margin-5px-right no-margin-left\" style=\"max-width: 24px;\"\/><\/a><\/div><\/div><\/div><div class=\"wpb_column vc_column_container vc_col-sm-4  col-xs-mobile-fullwidth wow fadeInUp\" data-wow-delay= 600ms><div class=\"vc_column-inner \"><div class=\"wpb_wrapper\">[vc_single_image image=\u00bb35079&#8243; img_size=\u00bbfull\u00bb]<div class=\"last-paragraph-no-margin\"><p><strong>Mar\u00eda Ferre\u00f1o<\/strong><\/p>\n<p><em>TecnoFor<\/em><\/p>\n<p>Atlassian Creator<\/p>\n<\/div><a  href=\"https:\/\/www.linkedin.com\/in\/mariaferser\/\" target=\"_blank\" class=\"btn pofo-button-4 button-style9  btn-link text-extra-dark-gray text-deep-pink-hover\" ><img decoding=\"async\" src=\"https:\/\/partners.sngular.com\/atlassian\/wp-content\/uploads\/2021\/03\/landing-eventosMesa-de-trabajo-8.png\" alt=\"LinkedIn\" class=\"icon-image margin-5px-right no-margin-left\" style=\"max-width: 24px;\"\/><\/a><\/div><\/div><\/div><\/div><div class=\"vc_row wpb_row vc_inner vc_row-fluid speaker pt22-sm\"><div class=\"wpb_column vc_column_container speaker vc_col-sm-4  col-xs-mobile-fullwidth wow fadeInUp\" data-wow-delay= 200ms><div class=\"vc_column-inner \"><div class=\"wpb_wrapper\">[vc_single_image image=\u00bb46251&#8243; img_size=\u00bb189&#215;189&#8243;]<div class=\"last-paragraph-no-margin\"><p><strong>Flora Rubio<\/strong><\/p>\n<p><em>TecnoFor<\/em><\/p>\n<p>Atlassian International Business Director<\/p>\n<\/div><a  href=\"https:\/\/www.linkedin.com\/in\/flora-rubio-\/\" target=\"_blank\" class=\"btn pofo-button-5 button-style9  btn-link text-extra-dark-gray text-deep-pink-hover\" ><img decoding=\"async\" src=\"https:\/\/partners.sngular.com\/atlassian\/wp-content\/uploads\/2021\/03\/landing-eventosMesa-de-trabajo-8.png\" alt=\"LinkedIn\" class=\"icon-image margin-5px-right no-margin-left\" style=\"max-width: 24px;\"\/><\/a><\/div><\/div><\/div><\/div><\/div><\/div><\/div><\/section><div class=\"vc_row-full-width vc_clearfix\"><\/div><section id=\"agenda\" data-vc-full-width=\"true\" data-vc-full-width-init=\"false\" class=\"vc_row wpb_row vc_row-fluid brand22 pt22-sm pb22 em22 darkbg  pofo-stretch-content pofo-stretch-row-container\"><div class=\"wpb_column vc_column_container subtitulo22 pb22-sm vc_col-sm-8 vc_col-sm-offset-2 vc_col-xs-offset-1 vc_col-xs-10\"><div class=\"vc_column-inner \"><div class=\"wpb_wrapper\"><div class=\"last-paragraph-no-margin\"><h3>Agenda<\/h3>\n<\/div><\/div><\/div><\/div><div class=\"wpb_column vc_column_container agenda vc_col-sm-8 vc_col-md-offset-2 vc_col-md-8 vc_col-sm-offset-2 vc_col-xs-offset-1 vc_col-xs-10 wow fadeIn\" data-wow-delay= 200ms><div class=\"vc_column-inner \"><div class=\"wpb_wrapper\"><div class=\"pb22-sm last-paragraph-no-margin\"><table style=\"height: 180px;\" width=\"489\">\n<tbody>\n<tr>\n<td>12.00<\/td>\n<td>Bienvenida, <em>Mariano Gal\u00e1n<\/em><\/td>\n<\/tr>\n<tr>\n<td>12.05<\/td>\n<td>Presentaci\u00f3n y puntos clave de las novedades, <em>Mar\u00eda Ferre\u00f1o<\/em><\/td>\n<\/tr>\n<tr>\n<td>12.25<\/td>\n<td>Ecosystem Overview, <em>Flora Rubio<\/em><\/td>\n<\/tr>\n<tr>\n<td>12.45<\/td>\n<td>Perspectiva de <em>Aleix Bad\u00eda, de Atlassian<\/em><\/td>\n<\/tr>\n<tr>\n<td>13.00<\/td>\n<td>Q&amp;A, debate y experiencias<\/td>\n<\/tr>\n<\/tbody>\n<\/table>\n<\/div><a  href=\"https:\/\/tecnofor.typeform.com\/team25-recap?&#038;utm_medium=landing-recap\" target=\"_blank\" class=\"btn btn22 followutm pofo-button-6 button-style1  btn-dark-gray  btn-medium \" >\u00a1Me apunto!<\/a><\/div><\/div><\/div><\/section><div class=\"vc_row-full-width vc_clearfix\"><\/div>\n<\/div>","protected":false},"excerpt":{"rendered":"22 de abril 12:00h - 13:15h (CEST) Webinar \u00a1Me apunto! [vc_raw_html]JTVCdG5mX2NvdW50ZG93biUyMGRhdGUlM0QlMjIyMDI1LTA0LTIyJTIwMTIlM0EwMCUzQTAwJTIyJTIwYWxpZ24lM0QlMjJjZW50ZXIlMjIlNUQ=[\/vc_raw_html][vc_raw_html]JTVCdG5mX3NlcGFyYWRvciU1RA==[\/vc_raw_html]Atlassian Team'25 ReCap [vc_empty_space]De Los \u00c1ngeles a Madrid \u00a1En TecnoFor te lo contamos todo! \u00bfNo puedes asistir al Atlassian Team\u201925 en Los \u00c1ngeles? TecnoFor estaremos all\u00ed y volveremos con las noticias que no te puedes perder. En este ReCap queremos ponerte al d\u00eda y contarte en profundidad todas las novedades y tendencias que se compartir\u00e1n en Anaheim. Conoce lo \u00faltimo de Atlassian Nuestro equipo presente en el Team '25 te lo contar\u00e1 todo: Aleix Bad\u00eda, Senior Sales Engineer en Atlassian. Mar\u00eda Ferre\u00f1o, Atlassian SME y Creator en TecnoFor. Mariano Gal\u00e1n, Atlassain Business Director en TecnoFor y una de las voces m\u00e1s reconocidas en el sector. Flora Rubio, Atlassian International Business Director en TecnoFor. Ap\u00fantate al ReCap y descubre todas las novedades de Atlassian en primicia: Te esperamos el 22 de abril online para\u00a0ponerte al d\u00eda, responder a todas tus preguntas y compartir aprendizajes clave. \u00a1Quiero asistir!Speakers [vc_single_image image=\"49535\" img_size=\"full\"]Aleix Badia Atlassian Senior Sales Engineer [vc_single_image image=\"49415\" img_size=\"full\"]Mariano Gal\u00e1n TecnoFor Atlassian Business Director [vc_single_image image=\"35079\" img_size=\"full\"]Mar\u00eda Ferre\u00f1o TecnoFor Atlassian Creator [vc_single_image image=\"46251\" img_size=\"189x189\"]Flora Rubio TecnoFor Atlassian International Business Director Agenda 12.00 Bienvenida, Mariano Gal\u00e1n 12.05 Presentaci\u00f3n y puntos clave de las...","protected":false},"author":22,"featured_media":49360,"parent":34584,"menu_order":0,"comment_status":"closed","ping_status":"closed","template":"","meta":{"inline_featured_image":false,"footnotes":""},"class_list":["post-49323","page","type-page","status-publish","has-post-thumbnail","hentry"],"yoast_head":"<!-- This site is optimized with the Yoast SEO plugin v26.9 - https:\/\/yoast.com\/product\/yoast-seo-wordpress\/ -->\n<title>Atlassian Team&#039;25 Recap - Atlassian Sngular<\/title>\n<meta name=\"description\" content=\"\u00a1De Los \u00c1ngeles a Madrid! En TecnoFor volveremos de Anaheim con los brazos cargados de novedades para cont\u00e1rtelo todo sobre el Team &#039;25.\" \/>\n<meta name=\"robots\" content=\"index, follow, max-snippet:-1, max-image-preview:large, max-video-preview:-1\" \/>\n<link rel=\"canonical\" href=\"https:\/\/partners.sngular.com\/atlassian\/eventos\/atlassian-team25-recap\/\" \/>\n<meta property=\"og:locale\" content=\"es_ES\" \/>\n<meta property=\"og:type\" content=\"article\" \/>\n<meta property=\"og:title\" content=\"Atlassian Team&#039;25 Recap - Atlassian Sngular\" \/>\n<meta property=\"og:description\" content=\"\u00a1De Los \u00c1ngeles a Madrid! En TecnoFor volveremos de Anaheim con los brazos cargados de novedades para cont\u00e1rtelo todo sobre el Team &#039;25.\" \/>\n<meta property=\"og:url\" content=\"https:\/\/partners.sngular.com\/atlassian\/eventos\/atlassian-team25-recap\/\" \/>\n<meta property=\"og:site_name\" content=\"Atlassian Sngular\" \/>\n<meta property=\"article:modified_time\" content=\"2025-11-28T17:52:07+00:00\" \/>\n<meta property=\"og:image\" content=\"https:\/\/partners.sngular.com\/atlassian\/wp-content\/uploads\/2025\/03\/v4-post-announcing-team25-1-1.jpg\" \/>\n\t<meta property=\"og:image:width\" content=\"1840\" \/>\n\t<meta property=\"og:image:height\" content=\"1840\" \/>\n\t<meta property=\"og:image:type\" content=\"image\/jpeg\" \/>\n<meta name=\"twitter:card\" content=\"summary_large_image\" \/>\n<meta name=\"twitter:image\" content=\"https:\/\/partners.sngular.com\/atlassian\/wp-content\/uploads\/2025\/03\/Post_rectangular_recap-team24-2.jpg\" \/>\n<script type=\"application\/ld+json\" class=\"yoast-schema-graph\">{\"@context\":\"https:\/\/schema.org\",\"@graph\":[{\"@type\":\"WebPage\",\"@id\":\"https:\/\/partners.sngular.com\/atlassian\/eventos\/atlassian-team25-recap\/\",\"url\":\"https:\/\/partners.sngular.com\/atlassian\/eventos\/atlassian-team25-recap\/\",\"name\":\"Atlassian Team'25 Recap - Atlassian Sngular\",\"isPartOf\":{\"@id\":\"https:\/\/partners.sngular.com\/atlassian\/#website\"},\"primaryImageOfPage\":{\"@id\":\"https:\/\/partners.sngular.com\/atlassian\/eventos\/atlassian-team25-recap\/#primaryimage\"},\"image\":{\"@id\":\"https:\/\/partners.sngular.com\/atlassian\/eventos\/atlassian-team25-recap\/#primaryimage\"},\"thumbnailUrl\":\"https:\/\/partners.sngular.com\/atlassian\/wp-content\/uploads\/2025\/03\/v4-post-announcing-team25-1-1.jpg\",\"datePublished\":\"2025-03-17T13:02:27+00:00\",\"dateModified\":\"2025-11-28T17:52:07+00:00\",\"description\":\"\u00a1De Los \u00c1ngeles a Madrid! En TecnoFor volveremos de Anaheim con los brazos cargados de novedades para cont\u00e1rtelo todo sobre el Team '25.\",\"breadcrumb\":{\"@id\":\"https:\/\/partners.sngular.com\/atlassian\/eventos\/atlassian-team25-recap\/#breadcrumb\"},\"inLanguage\":\"es\",\"potentialAction\":[{\"@type\":\"ReadAction\",\"target\":[\"https:\/\/partners.sngular.com\/atlassian\/eventos\/atlassian-team25-recap\/\"]}]},{\"@type\":\"ImageObject\",\"inLanguage\":\"es\",\"@id\":\"https:\/\/partners.sngular.com\/atlassian\/eventos\/atlassian-team25-recap\/#primaryimage\",\"url\":\"https:\/\/partners.sngular.com\/atlassian\/wp-content\/uploads\/2025\/03\/v4-post-announcing-team25-1-1.jpg\",\"contentUrl\":\"https:\/\/partners.sngular.com\/atlassian\/wp-content\/uploads\/2025\/03\/v4-post-announcing-team25-1-1.jpg\",\"width\":1840,\"height\":1840},{\"@type\":\"BreadcrumbList\",\"@id\":\"https:\/\/partners.sngular.com\/atlassian\/eventos\/atlassian-team25-recap\/#breadcrumb\",\"itemListElement\":[{\"@type\":\"ListItem\",\"position\":1,\"name\":\"Portada\",\"item\":\"https:\/\/partners.sngular.com\/atlassian\/\"},{\"@type\":\"ListItem\",\"position\":2,\"name\":\"Eventos\",\"item\":\"https:\/\/partners.sngular.com\/atlassian\/eventos\/\"},{\"@type\":\"ListItem\",\"position\":3,\"name\":\"Atlassian Team&#8217;25 Recap\"}]},{\"@type\":\"WebSite\",\"@id\":\"https:\/\/partners.sngular.com\/atlassian\/#website\",\"url\":\"https:\/\/partners.sngular.com\/atlassian\/\",\"name\":\"Atlassian Sngular\",\"description\":\"\",\"publisher\":{\"@id\":\"https:\/\/partners.sngular.com\/atlassian\/#organization\"},\"potentialAction\":[{\"@type\":\"SearchAction\",\"target\":{\"@type\":\"EntryPoint\",\"urlTemplate\":\"https:\/\/partners.sngular.com\/atlassian\/?s={search_term_string}\"},\"query-input\":{\"@type\":\"PropertyValueSpecification\",\"valueRequired\":true,\"valueName\":\"search_term_string\"}}],\"inLanguage\":\"es\"},{\"@type\":\"Organization\",\"@id\":\"https:\/\/partners.sngular.com\/atlassian\/#organization\",\"name\":\"TecnoFor\",\"url\":\"https:\/\/partners.sngular.com\/atlassian\/\",\"logo\":{\"@type\":\"ImageObject\",\"inLanguage\":\"es\",\"@id\":\"https:\/\/partners.sngular.com\/atlassian\/#\/schema\/logo\/image\/\",\"url\":\"https:\/\/partners.sngular.com\/atlassian\/wp-content\/uploads\/2022\/03\/Logo-Tecnofor-2022-grande-color-transparente-16-9.png\",\"contentUrl\":\"https:\/\/partners.sngular.com\/atlassian\/wp-content\/uploads\/2022\/03\/Logo-Tecnofor-2022-grande-color-transparente-16-9.png\",\"width\":1123,\"height\":632,\"caption\":\"TecnoFor\"},\"image\":{\"@id\":\"https:\/\/partners.sngular.com\/atlassian\/#\/schema\/logo\/image\/\"}}]}<\/script>\n<!-- \/ Yoast SEO plugin. -->","yoast_head_json":{"title":"Atlassian Team'25 Recap - Atlassian Sngular","description":"\u00a1De Los \u00c1ngeles a Madrid! En TecnoFor volveremos de Anaheim con los brazos cargados de novedades para cont\u00e1rtelo todo sobre el Team '25.","robots":{"index":"index","follow":"follow","max-snippet":"max-snippet:-1","max-image-preview":"max-image-preview:large","max-video-preview":"max-video-preview:-1"},"canonical":"https:\/\/partners.sngular.com\/atlassian\/eventos\/atlassian-team25-recap\/","og_locale":"es_ES","og_type":"article","og_title":"Atlassian Team'25 Recap - Atlassian Sngular","og_description":"\u00a1De Los \u00c1ngeles a Madrid! En TecnoFor volveremos de Anaheim con los brazos cargados de novedades para cont\u00e1rtelo todo sobre el Team '25.","og_url":"https:\/\/partners.sngular.com\/atlassian\/eventos\/atlassian-team25-recap\/","og_site_name":"Atlassian Sngular","article_modified_time":"2025-11-28T17:52:07+00:00","og_image":[{"width":1840,"height":1840,"url":"https:\/\/partners.sngular.com\/atlassian\/wp-content\/uploads\/2025\/03\/v4-post-announcing-team25-1-1.jpg","type":"image\/jpeg"}],"twitter_card":"summary_large_image","twitter_image":"https:\/\/partners.sngular.com\/atlassian\/wp-content\/uploads\/2025\/03\/Post_rectangular_recap-team24-2.jpg","schema":{"@context":"https:\/\/schema.org","@graph":[{"@type":"WebPage","@id":"https:\/\/partners.sngular.com\/atlassian\/eventos\/atlassian-team25-recap\/","url":"https:\/\/partners.sngular.com\/atlassian\/eventos\/atlassian-team25-recap\/","name":"Atlassian Team'25 Recap - Atlassian Sngular","isPartOf":{"@id":"https:\/\/partners.sngular.com\/atlassian\/#website"},"primaryImageOfPage":{"@id":"https:\/\/partners.sngular.com\/atlassian\/eventos\/atlassian-team25-recap\/#primaryimage"},"image":{"@id":"https:\/\/partners.sngular.com\/atlassian\/eventos\/atlassian-team25-recap\/#primaryimage"},"thumbnailUrl":"https:\/\/partners.sngular.com\/atlassian\/wp-content\/uploads\/2025\/03\/v4-post-announcing-team25-1-1.jpg","datePublished":"2025-03-17T13:02:27+00:00","dateModified":"2025-11-28T17:52:07+00:00","description":"\u00a1De Los \u00c1ngeles a Madrid! En TecnoFor volveremos de Anaheim con los brazos cargados de novedades para cont\u00e1rtelo todo sobre el Team '25.","breadcrumb":{"@id":"https:\/\/partners.sngular.com\/atlassian\/eventos\/atlassian-team25-recap\/#breadcrumb"},"inLanguage":"es","potentialAction":[{"@type":"ReadAction","target":["https:\/\/partners.sngular.com\/atlassian\/eventos\/atlassian-team25-recap\/"]}]},{"@type":"ImageObject","inLanguage":"es","@id":"https:\/\/partners.sngular.com\/atlassian\/eventos\/atlassian-team25-recap\/#primaryimage","url":"https:\/\/partners.sngular.com\/atlassian\/wp-content\/uploads\/2025\/03\/v4-post-announcing-team25-1-1.jpg","contentUrl":"https:\/\/partners.sngular.com\/atlassian\/wp-content\/uploads\/2025\/03\/v4-post-announcing-team25-1-1.jpg","width":1840,"height":1840},{"@type":"BreadcrumbList","@id":"https:\/\/partners.sngular.com\/atlassian\/eventos\/atlassian-team25-recap\/#breadcrumb","itemListElement":[{"@type":"ListItem","position":1,"name":"Portada","item":"https:\/\/partners.sngular.com\/atlassian\/"},{"@type":"ListItem","position":2,"name":"Eventos","item":"https:\/\/partners.sngular.com\/atlassian\/eventos\/"},{"@type":"ListItem","position":3,"name":"Atlassian Team&#8217;25 Recap"}]},{"@type":"WebSite","@id":"https:\/\/partners.sngular.com\/atlassian\/#website","url":"https:\/\/partners.sngular.com\/atlassian\/","name":"Atlassian Sngular","description":"","publisher":{"@id":"https:\/\/partners.sngular.com\/atlassian\/#organization"},"potentialAction":[{"@type":"SearchAction","target":{"@type":"EntryPoint","urlTemplate":"https:\/\/partners.sngular.com\/atlassian\/?s={search_term_string}"},"query-input":{"@type":"PropertyValueSpecification","valueRequired":true,"valueName":"search_term_string"}}],"inLanguage":"es"},{"@type":"Organization","@id":"https:\/\/partners.sngular.com\/atlassian\/#organization","name":"TecnoFor","url":"https:\/\/partners.sngular.com\/atlassian\/","logo":{"@type":"ImageObject","inLanguage":"es","@id":"https:\/\/partners.sngular.com\/atlassian\/#\/schema\/logo\/image\/","url":"https:\/\/partners.sngular.com\/atlassian\/wp-content\/uploads\/2022\/03\/Logo-Tecnofor-2022-grande-color-transparente-16-9.png","contentUrl":"https:\/\/partners.sngular.com\/atlassian\/wp-content\/uploads\/2022\/03\/Logo-Tecnofor-2022-grande-color-transparente-16-9.png","width":1123,"height":632,"caption":"TecnoFor"},"image":{"@id":"https:\/\/partners.sngular.com\/atlassian\/#\/schema\/logo\/image\/"}}]}},"meta_box":[],"_links":{"self":[{"href":"https:\/\/partners.sngular.com\/atlassian\/wp-json\/wp\/v2\/pages\/49323","targetHints":{"allow":["GET"]}}],"collection":[{"href":"https:\/\/partners.sngular.com\/atlassian\/wp-json\/wp\/v2\/pages"}],"about":[{"href":"https:\/\/partners.sngular.com\/atlassian\/wp-json\/wp\/v2\/types\/page"}],"author":[{"embeddable":true,"href":"https:\/\/partners.sngular.com\/atlassian\/wp-json\/wp\/v2\/users\/22"}],"replies":[{"embeddable":true,"href":"https:\/\/partners.sngular.com\/atlassian\/wp-json\/wp\/v2\/comments?post=49323"}],"version-history":[{"count":48,"href":"https:\/\/partners.sngular.com\/atlassian\/wp-json\/wp\/v2\/pages\/49323\/revisions"}],"predecessor-version":[{"id":51638,"href":"https:\/\/partners.sngular.com\/atlassian\/wp-json\/wp\/v2\/pages\/49323\/revisions\/51638"}],"up":[{"embeddable":true,"href":"https:\/\/partners.sngular.com\/atlassian\/wp-json\/wp\/v2\/pages\/34584"}],"wp:featuredmedia":[{"embeddable":true,"href":"https:\/\/partners.sngular.com\/atlassian\/wp-json\/wp\/v2\/media\/49360"}],"wp:attachment":[{"href":"https:\/\/partners.sngular.com\/atlassian\/wp-json\/wp\/v2\/media?parent=49323"}],"curies":[{"name":"wp","href":"https:\/\/api.w.org\/{rel}","templated":true}]}}