{"id":49479,"date":"2025-03-20T16:10:06","date_gmt":"2025-03-20T15:10:06","guid":{"rendered":"https:\/\/partners.sngular.com\/atlassian\/?page_id=49479"},"modified":"2026-02-10T15:51:57","modified_gmt":"2026-02-10T14:51:57","slug":"iberdrola","status":"publish","type":"page","link":"https:\/\/partners.sngular.com\/atlassian\/casos-de-exito\/iberdrola\/","title":{"rendered":"Iberdrola migra de Server a Cloud en 6 meses"},"content":{"rendered":"<div class=\"wpb-content-wrapper\"><section data-vc-full-width=\"true\" data-vc-full-width-init=\"false\" data-vc-stretch-content=\"true\" class=\"vc_row wpb_row vc_row-fluid brand22 hero22 heroslider cerrando em22 darkbg pb22-lg  pofo-stretch-content vc_row-no-padding\"><div class=\"wpb_column vc_column_container vc_col-sm-12  col-xs-mobile-fullwidth\"><div class=\"vc_column-inner \"><div class=\"wpb_wrapper\"><div class=\"vc_row wpb_row vc_inner vc_row-fluid slide  vc_row-o-equal-height vc_row-o-content-middle vc_row-flex\"><div class=\"wpb_column vc_column_container ptb22-sm vc_col-sm-8  col-xs-mobile-fullwidth\"><div class=\"vc_column-inner \"><div class=\"wpb_wrapper\"><div class=\"pb22-xs last-paragraph-no-margin\"><h1>Caso de \u00e9xito<\/h1>\n<\/div><div class=\"pb22-xs last-paragraph-no-margin\"><p>Iberdrola migra su compleja infraestructura de Server a Cloud en 6 meses<\/p>\n<\/div><a  href=\"https:\/\/partners.sngular.com\/atlassian\/contacto\/#origen=caso-exito-iberdrola\" target=\"_blank\" class=\"btn pofo-button-1 button-style1  btn-dark-gray\" >Quiero ser el siguiente caso de \u00e9xito<\/a><\/div><\/div><\/div><div class=\"wpb_column vc_column_container vc_col-sm-4  col-xs-mobile-fullwidth\"><div class=\"vc_column-inner \"><div class=\"wpb_wrapper\">[vc_single_image image=&#8221;52931&#8243; img_size=&#8221;full&#8221; css=&#8221;&#8221;]<\/div><\/div><\/div><\/div>[vc_raw_html css=&#8221;&#8221;]JTVCc25nJTIwaGVybyU1RA==[\/vc_raw_html]<\/div><\/div><\/div><\/section><div class=\"vc_row-full-width vc_clearfix\"><\/div><section class=\"vc_row wpb_row vc_row-fluid brand22 em22 pb22-sm  vc_row-o-equal-height vc_row-flex\"><div class=\"wpb_column vc_column_container pb22 vc_col-sm-8 vc_col-sm-offset-2 vc_col-xs-offset-1 vc_col-xs-10\"><div class=\"vc_column-inner \"><div class=\"wpb_wrapper\"><div class=\"last-paragraph-no-margin\"><h1 style=\"text-align: center;\"><strong>Caso de \u00e9xito Iberdrola<\/strong><br \/>\nDe Jira Server a <em>Atlassian Cloud<\/em><\/h1>\n<\/div><\/div><\/div><\/div><div class=\"wpb_column vc_column_container vc_col-has-fill pb22-xs vc_col-sm-8 vc_col-md-offset-2 vc_col-md-4 vc_col-sm-offset-2 vc_col-xs-offset-1 vc_col-xs-10\"><div class=\"vc_column-inner bg-position-right-center vc_custom_1747926591156\" style=\"min-height: 300px;\"><div class=\"wpb_wrapper\"><\/div><\/div><\/div><div class=\"wpb_column vc_column_container vc_col-sm-8 vc_col-md-offset-0 vc_col-md-4 vc_col-sm-offset-2 vc_col-xs-offset-1 vc_col-xs-10\"><div class=\"vc_column-inner \"><div class=\"wpb_wrapper\"><div class=\"last-paragraph-no-margin\"><p><strong>Migrar un ecosistema<\/strong> a la nube no es solo un cambio tecnol\u00f3gico, es una <strong>evoluci\u00f3n estrat\u00e9gica<\/strong>. En Sngular (antes TecnoFor), acompa\u00f1amos a <a href=\"https:\/\/www.iberdrola.es\/\" target=\"_blank\" rel=\"noopener noreferrer\">Iberdrola<\/a> en el reto de <em><strong>trasladar su infraestructura Jira Server a Cloud<\/strong> <\/em>con un alto nivel de complejidad. En <strong>solo 6 meses<\/strong>, ejecutamos una migraci\u00f3n sin fisuras, asegurando la continuidad operativa de un entorno con:<\/p>\n<ul>\n<li><strong data-start=\"673\" data-end=\"691\">+30 apps<\/strong> con desarrollos a medida y conexiones con bases de datos externas.<\/li>\n<li><strong data-start=\"763\" data-end=\"790\">+10 pa\u00edses involucrados<\/strong>, con distintos directorios, dominios y zonas horarias.<\/li>\n<li><strong data-start=\"850\" data-end=\"878\">+25 empresas proveedoras<\/strong> conectadas al ecosistema.<\/li>\n<\/ul>\n<\/div><\/div><\/div><\/div><div class=\"wpb_column vc_column_container pt22-xs vc_col-sm-8 vc_col-sm-offset-2 vc_col-xs-offset-1 vc_col-xs-10\"><div class=\"vc_column-inner \"><div class=\"wpb_wrapper\">[vc_empty_space]<div class=\"last-paragraph-no-margin\"><h2>Nuestra soluci\u00f3n<\/h2>\n<\/div>[vc_empty_space]<div class=\"no-mt last-paragraph-no-margin\"><h4>Plan a medida,\u00a0resultados impecables<\/h4>\n<\/div>[vc_empty_space]<div class=\"last-paragraph-no-margin\"><p data-start=\"965\" data-end=\"1135\">Para garantizar una transici\u00f3n fluida, dise\u00f1amos una estrategia de migraci\u00f3n en la que cada detalle fue validado con <strong data-start=\"1082\" data-end=\"1107\">600 jefes de proyecto<\/strong>. Nuestro enfoque incluy\u00f3:<\/p>\n<ul>\n<li data-start=\"1137\" data-end=\"1878\"><strong>Integraci\u00f3n de nuevas soluciones:<\/strong> Incorporamos <strong>Jira Service Management y Confluence <\/strong>para potenciar la gesti\u00f3n del conocimiento y la operativa IT.<\/li>\n<li data-start=\"1137\" data-end=\"1878\"><strong data-start=\"1287\" data-end=\"1313\">Despliegue sin impacto: <\/strong>Realizado en fines de semana y horario nocturno para<strong> evitar interrupciones <\/strong>en la actividad diaria.<\/li>\n<li data-start=\"1137\" data-end=\"1878\"><strong><em><a href=\"https:\/\/partners.sngular.com\/atlassian\/consultoria-atlassian\/formacion\/\">Formaci\u00f3n<\/a> <\/em>a medida: <\/strong>Formamos en m\u00faltiples idiomas a todos los empleados y ofrecimos una formaci\u00f3n espec\u00edfica a los nuevos administradores del entorno Cloud.<\/li>\n<li data-start=\"1137\" data-end=\"1878\"><strong>Soporte post-migraci\u00f3n: <\/strong>Incorporaci\u00f3n de mejoras detectadas durante la evaluaci\u00f3n y el proceso de transici\u00f3n.<\/li>\n<li data-start=\"1137\" data-end=\"1878\"><strong data-start=\"1697\" data-end=\"1732\">Optimizaci\u00f3n del <a href=\"https:\/\/partners.sngular.com\/atlassian\/consultoria-atlassian\/licencias\/\">licenciamiento<\/a>: <\/strong>Unificamos\u00a0 todas las licencias en un <strong data-start=\"1776\" data-end=\"1801\">\u00fanico contrato global<\/strong>, maximizando eficiencia y reduciendo costes operativos y medioambientales.<\/li>\n<\/ul>\n<\/div><\/div><\/div><\/div><\/section><section data-vc-full-width=\"true\" data-vc-full-width-init=\"false\" class=\"vc_row wpb_row vc_row-fluid brand22 softbg pt22-sm pb22 em22  pofo-stretch-content pofo-stretch-row-container\"><div class=\"wpb_column vc_column_container vc_col-sm-8 vc_col-sm-offset-2 vc_col-xs-offset-1 vc_col-xs-10\"><div class=\"vc_column-inner \"><div class=\"wpb_wrapper\"><div class=\"last-paragraph-no-margin\"><h2>Misi\u00f3n y logros<\/h2>\n<\/div>[vc_empty_space]<div class=\"last-paragraph-no-margin\"><h4><em>Optimizar <\/em>la eficiencia de los desarrolladores, mejorar tanto la gobernanza como la gesti\u00f3n de proyectos y reducir costes.<\/h4>\n<\/div>[vc_empty_space][vc_single_image image=&#8221;50669&#8243; img_size=&#8221;full&#8221; css=&#8221;&#8221;]<\/div><\/div><\/div><\/section><div class=\"vc_row-full-width vc_clearfix\"><\/div><section data-vc-full-width=\"true\" data-vc-full-width-init=\"false\" class=\"vc_row wpb_row vc_row-fluid brand22 pt22-sm pb22 cta22 em22  wow fadeIn pofo-stretch-content pofo-stretch-row-container\"><div class=\"wpb_column vc_column_container vc_col-sm-8 vc_col-sm-offset-2 vc_col-xs-offset-1 vc_col-xs-10\"><div class=\"vc_column-inner \"><div class=\"wpb_wrapper\"><div class=\"last-paragraph-no-margin\"><h2>Tus arquitectos de Atlassian<\/h2>\n<\/div><div class=\"last-paragraph-no-margin\"><p data-start=\"1940\" data-end=\"2069\">Cada organizaci\u00f3n es \u00fanica, y cada migraci\u00f3n tiene su complejidad. En Sngular, dise\u00f1amos estrategias adaptadas a cada negocio.<\/p>\n<p><strong data-start=\"2074\" data-end=\"2111\">Reserva una sesi\u00f3n con nuestro equipo experto en Atlassian<\/strong> y descubre c\u00f3mo podemos ayudarte a hacer tu transici\u00f3n a la nube de forma eficiente, segura y sin sobresaltos.<\/p>\n<\/div>[vc_empty_space][vc_empty_space]<div class=\"last-paragraph-no-margin\"><h4>\u00bfHablamos de tu caso?<\/h4>\n<\/div><a  href=\"https:\/\/partners.sngular.com\/atlassian\/contacto\/#origen=caso-exito-iberdrola\" target=\"_blank\" class=\"btn btn22 followutm pofo-button-2 button-style1  btn-dark-gray  btn-medium \" >\u00a1Escr\u00edbenos!<\/a><\/div><\/div><\/div><\/section><div class=\"vc_row-full-width vc_clearfix\"><\/div>\n<\/div>","protected":false},"excerpt":{"rendered":"Caso de \u00e9xito Iberdrola migra su compleja infraestructura de Server a Cloud en 6 meses Quiero ser el siguiente caso de \u00e9xito[vc_single_image image=\"52931\" img_size=\"full\" css=\"\"][vc_raw_html css=\"\"]JTVCc25nJTIwaGVybyU1RA==[\/vc_raw_html]Caso de \u00e9xito Iberdrola De Jira Server a Atlassian Cloud Migrar un ecosistema a la nube no es solo un cambio tecnol\u00f3gico, es una evoluci\u00f3n estrat\u00e9gica. En Sngular (antes TecnoFor), acompa\u00f1amos a Iberdrola en el reto de trasladar su infraestructura Jira Server a Cloud con un alto nivel de complejidad. En solo 6 meses, ejecutamos una migraci\u00f3n sin fisuras, asegurando la continuidad operativa de un entorno con: +30 apps con desarrollos a medida y conexiones con bases de datos externas. +10 pa\u00edses involucrados, con distintos directorios, dominios y zonas horarias. +25 empresas proveedoras conectadas al ecosistema. [vc_empty_space]Nuestra soluci\u00f3n [vc_empty_space]Plan a medida,\u00a0resultados impecables [vc_empty_space]Para garantizar una transici\u00f3n fluida, dise\u00f1amos una estrategia de migraci\u00f3n en la que cada detalle fue validado con 600 jefes de proyecto. Nuestro enfoque incluy\u00f3: Integraci\u00f3n de nuevas soluciones: Incorporamos Jira Service Management y Confluence para potenciar la gesti\u00f3n del conocimiento y la operativa IT. Despliegue sin impacto: Realizado en fines de semana y horario nocturno para evitar interrupciones en la actividad diaria. Formaci\u00f3n a medida: Formamos en m\u00faltiples idiomas a todos los...","protected":false},"author":22,"featured_media":51447,"parent":40627,"menu_order":0,"comment_status":"closed","ping_status":"closed","template":"","meta":{"inline_featured_image":false,"footnotes":""},"class_list":["post-49479","page","type-page","status-publish","has-post-thumbnail","hentry"],"yoast_head":"<!-- This site is optimized with the Yoast SEO plugin v26.9 - https:\/\/yoast.com\/product\/yoast-seo-wordpress\/ -->\n<title>Caso de \u00e9xito Iberdrola: de Server a Cloud en solo 6 meses<\/title>\n<meta name=\"description\" content=\"Caso de \u00e9xito de Iberdrola: Trasladamos la infraestructura Jira Server de Iberdrola a Cloud con un alto nivel de complejidad en solo 6 meses.\" \/>\n<meta name=\"robots\" content=\"index, follow, max-snippet:-1, max-image-preview:large, max-video-preview:-1\" \/>\n<link rel=\"canonical\" href=\"https:\/\/partners.sngular.com\/atlassian\/casos-de-exito\/iberdrola\/\" \/>\n<meta property=\"og:locale\" content=\"es_ES\" \/>\n<meta property=\"og:type\" content=\"article\" \/>\n<meta property=\"og:title\" content=\"Caso de \u00e9xito Iberdrola: de Server a Cloud en solo 6 meses\" \/>\n<meta property=\"og:description\" content=\"Caso de \u00e9xito de Iberdrola: Trasladamos la infraestructura Jira Server de Iberdrola a Cloud con un alto nivel de complejidad en solo 6 meses.\" \/>\n<meta property=\"og:url\" content=\"https:\/\/partners.sngular.com\/atlassian\/casos-de-exito\/iberdrola\/\" \/>\n<meta property=\"og:site_name\" content=\"Atlassian Sngular\" \/>\n<meta property=\"article:modified_time\" content=\"2026-02-10T14:51:57+00:00\" \/>\n<meta property=\"og:image\" content=\"https:\/\/partners.sngular.com\/atlassian\/wp-content\/uploads\/2025\/10\/imagen-destacada-casos-exito.jpg\" \/>\n\t<meta property=\"og:image:width\" content=\"1920\" \/>\n\t<meta property=\"og:image:height\" content=\"1067\" \/>\n\t<meta property=\"og:image:type\" content=\"image\/jpeg\" \/>\n<meta name=\"twitter:card\" content=\"summary_large_image\" \/>\n<meta name=\"twitter:image\" content=\"https:\/\/partners.sngular.com\/atlassian\/wp-content\/uploads\/2025\/03\/Caso-de-exito-foracion-Unisys-Iberdrola.jpg\" \/>\n<script type=\"application\/ld+json\" class=\"yoast-schema-graph\">{\"@context\":\"https:\/\/schema.org\",\"@graph\":[{\"@type\":\"WebPage\",\"@id\":\"https:\/\/partners.sngular.com\/atlassian\/casos-de-exito\/iberdrola\/\",\"url\":\"https:\/\/partners.sngular.com\/atlassian\/casos-de-exito\/iberdrola\/\",\"name\":\"Caso de \u00e9xito Iberdrola: de Server a Cloud en solo 6 meses\",\"isPartOf\":{\"@id\":\"https:\/\/partners.sngular.com\/atlassian\/#website\"},\"primaryImageOfPage\":{\"@id\":\"https:\/\/partners.sngular.com\/atlassian\/casos-de-exito\/iberdrola\/#primaryimage\"},\"image\":{\"@id\":\"https:\/\/partners.sngular.com\/atlassian\/casos-de-exito\/iberdrola\/#primaryimage\"},\"thumbnailUrl\":\"https:\/\/partners.sngular.com\/atlassian\/wp-content\/uploads\/2025\/10\/imagen-destacada-casos-exito.jpg\",\"datePublished\":\"2025-03-20T15:10:06+00:00\",\"dateModified\":\"2026-02-10T14:51:57+00:00\",\"description\":\"Caso de \u00e9xito de Iberdrola: Trasladamos la infraestructura Jira Server de Iberdrola a Cloud con un alto nivel de complejidad en solo 6 meses.\",\"breadcrumb\":{\"@id\":\"https:\/\/partners.sngular.com\/atlassian\/casos-de-exito\/iberdrola\/#breadcrumb\"},\"inLanguage\":\"es-ES\",\"potentialAction\":[{\"@type\":\"ReadAction\",\"target\":[\"https:\/\/partners.sngular.com\/atlassian\/casos-de-exito\/iberdrola\/\"]}]},{\"@type\":\"ImageObject\",\"inLanguage\":\"es-ES\",\"@id\":\"https:\/\/partners.sngular.com\/atlassian\/casos-de-exito\/iberdrola\/#primaryimage\",\"url\":\"https:\/\/partners.sngular.com\/atlassian\/wp-content\/uploads\/2025\/10\/imagen-destacada-casos-exito.jpg\",\"contentUrl\":\"https:\/\/partners.sngular.com\/atlassian\/wp-content\/uploads\/2025\/10\/imagen-destacada-casos-exito.jpg\",\"width\":1920,\"height\":1067},{\"@type\":\"BreadcrumbList\",\"@id\":\"https:\/\/partners.sngular.com\/atlassian\/casos-de-exito\/iberdrola\/#breadcrumb\",\"itemListElement\":[{\"@type\":\"ListItem\",\"position\":1,\"name\":\"Portada\",\"item\":\"https:\/\/partners.sngular.com\/atlassian\/\"},{\"@type\":\"ListItem\",\"position\":2,\"name\":\"Casos de \u00e9xito\",\"item\":\"https:\/\/partners.sngular.com\/atlassian\/casos-de-exito\/\"},{\"@type\":\"ListItem\",\"position\":3,\"name\":\"Iberdrola migra de Server a Cloud en 6 meses\"}]},{\"@type\":\"WebSite\",\"@id\":\"https:\/\/partners.sngular.com\/atlassian\/#website\",\"url\":\"https:\/\/partners.sngular.com\/atlassian\/\",\"name\":\"Atlassian Sngular\",\"description\":\"\",\"publisher\":{\"@id\":\"https:\/\/partners.sngular.com\/atlassian\/#organization\"},\"potentialAction\":[{\"@type\":\"SearchAction\",\"target\":{\"@type\":\"EntryPoint\",\"urlTemplate\":\"https:\/\/partners.sngular.com\/atlassian\/?s={search_term_string}\"},\"query-input\":{\"@type\":\"PropertyValueSpecification\",\"valueRequired\":true,\"valueName\":\"search_term_string\"}}],\"inLanguage\":\"es-ES\"},{\"@type\":\"Organization\",\"@id\":\"https:\/\/partners.sngular.com\/atlassian\/#organization\",\"name\":\"TecnoFor\",\"url\":\"https:\/\/partners.sngular.com\/atlassian\/\",\"logo\":{\"@type\":\"ImageObject\",\"inLanguage\":\"es-ES\",\"@id\":\"https:\/\/partners.sngular.com\/atlassian\/#\/schema\/logo\/image\/\",\"url\":\"https:\/\/partners.sngular.com\/atlassian\/wp-content\/uploads\/2022\/03\/Logo-Tecnofor-2022-grande-color-transparente-16-9.png\",\"contentUrl\":\"https:\/\/partners.sngular.com\/atlassian\/wp-content\/uploads\/2022\/03\/Logo-Tecnofor-2022-grande-color-transparente-16-9.png\",\"width\":1123,\"height\":632,\"caption\":\"TecnoFor\"},\"image\":{\"@id\":\"https:\/\/partners.sngular.com\/atlassian\/#\/schema\/logo\/image\/\"}}]}<\/script>\n<!-- \/ Yoast SEO plugin. -->","yoast_head_json":{"title":"Caso de \u00e9xito Iberdrola: de Server a Cloud en solo 6 meses","description":"Caso de \u00e9xito de Iberdrola: Trasladamos la infraestructura Jira Server de Iberdrola a Cloud con un alto nivel de complejidad en solo 6 meses.","robots":{"index":"index","follow":"follow","max-snippet":"max-snippet:-1","max-image-preview":"max-image-preview:large","max-video-preview":"max-video-preview:-1"},"canonical":"https:\/\/partners.sngular.com\/atlassian\/casos-de-exito\/iberdrola\/","og_locale":"es_ES","og_type":"article","og_title":"Caso de \u00e9xito Iberdrola: de Server a Cloud en solo 6 meses","og_description":"Caso de \u00e9xito de Iberdrola: Trasladamos la infraestructura Jira Server de Iberdrola a Cloud con un alto nivel de complejidad en solo 6 meses.","og_url":"https:\/\/partners.sngular.com\/atlassian\/casos-de-exito\/iberdrola\/","og_site_name":"Atlassian Sngular","article_modified_time":"2026-02-10T14:51:57+00:00","og_image":[{"width":1920,"height":1067,"url":"https:\/\/partners.sngular.com\/atlassian\/wp-content\/uploads\/2025\/10\/imagen-destacada-casos-exito.jpg","type":"image\/jpeg"}],"twitter_card":"summary_large_image","twitter_image":"https:\/\/partners.sngular.com\/atlassian\/wp-content\/uploads\/2025\/03\/Caso-de-exito-foracion-Unisys-Iberdrola.jpg","schema":{"@context":"https:\/\/schema.org","@graph":[{"@type":"WebPage","@id":"https:\/\/partners.sngular.com\/atlassian\/casos-de-exito\/iberdrola\/","url":"https:\/\/partners.sngular.com\/atlassian\/casos-de-exito\/iberdrola\/","name":"Caso de \u00e9xito Iberdrola: de Server a Cloud en solo 6 meses","isPartOf":{"@id":"https:\/\/partners.sngular.com\/atlassian\/#website"},"primaryImageOfPage":{"@id":"https:\/\/partners.sngular.com\/atlassian\/casos-de-exito\/iberdrola\/#primaryimage"},"image":{"@id":"https:\/\/partners.sngular.com\/atlassian\/casos-de-exito\/iberdrola\/#primaryimage"},"thumbnailUrl":"https:\/\/partners.sngular.com\/atlassian\/wp-content\/uploads\/2025\/10\/imagen-destacada-casos-exito.jpg","datePublished":"2025-03-20T15:10:06+00:00","dateModified":"2026-02-10T14:51:57+00:00","description":"Caso de \u00e9xito de Iberdrola: Trasladamos la infraestructura Jira Server de Iberdrola a Cloud con un alto nivel de complejidad en solo 6 meses.","breadcrumb":{"@id":"https:\/\/partners.sngular.com\/atlassian\/casos-de-exito\/iberdrola\/#breadcrumb"},"inLanguage":"es-ES","potentialAction":[{"@type":"ReadAction","target":["https:\/\/partners.sngular.com\/atlassian\/casos-de-exito\/iberdrola\/"]}]},{"@type":"ImageObject","inLanguage":"es-ES","@id":"https:\/\/partners.sngular.com\/atlassian\/casos-de-exito\/iberdrola\/#primaryimage","url":"https:\/\/partners.sngular.com\/atlassian\/wp-content\/uploads\/2025\/10\/imagen-destacada-casos-exito.jpg","contentUrl":"https:\/\/partners.sngular.com\/atlassian\/wp-content\/uploads\/2025\/10\/imagen-destacada-casos-exito.jpg","width":1920,"height":1067},{"@type":"BreadcrumbList","@id":"https:\/\/partners.sngular.com\/atlassian\/casos-de-exito\/iberdrola\/#breadcrumb","itemListElement":[{"@type":"ListItem","position":1,"name":"Portada","item":"https:\/\/partners.sngular.com\/atlassian\/"},{"@type":"ListItem","position":2,"name":"Casos de \u00e9xito","item":"https:\/\/partners.sngular.com\/atlassian\/casos-de-exito\/"},{"@type":"ListItem","position":3,"name":"Iberdrola migra de Server a Cloud en 6 meses"}]},{"@type":"WebSite","@id":"https:\/\/partners.sngular.com\/atlassian\/#website","url":"https:\/\/partners.sngular.com\/atlassian\/","name":"Atlassian Sngular","description":"","publisher":{"@id":"https:\/\/partners.sngular.com\/atlassian\/#organization"},"potentialAction":[{"@type":"SearchAction","target":{"@type":"EntryPoint","urlTemplate":"https:\/\/partners.sngular.com\/atlassian\/?s={search_term_string}"},"query-input":{"@type":"PropertyValueSpecification","valueRequired":true,"valueName":"search_term_string"}}],"inLanguage":"es-ES"},{"@type":"Organization","@id":"https:\/\/partners.sngular.com\/atlassian\/#organization","name":"TecnoFor","url":"https:\/\/partners.sngular.com\/atlassian\/","logo":{"@type":"ImageObject","inLanguage":"es-ES","@id":"https:\/\/partners.sngular.com\/atlassian\/#\/schema\/logo\/image\/","url":"https:\/\/partners.sngular.com\/atlassian\/wp-content\/uploads\/2022\/03\/Logo-Tecnofor-2022-grande-color-transparente-16-9.png","contentUrl":"https:\/\/partners.sngular.com\/atlassian\/wp-content\/uploads\/2022\/03\/Logo-Tecnofor-2022-grande-color-transparente-16-9.png","width":1123,"height":632,"caption":"TecnoFor"},"image":{"@id":"https:\/\/partners.sngular.com\/atlassian\/#\/schema\/logo\/image\/"}}]}},"meta_box":[],"_links":{"self":[{"href":"https:\/\/partners.sngular.com\/atlassian\/wp-json\/wp\/v2\/pages\/49479","targetHints":{"allow":["GET"]}}],"collection":[{"href":"https:\/\/partners.sngular.com\/atlassian\/wp-json\/wp\/v2\/pages"}],"about":[{"href":"https:\/\/partners.sngular.com\/atlassian\/wp-json\/wp\/v2\/types\/page"}],"author":[{"embeddable":true,"href":"https:\/\/partners.sngular.com\/atlassian\/wp-json\/wp\/v2\/users\/22"}],"replies":[{"embeddable":true,"href":"https:\/\/partners.sngular.com\/atlassian\/wp-json\/wp\/v2\/comments?post=49479"}],"version-history":[{"count":45,"href":"https:\/\/partners.sngular.com\/atlassian\/wp-json\/wp\/v2\/pages\/49479\/revisions"}],"predecessor-version":[{"id":52989,"href":"https:\/\/partners.sngular.com\/atlassian\/wp-json\/wp\/v2\/pages\/49479\/revisions\/52989"}],"up":[{"embeddable":true,"href":"https:\/\/partners.sngular.com\/atlassian\/wp-json\/wp\/v2\/pages\/40627"}],"wp:featuredmedia":[{"embeddable":true,"href":"https:\/\/partners.sngular.com\/atlassian\/wp-json\/wp\/v2\/media\/51447"}],"wp:attachment":[{"href":"https:\/\/partners.sngular.com\/atlassian\/wp-json\/wp\/v2\/media?parent=49479"}],"curies":[{"name":"wp","href":"https:\/\/api.w.org\/{rel}","templated":true}]}}