{"id":50267,"date":"2025-04-24T09:51:11","date_gmt":"2025-04-24T07:51:11","guid":{"rendered":"https:\/\/partners.sngular.com\/atlassian\/?page_id=50267"},"modified":"2026-01-30T09:58:18","modified_gmt":"2026-01-30T08:58:18","slug":"rovo-agents-ignite","status":"publish","type":"page","link":"https:\/\/partners.sngular.com\/atlassian\/rovo-agents-ignite\/","title":{"rendered":"Rovo Agents Ignite"},"content":{"rendered":"<div class=\"wpb-content-wrapper\"><section data-vc-full-width=\"true\" data-vc-full-width-init=\"false\" data-vc-stretch-content=\"true\" class=\"vc_row wpb_row vc_row-fluid brand22 hero22 heroslider cerrando em22 darkbg  pofo-stretch-content vc_row-no-padding\"><div class=\"wpb_column vc_column_container vc_col-sm-12  col-xs-mobile-fullwidth\"><div class=\"vc_column-inner \"><div class=\"wpb_wrapper\"><div class=\"vc_row wpb_row vc_inner vc_row-fluid slide  vc_row-o-equal-height vc_row-o-content-middle vc_row-flex\"><div class=\"wpb_column vc_column_container ptb22-sm vc_col-sm-6  col-xs-mobile-fullwidth\"><div class=\"vc_column-inner \"><div class=\"wpb_wrapper\"><div class=\"pb22-xs last-paragraph-no-margin\"><h1>Rovo Agents Ignite<\/h1>\n<p>El futuro de los Agentes IA empieza hoy<\/p>\n<\/div><a  href=\"https:\/\/tecnofor.typeform.com\/to\/MaWLBQAR?#origen=rovo-agents-ignite&#038;tema=rovo-agents\" target=\"_blank\" class=\"btn pofo-button-1 button-style1  btn-dark-gray\" >Quiero empezar a construir mis Agentes IA<\/a><\/div><\/div><\/div><div class=\"wpb_column vc_column_container vc_col-sm-6  col-xs-mobile-fullwidth\"><div class=\"vc_column-inner \"><div class=\"wpb_wrapper\">[vc_single_image image=\u00bb51498&#8243; img_size=\u00bbfull\u00bb css=\u00bb\u00bb]<\/div><\/div><\/div><\/div>[vc_raw_html css=\u00bb\u00bb]JTVCc25nJTIwaGVybyU1RA==[\/vc_raw_html]<\/div><\/div><\/div><\/section><div class=\"vc_row-full-width vc_clearfix\"><\/div><section class=\"vc_row wpb_row vc_row-fluid brand22 em22 pt22-sm\"><div class=\"wpb_column vc_column_container  col-xs-mobile-fullwidth\"><div class=\"vc_column-inner \"><div class=\"wpb_wrapper\"><div class=\"pb22-sm last-paragraph-no-margin\"><h3>El servicio que necesitas para empezar a sacarle partido a los Rovo Agents desde ya<\/h3>\n<\/div><\/div><\/div><\/div><\/section><section class=\"vc_row wpb_row vc_row-fluid brand22 em22 pb22\"><div class=\"wpb_column vc_column_container vc_col-sm-10  col-xs-mobile-fullwidth\"><div class=\"vc_column-inner \"><div class=\"wpb_wrapper\"><div class=\"pb22-xs last-paragraph-no-margin\"><p><strong>\u00bfImaginas tener un Agente IA especializado para cada tarea?<\/strong><\/p>\n<p>Atlassian Rovo ya es una realidad para todos los planes y usuarios del ecosistema Atlassian. Y es completamente gratis. Ha llegado para transformar la imaginaci\u00f3n en acci\u00f3n <strong>real, tangible e inmediata<\/strong>. Si sabes por donde comenzar.<\/p>\n<p>Empieza a crear e implementar tus Rovo Agents desde ya con <strong>Rovo Agents Ignite<\/strong>: el servicio que te dar\u00e1 el primer impulso para dominar la IA de Atlassian.<\/p>\n<p><strong>El futuro de los Agentes IA empieza hoy. Optimiza tus procesos de trabajo, escala tu productividad<\/strong>, antic\u00edpate al cambio y marca la diferencia en el sector.<\/p>\n<\/div><a  href=\"https:\/\/tecnofor.typeform.com\/to\/MaWLBQAR?#origen=rovo-agents-ignite&#038;tema=rovo-agents\" target=\"_blank\" class=\"btn mt22-sm pofo-button-2 button-style1  btn-dark-gray\" >Quiero empezar a construir mis Agentes IA<\/a><\/div><\/div><\/div><\/section><section id=\"scrolliderReview\" data-vc-full-width=\"true\" data-vc-full-width-init=\"false\" class=\"vc_row wpb_row vc_row-fluid brand22 scrollider valoraciones em22 vc_custom_1759833173971 vc_row-has-fill pofo-stretch-content pofo-stretch-row-container\"><div class=\"wpb_column vc_column_container  col-xs-mobile-fullwidth\"><div class=\"vc_column-inner \"><div class=\"wpb_wrapper\"><div class=\"vc_row wpb_row vc_inner vc_row-fluid   vc_row-o-equal-height vc_row-o-content-middle vc_row-flex\" style=\"min-height: 300px;\"><div class=\"wpb_column vc_column_container vc_col-sm-12 vc_col-sm-offset-0 vc_col-xs-offset-1 vc_col-xs-10\"><div class=\"vc_column-inner  no-column-padding\"><div class=\"wpb_wrapper\"><div class=\"pb22-sm last-paragraph-no-margin\"><h2>Un servicio integral, coherente, r\u00e1pido y efectivo<\/h2>\n<\/div>[vc_raw_html css=\u00bb\u00bb]JTNDZGl2JTIwY2xhc3MlM0QlMjJSZXZpZXdzX1RhYnMlMjIlM0UlMEElMjAlMjAlMjAlMjAlM0NkaXYlMjBpZCUzRCUyMnJldmlld190YWJfdGFiMSUyMiUzRUFwcmVuZGUlM0MlMkZkaXYlM0UlMEElMjAlMjAlMjAlMjAlM0NkaXYlMjBpZCUzRCUyMnJldmlld190YWJfdGFiMiUyMiUzRURlc2N1YnJlJTNDJTJGZGl2JTNFJTBBJTIwJTIwJTIwJTIwJTNDZGl2JTIwaWQlM0QlMjJyZXZpZXdfdGFiX3RhYjMlMjIlM0VDcmVhJTNDJTJGZGl2JTNFJTBBJTNDJTJGZGl2JTNFJTBB[\/vc_raw_html][vc_raw_js][\/vc_raw_js]<\/div><\/div><\/div><div id=\"scrolliderReviewTitle\" class=\"wpb_column vc_column_container scrollider-izq lightbg vc_col-sm-6 vc_col-sm-offset-0 vc_col-xs-offset-1 vc_col-xs-10 vc_hidden-xs\"><div class=\"vc_column-inner \"><div class=\"wpb_wrapper\"><div class=\"last-paragraph-no-margin\"><h3>Lo primero es el conocimiento<\/h3>\n<\/div><\/div><\/div><\/div><div class=\"wpb_column vc_column_container scrollider-der darkbg scrollider-viewer vc_col-sm-6 vc_col-sm-offset-0 vc_col-xs-offset-1 vc_col-xs-10\"><div class=\"vc_column-inner \"><div class=\"wpb_wrapper\">[vc_raw_html css=\u00bb\u00bb]JTNDZGl2JTIwaWQlM0QlMjJzY3JvbGxpZGVyUmV2aWV3UmV2aWV3JTIyJTNFJTNDJTJGZGl2JTNFJTBBJTNDZGl2JTIwaWQlM0QlMjJzY3JvbGxpZGVyUmV2aWV3Qm90dG9tJTIyJTNFJTBBJTIwJTNDZGl2JTIwaWQlM0QlMjJzY3JvbGxpZGVyUmV2aWV3Q3RhJTIyJTNFJTNDJTJGZGl2JTNFJTBBJTIwJTNDZGl2JTIwaWQlM0QlMjJzY3JvbGxpZGVyUmV2aWV3QnV0dG9ucyUyMiUzRSUwQSUyMCUyMCUzQ2J1dHRvbiUyMGNsYXNzJTNEJTIyYW50ZXJpb3IlMjIlMjB0aXRsZSUzRCUyMlJlc2UlQzMlQjFhJTIwYW50ZXJpb3IlMjIlM0UlMjZuYnNwJTNCJTNDJTJGYnV0dG9uJTNFJTBBJTIwJTIwJTNDYnV0dG9uJTIwY2xhc3MlM0QlMjJzaWd1aWVudGUlMjIlMjB0aXRsZSUzRCUyMlJlc2UlQzMlQjFhJTIwc2lndWllbnRlJTIyJTNFJTI2bmJzcCUzQiUzQyUyRmJ1dHRvbiUzRSUwQSUyMCUzQyUyRmRpdiUzRSUwQSUzQyUyRmRpdiUzRQ==[\/vc_raw_html]<\/div><\/div><\/div><\/div><div class=\"vc_row wpb_row vc_inner vc_row-fluid scrollider-review-data ce-tab1  vc_row-o-equal-height vc_row-o-content-middle vc_row-flex\" style=\"min-height: 300px;\"><div class=\"wpb_column vc_column_container scrollider-izq darkbg vc_col-sm-8 vc_col-lg-offset-2 vc_col-lg-4 vc_col-md-offset-1 vc_col-md-5 vc_col-sm-offset-2 vc_col-xs-offset-1 vc_col-xs-10\"><div class=\"vc_column-inner \"><div class=\"wpb_wrapper\"><div class=\"last-paragraph-no-margin\"><h3>Lo primero es el conocimiento<\/h3>\n<\/div><\/div><\/div><\/div><div class=\"wpb_column vc_column_container scrollider-der lightbg vc_col-sm-8 vc_col-lg-4 vc_col-md-offset-0 vc_col-md-5 vc_col-sm-offset-2 vc_col-xs-offset-1 vc_col-xs-10\"><div class=\"vc_column-inner \"><div class=\"wpb_wrapper\"><div class=\"last-paragraph-no-margin\"><p>El servicio incluye <strong>10 horas de formaci\u00f3n<\/strong> en Rovo Agents y su papel en Atlassian Cloud Platform.<\/p>\n<p>Pondremos a tu disposici\u00f3n nuestros 20 a\u00f1os de experiencia como centro formador.<\/p>\n<p>No solo establecemos tu hoja de ruta personalizada, sino que te damos las herramientas y conocimiento para comprender, seguir e implementar tus Rovo Agents.<\/p>\n<\/div><\/div><\/div><\/div><\/div><div class=\"vc_row wpb_row vc_inner vc_row-fluid scrollider-review-data ce-tab2  vc_row-o-equal-height vc_row-o-content-middle vc_row-flex\" style=\"min-height: 300px;\"><div class=\"wpb_column vc_column_container scrollider-izq darkbg vc_col-sm-8 vc_col-lg-offset-2 vc_col-lg-4 vc_col-md-offset-1 vc_col-md-5 vc_col-sm-offset-2 vc_col-xs-offset-1 vc_col-xs-10\"><div class=\"vc_column-inner \"><div class=\"wpb_wrapper\"><div class=\"last-paragraph-no-margin\"><h3>La hoja de ruta m\u00e1s \u00f3ptima, personalizada para tu caso<\/h3>\n<\/div><\/div><\/div><\/div><div class=\"wpb_column vc_column_container scrollider-der lightbg vc_col-sm-8 vc_col-lg-4 vc_col-md-offset-0 vc_col-md-5 vc_col-sm-offset-2 vc_col-xs-offset-1 vc_col-xs-10\"><div class=\"vc_column-inner \"><div class=\"wpb_wrapper\"><div class=\"last-paragraph-no-margin\"><p>Realizaremos <strong>3 Discovery Workshops<\/strong> para analizar tu situaci\u00f3n de partida y descubrir el lugar id\u00f3neo donde implementar Rovo Agents dentro de tus procesos.<\/p>\n<p>\u00bfEn qu\u00e9 puntos del flujo de trabajo se producen cuellos de botella? \u00bfD\u00f3nde est\u00e1n las ineficiencias? \u00bfQu\u00e9 tareas repetitivas puedes automatizar?<\/p>\n<p>Estableceremos una hoja de ruta especializada que resuelva las fricciones de tu flujo de trabajo.<\/p>\n<\/div><\/div><\/div><\/div><\/div><div class=\"vc_row wpb_row vc_inner vc_row-fluid scrollider-review-data ce-tab3  vc_row-o-equal-height vc_row-o-content-middle vc_row-flex\" style=\"min-height: 300px;\"><div class=\"wpb_column vc_column_container scrollider-izq darkbg vc_col-sm-8 vc_col-lg-offset-2 vc_col-lg-4 vc_col-md-offset-1 vc_col-md-5 vc_col-sm-offset-2 vc_col-xs-offset-1 vc_col-xs-10\"><div class=\"vc_column-inner \"><div class=\"wpb_wrapper\"><div class=\"last-paragraph-no-margin\"><h3>Construye el Rovo Agent perfecto para ti<\/h3>\n<\/div><\/div><\/div><\/div><div class=\"wpb_column vc_column_container scrollider-der lightbg vc_col-sm-8 vc_col-lg-4 vc_col-md-offset-0 vc_col-md-5 vc_col-sm-offset-2 vc_col-xs-offset-1 vc_col-xs-10\"><div class=\"vc_column-inner \"><div class=\"wpb_wrapper\"><div class=\"last-paragraph-no-margin\"><div class=\"last-paragraph-no-margin\">\n<p>Es el momento de pasar a la acci\u00f3n.<\/p>\n<p>Nuestro equipo experto te acompa\u00f1ar\u00e1 <strong>durante 50h<\/strong>, d\u00e1ndote soporte integral durante la construcci\u00f3n e implementaci\u00f3n.<\/p>\n<p>Te asistimos en la creaci\u00f3n de tu primer Agente para que te empoderes en el uso de Rovo.<\/p>\n<p>Solo necesitas Rovo Agents Ignite una vez: despu\u00e9s, tendr\u00e1s las habilidades para crear todos los Agentes que quieras de forma independiente.<\/p>\n<\/div>\n<\/div><\/div><\/div><\/div><\/div><\/div><\/div><\/div><\/section><div class=\"vc_row-full-width vc_clearfix\"><\/div><section class=\"vc_row wpb_row vc_row-fluid brand22 subtitulo22 em22 ptb22\"><div class=\"wpb_column vc_column_container vc_col-sm-10  col-xs-mobile-fullwidth\"><div class=\"vc_column-inner \"><div class=\"wpb_wrapper\"><div class=\"pb22-xs last-paragraph-no-margin\"><h2>La interacci\u00f3n con los Agentes ser\u00e1 <em>la clave de Cloud <\/em><\/h2>\n<\/div><div class=\"pb22-sm last-paragraph-no-margin\"><p>Rovo ya no es solo una tecnolog\u00eda emergente, un producto aislado ni un asistente al que preguntar dudas.<\/p>\n<p>Rovo es el <strong>epicentro<\/strong> de la plataforma Atlassian Cloud, y los Rovo Agents, son su motor.<\/p>\n<p>Ahora que todo el mundo puede crear gratis sus propios Agentes IA, la diferencia la marcar\u00e1 quien lo haga r\u00e1pido, de forma inteligente y en sinton\u00eda con sus flujos de trabajo.<\/p>\n<\/div>[vc_single_image image=\u00bb50272&#8243; img_size=\u00bbfull\u00bb alignment=\u00bbcenter\u00bb css=\u00bb\u00bb el_class=\u00bbpt22-xs pb22-sm\u00bb]<a  href=\"https:\/\/tecnofor.typeform.com\/to\/MaWLBQAR?#origen=rovo-agents-ignite&#038;tema=rovo-agents\" target=\"_blank\" class=\"btn mt22-sm pofo-button-3 button-style1  btn-dark-gray\" >Quiero empezar a construir mis Agentes<\/a><\/div><\/div><\/div><\/section><section data-vc-full-width=\"true\" data-vc-full-width-init=\"false\" class=\"vc_row wpb_row vc_row-fluid brand22 darkbg ptb22 cta22  pofo-stretch-content pofo-stretch-row-container\"><div class=\"wpb_column vc_column_container  col-xs-mobile-fullwidth\"><div class=\"vc_column-inner \"><div class=\"wpb_wrapper\"><div class=\"last-paragraph-no-margin\"><h4>Empieza a construir tus<br \/>\n<em>Rovo Agents<\/em> desde ya<\/h4>\n<\/div><div class=\"vc_row wpb_row vc_inner vc_row-fluid pt22-sm\"><div class=\"wpb_column vc_column_container vc_col-sm-12  col-xs-mobile-fullwidth\"><div class=\"vc_column-inner \"><div class=\"wpb_wrapper\"><a  href=\"https:\/\/tecnofor.typeform.com\/to\/MaWLBQAR?#origen=rovo-agents-ignite&#038;tema=rovo-agents\" target=\"_blank\" class=\"btn pt22-sm pofo-button-4 button-style1  btn-dark-gray\" >Quiero empezar a construir mis Agentes<\/a><\/div><\/div><\/div><\/div><\/div><\/div><\/div><\/section><div class=\"vc_row-full-width vc_clearfix\"><\/div>\n<\/div>","protected":false},"excerpt":{"rendered":"Rovo Agents Ignite El futuro de los Agentes IA empieza hoy Quiero empezar a construir mis Agentes IA[vc_single_image image=\"51498\" img_size=\"full\" css=\"\"][vc_raw_html css=\"\"]JTVCc25nJTIwaGVybyU1RA==[\/vc_raw_html]El servicio que necesitas para empezar a sacarle partido a los Rovo Agents desde ya \u00bfImaginas tener un Agente IA especializado para cada tarea? Atlassian Rovo ya es una realidad para todos los planes y usuarios del ecosistema Atlassian. Y es completamente gratis. Ha llegado para transformar la imaginaci\u00f3n en acci\u00f3n real, tangible e inmediata. Si sabes por donde comenzar. Empieza a crear e implementar tus Rovo Agents desde ya con Rovo Agents Ignite: el servicio que te dar\u00e1 el primer impulso para dominar la IA de Atlassian. El futuro de los Agentes IA empieza hoy. Optimiza tus procesos de trabajo, escala tu productividad, antic\u00edpate al cambio y marca la diferencia en el sector. Quiero empezar a construir mis Agentes IAUn servicio integral, coherente, r\u00e1pido y efectivo [vc_raw_html css=\"\"]JTNDZGl2JTIwY2xhc3MlM0QlMjJSZXZpZXdzX1RhYnMlMjIlM0UlMEElMjAlMjAlMjAlMjAlM0NkaXYlMjBpZCUzRCUyMnJldmlld190YWJfdGFiMSUyMiUzRUFwcmVuZGUlM0MlMkZkaXYlM0UlMEElMjAlMjAlMjAlMjAlM0NkaXYlMjBpZCUzRCUyMnJldmlld190YWJfdGFiMiUyMiUzRURlc2N1YnJlJTNDJTJGZGl2JTNFJTBBJTIwJTIwJTIwJTIwJTNDZGl2JTIwaWQlM0QlMjJyZXZpZXdfdGFiX3RhYjMlMjIlM0VDcmVhJTNDJTJGZGl2JTNFJTBBJTNDJTJGZGl2JTNFJTBB[\/vc_raw_html][vc_raw_js][\/vc_raw_js]Lo primero es el conocimiento [vc_raw_html css=\"\"]JTNDZGl2JTIwaWQlM0QlMjJzY3JvbGxpZGVyUmV2aWV3UmV2aWV3JTIyJTNFJTNDJTJGZGl2JTNFJTBBJTNDZGl2JTIwaWQlM0QlMjJzY3JvbGxpZGVyUmV2aWV3Qm90dG9tJTIyJTNFJTBBJTIwJTNDZGl2JTIwaWQlM0QlMjJzY3JvbGxpZGVyUmV2aWV3Q3RhJTIyJTNFJTNDJTJGZGl2JTNFJTBBJTIwJTNDZGl2JTIwaWQlM0QlMjJzY3JvbGxpZGVyUmV2aWV3QnV0dG9ucyUyMiUzRSUwQSUyMCUyMCUzQ2J1dHRvbiUyMGNsYXNzJTNEJTIyYW50ZXJpb3IlMjIlMjB0aXRsZSUzRCUyMlJlc2UlQzMlQjFhJTIwYW50ZXJpb3IlMjIlM0UlMjZuYnNwJTNCJTNDJTJGYnV0dG9uJTNFJTBBJTIwJTIwJTNDYnV0dG9uJTIwY2xhc3MlM0QlMjJzaWd1aWVudGUlMjIlMjB0aXRsZSUzRCUyMlJlc2UlQzMlQjFhJTIwc2lndWllbnRlJTIyJTNFJTI2bmJzcCUzQiUzQyUyRmJ1dHRvbiUzRSUwQSUyMCUzQyUyRmRpdiUzRSUwQSUzQyUyRmRpdiUzRQ==[\/vc_raw_html]Lo primero es el conocimiento El servicio incluye 10 horas de formaci\u00f3n en Rovo Agents y su papel en Atlassian Cloud Platform. Pondremos a tu disposici\u00f3n nuestros 20 a\u00f1os de experiencia como centro formador. No solo establecemos tu hoja de ruta personalizada, sino que te...","protected":false},"author":3,"featured_media":51464,"parent":0,"menu_order":0,"comment_status":"closed","ping_status":"closed","template":"","meta":{"inline_featured_image":false,"footnotes":""},"class_list":["post-50267","page","type-page","status-publish","has-post-thumbnail","hentry"],"yoast_head":"<!-- This site is optimized with the Yoast SEO plugin v26.9 - https:\/\/yoast.com\/product\/yoast-seo-wordpress\/ -->\n<title>Rovo Agents Ignite - Atlassian Sngular<\/title>\n<meta name=\"description\" content=\"El servicio que necesitas para sacarle partido a los Rovo Agents desde ya. Antic\u00edpate al cambio y marca la diferencia en el sector.\" \/>\n<meta name=\"robots\" content=\"index, follow, max-snippet:-1, max-image-preview:large, max-video-preview:-1\" \/>\n<link rel=\"canonical\" href=\"https:\/\/partners.sngular.com\/atlassian\/rovo-agents-ignite\/\" \/>\n<meta property=\"og:locale\" content=\"es_ES\" \/>\n<meta property=\"og:type\" content=\"article\" \/>\n<meta property=\"og:title\" content=\"Rovo Agents Ignite - Atlassian Sngular\" \/>\n<meta property=\"og:description\" content=\"El servicio que necesitas para sacarle partido a los Rovo Agents desde ya. Antic\u00edpate al cambio y marca la diferencia en el sector.\" \/>\n<meta property=\"og:url\" content=\"https:\/\/partners.sngular.com\/atlassian\/rovo-agents-ignite\/\" \/>\n<meta property=\"og:site_name\" content=\"Atlassian Sngular\" \/>\n<meta property=\"article:modified_time\" content=\"2026-01-30T08:58:18+00:00\" \/>\n<meta property=\"og:image\" content=\"https:\/\/partners.sngular.com\/atlassian\/wp-content\/uploads\/2025\/10\/imagen-destacada-rovo-agents-ignite-1.jpg\" \/>\n\t<meta property=\"og:image:width\" content=\"1920\" \/>\n\t<meta property=\"og:image:height\" content=\"1067\" \/>\n\t<meta property=\"og:image:type\" content=\"image\/jpeg\" \/>\n<meta name=\"twitter:card\" content=\"summary_large_image\" \/>\n<script type=\"application\/ld+json\" class=\"yoast-schema-graph\">{\"@context\":\"https:\/\/schema.org\",\"@graph\":[{\"@type\":\"WebPage\",\"@id\":\"https:\/\/partners.sngular.com\/atlassian\/rovo-agents-ignite\/\",\"url\":\"https:\/\/partners.sngular.com\/atlassian\/rovo-agents-ignite\/\",\"name\":\"Rovo Agents Ignite - Atlassian Sngular\",\"isPartOf\":{\"@id\":\"https:\/\/partners.sngular.com\/atlassian\/#website\"},\"primaryImageOfPage\":{\"@id\":\"https:\/\/partners.sngular.com\/atlassian\/rovo-agents-ignite\/#primaryimage\"},\"image\":{\"@id\":\"https:\/\/partners.sngular.com\/atlassian\/rovo-agents-ignite\/#primaryimage\"},\"thumbnailUrl\":\"https:\/\/partners.sngular.com\/atlassian\/wp-content\/uploads\/2025\/10\/imagen-destacada-rovo-agents-ignite-1.jpg\",\"datePublished\":\"2025-04-24T07:51:11+00:00\",\"dateModified\":\"2026-01-30T08:58:18+00:00\",\"description\":\"El servicio que necesitas para sacarle partido a los Rovo Agents desde ya. Antic\u00edpate al cambio y marca la diferencia en el sector.\",\"breadcrumb\":{\"@id\":\"https:\/\/partners.sngular.com\/atlassian\/rovo-agents-ignite\/#breadcrumb\"},\"inLanguage\":\"es\",\"potentialAction\":[{\"@type\":\"ReadAction\",\"target\":[\"https:\/\/partners.sngular.com\/atlassian\/rovo-agents-ignite\/\"]}]},{\"@type\":\"ImageObject\",\"inLanguage\":\"es\",\"@id\":\"https:\/\/partners.sngular.com\/atlassian\/rovo-agents-ignite\/#primaryimage\",\"url\":\"https:\/\/partners.sngular.com\/atlassian\/wp-content\/uploads\/2025\/10\/imagen-destacada-rovo-agents-ignite-1.jpg\",\"contentUrl\":\"https:\/\/partners.sngular.com\/atlassian\/wp-content\/uploads\/2025\/10\/imagen-destacada-rovo-agents-ignite-1.jpg\",\"width\":1920,\"height\":1067},{\"@type\":\"BreadcrumbList\",\"@id\":\"https:\/\/partners.sngular.com\/atlassian\/rovo-agents-ignite\/#breadcrumb\",\"itemListElement\":[{\"@type\":\"ListItem\",\"position\":1,\"name\":\"Portada\",\"item\":\"https:\/\/partners.sngular.com\/atlassian\/\"},{\"@type\":\"ListItem\",\"position\":2,\"name\":\"Rovo Agents Ignite\"}]},{\"@type\":\"WebSite\",\"@id\":\"https:\/\/partners.sngular.com\/atlassian\/#website\",\"url\":\"https:\/\/partners.sngular.com\/atlassian\/\",\"name\":\"Atlassian Sngular\",\"description\":\"\",\"publisher\":{\"@id\":\"https:\/\/partners.sngular.com\/atlassian\/#organization\"},\"potentialAction\":[{\"@type\":\"SearchAction\",\"target\":{\"@type\":\"EntryPoint\",\"urlTemplate\":\"https:\/\/partners.sngular.com\/atlassian\/?s={search_term_string}\"},\"query-input\":{\"@type\":\"PropertyValueSpecification\",\"valueRequired\":true,\"valueName\":\"search_term_string\"}}],\"inLanguage\":\"es\"},{\"@type\":\"Organization\",\"@id\":\"https:\/\/partners.sngular.com\/atlassian\/#organization\",\"name\":\"TecnoFor\",\"url\":\"https:\/\/partners.sngular.com\/atlassian\/\",\"logo\":{\"@type\":\"ImageObject\",\"inLanguage\":\"es\",\"@id\":\"https:\/\/partners.sngular.com\/atlassian\/#\/schema\/logo\/image\/\",\"url\":\"https:\/\/partners.sngular.com\/atlassian\/wp-content\/uploads\/2022\/03\/Logo-Tecnofor-2022-grande-color-transparente-16-9.png\",\"contentUrl\":\"https:\/\/partners.sngular.com\/atlassian\/wp-content\/uploads\/2022\/03\/Logo-Tecnofor-2022-grande-color-transparente-16-9.png\",\"width\":1123,\"height\":632,\"caption\":\"TecnoFor\"},\"image\":{\"@id\":\"https:\/\/partners.sngular.com\/atlassian\/#\/schema\/logo\/image\/\"}}]}<\/script>\n<!-- \/ Yoast SEO plugin. -->","yoast_head_json":{"title":"Rovo Agents Ignite - Atlassian Sngular","description":"El servicio que necesitas para sacarle partido a los Rovo Agents desde ya. Antic\u00edpate al cambio y marca la diferencia en el sector.","robots":{"index":"index","follow":"follow","max-snippet":"max-snippet:-1","max-image-preview":"max-image-preview:large","max-video-preview":"max-video-preview:-1"},"canonical":"https:\/\/partners.sngular.com\/atlassian\/rovo-agents-ignite\/","og_locale":"es_ES","og_type":"article","og_title":"Rovo Agents Ignite - Atlassian Sngular","og_description":"El servicio que necesitas para sacarle partido a los Rovo Agents desde ya. Antic\u00edpate al cambio y marca la diferencia en el sector.","og_url":"https:\/\/partners.sngular.com\/atlassian\/rovo-agents-ignite\/","og_site_name":"Atlassian Sngular","article_modified_time":"2026-01-30T08:58:18+00:00","og_image":[{"width":1920,"height":1067,"url":"https:\/\/partners.sngular.com\/atlassian\/wp-content\/uploads\/2025\/10\/imagen-destacada-rovo-agents-ignite-1.jpg","type":"image\/jpeg"}],"twitter_card":"summary_large_image","schema":{"@context":"https:\/\/schema.org","@graph":[{"@type":"WebPage","@id":"https:\/\/partners.sngular.com\/atlassian\/rovo-agents-ignite\/","url":"https:\/\/partners.sngular.com\/atlassian\/rovo-agents-ignite\/","name":"Rovo Agents Ignite - Atlassian Sngular","isPartOf":{"@id":"https:\/\/partners.sngular.com\/atlassian\/#website"},"primaryImageOfPage":{"@id":"https:\/\/partners.sngular.com\/atlassian\/rovo-agents-ignite\/#primaryimage"},"image":{"@id":"https:\/\/partners.sngular.com\/atlassian\/rovo-agents-ignite\/#primaryimage"},"thumbnailUrl":"https:\/\/partners.sngular.com\/atlassian\/wp-content\/uploads\/2025\/10\/imagen-destacada-rovo-agents-ignite-1.jpg","datePublished":"2025-04-24T07:51:11+00:00","dateModified":"2026-01-30T08:58:18+00:00","description":"El servicio que necesitas para sacarle partido a los Rovo Agents desde ya. Antic\u00edpate al cambio y marca la diferencia en el sector.","breadcrumb":{"@id":"https:\/\/partners.sngular.com\/atlassian\/rovo-agents-ignite\/#breadcrumb"},"inLanguage":"es","potentialAction":[{"@type":"ReadAction","target":["https:\/\/partners.sngular.com\/atlassian\/rovo-agents-ignite\/"]}]},{"@type":"ImageObject","inLanguage":"es","@id":"https:\/\/partners.sngular.com\/atlassian\/rovo-agents-ignite\/#primaryimage","url":"https:\/\/partners.sngular.com\/atlassian\/wp-content\/uploads\/2025\/10\/imagen-destacada-rovo-agents-ignite-1.jpg","contentUrl":"https:\/\/partners.sngular.com\/atlassian\/wp-content\/uploads\/2025\/10\/imagen-destacada-rovo-agents-ignite-1.jpg","width":1920,"height":1067},{"@type":"BreadcrumbList","@id":"https:\/\/partners.sngular.com\/atlassian\/rovo-agents-ignite\/#breadcrumb","itemListElement":[{"@type":"ListItem","position":1,"name":"Portada","item":"https:\/\/partners.sngular.com\/atlassian\/"},{"@type":"ListItem","position":2,"name":"Rovo Agents Ignite"}]},{"@type":"WebSite","@id":"https:\/\/partners.sngular.com\/atlassian\/#website","url":"https:\/\/partners.sngular.com\/atlassian\/","name":"Atlassian Sngular","description":"","publisher":{"@id":"https:\/\/partners.sngular.com\/atlassian\/#organization"},"potentialAction":[{"@type":"SearchAction","target":{"@type":"EntryPoint","urlTemplate":"https:\/\/partners.sngular.com\/atlassian\/?s={search_term_string}"},"query-input":{"@type":"PropertyValueSpecification","valueRequired":true,"valueName":"search_term_string"}}],"inLanguage":"es"},{"@type":"Organization","@id":"https:\/\/partners.sngular.com\/atlassian\/#organization","name":"TecnoFor","url":"https:\/\/partners.sngular.com\/atlassian\/","logo":{"@type":"ImageObject","inLanguage":"es","@id":"https:\/\/partners.sngular.com\/atlassian\/#\/schema\/logo\/image\/","url":"https:\/\/partners.sngular.com\/atlassian\/wp-content\/uploads\/2022\/03\/Logo-Tecnofor-2022-grande-color-transparente-16-9.png","contentUrl":"https:\/\/partners.sngular.com\/atlassian\/wp-content\/uploads\/2022\/03\/Logo-Tecnofor-2022-grande-color-transparente-16-9.png","width":1123,"height":632,"caption":"TecnoFor"},"image":{"@id":"https:\/\/partners.sngular.com\/atlassian\/#\/schema\/logo\/image\/"}}]}},"meta_box":[],"_links":{"self":[{"href":"https:\/\/partners.sngular.com\/atlassian\/wp-json\/wp\/v2\/pages\/50267","targetHints":{"allow":["GET"]}}],"collection":[{"href":"https:\/\/partners.sngular.com\/atlassian\/wp-json\/wp\/v2\/pages"}],"about":[{"href":"https:\/\/partners.sngular.com\/atlassian\/wp-json\/wp\/v2\/types\/page"}],"author":[{"embeddable":true,"href":"https:\/\/partners.sngular.com\/atlassian\/wp-json\/wp\/v2\/users\/3"}],"replies":[{"embeddable":true,"href":"https:\/\/partners.sngular.com\/atlassian\/wp-json\/wp\/v2\/comments?post=50267"}],"version-history":[{"count":41,"href":"https:\/\/partners.sngular.com\/atlassian\/wp-json\/wp\/v2\/pages\/50267\/revisions"}],"predecessor-version":[{"id":51774,"href":"https:\/\/partners.sngular.com\/atlassian\/wp-json\/wp\/v2\/pages\/50267\/revisions\/51774"}],"wp:featuredmedia":[{"embeddable":true,"href":"https:\/\/partners.sngular.com\/atlassian\/wp-json\/wp\/v2\/media\/51464"}],"wp:attachment":[{"href":"https:\/\/partners.sngular.com\/atlassian\/wp-json\/wp\/v2\/media?parent=50267"}],"curies":[{"name":"wp","href":"https:\/\/api.w.org\/{rel}","templated":true}]}}