{"id":52955,"date":"2026-02-10T13:32:06","date_gmt":"2026-02-10T12:32:06","guid":{"rendered":"https:\/\/partners.sngular.com\/atlassian\/?page_id=52955"},"modified":"2026-02-10T13:53:45","modified_gmt":"2026-02-10T12:53:45","slug":"imaweb-integra-todos-sus-equipos-y-procesos-de-desarrollo-en-su-nuevo-entorno-jira-cloud","status":"publish","type":"page","link":"https:\/\/partners.sngular.com\/atlassian\/imaweb-integra-todos-sus-equipos-y-procesos-de-desarrollo-en-su-nuevo-entorno-jira-cloud\/","title":{"rendered":"IMAWEB integra todos sus equipos y procesos de desarrollo en su nuevo entorno Jira Cloud"},"content":{"rendered":"<div class=\"wpb-content-wrapper\"><section data-vc-full-width=\"true\" data-vc-full-width-init=\"false\" data-vc-stretch-content=\"true\" class=\"vc_row wpb_row vc_row-fluid brand22 hero22 heroslider cerrando em22 darkbg pb22-lg  pofo-stretch-content vc_row-no-padding\"><div class=\"wpb_column vc_column_container vc_col-sm-12  col-xs-mobile-fullwidth\"><div class=\"vc_column-inner \"><div class=\"wpb_wrapper\"><div class=\"vc_row wpb_row vc_inner vc_row-fluid slide  vc_row-o-equal-height vc_row-o-content-middle vc_row-flex\"><div class=\"wpb_column vc_column_container ptb22-sm vc_col-sm-8  col-xs-mobile-fullwidth\"><div class=\"vc_column-inner \"><div class=\"wpb_wrapper\"><div class=\"pb22-xs last-paragraph-no-margin\"><h1>Caso de \u00e9xito<\/h1>\n<\/div><div class=\"pb22-xs last-paragraph-no-margin\"><p>IMAWEB integra todos sus equipos y procesos de desarrollo en su nuevo entorno Jira Cloud<\/p>\n<\/div><a  href=\"https:\/\/partners.sngular.com\/atlassian\/contacto\/#origen=caso-exito-imaweb\" target=\"_blank\" class=\"btn pofo-button-1 button-style1  btn-dark-gray\" >Quiero ser el siguiente caso de \u00e9xito<\/a><\/div><\/div><\/div><div class=\"wpb_column vc_column_container vc_col-sm-4  col-xs-mobile-fullwidth\"><div class=\"vc_column-inner \"><div class=\"wpb_wrapper\">[vc_single_image image=\u00bb52931&#8243; img_size=\u00bbfull\u00bb css=\u00bb\u00bb]<\/div><\/div><\/div><\/div>[vc_raw_html css=\u00bb\u00bb]JTVCc25nJTIwaGVybyU1RA==[\/vc_raw_html]<\/div><\/div><\/div><\/section><div class=\"vc_row-full-width vc_clearfix\"><\/div><section class=\"vc_row wpb_row vc_row-fluid brand22 pb22 em22\"><div class=\"wpb_column vc_column_container vc_col-sm-6 vc_col-lg-offset-2 vc_col-lg-4 vc_col-md-offset-1 vc_col-md-5 vc_col-sm-offset-3 vc_col-xs-offset-2 vc_col-xs-8\"><div class=\"vc_column-inner \"><div class=\"wpb_wrapper\">[vc_single_image image=\u00bb38095&#8243; img_size=\u00bbfull\u00bb]<\/div><\/div><\/div><div class=\"wpb_column vc_column_container vc_col-sm-8 vc_col-lg-offset-0 vc_col-lg-4 vc_col-md-offset-0 vc_col-md-5 vc_col-sm-offset-2 vc_col-xs-offset-1 vc_col-xs-10\"><div class=\"vc_column-inner \"><div class=\"wpb_wrapper\"><div class=\"last-paragraph-no-margin\"><p><strong>IMAWEB<\/strong> es un importante editor de software europeo en el \u00e1mbito de la distribuci\u00f3n automovil\u00edstica, con presencia en 22 pa\u00edses.<\/p>\n<p>Recientemente, <b>IMAWEB <\/b>experiment\u00f3 un r\u00e1pido crecimiento y tuvo que integrar numerosos equipos de desarrollo de diferentes empresas, que trabajaban con m\u00e9todos distintos en muchos productos, en varios pa\u00edses y en varios idiomas. Se trataba de un reto muy complejo desde el punto de vista t\u00e9cnico, pero tambi\u00e9n humano.<\/p>\n<\/div><\/div><\/div><\/div><div class=\"wpb_column vc_column_container pt22-sm vc_col-sm-8 vc_col-sm-offset-2 vc_col-xs-offset-1 vc_col-xs-10\"><div class=\"vc_column-inner \"><div class=\"wpb_wrapper\"><div class=\"last-paragraph-no-margin\"><p>IMAWEB necesitaba <strong>una plataforma<\/strong> que permitiera a todos sus equipos gestionar proyectos de desarrollo desde la preventa hasta su finalizaci\u00f3n, mientras que recopilaba datos en un formato que pudiera utilizar la direcci\u00f3n.<\/p>\n<p>Adem\u00e1s, era necesario unificar los KPIs entre las diferentes unidades de negocio.<\/p>\n<p>Y, todo esto, con solo seis meses para poner la plataforma en marcha.<\/p>\n<\/div><\/div><\/div><\/div><div class=\"wpb_column vc_column_container pt22-xs pb22-sm vc_col-sm-8 vc_col-sm-offset-2 vc_col-xs-offset-1 vc_col-xs-10\"><div class=\"vc_column-inner \"><div class=\"wpb_wrapper\"><div class=\"last-paragraph-no-margin\"><p>Una de las unidades de negocio de IMAWEB ya utilizaba Atlassian Jira con la ayuda de Sngular (antes TecnoFor), en una instancia de Jira Server altamente personalizada con flujos de trabajo y campos calculados, para ayudar al equipo a seguir el proceso actual.<\/p>\n<p>Esta primera experiencia satisfactoria con Jira facilit\u00f3 la elecci\u00f3n de plataforma e integrador. En Sngular (antes TecnoFor), creamos una hoja de ruta, validada con IMAWEB, con iteraciones e hitos claros.<\/p>\n<p>Esta forma de proceder nos permitir\u00eda elegir caminos alternativos si algo sal\u00eda mal.<\/p>\n<\/div><div class=\"last-paragraph-no-margin\"><p>La migraci\u00f3n a Jira Cloud se llev\u00f3 a cabo sin ninguna interrupci\u00f3n. Todo se redise\u00f1\u00f3 para Jira Cloud y los datos hist\u00f3ricos se migraron al nuevo Jira Cloud en el backend. As\u00ed que, cuando lleg\u00f3 el d\u00eda de la migraci\u00f3n, fue muy f\u00e1cil: <strong>los desarrolladores dejaron sus antiguas herramientas el viernes y todos continuaron su trabajo en el nuevo Jira Cloud el lunes por la ma\u00f1ana.<\/strong><\/p>\n<\/div><\/div><\/div><\/div><\/section><section data-vc-full-width=\"true\" data-vc-full-width-init=\"false\" class=\"vc_row wpb_row vc_row-fluid brand22 pt22-sm pb22 cta22 em22 vc_custom_1770722436474 wow fadeIn vc_row-has-fill pofo-stretch-content pofo-stretch-row-container\"><div class=\"wpb_column vc_column_container vc_col-sm-8 vc_col-sm-offset-2 vc_col-xs-offset-1 vc_col-xs-10\"><div class=\"vc_column-inner \"><div class=\"wpb_wrapper\"><div class=\"last-paragraph-no-margin\"><h4>Migra a Atlassian Cloud<\/h4>\n<\/div><div class=\"last-paragraph-no-margin\"><p>Transforma tu migraci\u00f3n a Cloud en una oportunidad de \u00e9xito.<\/p>\n<\/div><a  href=\"https:\/\/partners.sngular.com\/atlassian\/migraciones\/\" target=\"_blank\" class=\"btn btn22 followutm pofo-button-2 button-style1  btn-dark-gray  btn-medium \" >Quiero migrar<\/a><\/div><\/div><\/div><\/section><div class=\"vc_row-full-width vc_clearfix\"><\/div><section class=\"vc_row wpb_row vc_row-fluid brand22 pb22 em22\"><div class=\"wpb_column vc_column_container pb22-xs pt22-xs vc_col-sm-8 vc_col-sm-offset-2 vc_col-xs-offset-1 vc_col-xs-10\"><div class=\"vc_column-inner \"><div class=\"wpb_wrapper\"><div class=\"last-paragraph-no-margin\"><p>No se trataba solo de un proyecto de ingenier\u00eda, sino de un proyecto de cambio de gesti\u00f3n muy complejo. Nuestro equipo de usuarios clave fue esencial durante todo este proceso: guiando a los equipos, participando en la formaci\u00f3n, proporcionando feedback continuo que sirvi\u00f3 para mejorar la implementaci\u00f3n y siendo los primeros usuarios en adaptarse a esta nueva realidad. A partir de ese momento, comenz\u00f3 la segunda fase de incorporaci\u00f3n del resto de equipos a Jira y de estandarizaci\u00f3n de los procesos.<\/p>\n<\/div><\/div><\/div><\/div><div class=\"wpb_column vc_column_container vc_col-sm-8 vc_col-sm-offset-2 vc_col-xs-offset-1 vc_col-xs-10\"><div class=\"vc_column-inner \"><div class=\"wpb_wrapper\"><div class=\"last-paragraph-no-margin\"><blockquote><p>\n\u00abEl trabajo de revisi\u00f3n comenz\u00f3 a mediados de 2021 y las primeras implementaciones tuvieron lugar el 3 de enero de 2022. Basamos la nueva instancia en la anterior. Para ello, realizamos un an\u00e1lisis de deficiencias para definir las especificaciones pertinentes. El apoyo constante del equipo de Sngular (antes) TecnoFor fue esencial en este proceso para perfeccionar nuestras especificaciones y, en particular, para seleccionar las formas adecuadas de utilizar la herramienta en funci\u00f3n de nuestras necesidades reales, ya fuera a nivel operativo o estrat\u00e9gico\u00bb.\u2013 <em>Jean-Baptiste Logie, CIO at <strong>IMAWEB<\/strong><\/em>\n<\/p><\/blockquote>\n<\/div><\/div><\/div><\/div><div class=\"wpb_column vc_column_container pt22-sm pb22-sm vc_col-sm-8 vc_col-sm-offset-2 vc_col-xs-offset-1 vc_col-xs-10\"><div class=\"vc_column-inner \"><div class=\"wpb_wrapper\">[vc_single_image image=\u00bb38094&#8243; img_size=\u00bbfull\u00bb]<\/div><\/div><\/div><div class=\"wpb_column vc_column_container vc_col-sm-8 vc_col-sm-offset-2 vc_col-xs-offset-1 vc_col-xs-10\"><div class=\"vc_column-inner \"><div class=\"wpb_wrapper\"><div class=\"last-paragraph-no-margin\"><p>Hoy en d\u00eda, estamos en un proceso de mejora continua de uso e integraci\u00f3n de nuestro crecimiento externo en la plataforma. Tambi\u00e9n estamos adaptando constantemente la instancia mediante la fusi\u00f3n de procesos, la personalizaci\u00f3n de campos y la automatizaci\u00f3n de acciones.<\/p>\n<p>El equipo de Sngular (antes TecnoFor) supo adaptarse a la perfecci\u00f3n a requisitos importantes inesperados y plazos cortos, lo que nos dio la oportunidad de apreciar una vez m\u00e1s sus habilidades profesionales, su capacidad de respuesta y sus cualidades humanas.<\/p>\n<\/div><\/div><\/div><\/div><\/section><section data-vc-full-width=\"true\" data-vc-full-width-init=\"false\" class=\"vc_row wpb_row vc_row-fluid brand22 pt22-sm pb22 cta22 em22 softbg  wow fadeIn pofo-stretch-content pofo-stretch-row-container\"><div class=\"wpb_column vc_column_container vc_col-sm-8 vc_col-sm-offset-2 vc_col-xs-offset-1 vc_col-xs-10\"><div class=\"vc_column-inner \"><div class=\"wpb_wrapper\"><div class=\"last-paragraph-no-margin\"><h4>\u00bfHablamos de tu caso?<\/h4>\n<\/div><a  href=\"https:\/\/partners.sngular.com\/atlassian\/contacto\/#origen=caso-exito-imaweb\" target=\"_blank\" class=\"btn btn22 followutm pofo-button-3 button-style1  btn-dark-gray  btn-medium \" >\u00a1Escr\u00edbenos!<\/a><\/div><\/div><\/div><\/section><div class=\"vc_row-full-width vc_clearfix\"><\/div>\n<\/div>","protected":false},"excerpt":{"rendered":"Caso de \u00e9xito IMAWEB integra todos sus equipos y procesos de desarrollo en su nuevo entorno Jira Cloud Quiero ser el siguiente caso de \u00e9xito[vc_single_image image=\"52931\" img_size=\"full\" css=\"\"][vc_raw_html css=\"\"]JTVCc25nJTIwaGVybyU1RA==[\/vc_raw_html][vc_single_image image=\"38095\" img_size=\"full\"]IMAWEB es un importante editor de software europeo en el \u00e1mbito de la distribuci\u00f3n automovil\u00edstica, con presencia en 22 pa\u00edses. Recientemente, IMAWEB experiment\u00f3 un r\u00e1pido crecimiento y tuvo que integrar numerosos equipos de desarrollo de diferentes empresas, que trabajaban con m\u00e9todos distintos en muchos productos, en varios pa\u00edses y en varios idiomas. Se trataba de un reto muy complejo desde el punto de vista t\u00e9cnico, pero tambi\u00e9n humano. IMAWEB necesitaba una plataforma que permitiera a todos sus equipos gestionar proyectos de desarrollo desde la preventa hasta su finalizaci\u00f3n, mientras que recopilaba datos en un formato que pudiera utilizar la direcci\u00f3n. Adem\u00e1s, era necesario unificar los KPIs entre las diferentes unidades de negocio. Y, todo esto, con solo seis meses para poner la plataforma en marcha. Una de las unidades de negocio de IMAWEB ya utilizaba Atlassian Jira con la ayuda de Sngular (antes TecnoFor), en una instancia de Jira Server altamente personalizada con flujos de trabajo y campos calculados, para ayudar al equipo a seguir el proceso actual. Esta primera...","protected":false},"author":31,"featured_media":51447,"parent":0,"menu_order":0,"comment_status":"closed","ping_status":"closed","template":"","meta":{"inline_featured_image":false,"footnotes":""},"class_list":["post-52955","page","type-page","status-publish","has-post-thumbnail","hentry"],"yoast_head":"<!-- This site is optimized with the Yoast SEO plugin v26.9 - https:\/\/yoast.com\/product\/yoast-seo-wordpress\/ -->\n<title>IMAWEB integra todos sus equipos y procesos de desarrollo en su nuevo entorno Jira Cloud - Atlassian Sngular<\/title>\n<meta name=\"description\" content=\"Caso de \u00e9xito | IMAWEB integra todos sus equipos y procesos de desarrollo en su nuevo entorno Atlassian Jira Cloud.\" \/>\n<meta name=\"robots\" content=\"index, follow, max-snippet:-1, max-image-preview:large, max-video-preview:-1\" \/>\n<link rel=\"canonical\" href=\"https:\/\/partners.sngular.com\/atlassian\/imaweb-integra-todos-sus-equipos-y-procesos-de-desarrollo-en-su-nuevo-entorno-jira-cloud\/\" \/>\n<meta property=\"og:locale\" content=\"es_ES\" \/>\n<meta property=\"og:type\" content=\"article\" \/>\n<meta property=\"og:title\" content=\"IMAWEB integra todos sus equipos y procesos de desarrollo en su nuevo entorno Jira Cloud - Atlassian Sngular\" \/>\n<meta property=\"og:description\" content=\"Caso de \u00e9xito | IMAWEB integra todos sus equipos y procesos de desarrollo en su nuevo entorno Atlassian Jira Cloud.\" \/>\n<meta property=\"og:url\" content=\"https:\/\/partners.sngular.com\/atlassian\/imaweb-integra-todos-sus-equipos-y-procesos-de-desarrollo-en-su-nuevo-entorno-jira-cloud\/\" \/>\n<meta property=\"og:site_name\" content=\"Atlassian Sngular\" \/>\n<meta property=\"article:modified_time\" content=\"2026-02-10T12:53:45+00:00\" \/>\n<meta property=\"og:image\" content=\"https:\/\/partners.sngular.com\/atlassian\/wp-content\/uploads\/2025\/10\/imagen-destacada-casos-exito.jpg\" \/>\n\t<meta property=\"og:image:width\" content=\"1920\" \/>\n\t<meta property=\"og:image:height\" content=\"1067\" \/>\n\t<meta property=\"og:image:type\" content=\"image\/jpeg\" \/>\n<meta name=\"twitter:card\" content=\"summary_large_image\" \/>\n<script type=\"application\/ld+json\" class=\"yoast-schema-graph\">{\"@context\":\"https:\/\/schema.org\",\"@graph\":[{\"@type\":\"WebPage\",\"@id\":\"https:\/\/partners.sngular.com\/atlassian\/imaweb-integra-todos-sus-equipos-y-procesos-de-desarrollo-en-su-nuevo-entorno-jira-cloud\/\",\"url\":\"https:\/\/partners.sngular.com\/atlassian\/imaweb-integra-todos-sus-equipos-y-procesos-de-desarrollo-en-su-nuevo-entorno-jira-cloud\/\",\"name\":\"IMAWEB integra todos sus equipos y procesos de desarrollo en su nuevo entorno Jira Cloud - Atlassian Sngular\",\"isPartOf\":{\"@id\":\"https:\/\/partners.sngular.com\/atlassian\/#website\"},\"primaryImageOfPage\":{\"@id\":\"https:\/\/partners.sngular.com\/atlassian\/imaweb-integra-todos-sus-equipos-y-procesos-de-desarrollo-en-su-nuevo-entorno-jira-cloud\/#primaryimage\"},\"image\":{\"@id\":\"https:\/\/partners.sngular.com\/atlassian\/imaweb-integra-todos-sus-equipos-y-procesos-de-desarrollo-en-su-nuevo-entorno-jira-cloud\/#primaryimage\"},\"thumbnailUrl\":\"https:\/\/partners.sngular.com\/atlassian\/wp-content\/uploads\/2025\/10\/imagen-destacada-casos-exito.jpg\",\"datePublished\":\"2026-02-10T12:32:06+00:00\",\"dateModified\":\"2026-02-10T12:53:45+00:00\",\"description\":\"Caso de \u00e9xito | IMAWEB integra todos sus equipos y procesos de desarrollo en su nuevo entorno Atlassian Jira Cloud.\",\"breadcrumb\":{\"@id\":\"https:\/\/partners.sngular.com\/atlassian\/imaweb-integra-todos-sus-equipos-y-procesos-de-desarrollo-en-su-nuevo-entorno-jira-cloud\/#breadcrumb\"},\"inLanguage\":\"es\",\"potentialAction\":[{\"@type\":\"ReadAction\",\"target\":[\"https:\/\/partners.sngular.com\/atlassian\/imaweb-integra-todos-sus-equipos-y-procesos-de-desarrollo-en-su-nuevo-entorno-jira-cloud\/\"]}]},{\"@type\":\"ImageObject\",\"inLanguage\":\"es\",\"@id\":\"https:\/\/partners.sngular.com\/atlassian\/imaweb-integra-todos-sus-equipos-y-procesos-de-desarrollo-en-su-nuevo-entorno-jira-cloud\/#primaryimage\",\"url\":\"https:\/\/partners.sngular.com\/atlassian\/wp-content\/uploads\/2025\/10\/imagen-destacada-casos-exito.jpg\",\"contentUrl\":\"https:\/\/partners.sngular.com\/atlassian\/wp-content\/uploads\/2025\/10\/imagen-destacada-casos-exito.jpg\",\"width\":1920,\"height\":1067},{\"@type\":\"BreadcrumbList\",\"@id\":\"https:\/\/partners.sngular.com\/atlassian\/imaweb-integra-todos-sus-equipos-y-procesos-de-desarrollo-en-su-nuevo-entorno-jira-cloud\/#breadcrumb\",\"itemListElement\":[{\"@type\":\"ListItem\",\"position\":1,\"name\":\"Portada\",\"item\":\"https:\/\/partners.sngular.com\/atlassian\/\"},{\"@type\":\"ListItem\",\"position\":2,\"name\":\"IMAWEB integra todos sus equipos y procesos de desarrollo en su nuevo entorno Jira Cloud\"}]},{\"@type\":\"WebSite\",\"@id\":\"https:\/\/partners.sngular.com\/atlassian\/#website\",\"url\":\"https:\/\/partners.sngular.com\/atlassian\/\",\"name\":\"Atlassian Sngular\",\"description\":\"\",\"publisher\":{\"@id\":\"https:\/\/partners.sngular.com\/atlassian\/#organization\"},\"potentialAction\":[{\"@type\":\"SearchAction\",\"target\":{\"@type\":\"EntryPoint\",\"urlTemplate\":\"https:\/\/partners.sngular.com\/atlassian\/?s={search_term_string}\"},\"query-input\":{\"@type\":\"PropertyValueSpecification\",\"valueRequired\":true,\"valueName\":\"search_term_string\"}}],\"inLanguage\":\"es\"},{\"@type\":\"Organization\",\"@id\":\"https:\/\/partners.sngular.com\/atlassian\/#organization\",\"name\":\"TecnoFor\",\"url\":\"https:\/\/partners.sngular.com\/atlassian\/\",\"logo\":{\"@type\":\"ImageObject\",\"inLanguage\":\"es\",\"@id\":\"https:\/\/partners.sngular.com\/atlassian\/#\/schema\/logo\/image\/\",\"url\":\"https:\/\/partners.sngular.com\/atlassian\/wp-content\/uploads\/2022\/03\/Logo-Tecnofor-2022-grande-color-transparente-16-9.png\",\"contentUrl\":\"https:\/\/partners.sngular.com\/atlassian\/wp-content\/uploads\/2022\/03\/Logo-Tecnofor-2022-grande-color-transparente-16-9.png\",\"width\":1123,\"height\":632,\"caption\":\"TecnoFor\"},\"image\":{\"@id\":\"https:\/\/partners.sngular.com\/atlassian\/#\/schema\/logo\/image\/\"}}]}<\/script>\n<!-- \/ Yoast SEO plugin. -->","yoast_head_json":{"title":"IMAWEB integra todos sus equipos y procesos de desarrollo en su nuevo entorno Jira Cloud - Atlassian Sngular","description":"Caso de \u00e9xito | IMAWEB integra todos sus equipos y procesos de desarrollo en su nuevo entorno Atlassian Jira Cloud.","robots":{"index":"index","follow":"follow","max-snippet":"max-snippet:-1","max-image-preview":"max-image-preview:large","max-video-preview":"max-video-preview:-1"},"canonical":"https:\/\/partners.sngular.com\/atlassian\/imaweb-integra-todos-sus-equipos-y-procesos-de-desarrollo-en-su-nuevo-entorno-jira-cloud\/","og_locale":"es_ES","og_type":"article","og_title":"IMAWEB integra todos sus equipos y procesos de desarrollo en su nuevo entorno Jira Cloud - Atlassian Sngular","og_description":"Caso de \u00e9xito | IMAWEB integra todos sus equipos y procesos de desarrollo en su nuevo entorno Atlassian Jira Cloud.","og_url":"https:\/\/partners.sngular.com\/atlassian\/imaweb-integra-todos-sus-equipos-y-procesos-de-desarrollo-en-su-nuevo-entorno-jira-cloud\/","og_site_name":"Atlassian Sngular","article_modified_time":"2026-02-10T12:53:45+00:00","og_image":[{"width":1920,"height":1067,"url":"https:\/\/partners.sngular.com\/atlassian\/wp-content\/uploads\/2025\/10\/imagen-destacada-casos-exito.jpg","type":"image\/jpeg"}],"twitter_card":"summary_large_image","schema":{"@context":"https:\/\/schema.org","@graph":[{"@type":"WebPage","@id":"https:\/\/partners.sngular.com\/atlassian\/imaweb-integra-todos-sus-equipos-y-procesos-de-desarrollo-en-su-nuevo-entorno-jira-cloud\/","url":"https:\/\/partners.sngular.com\/atlassian\/imaweb-integra-todos-sus-equipos-y-procesos-de-desarrollo-en-su-nuevo-entorno-jira-cloud\/","name":"IMAWEB integra todos sus equipos y procesos de desarrollo en su nuevo entorno Jira Cloud - Atlassian Sngular","isPartOf":{"@id":"https:\/\/partners.sngular.com\/atlassian\/#website"},"primaryImageOfPage":{"@id":"https:\/\/partners.sngular.com\/atlassian\/imaweb-integra-todos-sus-equipos-y-procesos-de-desarrollo-en-su-nuevo-entorno-jira-cloud\/#primaryimage"},"image":{"@id":"https:\/\/partners.sngular.com\/atlassian\/imaweb-integra-todos-sus-equipos-y-procesos-de-desarrollo-en-su-nuevo-entorno-jira-cloud\/#primaryimage"},"thumbnailUrl":"https:\/\/partners.sngular.com\/atlassian\/wp-content\/uploads\/2025\/10\/imagen-destacada-casos-exito.jpg","datePublished":"2026-02-10T12:32:06+00:00","dateModified":"2026-02-10T12:53:45+00:00","description":"Caso de \u00e9xito | IMAWEB integra todos sus equipos y procesos de desarrollo en su nuevo entorno Atlassian Jira Cloud.","breadcrumb":{"@id":"https:\/\/partners.sngular.com\/atlassian\/imaweb-integra-todos-sus-equipos-y-procesos-de-desarrollo-en-su-nuevo-entorno-jira-cloud\/#breadcrumb"},"inLanguage":"es","potentialAction":[{"@type":"ReadAction","target":["https:\/\/partners.sngular.com\/atlassian\/imaweb-integra-todos-sus-equipos-y-procesos-de-desarrollo-en-su-nuevo-entorno-jira-cloud\/"]}]},{"@type":"ImageObject","inLanguage":"es","@id":"https:\/\/partners.sngular.com\/atlassian\/imaweb-integra-todos-sus-equipos-y-procesos-de-desarrollo-en-su-nuevo-entorno-jira-cloud\/#primaryimage","url":"https:\/\/partners.sngular.com\/atlassian\/wp-content\/uploads\/2025\/10\/imagen-destacada-casos-exito.jpg","contentUrl":"https:\/\/partners.sngular.com\/atlassian\/wp-content\/uploads\/2025\/10\/imagen-destacada-casos-exito.jpg","width":1920,"height":1067},{"@type":"BreadcrumbList","@id":"https:\/\/partners.sngular.com\/atlassian\/imaweb-integra-todos-sus-equipos-y-procesos-de-desarrollo-en-su-nuevo-entorno-jira-cloud\/#breadcrumb","itemListElement":[{"@type":"ListItem","position":1,"name":"Portada","item":"https:\/\/partners.sngular.com\/atlassian\/"},{"@type":"ListItem","position":2,"name":"IMAWEB integra todos sus equipos y procesos de desarrollo en su nuevo entorno Jira Cloud"}]},{"@type":"WebSite","@id":"https:\/\/partners.sngular.com\/atlassian\/#website","url":"https:\/\/partners.sngular.com\/atlassian\/","name":"Atlassian Sngular","description":"","publisher":{"@id":"https:\/\/partners.sngular.com\/atlassian\/#organization"},"potentialAction":[{"@type":"SearchAction","target":{"@type":"EntryPoint","urlTemplate":"https:\/\/partners.sngular.com\/atlassian\/?s={search_term_string}"},"query-input":{"@type":"PropertyValueSpecification","valueRequired":true,"valueName":"search_term_string"}}],"inLanguage":"es"},{"@type":"Organization","@id":"https:\/\/partners.sngular.com\/atlassian\/#organization","name":"TecnoFor","url":"https:\/\/partners.sngular.com\/atlassian\/","logo":{"@type":"ImageObject","inLanguage":"es","@id":"https:\/\/partners.sngular.com\/atlassian\/#\/schema\/logo\/image\/","url":"https:\/\/partners.sngular.com\/atlassian\/wp-content\/uploads\/2022\/03\/Logo-Tecnofor-2022-grande-color-transparente-16-9.png","contentUrl":"https:\/\/partners.sngular.com\/atlassian\/wp-content\/uploads\/2022\/03\/Logo-Tecnofor-2022-grande-color-transparente-16-9.png","width":1123,"height":632,"caption":"TecnoFor"},"image":{"@id":"https:\/\/partners.sngular.com\/atlassian\/#\/schema\/logo\/image\/"}}]}},"meta_box":[],"_links":{"self":[{"href":"https:\/\/partners.sngular.com\/atlassian\/wp-json\/wp\/v2\/pages\/52955","targetHints":{"allow":["GET"]}}],"collection":[{"href":"https:\/\/partners.sngular.com\/atlassian\/wp-json\/wp\/v2\/pages"}],"about":[{"href":"https:\/\/partners.sngular.com\/atlassian\/wp-json\/wp\/v2\/types\/page"}],"author":[{"embeddable":true,"href":"https:\/\/partners.sngular.com\/atlassian\/wp-json\/wp\/v2\/users\/31"}],"replies":[{"embeddable":true,"href":"https:\/\/partners.sngular.com\/atlassian\/wp-json\/wp\/v2\/comments?post=52955"}],"version-history":[{"count":3,"href":"https:\/\/partners.sngular.com\/atlassian\/wp-json\/wp\/v2\/pages\/52955\/revisions"}],"predecessor-version":[{"id":52960,"href":"https:\/\/partners.sngular.com\/atlassian\/wp-json\/wp\/v2\/pages\/52955\/revisions\/52960"}],"wp:featuredmedia":[{"embeddable":true,"href":"https:\/\/partners.sngular.com\/atlassian\/wp-json\/wp\/v2\/media\/51447"}],"wp:attachment":[{"href":"https:\/\/partners.sngular.com\/atlassian\/wp-json\/wp\/v2\/media?parent=52955"}],"curies":[{"name":"wp","href":"https:\/\/api.w.org\/{rel}","templated":true}]}}