{"id":5572,"date":"2017-08-08T10:09:49","date_gmt":"2017-08-08T10:09:49","guid":{"rendered":"https:\/\/pofo.themezaa.com\/?page_id=5572"},"modified":"2025-10-22T10:43:45","modified_gmt":"2025-10-22T08:43:45","slug":"contacto","status":"publish","type":"page","link":"https:\/\/partners.sngular.com\/atlassian\/contacto\/","title":{"rendered":"Contacto"},"content":{"rendered":"<div class=\"wpb-content-wrapper\"><section class=\"vc_row wpb_row vc_row-fluid brand22 pt22-sm pb22-xs hero22\"><div class=\"wpb_column vc_column_container vc_col-sm-8 vc_col-sm-offset-2 vc_col-xs-offset-1 vc_col-xs-10\"><div class=\"vc_column-inner \"><div class=\"wpb_wrapper\">[vc_raw_html]JTNDYSUyMG5hbWUlM0QlMjJmb3JtdWxhcmlvJTIyJTNFJTNDJTJGYSUzRQ==[\/vc_raw_html]<div class=\"last-paragraph-no-margin\"><h2 style=\"text-align: center;\">Escr\u00edbenos<\/h2>\n<\/div><\/div><\/div><\/div><\/section><section class=\"vc_row wpb_row vc_row-fluid brand22 ptb22-sm\"><div class=\"wpb_column vc_column_container  col-xs-mobile-fullwidth\"><div class=\"vc_column-inner \"><div class=\"wpb_wrapper\"><div class=\"vc_row wpb_row vc_inner vc_row-fluid   vc_row-o-equal-height vc_row-o-content-middle vc_row-flex\"><div class=\"wpb_column vc_column_container em22 vc_col-sm-4  col-xs-mobile-fullwidth\"><div class=\"vc_column-inner \"><div class=\"wpb_wrapper\"><div class=\"pb22-xs last-paragraph-no-margin\"><h4>Estamos encantados de <em>escucharte<\/em>.<\/h4>\n<\/div><div class=\"pb22-xs last-paragraph-no-margin\"><p>Cu\u00e9ntanos tus dudas, tus solicitudes o lo que quieras decirnos, y nuestro equipo te atender\u00e1 a la mayor brevedad.<\/p>\n<\/div><\/div><\/div><\/div><div class=\"wpb_column vc_column_container vc_col-sm-1  col-xs-mobile-fullwidth\"><div class=\"vc_column-inner \"><div class=\"wpb_wrapper\"><\/div><\/div><\/div><div class=\"wpb_column vc_column_container vc_col-sm-7  col-xs-mobile-fullwidth\"><div class=\"vc_column-inner \"><div class=\"wpb_wrapper\">[vc_raw_html css=\u00bb\u00bb]JTNDZGl2JTIwZGF0YS10Zi13aWRnZXQlM0QlMjJMcTlvM3FTTyUyMiUyMCUwQSUyMCUyMCUyMCUyMCUyMCUyMCUyMCUyMCUyMCUyMCUyMCUyMGRhdGEtdGYtb3BhY2l0eSUzRCUyMjEwMCUyMiUyMCUwQSUyMCUyMCUyMCUyMCUyMCUyMCUyMCUyMCUyMCUyMCUyMCUyMGRhdGEtdGYtaWZyYW1lLXByb3BzJTNEJTIydGl0bGUlM0RDb250YWN0byUyMiUyMCUwQSUyMCUyMCUyMCUyMCUyMCUyMCUyMCUyMCUyMCUyMCUyMCUyMGRhdGEtdGYtdHJhbnNpdGl2ZS1zZWFyY2gtcGFyYW1zJTIwZGF0YS10Zi1tZWRpdW0lM0QlMjJzbmlwcGV0JTIyJTIwJTBBJTIwJTIwJTIwJTIwJTIwJTIwJTIwJTIwJTIwJTIwJTIwJTIwZGF0YS10Zi1oaWRkZW4lM0QlMjJvcmlnZW4lM0RDb250YWN0byUyQ3RlbWElM0QlMkN1dG1fc291cmNlJTNEJTJDdXRtX21lZGl1bSUzRCUyQ3V0bV9jYW1wYWlnbiUzRCUyQ3V0bV90ZXJtJTNEJTJDdXRtX2NvbnRlbnQlM0QlMjIlMjAlMEElMjAlMjAlMjAlMjAlMjAlMjAlMjAlMjAlMjAlMjAlMjAlMjBzdHlsZSUzRCUyMndpZHRoJTNBMTAwJTI1JTNCaGVpZ2h0JTNBNTUwcHglM0IlMjIlM0UlMEElMjAlMjAlMjAlMjAlMjAlMjAlMjAlMjAlM0MlMkZkaXYlM0UlMEElMjAlMjAlMjAlMjAlMjAlMjAlMjAlMjAlM0NzY3JpcHQlMjBzcmMlM0QlMjIlMkYlMkZlbWJlZC50eXBlZm9ybS5jb20lMkZuZXh0JTJGZW1iZWQuanMlMjIlM0UlM0MlMkZzY3JpcHQlM0U=[\/vc_raw_html]<\/div><\/div><\/div><\/div><\/div><\/div><\/div><\/section>\n<\/div>","protected":false},"excerpt":{"rendered":"[vc_raw_html]JTNDYSUyMG5hbWUlM0QlMjJmb3JtdWxhcmlvJTIyJTNFJTNDJTJGYSUzRQ==[\/vc_raw_html]Escr\u00edbenos Estamos encantados de escucharte. Cu\u00e9ntanos tus dudas, tus solicitudes o lo que quieras decirnos, y nuestro equipo te atender\u00e1 a la mayor brevedad. [vc_raw_html css=\"\"]JTNDZGl2JTIwZGF0YS10Zi13aWRnZXQlM0QlMjJMcTlvM3FTTyUyMiUyMCUwQSUyMCUyMCUyMCUyMCUyMCUyMCUyMCUyMCUyMCUyMCUyMCUyMGRhdGEtdGYtb3BhY2l0eSUzRCUyMjEwMCUyMiUyMCUwQSUyMCUyMCUyMCUyMCUyMCUyMCUyMCUyMCUyMCUyMCUyMCUyMGRhdGEtdGYtaWZyYW1lLXByb3BzJTNEJTIydGl0bGUlM0RDb250YWN0byUyMiUyMCUwQSUyMCUyMCUyMCUyMCUyMCUyMCUyMCUyMCUyMCUyMCUyMCUyMGRhdGEtdGYtdHJhbnNpdGl2ZS1zZWFyY2gtcGFyYW1zJTIwZGF0YS10Zi1tZWRpdW0lM0QlMjJzbmlwcGV0JTIyJTIwJTBBJTIwJTIwJTIwJTIwJTIwJTIwJTIwJTIwJTIwJTIwJTIwJTIwZGF0YS10Zi1oaWRkZW4lM0QlMjJvcmlnZW4lM0RDb250YWN0byUyQ3RlbWElM0QlMkN1dG1fc291cmNlJTNEJTJDdXRtX21lZGl1bSUzRCUyQ3V0bV9jYW1wYWlnbiUzRCUyQ3V0bV90ZXJtJTNEJTJDdXRtX2NvbnRlbnQlM0QlMjIlMjAlMEElMjAlMjAlMjAlMjAlMjAlMjAlMjAlMjAlMjAlMjAlMjAlMjBzdHlsZSUzRCUyMndpZHRoJTNBMTAwJTI1JTNCaGVpZ2h0JTNBNTUwcHglM0IlMjIlM0UlMEElMjAlMjAlMjAlMjAlMjAlMjAlMjAlMjAlM0MlMkZkaXYlM0UlMEElMjAlMjAlMjAlMjAlMjAlMjAlMjAlMjAlM0NzY3JpcHQlMjBzcmMlM0QlMjIlMkYlMkZlbWJlZC50eXBlZm9ybS5jb20lMkZuZXh0JTJGZW1iZWQuanMlMjIlM0UlM0MlMkZzY3JpcHQlM0U=[\/vc_raw_html]","protected":false},"author":1,"featured_media":51451,"parent":0,"menu_order":0,"comment_status":"closed","ping_status":"closed","template":"","meta":{"inline_featured_image":false,"footnotes":""},"class_list":["post-5572","page","type-page","status-publish","has-post-thumbnail","hentry"],"yoast_head":"<!-- This site is optimized with the Yoast SEO plugin v26.9 - https:\/\/yoast.com\/product\/yoast-seo-wordpress\/ -->\n<title>Contacto - Queremos saber de ti | Tecnofor<\/title>\n<meta name=\"description\" content=\"Estaremos encantados de atenderte. Escr\u00edbenos un e-mail y nuestro equipo se pondr\u00e1 en contacto contigo en un plazo de 24h.\" \/>\n<meta name=\"robots\" content=\"index, follow, max-snippet:-1, max-image-preview:large, max-video-preview:-1\" \/>\n<link rel=\"canonical\" href=\"https:\/\/partners.sngular.com\/atlassian\/contacto\/\" \/>\n<meta property=\"og:locale\" content=\"es_ES\" \/>\n<meta property=\"og:type\" content=\"article\" \/>\n<meta property=\"og:title\" content=\"Contacto - Queremos saber de ti | Tecnofor\" \/>\n<meta property=\"og:description\" content=\"Estaremos encantados de atenderte. Escr\u00edbenos un e-mail y nuestro equipo se pondr\u00e1 en contacto contigo en un plazo de 24h.\" \/>\n<meta property=\"og:url\" content=\"https:\/\/partners.sngular.com\/atlassian\/contacto\/\" \/>\n<meta property=\"og:site_name\" content=\"Atlassian Sngular\" \/>\n<meta property=\"article:modified_time\" content=\"2025-10-22T08:43:45+00:00\" \/>\n<meta property=\"og:image\" content=\"https:\/\/partners.sngular.com\/atlassian\/wp-content\/uploads\/2022\/10\/contacto.png\" \/>\n\t<meta property=\"og:image:width\" content=\"879\" \/>\n\t<meta property=\"og:image:height\" content=\"683\" \/>\n\t<meta property=\"og:image:type\" content=\"image\/png\" \/>\n<meta name=\"twitter:card\" content=\"summary_large_image\" \/>\n<script type=\"application\/ld+json\" class=\"yoast-schema-graph\">{\"@context\":\"https:\/\/schema.org\",\"@graph\":[{\"@type\":\"WebPage\",\"@id\":\"https:\/\/partners.sngular.com\/atlassian\/contacto\/\",\"url\":\"https:\/\/partners.sngular.com\/atlassian\/contacto\/\",\"name\":\"Contacto - Queremos saber de ti | Tecnofor\",\"isPartOf\":{\"@id\":\"https:\/\/partners.sngular.com\/atlassian\/#website\"},\"primaryImageOfPage\":{\"@id\":\"https:\/\/partners.sngular.com\/atlassian\/contacto\/#primaryimage\"},\"image\":{\"@id\":\"https:\/\/partners.sngular.com\/atlassian\/contacto\/#primaryimage\"},\"thumbnailUrl\":\"https:\/\/partners.sngular.com\/atlassian\/wp-content\/uploads\/2025\/10\/imagen-destacada-contacto.jpg\",\"datePublished\":\"2017-08-08T10:09:49+00:00\",\"dateModified\":\"2025-10-22T08:43:45+00:00\",\"description\":\"Estaremos encantados de atenderte. Escr\u00edbenos un e-mail y nuestro equipo se pondr\u00e1 en contacto contigo en un plazo de 24h.\",\"breadcrumb\":{\"@id\":\"https:\/\/partners.sngular.com\/atlassian\/contacto\/#breadcrumb\"},\"inLanguage\":\"es\",\"potentialAction\":[{\"@type\":\"ReadAction\",\"target\":[\"https:\/\/partners.sngular.com\/atlassian\/contacto\/\"]}]},{\"@type\":\"ImageObject\",\"inLanguage\":\"es\",\"@id\":\"https:\/\/partners.sngular.com\/atlassian\/contacto\/#primaryimage\",\"url\":\"https:\/\/partners.sngular.com\/atlassian\/wp-content\/uploads\/2025\/10\/imagen-destacada-contacto.jpg\",\"contentUrl\":\"https:\/\/partners.sngular.com\/atlassian\/wp-content\/uploads\/2025\/10\/imagen-destacada-contacto.jpg\",\"width\":1920,\"height\":1067},{\"@type\":\"BreadcrumbList\",\"@id\":\"https:\/\/partners.sngular.com\/atlassian\/contacto\/#breadcrumb\",\"itemListElement\":[{\"@type\":\"ListItem\",\"position\":1,\"name\":\"Portada\",\"item\":\"https:\/\/partners.sngular.com\/atlassian\/\"},{\"@type\":\"ListItem\",\"position\":2,\"name\":\"Contacto\"}]},{\"@type\":\"WebSite\",\"@id\":\"https:\/\/partners.sngular.com\/atlassian\/#website\",\"url\":\"https:\/\/partners.sngular.com\/atlassian\/\",\"name\":\"Atlassian Sngular\",\"description\":\"\",\"publisher\":{\"@id\":\"https:\/\/partners.sngular.com\/atlassian\/#organization\"},\"potentialAction\":[{\"@type\":\"SearchAction\",\"target\":{\"@type\":\"EntryPoint\",\"urlTemplate\":\"https:\/\/partners.sngular.com\/atlassian\/?s={search_term_string}\"},\"query-input\":{\"@type\":\"PropertyValueSpecification\",\"valueRequired\":true,\"valueName\":\"search_term_string\"}}],\"inLanguage\":\"es\"},{\"@type\":\"Organization\",\"@id\":\"https:\/\/partners.sngular.com\/atlassian\/#organization\",\"name\":\"TecnoFor\",\"url\":\"https:\/\/partners.sngular.com\/atlassian\/\",\"logo\":{\"@type\":\"ImageObject\",\"inLanguage\":\"es\",\"@id\":\"https:\/\/partners.sngular.com\/atlassian\/#\/schema\/logo\/image\/\",\"url\":\"https:\/\/partners.sngular.com\/atlassian\/wp-content\/uploads\/2022\/03\/Logo-Tecnofor-2022-grande-color-transparente-16-9.png\",\"contentUrl\":\"https:\/\/partners.sngular.com\/atlassian\/wp-content\/uploads\/2022\/03\/Logo-Tecnofor-2022-grande-color-transparente-16-9.png\",\"width\":1123,\"height\":632,\"caption\":\"TecnoFor\"},\"image\":{\"@id\":\"https:\/\/partners.sngular.com\/atlassian\/#\/schema\/logo\/image\/\"}}]}<\/script>\n<!-- \/ Yoast SEO plugin. -->","yoast_head_json":{"title":"Contacto - Queremos saber de ti | Tecnofor","description":"Estaremos encantados de atenderte. Escr\u00edbenos un e-mail y nuestro equipo se pondr\u00e1 en contacto contigo en un plazo de 24h.","robots":{"index":"index","follow":"follow","max-snippet":"max-snippet:-1","max-image-preview":"max-image-preview:large","max-video-preview":"max-video-preview:-1"},"canonical":"https:\/\/partners.sngular.com\/atlassian\/contacto\/","og_locale":"es_ES","og_type":"article","og_title":"Contacto - Queremos saber de ti | Tecnofor","og_description":"Estaremos encantados de atenderte. Escr\u00edbenos un e-mail y nuestro equipo se pondr\u00e1 en contacto contigo en un plazo de 24h.","og_url":"https:\/\/partners.sngular.com\/atlassian\/contacto\/","og_site_name":"Atlassian Sngular","article_modified_time":"2025-10-22T08:43:45+00:00","og_image":[{"width":879,"height":683,"url":"https:\/\/partners.sngular.com\/atlassian\/wp-content\/uploads\/2022\/10\/contacto.png","type":"image\/png"}],"twitter_card":"summary_large_image","schema":{"@context":"https:\/\/schema.org","@graph":[{"@type":"WebPage","@id":"https:\/\/partners.sngular.com\/atlassian\/contacto\/","url":"https:\/\/partners.sngular.com\/atlassian\/contacto\/","name":"Contacto - Queremos saber de ti | Tecnofor","isPartOf":{"@id":"https:\/\/partners.sngular.com\/atlassian\/#website"},"primaryImageOfPage":{"@id":"https:\/\/partners.sngular.com\/atlassian\/contacto\/#primaryimage"},"image":{"@id":"https:\/\/partners.sngular.com\/atlassian\/contacto\/#primaryimage"},"thumbnailUrl":"https:\/\/partners.sngular.com\/atlassian\/wp-content\/uploads\/2025\/10\/imagen-destacada-contacto.jpg","datePublished":"2017-08-08T10:09:49+00:00","dateModified":"2025-10-22T08:43:45+00:00","description":"Estaremos encantados de atenderte. Escr\u00edbenos un e-mail y nuestro equipo se pondr\u00e1 en contacto contigo en un plazo de 24h.","breadcrumb":{"@id":"https:\/\/partners.sngular.com\/atlassian\/contacto\/#breadcrumb"},"inLanguage":"es","potentialAction":[{"@type":"ReadAction","target":["https:\/\/partners.sngular.com\/atlassian\/contacto\/"]}]},{"@type":"ImageObject","inLanguage":"es","@id":"https:\/\/partners.sngular.com\/atlassian\/contacto\/#primaryimage","url":"https:\/\/partners.sngular.com\/atlassian\/wp-content\/uploads\/2025\/10\/imagen-destacada-contacto.jpg","contentUrl":"https:\/\/partners.sngular.com\/atlassian\/wp-content\/uploads\/2025\/10\/imagen-destacada-contacto.jpg","width":1920,"height":1067},{"@type":"BreadcrumbList","@id":"https:\/\/partners.sngular.com\/atlassian\/contacto\/#breadcrumb","itemListElement":[{"@type":"ListItem","position":1,"name":"Portada","item":"https:\/\/partners.sngular.com\/atlassian\/"},{"@type":"ListItem","position":2,"name":"Contacto"}]},{"@type":"WebSite","@id":"https:\/\/partners.sngular.com\/atlassian\/#website","url":"https:\/\/partners.sngular.com\/atlassian\/","name":"Atlassian Sngular","description":"","publisher":{"@id":"https:\/\/partners.sngular.com\/atlassian\/#organization"},"potentialAction":[{"@type":"SearchAction","target":{"@type":"EntryPoint","urlTemplate":"https:\/\/partners.sngular.com\/atlassian\/?s={search_term_string}"},"query-input":{"@type":"PropertyValueSpecification","valueRequired":true,"valueName":"search_term_string"}}],"inLanguage":"es"},{"@type":"Organization","@id":"https:\/\/partners.sngular.com\/atlassian\/#organization","name":"TecnoFor","url":"https:\/\/partners.sngular.com\/atlassian\/","logo":{"@type":"ImageObject","inLanguage":"es","@id":"https:\/\/partners.sngular.com\/atlassian\/#\/schema\/logo\/image\/","url":"https:\/\/partners.sngular.com\/atlassian\/wp-content\/uploads\/2022\/03\/Logo-Tecnofor-2022-grande-color-transparente-16-9.png","contentUrl":"https:\/\/partners.sngular.com\/atlassian\/wp-content\/uploads\/2022\/03\/Logo-Tecnofor-2022-grande-color-transparente-16-9.png","width":1123,"height":632,"caption":"TecnoFor"},"image":{"@id":"https:\/\/partners.sngular.com\/atlassian\/#\/schema\/logo\/image\/"}}]}},"meta_box":[],"_links":{"self":[{"href":"https:\/\/partners.sngular.com\/atlassian\/wp-json\/wp\/v2\/pages\/5572","targetHints":{"allow":["GET"]}}],"collection":[{"href":"https:\/\/partners.sngular.com\/atlassian\/wp-json\/wp\/v2\/pages"}],"about":[{"href":"https:\/\/partners.sngular.com\/atlassian\/wp-json\/wp\/v2\/types\/page"}],"author":[{"embeddable":true,"href":"https:\/\/partners.sngular.com\/atlassian\/wp-json\/wp\/v2\/users\/1"}],"replies":[{"embeddable":true,"href":"https:\/\/partners.sngular.com\/atlassian\/wp-json\/wp\/v2\/comments?post=5572"}],"version-history":[{"count":211,"href":"https:\/\/partners.sngular.com\/atlassian\/wp-json\/wp\/v2\/pages\/5572\/revisions"}],"predecessor-version":[{"id":51410,"href":"https:\/\/partners.sngular.com\/atlassian\/wp-json\/wp\/v2\/pages\/5572\/revisions\/51410"}],"wp:featuredmedia":[{"embeddable":true,"href":"https:\/\/partners.sngular.com\/atlassian\/wp-json\/wp\/v2\/media\/51451"}],"wp:attachment":[{"href":"https:\/\/partners.sngular.com\/atlassian\/wp-json\/wp\/v2\/media?parent=5572"}],"curies":[{"name":"wp","href":"https:\/\/api.w.org\/{rel}","templated":true}]}}